{"id":29850,"date":"2025-12-16T03:03:43","date_gmt":"2025-12-16T03:03:43","guid":{"rendered":"https:\/\/bq-toy.com\/?post_type=product&#038;p=29850"},"modified":"2025-12-25T03:45:43","modified_gmt":"2025-12-25T03:45:43","slug":"wild-animal-stamps","status":"publish","type":"product","link":"https:\/\/bq-toy.com\/pt\/produto\/wild-animal-stamps\/","title":{"rendered":"Conjunto de 6 Carimbos de Animais Selvagens, Carimbos de Animais da Selva e Safari (Le\u00e3o, Elefante, Girafa), Carimbos de Aventura Infantil para Artesanato e Conta\u00e7\u00e3o de Hist\u00f3rias"},"content":{"rendered":"<p>Conjunto de 6 Carimbos de Animais Selvagens, Carimbos de Animais da Selva e Safari (Le\u00e3o, Elefante, Girafa), Carimbos de Aventura Infantil para Artesanato e Conta\u00e7\u00e3o de Hist\u00f3rias<img fetchpriority=\"high\" decoding=\"async\" class=\"aligncenter size-full wp-image-29840\" src=\"https:\/\/bq-toy.com\/wp-content\/uploads\/2025\/12\/BQ11-23.jpg\" alt=\"\" width=\"1024\" height=\"1024\" srcset=\"https:\/\/bq-toy.com\/wp-content\/uploads\/2025\/12\/BQ11-23.jpg 1024w, https:\/\/bq-toy.com\/wp-content\/uploads\/2025\/12\/BQ11-23-300x300.jpg 300w, https:\/\/bq-toy.com\/wp-content\/uploads\/2025\/12\/BQ11-23-800x800.jpg 800w, https:\/\/bq-toy.com\/wp-content\/uploads\/2025\/12\/BQ11-23-150x150.jpg 150w, https:\/\/bq-toy.com\/wp-content\/uploads\/2025\/12\/BQ11-23-768x768.jpg 768w, https:\/\/bq-toy.com\/wp-content\/uploads\/2025\/12\/BQ11-23-12x12.jpg 12w, https:\/\/bq-toy.com\/wp-content\/uploads\/2025\/12\/BQ11-23-430x430.jpg 430w, https:\/\/bq-toy.com\/wp-content\/uploads\/2025\/12\/BQ11-23-700x700.jpg 700w\" sizes=\"(max-width: 1024px) 100vw, 1024px\" \/><img decoding=\"async\" class=\"aligncenter size-full wp-image-29839\" src=\"https:\/\/bq-toy.com\/wp-content\/uploads\/2025\/12\/BQ11-22.jpg\" alt=\"\" width=\"1024\" height=\"1024\" srcset=\"https:\/\/bq-toy.com\/wp-content\/uploads\/2025\/12\/BQ11-22.jpg 1024w, https:\/\/bq-toy.com\/wp-content\/uploads\/2025\/12\/BQ11-22-300x300.jpg 300w, https:\/\/bq-toy.com\/wp-content\/uploads\/2025\/12\/BQ11-22-800x800.jpg 800w, https:\/\/bq-toy.com\/wp-content\/uploads\/2025\/12\/BQ11-22-150x150.jpg 150w, https:\/\/bq-toy.com\/wp-content\/uploads\/2025\/12\/BQ11-22-768x768.jpg 768w, https:\/\/bq-toy.com\/wp-content\/uploads\/2025\/12\/BQ11-22-12x12.jpg 12w, https:\/\/bq-toy.com\/wp-content\/uploads\/2025\/12\/BQ11-22-430x430.jpg 430w, https:\/\/bq-toy.com\/wp-content\/uploads\/2025\/12\/BQ11-22-700x700.jpg 700w\" sizes=\"(max-width: 1024px) 100vw, 1024px\" \/><img decoding=\"async\" class=\"aligncenter size-full wp-image-29838\" src=\"https:\/\/bq-toy.com\/wp-content\/uploads\/2025\/12\/BQ11-21.jpg\" alt=\"\" width=\"1024\" height=\"1024\" srcset=\"https:\/\/bq-toy.com\/wp-content\/uploads\/2025\/12\/BQ11-21.jpg 1024w, https:\/\/bq-toy.com\/wp-content\/uploads\/2025\/12\/BQ11-21-300x300.jpg 300w, https:\/\/bq-toy.com\/wp-content\/uploads\/2025\/12\/BQ11-21-800x800.jpg 800w, https:\/\/bq-toy.com\/wp-content\/uploads\/2025\/12\/BQ11-21-150x150.jpg 150w, https:\/\/bq-toy.com\/wp-content\/uploads\/2025\/12\/BQ11-21-768x768.jpg 768w, https:\/\/bq-toy.com\/wp-content\/uploads\/2025\/12\/BQ11-21-12x12.jpg 12w, https:\/\/bq-toy.com\/wp-content\/uploads\/2025\/12\/BQ11-21-430x430.jpg 430w, https:\/\/bq-toy.com\/wp-content\/uploads\/2025\/12\/BQ11-21-700x700.jpg 700w\" sizes=\"(max-width: 1024px) 100vw, 1024px\" \/><img loading=\"lazy\" decoding=\"async\" class=\"aligncenter size-full wp-image-29841\" src=\"https:\/\/bq-toy.com\/wp-content\/uploads\/2025\/12\/BQ11-24.jpg\" alt=\"\" width=\"1024\" height=\"1024\" srcset=\"https:\/\/bq-toy.com\/wp-content\/uploads\/2025\/12\/BQ11-24.jpg 1024w, https:\/\/bq-toy.com\/wp-content\/uploads\/2025\/12\/BQ11-24-300x300.jpg 300w, https:\/\/bq-toy.com\/wp-content\/uploads\/2025\/12\/BQ11-24-800x800.jpg 800w, https:\/\/bq-toy.com\/wp-content\/uploads\/2025\/12\/BQ11-24-150x150.jpg 150w, https:\/\/bq-toy.com\/wp-content\/uploads\/2025\/12\/BQ11-24-768x768.jpg 768w, https:\/\/bq-toy.com\/wp-content\/uploads\/2025\/12\/BQ11-24-12x12.jpg 12w, https:\/\/bq-toy.com\/wp-content\/uploads\/2025\/12\/BQ11-24-430x430.jpg 430w, https:\/\/bq-toy.com\/wp-content\/uploads\/2025\/12\/BQ11-24-700x700.jpg 700w\" sizes=\"(max-width: 1024px) 100vw, 1024px\" \/><img loading=\"lazy\" decoding=\"async\" class=\"aligncenter size-full wp-image-29845\" src=\"https:\/\/bq-toy.com\/wp-content\/uploads\/2025\/12\/BQ11-28.jpg\" alt=\"\" width=\"1024\" height=\"1024\" srcset=\"https:\/\/bq-toy.com\/wp-content\/uploads\/2025\/12\/BQ11-28.jpg 1024w, https:\/\/bq-toy.com\/wp-content\/uploads\/2025\/12\/BQ11-28-300x300.jpg 300w, https:\/\/bq-toy.com\/wp-content\/uploads\/2025\/12\/BQ11-28-800x800.jpg 800w, https:\/\/bq-toy.com\/wp-content\/uploads\/2025\/12\/BQ11-28-150x150.jpg 150w, https:\/\/bq-toy.com\/wp-content\/uploads\/2025\/12\/BQ11-28-768x768.jpg 768w, https:\/\/bq-toy.com\/wp-content\/uploads\/2025\/12\/BQ11-28-12x12.jpg 12w, https:\/\/bq-toy.com\/wp-content\/uploads\/2025\/12\/BQ11-28-430x430.jpg 430w, https:\/\/bq-toy.com\/wp-content\/uploads\/2025\/12\/BQ11-28-700x700.jpg 700w\" sizes=\"(max-width: 1024px) 100vw, 1024px\" \/> <img loading=\"lazy\" decoding=\"async\" class=\"aligncenter size-full wp-image-29843\" src=\"https:\/\/bq-toy.com\/wp-content\/uploads\/2025\/12\/BQ11-26.jpg\" alt=\"\" width=\"1024\" height=\"1024\" srcset=\"https:\/\/bq-toy.com\/wp-content\/uploads\/2025\/12\/BQ11-26.jpg 1024w, https:\/\/bq-toy.com\/wp-content\/uploads\/2025\/12\/BQ11-26-300x300.jpg 300w, https:\/\/bq-toy.com\/wp-content\/uploads\/2025\/12\/BQ11-26-800x800.jpg 800w, https:\/\/bq-toy.com\/wp-content\/uploads\/2025\/12\/BQ11-26-150x150.jpg 150w, https:\/\/bq-toy.com\/wp-content\/uploads\/2025\/12\/BQ11-26-768x768.jpg 768w, https:\/\/bq-toy.com\/wp-content\/uploads\/2025\/12\/BQ11-26-12x12.jpg 12w, https:\/\/bq-toy.com\/wp-content\/uploads\/2025\/12\/BQ11-26-430x430.jpg 430w, https:\/\/bq-toy.com\/wp-content\/uploads\/2025\/12\/BQ11-26-700x700.jpg 700w\" sizes=\"(max-width: 1024px) 100vw, 1024px\" \/> <img loading=\"lazy\" decoding=\"async\" class=\"aligncenter size-full wp-image-29842\" src=\"https:\/\/bq-toy.com\/wp-content\/uploads\/2025\/12\/BQ11-25.jpg\" alt=\"\" width=\"1024\" height=\"1024\" srcset=\"https:\/\/bq-toy.com\/wp-content\/uploads\/2025\/12\/BQ11-25.jpg 1024w, https:\/\/bq-toy.com\/wp-content\/uploads\/2025\/12\/BQ11-25-300x300.jpg 300w, https:\/\/bq-toy.com\/wp-content\/uploads\/2025\/12\/BQ11-25-800x800.jpg 800w, https:\/\/bq-toy.com\/wp-content\/uploads\/2025\/12\/BQ11-25-150x150.jpg 150w, https:\/\/bq-toy.com\/wp-content\/uploads\/2025\/12\/BQ11-25-768x768.jpg 768w, https:\/\/bq-toy.com\/wp-content\/uploads\/2025\/12\/BQ11-25-12x12.jpg 12w, https:\/\/bq-toy.com\/wp-content\/uploads\/2025\/12\/BQ11-25-430x430.jpg 430w, https:\/\/bq-toy.com\/wp-content\/uploads\/2025\/12\/BQ11-25-700x700.jpg 700w\" sizes=\"(max-width: 1024px) 100vw, 1024px\" \/><br \/>\n<img loading=\"lazy\" decoding=\"async\" class=\"aligncenter size-full wp-image-29846\" src=\"https:\/\/bq-toy.com\/wp-content\/uploads\/2025\/12\/11-2.jpg\" alt=\"\" width=\"1024\" height=\"1024\" srcset=\"https:\/\/bq-toy.com\/wp-content\/uploads\/2025\/12\/11-2.jpg 1024w, https:\/\/bq-toy.com\/wp-content\/uploads\/2025\/12\/11-2-300x300.jpg 300w, https:\/\/bq-toy.com\/wp-content\/uploads\/2025\/12\/11-2-800x800.jpg 800w, https:\/\/bq-toy.com\/wp-content\/uploads\/2025\/12\/11-2-150x150.jpg 150w, https:\/\/bq-toy.com\/wp-content\/uploads\/2025\/12\/11-2-768x768.jpg 768w, https:\/\/bq-toy.com\/wp-content\/uploads\/2025\/12\/11-2-12x12.jpg 12w, https:\/\/bq-toy.com\/wp-content\/uploads\/2025\/12\/11-2-430x430.jpg 430w, https:\/\/bq-toy.com\/wp-content\/uploads\/2025\/12\/11-2-700x700.jpg 700w\" sizes=\"(max-width: 1024px) 100vw, 1024px\" \/><\/p>","protected":false},"excerpt":{"rendered":"<p class=\"ds-markdown-paragraph\">\n<p class=\"ds-markdown-paragraph\">Criado por\u00a0<strong>F\u00e1brica de Brinquedos BeiQi Stamp<\/strong>, especialista em carimbos criativos para crian\u00e7as, isto\u00a0<strong>Carimbo de Ovo Surpresa<\/strong>\u00a0\u00c9 um produto pronto para uso e ideal para promo\u00e7\u00e3o, projetado para m\u00e3os pequenas e grandes sorrisos. Seu cabo redondo e robusto garante uma pegada confort\u00e1vel, enquanto o\u00a0<strong>almofada de tinta de qualidade alimentar<\/strong>\u00a0Garante divers\u00e3o segura e criativa sempre. Feito de pl\u00e1stico pr\u00f3prio para contato com alimentos e vendido em grandes quantidades, este carimbo \u00e9 totalmente personaliz\u00e1vel e tem o tamanho perfeito para caber dentro de ovos surpresa, embalagens de lanches e saquinhos de doces.<\/p>\n<table width=\"822\">\n<tbody>\n<tr>\n<td width=\"210\">Modelo<\/td>\n<td width=\"612\">BQ11-23<\/td>\n<\/tr>\n<tr>\n<td width=\"210\">material<\/td>\n<td width=\"612\">Pl\u00e1stico PS + EVA + Tinta + Papel<\/td>\n<\/tr>\n<tr>\n<td width=\"210\">Descri\u00e7\u00e3o<\/td>\n<td width=\"612\">Carimbo autoentintado com cabo redondo<\/td>\n<\/tr>\n<tr>\n<td width=\"210\">Tamanho<\/td>\n<td width=\"612\">Selo: 2,9\u00d72,65\u00d74,05cm<\/td>\n<\/tr>\n<tr>\n<td width=\"210\">Embalagem<\/td>\n<td width=\"612\">Saco a granel\/saco OPP<\/td>\n<\/tr>\n<tr>\n<td width=\"210\">Unidades por caixa<\/td>\n<td width=\"612\">3000 unidades por caixa.<\/td>\n<\/tr>\n<tr>\n<td width=\"210\">Tamanho da caixa<\/td>\n<td width=\"612\">45x43x33cm<\/td>\n<\/tr>\n<tr>\n<td width=\"210\">NO\/GW<\/td>\n<td width=\"612\">14\/13 kg<\/td>\n<\/tr>\n<tr>\n<td width=\"210\">Cor<\/td>\n<td width=\"612\">Personalizado<\/td>\n<\/tr>\n<tr>\n<td width=\"210\">Padr\u00e3o<\/td>\n<td width=\"612\">Personalizado<\/td>\n<\/tr>\n<tr>\n<td width=\"210\">Tipo<\/td>\n<td width=\"612\">Carimbo autoentintado<\/td>\n<\/tr>\n<tr>\n<td width=\"210\">Certificado<\/td>\n<td width=\"612\">MSDS, EN71, HR4040, 7P, ASTM<\/td>\n<\/tr>\n<tr>\n<td width=\"210\">Tempo de amostragem<\/td>\n<td width=\"612\">3 a 7 dias<\/td>\n<\/tr>\n<\/tbody>\n<\/table>","protected":false},"featured_media":29840,"template":"","meta":[],"product_brand":[],"product_cat":[82],"product_tag":[136,137,134,138,133,139,140,135],"class_list":{"0":"post-29850","1":"product","2":"type-product","3":"status-publish","4":"has-post-thumbnail","6":"product_cat-bulk-round-handle-self-inking-stamps","7":"product_tag-adventure-play","8":"product_tag-exotic-animal-stamps","9":"product_tag-jungle-theme","10":"product_tag-plastic-stamp","11":"product_tag-safari-toys","12":"product_tag-self-inking-stamp","13":"product_tag-stamper","14":"product_tag-wildlife-education","16":"first","17":"instock","18":"shipping-taxable","19":"product-type-external"},"yoast_head":"<!-- This site is optimized with the Yoast SEO Premium plugin v26.6 (Yoast SEO v26.6) - https:\/\/yoast.com\/wordpress\/plugins\/seo\/ -->\n<title>6 Pcs Wild Animal Stamp Set, Safari &amp; Jungle Animal Stamps (Lion, Elephant, Giraffe), Kids Adventure Stamps for Craft and Storytelling - BEIQI TOYS STAMP FACTORY Safari Stamps for Kids - 6 Pc Wild Animal Jungle Stamp Set | BeiQi Toys<\/title>\n<meta name=\"description\" content=\"Go on a safari adventure! This wild animal stamp set features lions, elephants, giraffes and more. Ideal for jungle-themed crafts, storytelling, and educational play.\" \/>\n<meta name=\"robots\" content=\"index, follow, max-snippet:-1, max-image-preview:large, max-video-preview:-1\" \/>\n<link rel=\"canonical\" href=\"https:\/\/bq-toy.com\/pt\/produto\/wild-animal-stamps\/\" \/>\n<meta property=\"og:locale\" content=\"pt_PT\" \/>\n<meta property=\"og:type\" content=\"article\" \/>\n<meta property=\"og:title\" content=\"6 Pcs Wild Animal Stamp Set, Safari &amp; Jungle Animal Stamps (Lion, Elephant, Giraffe), Kids Adventure Stamps for Craft and Storytelling\" \/>\n<meta property=\"og:description\" content=\"Go on a safari adventure! This wild animal stamp set features lions, elephants, giraffes and more. Ideal for jungle-themed crafts, storytelling, and educational play.\" \/>\n<meta property=\"og:url\" content=\"https:\/\/bq-toy.com\/pt\/produto\/wild-animal-stamps\/\" \/>\n<meta property=\"og:site_name\" content=\"BEIQI TOYS STAMP FACTORY\" \/>\n<meta property=\"article:modified_time\" content=\"2025-12-25T03:45:43+00:00\" \/>\n<meta property=\"og:image\" content=\"https:\/\/bq-toy.com\/wp-content\/uploads\/2025\/12\/BQ11-23.jpg\" \/>\n\t<meta property=\"og:image:width\" content=\"1024\" \/>\n\t<meta property=\"og:image:height\" content=\"1024\" \/>\n\t<meta property=\"og:image:type\" content=\"image\/jpeg\" \/>\n<meta name=\"twitter:card\" content=\"summary_large_image\" \/>\n<meta name=\"twitter:label1\" content=\"Tempo estimado de leitura\" \/>\n\t<meta name=\"twitter:data1\" content=\"2 minutos\" \/>\n<script type=\"application\/ld+json\" class=\"yoast-schema-graph\">{\"@context\":\"https:\/\/schema.org\",\"@graph\":[{\"@type\":\"WebPage\",\"@id\":\"https:\/\/bq-toy.com\/product\/wild-animal-stamps\/\",\"url\":\"https:\/\/bq-toy.com\/product\/wild-animal-stamps\/\",\"name\":\"6 Pcs Wild Animal Stamp Set, Safari & Jungle Animal Stamps (Lion, Elephant, Giraffe), Kids Adventure Stamps for Craft and Storytelling - BEIQI TOYS STAMP FACTORY Safari Stamps for Kids - 6 Pc Wild Animal Jungle Stamp Set | BeiQi Toys\",\"isPartOf\":{\"@id\":\"https:\/\/bq-toy.com\/#website\"},\"primaryImageOfPage\":{\"@id\":\"https:\/\/bq-toy.com\/product\/wild-animal-stamps\/#primaryimage\"},\"image\":{\"@id\":\"https:\/\/bq-toy.com\/product\/wild-animal-stamps\/#primaryimage\"},\"thumbnailUrl\":\"https:\/\/bq-toy.com\/wp-content\/uploads\/2025\/12\/BQ11-23.jpg\",\"datePublished\":\"2025-12-16T03:03:43+00:00\",\"dateModified\":\"2025-12-25T03:45:43+00:00\",\"description\":\"Go on a safari adventure! This wild animal stamp set features lions, elephants, giraffes and more. Ideal for jungle-themed crafts, storytelling, and educational play.\",\"breadcrumb\":{\"@id\":\"https:\/\/bq-toy.com\/product\/wild-animal-stamps\/#breadcrumb\"},\"inLanguage\":\"pt-PT\",\"potentialAction\":[{\"@type\":\"ReadAction\",\"target\":[\"https:\/\/bq-toy.com\/product\/wild-animal-stamps\/\"]}]},{\"@type\":\"ImageObject\",\"inLanguage\":\"pt-PT\",\"@id\":\"https:\/\/bq-toy.com\/product\/wild-animal-stamps\/#primaryimage\",\"url\":\"https:\/\/bq-toy.com\/wp-content\/uploads\/2025\/12\/BQ11-23.jpg\",\"contentUrl\":\"https:\/\/bq-toy.com\/wp-content\/uploads\/2025\/12\/BQ11-23.jpg\",\"width\":1024,\"height\":1024,\"caption\":\"safari animal stamps set, wild jungle animal stamp for kids\"},{\"@type\":\"BreadcrumbList\",\"@id\":\"https:\/\/bq-toy.com\/product\/wild-animal-stamps\/#breadcrumb\",\"itemListElement\":[{\"@type\":\"ListItem\",\"position\":1,\"name\":\"Home\",\"item\":\"https:\/\/bq-toy.com\/\"},{\"@type\":\"ListItem\",\"position\":2,\"name\":\"Product\",\"item\":\"https:\/\/bq-toy.com\/product\/\"},{\"@type\":\"ListItem\",\"position\":3,\"name\":\"6 Pcs Wild Animal Stamp Set, Safari &#038; Jungle Animal Stamps (Lion, Elephant, Giraffe), Kids Adventure Stamps for Craft and Storytelling\"}]},{\"@type\":\"WebSite\",\"@id\":\"https:\/\/bq-toy.com\/#website\",\"url\":\"https:\/\/bq-toy.com\/\",\"name\":\"BEIQI TOYS STAMP FACTORY\",\"description\":\"BEIQI TOYS STAMP FACTORY\",\"potentialAction\":[{\"@type\":\"SearchAction\",\"target\":{\"@type\":\"EntryPoint\",\"urlTemplate\":\"https:\/\/bq-toy.com\/?s={search_term_string}\"},\"query-input\":{\"@type\":\"PropertyValueSpecification\",\"valueRequired\":true,\"valueName\":\"search_term_string\"}}],\"inLanguage\":\"pt-PT\"}]}<\/script>\n<!-- \/ Yoast SEO Premium plugin. -->","yoast_head_json":{"title":"6 Pcs Wild Animal Stamp Set, Safari & Jungle Animal Stamps (Lion, Elephant, Giraffe), Kids Adventure Stamps for Craft and Storytelling - BEIQI TOYS STAMP FACTORY Safari Stamps for Kids - 6 Pc Wild Animal Jungle Stamp Set | BeiQi Toys","description":"Go on a safari adventure! This wild animal stamp set features lions, elephants, giraffes and more. Ideal for jungle-themed crafts, storytelling, and educational play.","robots":{"index":"index","follow":"follow","max-snippet":"max-snippet:-1","max-image-preview":"max-image-preview:large","max-video-preview":"max-video-preview:-1"},"canonical":"https:\/\/bq-toy.com\/pt\/produto\/wild-animal-stamps\/","og_locale":"pt_PT","og_type":"article","og_title":"6 Pcs Wild Animal Stamp Set, Safari & Jungle Animal Stamps (Lion, Elephant, Giraffe), Kids Adventure Stamps for Craft and Storytelling","og_description":"Go on a safari adventure! This wild animal stamp set features lions, elephants, giraffes and more. Ideal for jungle-themed crafts, storytelling, and educational play.","og_url":"https:\/\/bq-toy.com\/pt\/produto\/wild-animal-stamps\/","og_site_name":"BEIQI TOYS STAMP FACTORY","article_modified_time":"2025-12-25T03:45:43+00:00","og_image":[{"width":1024,"height":1024,"url":"https:\/\/bq-toy.com\/wp-content\/uploads\/2025\/12\/BQ11-23.jpg","type":"image\/jpeg"}],"twitter_card":"summary_large_image","twitter_misc":{"Tempo estimado de leitura":"2 minutos"},"schema":{"@context":"https:\/\/schema.org","@graph":[{"@type":"WebPage","@id":"https:\/\/bq-toy.com\/product\/wild-animal-stamps\/","url":"https:\/\/bq-toy.com\/product\/wild-animal-stamps\/","name":"6 Pcs Wild Animal Stamp Set, Safari & Jungle Animal Stamps (Lion, Elephant, Giraffe), Kids Adventure Stamps for Craft and Storytelling - BEIQI TOYS STAMP FACTORY Safari Stamps for Kids - 6 Pc Wild Animal Jungle Stamp Set | BeiQi Toys","isPartOf":{"@id":"https:\/\/bq-toy.com\/#website"},"primaryImageOfPage":{"@id":"https:\/\/bq-toy.com\/product\/wild-animal-stamps\/#primaryimage"},"image":{"@id":"https:\/\/bq-toy.com\/product\/wild-animal-stamps\/#primaryimage"},"thumbnailUrl":"https:\/\/bq-toy.com\/wp-content\/uploads\/2025\/12\/BQ11-23.jpg","datePublished":"2025-12-16T03:03:43+00:00","dateModified":"2025-12-25T03:45:43+00:00","description":"Go on a safari adventure! This wild animal stamp set features lions, elephants, giraffes and more. Ideal for jungle-themed crafts, storytelling, and educational play.","breadcrumb":{"@id":"https:\/\/bq-toy.com\/product\/wild-animal-stamps\/#breadcrumb"},"inLanguage":"pt-PT","potentialAction":[{"@type":"ReadAction","target":["https:\/\/bq-toy.com\/product\/wild-animal-stamps\/"]}]},{"@type":"ImageObject","inLanguage":"pt-PT","@id":"https:\/\/bq-toy.com\/product\/wild-animal-stamps\/#primaryimage","url":"https:\/\/bq-toy.com\/wp-content\/uploads\/2025\/12\/BQ11-23.jpg","contentUrl":"https:\/\/bq-toy.com\/wp-content\/uploads\/2025\/12\/BQ11-23.jpg","width":1024,"height":1024,"caption":"safari animal stamps set, wild jungle animal stamp for kids"},{"@type":"BreadcrumbList","@id":"https:\/\/bq-toy.com\/product\/wild-animal-stamps\/#breadcrumb","itemListElement":[{"@type":"ListItem","position":1,"name":"Home","item":"https:\/\/bq-toy.com\/"},{"@type":"ListItem","position":2,"name":"Product","item":"https:\/\/bq-toy.com\/product\/"},{"@type":"ListItem","position":3,"name":"6 Pcs Wild Animal Stamp Set, Safari &#038; Jungle Animal Stamps (Lion, Elephant, Giraffe), Kids Adventure Stamps for Craft and Storytelling"}]},{"@type":"WebSite","@id":"https:\/\/bq-toy.com\/#website","url":"https:\/\/bq-toy.com\/","name":"BEIQI TOYS STAMP FACTORY","description":"BEIQI TOYS STAMP FACTORY","potentialAction":[{"@type":"SearchAction","target":{"@type":"EntryPoint","urlTemplate":"https:\/\/bq-toy.com\/?s={search_term_string}"},"query-input":{"@type":"PropertyValueSpecification","valueRequired":true,"valueName":"search_term_string"}}],"inLanguage":"pt-PT"}]}},"_links":{"self":[{"href":"https:\/\/bq-toy.com\/pt\/wp-json\/wp\/v2\/product\/29850","targetHints":{"allow":["GET"]}}],"collection":[{"href":"https:\/\/bq-toy.com\/pt\/wp-json\/wp\/v2\/product"}],"about":[{"href":"https:\/\/bq-toy.com\/pt\/wp-json\/wp\/v2\/types\/product"}],"version-history":[{"count":3,"href":"https:\/\/bq-toy.com\/pt\/wp-json\/wp\/v2\/product\/29850\/revisions"}],"predecessor-version":[{"id":29886,"href":"https:\/\/bq-toy.com\/pt\/wp-json\/wp\/v2\/product\/29850\/revisions\/29886"}],"wp:featuredmedia":[{"embeddable":true,"href":"https:\/\/bq-toy.com\/pt\/wp-json\/wp\/v2\/media\/29840"}],"wp:attachment":[{"href":"https:\/\/bq-toy.com\/pt\/wp-json\/wp\/v2\/media?parent=29850"}],"wp:term":[{"taxonomy":"product_brand","embeddable":true,"href":"https:\/\/bq-toy.com\/pt\/wp-json\/wp\/v2\/product_brand?post=29850"},{"taxonomy":"product_cat","embeddable":true,"href":"https:\/\/bq-toy.com\/pt\/wp-json\/wp\/v2\/product_cat?post=29850"},{"taxonomy":"product_tag","embeddable":true,"href":"https:\/\/bq-toy.com\/pt\/wp-json\/wp\/v2\/product_tag?post=29850"}],"curies":[{"name":"wp","href":"https:\/\/api.w.org\/{rel}","templated":true}]}}