{"id":29809,"date":"2025-12-16T01:24:51","date_gmt":"2025-12-16T01:24:51","guid":{"rendered":"https:\/\/bq-toy.com\/?post_type=product&#038;p=29809"},"modified":"2025-12-31T10:05:09","modified_gmt":"2025-12-31T10:05:09","slug":"custom-hero-ring-stamps-bulk","status":"publish","type":"product","link":"https:\/\/bq-toy.com\/pt\/produto\/custom-hero-ring-stamps-bulk\/","title":{"rendered":"Anel de Her\u00f3i com Carimbo para Meninos, Brinquedo Personaliz\u00e1vel para Dedo, Presente Legal para Crian\u00e7as e Lembrancinha de Festa, Item Promocional para Brindes"},"content":{"rendered":"<p class=\"ds-markdown-paragraph\"><strong>Apresentamos nossos an\u00e9is personalizados com carimbos de her\u00f3i, campe\u00f5es de vendas \u2013 a solu\u00e7\u00e3o perfeita para presentes para meninos.<\/strong><\/p>\n<p class=\"ds-markdown-paragraph\">\u00c0 procura do perfeito\u00a0<strong>presente em massa para meninos<\/strong>\u00a0ou item promocional que empolga os clientes jovens? Nosso\u00a0<strong>Carimbos personalizados para an\u00e9is de her\u00f3i<\/strong>\u00a0s\u00e3o a resposta. Esses inovadores carimbos vest\u00edveis combinam brincadeira e criatividade, apresentando escudos em relevo, raios e outros desenhos.\u00a0<strong>desenhos com tema de her\u00f3is<\/strong>\u00a0que agradam aos meninos. Cada anel \u00e9 um\u00a0<strong>Anel personalizado com carimbo para crian\u00e7as<\/strong>, transformando seus dedos em ferramentas instant\u00e2neas de super-her\u00f3is.<\/p>\n<p class=\"ds-markdown-paragraph\"><strong>Ideal para promo\u00e7\u00f5es e vendas de alto impacto.<\/strong><br \/>\nEste produto se destaca como um\u00a0<strong>sorteio promocional<\/strong>\u00a0em refei\u00e7\u00f5es infantis de fast-food, um sucesso\u00a0<strong>lembrancinha de festa<\/strong>\u00a0para anivers\u00e1rios, ou um\u00a0<strong>brinde personalizado<\/strong>\u00a0em programas de fidelidade do varejo. Vendido em locais convenientes.\u00a0<strong>volume<\/strong>\u00a0As quantidades s\u00e3o adquiridas diretamente da nossa f\u00e1brica, oferecendo um valor excepcional para compradores B2B.<\/p>\n<p class=\"ds-markdown-paragraph\"><strong>Sua marca, o her\u00f3i deles \u2013 Personaliza\u00e7\u00e3o completa<\/strong><br \/>\nComo f\u00e1brica OEM, somos especializados em\u00a0<strong>carimbos personalizados para an\u00e9is de her\u00f3i<\/strong>Podemos imprimir o logotipo da sua empresa, modificar os s\u00edmbolos principais ou ajustar as paletas de cores para criar algo \u00fanico.\u00a0<strong>anel de carimbo personalizado<\/strong>\u00a0que fortalece a identidade da sua marca. Nossa\u00a0<strong>personaliz\u00e1vel<\/strong>\u00a0O processo \u00e9 simplificado para\u00a0<strong>volume<\/strong>\u00a0Pedidos com quantidade m\u00ednima baixa, facilitando o lan\u00e7amento da sua campanha.<\/p>\n<p class=\"ds-markdown-paragraph\"><strong>Qualidade e seguran\u00e7a garantidas<\/strong><br \/>\nFabricados com materiais dur\u00e1veis e seguros para crian\u00e7as, e em conformidade com as normas internacionais de seguran\u00e7a de brinquedos, estes an\u00e9is s\u00e3o ideais para brincadeiras ativas. A impress\u00e3o n\u00edtida garante o uso repetido, oferecendo excelente custo-benef\u00edcio.<\/p>\n<p class=\"ds-markdown-paragraph\"><strong>Encomende j\u00e1 o seu lote personalizado!<\/strong><br \/>\nPronto para causar um impacto de propor\u00e7\u00f5es heroicas?\u00a0<strong>Contate-nos<\/strong>\u00a0Para obter um or\u00e7amento, discuta o seu caso.\u00a0<strong>personaliza\u00e7\u00e3o<\/strong>\u00a0necessidades, e veja como nossos\u00a0<strong>an\u00e9is de presente para meninos em grande quantidade<\/strong>\u00a0Pode se tornar seu pr\u00f3ximo best-seller.<\/p>\n<p><img fetchpriority=\"high\" decoding=\"async\" class=\"aligncenter size-full wp-image-29810\" src=\"https:\/\/bq-toy.com\/wp-content\/uploads\/2025\/12\/BQ11-6.jpg\" alt=\"\" width=\"2550\" height=\"2256\" srcset=\"https:\/\/bq-toy.com\/wp-content\/uploads\/2025\/12\/BQ11-6.jpg 2550w, https:\/\/bq-toy.com\/wp-content\/uploads\/2025\/12\/BQ11-6-339x300.jpg 339w, https:\/\/bq-toy.com\/wp-content\/uploads\/2025\/12\/BQ11-6-904x800.jpg 904w, https:\/\/bq-toy.com\/wp-content\/uploads\/2025\/12\/BQ11-6-768x679.jpg 768w, https:\/\/bq-toy.com\/wp-content\/uploads\/2025\/12\/BQ11-6-1536x1359.jpg 1536w, https:\/\/bq-toy.com\/wp-content\/uploads\/2025\/12\/BQ11-6-2048x1812.jpg 2048w, https:\/\/bq-toy.com\/wp-content\/uploads\/2025\/12\/BQ11-6-14x12.jpg 14w, https:\/\/bq-toy.com\/wp-content\/uploads\/2025\/12\/BQ11-6-430x380.jpg 430w, https:\/\/bq-toy.com\/wp-content\/uploads\/2025\/12\/BQ11-6-700x619.jpg 700w, https:\/\/bq-toy.com\/wp-content\/uploads\/2025\/12\/BQ11-6-150x133.jpg 150w\" sizes=\"(max-width: 2550px) 100vw, 2550px\" \/><\/p>","protected":false},"excerpt":{"rendered":"<p class=\"ds-markdown-paragraph\"><strong>Selo de Anel Her\u00f3i \u2013 Criatividade Resistente ao Tempo!<\/strong><\/p>\n<p class=\"ds-markdown-paragraph\">Criado pela f\u00e1brica de brinquedos BeiQi Stamp Toys, especializada em carimbos criativos para crian\u00e7as, feito para jovens aventureiros, o <strong>Selo do Anel do Her\u00f3i<\/strong>\u00a0\u00c9 um anel robusto e divertido que combina estilo arrojado com criatividade instant\u00e2nea. Feito de pl\u00e1stico resistente e seguro para crian\u00e7as, este anel carimbo possui uma almofada de tinta integrada, pronto para usar a qualquer hora e em qualquer lugar. Projetado para meninos, \u00e9 o acess\u00f3rio perfeito para brincar, contar hist\u00f3rias e deixar sua marca com estilo.<\/p>\n<p class=\"ds-markdown-paragraph\"><strong>Por que meninos e pais adoram:<\/strong><\/p>\n<ul>\n<li>\n<p class=\"ds-markdown-paragraph\"><strong>Design arrojado e resistente<\/strong>\u00a0\u2013 Um anel de pl\u00e1stico resistente, feito para suportar aventuras.<\/p>\n<\/li>\n<li>\n<p class=\"ds-markdown-paragraph\"><strong>Constru\u00eddo para Criar<\/strong>\u00a0\u2013 O carimbo autoentintado dispensa sujeira \u2013 basta pressionar e pronto.<\/p>\n<\/li>\n<li>\n<p class=\"ds-markdown-paragraph\"><strong>Temas aprovados pelos meninos<\/strong>\u00a0\u2013 Escolha entre ve\u00edculos, dinossauros, rob\u00f4s, s\u00edmbolos de super-her\u00f3is e muito mais.<\/p>\n<\/li>\n<li>\n<p class=\"ds-markdown-paragraph\"><strong>Seguro e dur\u00e1vel<\/strong>\u00a0\u2013 Feito de pl\u00e1stico at\u00f3xico e livre de BPA, resistente a brincadeiras mais intensas.<\/p>\n<\/li>\n<li>\n<p class=\"ds-markdown-paragraph\"><strong>Tinta lav\u00e1vel<\/strong>\u00a0\u2013 F\u00e1cil de limpar da pele, roupas e superf\u00edcies.<\/p>\n<\/li>\n<\/ul>\n<p class=\"ds-markdown-paragraph\"><strong>Ideal para:<\/strong><br \/>\n\u2714\ufe0f Her\u00f3is e aventureiros de faz de conta<br \/>\n\u2714\ufe0f Miss\u00f5es criativas e mensagens secretas<br \/>\n\u2714\ufe0f Recompensas por atos de bravura e vit\u00f3rias di\u00e1rias<br \/>\n\u2714\ufe0f Lembrancinhas de anivers\u00e1rio e divers\u00e3o para brincar<br \/>\n\u2714\ufe0f Criatividade port\u00e1til \u2014 sempre \u00e0 m\u00e3o para entrar em a\u00e7\u00e3o<\/p>\n<p class=\"ds-markdown-paragraph\"><strong>Deixe-o usar sua imagina\u00e7\u00e3o \u2014 e imprimir sua hist\u00f3ria!<\/strong><\/p>\n<table width=\"822\">\n<tbody>\n<tr>\n<td width=\"210\">Modelo<\/td>\n<td width=\"612\">BQ11-6<\/td>\n<\/tr>\n<tr>\n<td width=\"210\">material<\/td>\n<td width=\"612\">Pl\u00e1stico PS\/PP + EVA + Tinta + Papel<\/td>\n<\/tr>\n<tr>\n<td width=\"210\">Descri\u00e7\u00e3o<\/td>\n<td width=\"612\">Carimbos autoentintados Hero Ring<\/td>\n<\/tr>\n<tr>\n<td width=\"210\">Tamanho<\/td>\n<td width=\"612\">Selo: 2,2\u00d72,2\u00d72,6cm<\/td>\n<\/tr>\n<tr>\n<td width=\"210\">Embalagem<\/td>\n<td width=\"612\">Saco a granel\/saco OPP<\/td>\n<\/tr>\n<tr>\n<td width=\"210\">Unidades por caixa<\/td>\n<td width=\"612\">10.000 unidades por caixa.<\/td>\n<\/tr>\n<tr>\n<td width=\"210\">Tamanho da caixa<\/td>\n<td width=\"612\">45x43x33cm<\/td>\n<\/tr>\n<tr>\n<td width=\"210\">NO\/GW<\/td>\n<td width=\"612\">20\/22 kg<\/td>\n<\/tr>\n<tr>\n<td width=\"210\">Tipo<\/td>\n<td width=\"612\">Carimbo autoentintado<\/td>\n<\/tr>\n<tr>\n<td width=\"210\">Certificado<\/td>\n<td width=\"612\">MSDS, EN71, HR4040, 7P, ASTM<\/td>\n<\/tr>\n<tr>\n<td width=\"210\">Tempo de amostragem<\/td>\n<td width=\"612\">3 a 7 dias<\/td>\n<\/tr>\n<\/tbody>\n<\/table>","protected":false},"featured_media":29810,"template":"","meta":[],"product_brand":[],"product_cat":[84],"product_tag":[205,210,207,204,120,209,208,206,203],"class_list":{"0":"post-29809","1":"product","2":"type-product","3":"status-publish","4":"has-post-thumbnail","6":"product_cat-bulk-ring-self-inking-stamp","7":"product_tag-boys-gift-bulk","8":"product_tag-branded-gift","9":"product_tag-customizable-giveaway","10":"product_tag-hero-toy","11":"product_tag-kids-meal-toy","12":"product_tag-oem-novelty-item","13":"product_tag-party-favor-for-boys","14":"product_tag-promotional-ring","15":"product_tag-ring-stamp","17":"first","18":"instock","19":"shipping-taxable","20":"product-type-external"},"yoast_head":"<!-- This site is optimized with the Yoast SEO Premium plugin v26.6 (Yoast SEO v26.6) - https:\/\/yoast.com\/wordpress\/plugins\/seo\/ -->\n<title>Custom Hero Ring Stamps - Gift &amp; Promotional Item | BeiQi OEM - BEIQI TOYS STAMP FACTORY<\/title>\n<meta name=\"description\" content=\"Cool custom hero ring stamps for boys! Bulk customizable finger toys. Perfect as party favors, promotional giveaways, or fast-food kids meal toys.\" \/>\n<meta name=\"robots\" content=\"index, follow, max-snippet:-1, max-image-preview:large, max-video-preview:-1\" \/>\n<link rel=\"canonical\" href=\"https:\/\/bq-toy.com\/pt\/produto\/custom-hero-ring-stamps-bulk\/\" \/>\n<meta property=\"og:locale\" content=\"pt_PT\" \/>\n<meta property=\"og:type\" content=\"article\" \/>\n<meta property=\"og:title\" content=\"Hero Ring Stamp for Boys, Bulk Customizable Finger Stamp Toy, Cool Kids Gift &amp; Party Favor, Promotional Giveaway Item\" \/>\n<meta property=\"og:description\" content=\"Cool custom hero ring stamps for boys! Bulk customizable finger toys. Perfect as party favors, promotional giveaways, or fast-food kids meal toys.\" \/>\n<meta property=\"og:url\" content=\"https:\/\/bq-toy.com\/pt\/produto\/custom-hero-ring-stamps-bulk\/\" \/>\n<meta property=\"og:site_name\" content=\"BEIQI TOYS STAMP FACTORY\" \/>\n<meta property=\"article:modified_time\" content=\"2025-12-31T10:05:09+00:00\" \/>\n<meta property=\"og:image\" content=\"https:\/\/bq-toy.com\/wp-content\/uploads\/2025\/12\/BQ11-6-904x800.jpg\" \/>\n\t<meta property=\"og:image:width\" content=\"904\" \/>\n\t<meta property=\"og:image:height\" content=\"800\" \/>\n\t<meta property=\"og:image:type\" content=\"image\/jpeg\" \/>\n<meta name=\"twitter:card\" content=\"summary_large_image\" \/>\n<meta name=\"twitter:label1\" content=\"Tempo estimado de leitura\" \/>\n\t<meta name=\"twitter:data1\" content=\"2 minutos\" \/>\n<script type=\"application\/ld+json\" class=\"yoast-schema-graph\">{\"@context\":\"https:\/\/schema.org\",\"@graph\":[{\"@type\":\"WebPage\",\"@id\":\"https:\/\/bq-toy.com\/product\/custom-hero-ring-stamps-bulk\/\",\"url\":\"https:\/\/bq-toy.com\/product\/custom-hero-ring-stamps-bulk\/\",\"name\":\"Custom Hero Ring Stamps - Gift & Promotional Item | BeiQi OEM - BEIQI TOYS STAMP FACTORY\",\"isPartOf\":{\"@id\":\"https:\/\/bq-toy.com\/#website\"},\"primaryImageOfPage\":{\"@id\":\"https:\/\/bq-toy.com\/product\/custom-hero-ring-stamps-bulk\/#primaryimage\"},\"image\":{\"@id\":\"https:\/\/bq-toy.com\/product\/custom-hero-ring-stamps-bulk\/#primaryimage\"},\"thumbnailUrl\":\"https:\/\/bq-toy.com\/wp-content\/uploads\/2025\/12\/BQ11-6.jpg\",\"datePublished\":\"2025-12-16T01:24:51+00:00\",\"dateModified\":\"2025-12-31T10:05:09+00:00\",\"description\":\"Cool custom hero ring stamps for boys! Bulk customizable finger toys. Perfect as party favors, promotional giveaways, or fast-food kids meal toys.\",\"breadcrumb\":{\"@id\":\"https:\/\/bq-toy.com\/product\/custom-hero-ring-stamps-bulk\/#breadcrumb\"},\"inLanguage\":\"pt-PT\",\"potentialAction\":[{\"@type\":\"ReadAction\",\"target\":[\"https:\/\/bq-toy.com\/product\/custom-hero-ring-stamps-bulk\/\"]}]},{\"@type\":\"ImageObject\",\"inLanguage\":\"pt-PT\",\"@id\":\"https:\/\/bq-toy.com\/product\/custom-hero-ring-stamps-bulk\/#primaryimage\",\"url\":\"https:\/\/bq-toy.com\/wp-content\/uploads\/2025\/12\/BQ11-6.jpg\",\"contentUrl\":\"https:\/\/bq-toy.com\/wp-content\/uploads\/2025\/12\/BQ11-6.jpg\",\"width\":2550,\"height\":2256,\"caption\":\"custom hero ring stamp for boys bulk, personalized finger stamp promotional gift, ring toy for kids meal giveaway\"},{\"@type\":\"BreadcrumbList\",\"@id\":\"https:\/\/bq-toy.com\/product\/custom-hero-ring-stamps-bulk\/#breadcrumb\",\"itemListElement\":[{\"@type\":\"ListItem\",\"position\":1,\"name\":\"Home\",\"item\":\"https:\/\/bq-toy.com\/\"},{\"@type\":\"ListItem\",\"position\":2,\"name\":\"Product\",\"item\":\"https:\/\/bq-toy.com\/product\/\"},{\"@type\":\"ListItem\",\"position\":3,\"name\":\"Hero Ring Stamp for Boys, Bulk Customizable Finger Stamp Toy, Cool Kids Gift &#038; Party Favor, Promotional Giveaway Item\"}]},{\"@type\":\"WebSite\",\"@id\":\"https:\/\/bq-toy.com\/#website\",\"url\":\"https:\/\/bq-toy.com\/\",\"name\":\"BEIQI TOYS STAMP FACTORY\",\"description\":\"BEIQI TOYS STAMP FACTORY\",\"potentialAction\":[{\"@type\":\"SearchAction\",\"target\":{\"@type\":\"EntryPoint\",\"urlTemplate\":\"https:\/\/bq-toy.com\/?s={search_term_string}\"},\"query-input\":{\"@type\":\"PropertyValueSpecification\",\"valueRequired\":true,\"valueName\":\"search_term_string\"}}],\"inLanguage\":\"pt-PT\"}]}<\/script>\n<!-- \/ Yoast SEO Premium plugin. -->","yoast_head_json":{"title":"Custom Hero Ring Stamps - Gift & Promotional Item | BeiQi OEM - BEIQI TOYS STAMP FACTORY","description":"Cool custom hero ring stamps for boys! Bulk customizable finger toys. Perfect as party favors, promotional giveaways, or fast-food kids meal toys.","robots":{"index":"index","follow":"follow","max-snippet":"max-snippet:-1","max-image-preview":"max-image-preview:large","max-video-preview":"max-video-preview:-1"},"canonical":"https:\/\/bq-toy.com\/pt\/produto\/custom-hero-ring-stamps-bulk\/","og_locale":"pt_PT","og_type":"article","og_title":"Hero Ring Stamp for Boys, Bulk Customizable Finger Stamp Toy, Cool Kids Gift & Party Favor, Promotional Giveaway Item","og_description":"Cool custom hero ring stamps for boys! Bulk customizable finger toys. Perfect as party favors, promotional giveaways, or fast-food kids meal toys.","og_url":"https:\/\/bq-toy.com\/pt\/produto\/custom-hero-ring-stamps-bulk\/","og_site_name":"BEIQI TOYS STAMP FACTORY","article_modified_time":"2025-12-31T10:05:09+00:00","og_image":[{"width":904,"height":800,"url":"https:\/\/bq-toy.com\/wp-content\/uploads\/2025\/12\/BQ11-6-904x800.jpg","type":"image\/jpeg"}],"twitter_card":"summary_large_image","twitter_misc":{"Tempo estimado de leitura":"2 minutos"},"schema":{"@context":"https:\/\/schema.org","@graph":[{"@type":"WebPage","@id":"https:\/\/bq-toy.com\/product\/custom-hero-ring-stamps-bulk\/","url":"https:\/\/bq-toy.com\/product\/custom-hero-ring-stamps-bulk\/","name":"Custom Hero Ring Stamps - Gift & Promotional Item | BeiQi OEM - BEIQI TOYS STAMP FACTORY","isPartOf":{"@id":"https:\/\/bq-toy.com\/#website"},"primaryImageOfPage":{"@id":"https:\/\/bq-toy.com\/product\/custom-hero-ring-stamps-bulk\/#primaryimage"},"image":{"@id":"https:\/\/bq-toy.com\/product\/custom-hero-ring-stamps-bulk\/#primaryimage"},"thumbnailUrl":"https:\/\/bq-toy.com\/wp-content\/uploads\/2025\/12\/BQ11-6.jpg","datePublished":"2025-12-16T01:24:51+00:00","dateModified":"2025-12-31T10:05:09+00:00","description":"Cool custom hero ring stamps for boys! Bulk customizable finger toys. Perfect as party favors, promotional giveaways, or fast-food kids meal toys.","breadcrumb":{"@id":"https:\/\/bq-toy.com\/product\/custom-hero-ring-stamps-bulk\/#breadcrumb"},"inLanguage":"pt-PT","potentialAction":[{"@type":"ReadAction","target":["https:\/\/bq-toy.com\/product\/custom-hero-ring-stamps-bulk\/"]}]},{"@type":"ImageObject","inLanguage":"pt-PT","@id":"https:\/\/bq-toy.com\/product\/custom-hero-ring-stamps-bulk\/#primaryimage","url":"https:\/\/bq-toy.com\/wp-content\/uploads\/2025\/12\/BQ11-6.jpg","contentUrl":"https:\/\/bq-toy.com\/wp-content\/uploads\/2025\/12\/BQ11-6.jpg","width":2550,"height":2256,"caption":"custom hero ring stamp for boys bulk, personalized finger stamp promotional gift, ring toy for kids meal giveaway"},{"@type":"BreadcrumbList","@id":"https:\/\/bq-toy.com\/product\/custom-hero-ring-stamps-bulk\/#breadcrumb","itemListElement":[{"@type":"ListItem","position":1,"name":"Home","item":"https:\/\/bq-toy.com\/"},{"@type":"ListItem","position":2,"name":"Product","item":"https:\/\/bq-toy.com\/product\/"},{"@type":"ListItem","position":3,"name":"Hero Ring Stamp for Boys, Bulk Customizable Finger Stamp Toy, Cool Kids Gift &#038; Party Favor, Promotional Giveaway Item"}]},{"@type":"WebSite","@id":"https:\/\/bq-toy.com\/#website","url":"https:\/\/bq-toy.com\/","name":"BEIQI TOYS STAMP FACTORY","description":"BEIQI TOYS STAMP FACTORY","potentialAction":[{"@type":"SearchAction","target":{"@type":"EntryPoint","urlTemplate":"https:\/\/bq-toy.com\/?s={search_term_string}"},"query-input":{"@type":"PropertyValueSpecification","valueRequired":true,"valueName":"search_term_string"}}],"inLanguage":"pt-PT"}]}},"_links":{"self":[{"href":"https:\/\/bq-toy.com\/pt\/wp-json\/wp\/v2\/product\/29809","targetHints":{"allow":["GET"]}}],"collection":[{"href":"https:\/\/bq-toy.com\/pt\/wp-json\/wp\/v2\/product"}],"about":[{"href":"https:\/\/bq-toy.com\/pt\/wp-json\/wp\/v2\/types\/product"}],"version-history":[{"count":4,"href":"https:\/\/bq-toy.com\/pt\/wp-json\/wp\/v2\/product\/29809\/revisions"}],"predecessor-version":[{"id":29909,"href":"https:\/\/bq-toy.com\/pt\/wp-json\/wp\/v2\/product\/29809\/revisions\/29909"}],"wp:featuredmedia":[{"embeddable":true,"href":"https:\/\/bq-toy.com\/pt\/wp-json\/wp\/v2\/media\/29810"}],"wp:attachment":[{"href":"https:\/\/bq-toy.com\/pt\/wp-json\/wp\/v2\/media?parent=29809"}],"wp:term":[{"taxonomy":"product_brand","embeddable":true,"href":"https:\/\/bq-toy.com\/pt\/wp-json\/wp\/v2\/product_brand?post=29809"},{"taxonomy":"product_cat","embeddable":true,"href":"https:\/\/bq-toy.com\/pt\/wp-json\/wp\/v2\/product_cat?post=29809"},{"taxonomy":"product_tag","embeddable":true,"href":"https:\/\/bq-toy.com\/pt\/wp-json\/wp\/v2\/product_tag?post=29809"}],"curies":[{"name":"wp","href":"https:\/\/api.w.org\/{rel}","templated":true}]}}