{"id":29635,"date":"2025-12-12T08:38:03","date_gmt":"2025-12-12T08:38:03","guid":{"rendered":"https:\/\/bq-toy.com\/?post_type=product&#038;p=29635"},"modified":"2025-12-12T12:30:30","modified_gmt":"2025-12-12T12:30:30","slug":"bulk-peg-top-self-inking-stamp-6-pcs-dinosaurs","status":"publish","type":"product","link":"https:\/\/bq-toy.com\/pt\/produto\/bulk-peg-top-self-inking-stamp-6-pcs-dinosaurs\/","title":{"rendered":"Pacote com 6 carimbos autoentintados com tema de dinossauros, para fixa\u00e7\u00e3o no pino de fixa\u00e7\u00e3o."},"content":{"rendered":"<p><img fetchpriority=\"high\" decoding=\"async\" class=\"aligncenter size-full wp-image-29644\" src=\"https:\/\/bq-toy.com\/wp-content\/uploads\/2025\/12\/BQ60-1G-1.jpg\" alt=\"\" width=\"1024\" height=\"1024\" srcset=\"https:\/\/bq-toy.com\/wp-content\/uploads\/2025\/12\/BQ60-1G-1.jpg 1024w, https:\/\/bq-toy.com\/wp-content\/uploads\/2025\/12\/BQ60-1G-1-300x300.jpg 300w, https:\/\/bq-toy.com\/wp-content\/uploads\/2025\/12\/BQ60-1G-1-800x800.jpg 800w, https:\/\/bq-toy.com\/wp-content\/uploads\/2025\/12\/BQ60-1G-1-150x150.jpg 150w, https:\/\/bq-toy.com\/wp-content\/uploads\/2025\/12\/BQ60-1G-1-768x768.jpg 768w, https:\/\/bq-toy.com\/wp-content\/uploads\/2025\/12\/BQ60-1G-1-12x12.jpg 12w, https:\/\/bq-toy.com\/wp-content\/uploads\/2025\/12\/BQ60-1G-1-430x430.jpg 430w, https:\/\/bq-toy.com\/wp-content\/uploads\/2025\/12\/BQ60-1G-1-700x700.jpg 700w\" sizes=\"(max-width: 1024px) 100vw, 1024px\" \/><img decoding=\"async\" class=\"aligncenter size-full wp-image-29652\" src=\"https:\/\/bq-toy.com\/wp-content\/uploads\/2025\/12\/60.jpg\" alt=\"\" width=\"1297\" height=\"1297\" srcset=\"https:\/\/bq-toy.com\/wp-content\/uploads\/2025\/12\/60.jpg 1297w, https:\/\/bq-toy.com\/wp-content\/uploads\/2025\/12\/60-300x300.jpg 300w, https:\/\/bq-toy.com\/wp-content\/uploads\/2025\/12\/60-800x800.jpg 800w, https:\/\/bq-toy.com\/wp-content\/uploads\/2025\/12\/60-150x150.jpg 150w, https:\/\/bq-toy.com\/wp-content\/uploads\/2025\/12\/60-768x768.jpg 768w, https:\/\/bq-toy.com\/wp-content\/uploads\/2025\/12\/60-12x12.jpg 12w, https:\/\/bq-toy.com\/wp-content\/uploads\/2025\/12\/60-430x430.jpg 430w, https:\/\/bq-toy.com\/wp-content\/uploads\/2025\/12\/60-700x700.jpg 700w\" sizes=\"(max-width: 1297px) 100vw, 1297px\" \/><br \/>\n<img decoding=\"async\" class=\"aligncenter size-full wp-image-29653\" src=\"https:\/\/bq-toy.com\/wp-content\/uploads\/2025\/12\/8-2.jpg\" alt=\"\" width=\"1024\" height=\"1024\" srcset=\"https:\/\/bq-toy.com\/wp-content\/uploads\/2025\/12\/8-2.jpg 1024w, https:\/\/bq-toy.com\/wp-content\/uploads\/2025\/12\/8-2-300x300.jpg 300w, https:\/\/bq-toy.com\/wp-content\/uploads\/2025\/12\/8-2-800x800.jpg 800w, https:\/\/bq-toy.com\/wp-content\/uploads\/2025\/12\/8-2-150x150.jpg 150w, https:\/\/bq-toy.com\/wp-content\/uploads\/2025\/12\/8-2-768x768.jpg 768w, https:\/\/bq-toy.com\/wp-content\/uploads\/2025\/12\/8-2-12x12.jpg 12w, https:\/\/bq-toy.com\/wp-content\/uploads\/2025\/12\/8-2-430x430.jpg 430w, https:\/\/bq-toy.com\/wp-content\/uploads\/2025\/12\/8-2-700x700.jpg 700w\" sizes=\"(max-width: 1024px) 100vw, 1024px\" \/><img loading=\"lazy\" decoding=\"async\" class=\"aligncenter size-full wp-image-29655\" src=\"https:\/\/bq-toy.com\/wp-content\/uploads\/2025\/12\/10.jpg\" alt=\"\" width=\"1024\" height=\"1024\" srcset=\"https:\/\/bq-toy.com\/wp-content\/uploads\/2025\/12\/10.jpg 1024w, https:\/\/bq-toy.com\/wp-content\/uploads\/2025\/12\/10-300x300.jpg 300w, https:\/\/bq-toy.com\/wp-content\/uploads\/2025\/12\/10-800x800.jpg 800w, https:\/\/bq-toy.com\/wp-content\/uploads\/2025\/12\/10-150x150.jpg 150w, https:\/\/bq-toy.com\/wp-content\/uploads\/2025\/12\/10-768x768.jpg 768w, https:\/\/bq-toy.com\/wp-content\/uploads\/2025\/12\/10-12x12.jpg 12w, https:\/\/bq-toy.com\/wp-content\/uploads\/2025\/12\/10-430x430.jpg 430w, https:\/\/bq-toy.com\/wp-content\/uploads\/2025\/12\/10-700x700.jpg 700w\" sizes=\"(max-width: 1024px) 100vw, 1024px\" \/><\/p>\n<p>&nbsp;<\/p>","protected":false},"excerpt":{"rendered":"<p>Spin &amp; Stamp \u2013 Roda de Jogo e Pi\u00e3o 3 em 1<br \/>\nEste brinquedo inovador combina um pi\u00e3o, uma roleta de jogos de azar e um carimbo criativo em um design compacto. A parte superior apresenta uma roleta transparente numerada de 1 a 8, com uma esfera de a\u00e7o girat\u00f3ria selada em seu interior. A parte inferior funciona como um carimbo pronto para uso.<\/p>\n<p>Para jogar, basta girar o pi\u00e3o. Conforme ele gira, a bolinha de a\u00e7o percorre rapidamente a pista numerada. Quando o pi\u00e3o perde impulso e para, a bolinha se acomoda em uma das casas numeradas, determinando o resultado do jogo. Enquanto isso, a base de carimbo pode ser usada a qualquer momento para imprimir padr\u00f5es, adicionando uma dimens\u00e3o criativa \u00e0 brincadeira ou \u00e0 tomada de decis\u00f5es.<\/p>\n<p>Perfeito para jogos, recompensas ou divers\u00e3o criativa, o Spin &amp; Stamp oferece entretenimento sem fim por meio de sua a\u00e7\u00e3o girat\u00f3ria satisfat\u00f3ria, elemento de jogo emocionante e toque art\u00edstico.<\/p>\n<table width=\"634\">\n<tbody>\n<tr>\n<td width=\"210\">Modelo<\/td>\n<td width=\"424\">BQ60-1G<\/td>\n<\/tr>\n<tr>\n<td width=\"210\">material<\/td>\n<td width=\"424\">Pl\u00e1stico PS\/PP + EVA<\/td>\n<\/tr>\n<tr>\n<td width=\"210\">Recurso<\/td>\n<td width=\"424\">Pino de encaixe, Roda da Sorte, carimbo - 3 fun\u00e7\u00f5es em uma<\/td>\n<\/tr>\n<tr>\n<td width=\"210\">Tamanho<\/td>\n<td width=\"424\">Selo: 3,5\u00d73,5\u00d73,5cm<\/td>\n<\/tr>\n<tr>\n<td width=\"210\">Embalagem<\/td>\n<td width=\"424\">Saco a granel\/saco OPP<\/td>\n<\/tr>\n<tr>\n<td width=\"210\">Unidades por caixa<\/td>\n<td width=\"424\">2500 unidades por caixa.<\/td>\n<\/tr>\n<tr>\n<td width=\"210\">Tamanho da caixa<\/td>\n<td width=\"424\">55x43x51cm<\/td>\n<\/tr>\n<tr>\n<td width=\"210\">NO\/GW<\/td>\n<td width=\"424\">20\/22 kg<\/td>\n<\/tr>\n<tr>\n<td width=\"210\">Cor<\/td>\n<td width=\"424\">Misture 6 cores<\/td>\n<\/tr>\n<tr>\n<td width=\"210\">Padr\u00e3o<\/td>\n<td width=\"424\">6 padr\u00f5es<\/td>\n<\/tr>\n<tr>\n<td width=\"210\">Tipo<\/td>\n<td width=\"424\">Carimbo autoentintado<\/td>\n<\/tr>\n<tr>\n<td width=\"210\">Certificado<\/td>\n<td width=\"424\">MSDS, EN71, HR4040, 7P, ASTM<\/td>\n<\/tr>\n<tr>\n<td width=\"210\">Tempo de amostragem<\/td>\n<td width=\"424\">3 a 7 dias<\/td>\n<\/tr>\n<\/tbody>\n<\/table>\n<p>&nbsp;<\/p>","protected":false},"featured_media":29644,"template":"","meta":[],"product_brand":[],"product_cat":[87],"product_tag":[],"class_list":{"0":"post-29635","1":"product","2":"type-product","3":"status-publish","4":"has-post-thumbnail","6":"product_cat-bulk-peg-top-self-inking-stamp","8":"first","9":"instock","10":"shipping-taxable","11":"product-type-external"},"yoast_head":"<!-- This site is optimized with the Yoast SEO Premium plugin v26.6 (Yoast SEO v26.6) - https:\/\/yoast.com\/wordpress\/plugins\/seo\/ -->\n<title>Bulk Peg-Top self-inking stamp 6 pcs Dinosaurs - BEIQI TOYS STAMP FACTORY<\/title>\n<meta name=\"robots\" content=\"index, follow, max-snippet:-1, max-image-preview:large, max-video-preview:-1\" \/>\n<link rel=\"canonical\" href=\"https:\/\/bq-toy.com\/pt\/produto\/bulk-peg-top-self-inking-stamp-6-pcs-dinosaurs\/\" \/>\n<meta property=\"og:locale\" content=\"pt_PT\" \/>\n<meta property=\"og:type\" content=\"article\" \/>\n<meta property=\"og:title\" content=\"Bulk Peg-Top self-inking stamp 6 pcs Dinosaurs\" \/>\n<meta property=\"og:description\" content=\"Spin &amp; Stamp \u2013 3-in-1 Top &amp; Game Wheel This innovative toy combines a spinning top, a chance-based game wheel, and a creative stamp into one compact design. The upper section features a transparent wheel numbered 1 through 8, with a free-rolling steel ball sealed inside. The lower section functions as a ready-to-use stamp.  To play, simply spin the top. As it rotates, the steel ball whirls rapidly around the numbered track. When the top loses momentum and comes to a stop, the ball settles into one of the numbered slots, determining the game&#039;s outcome. Meanwhile, the stamp base can be used anytime to imprint patterns, adding a creative dimension to play or decision-making.  Perfect for games, rewards, or creative fun, the Spin &amp; Stamp offers endless engagement through its satisfying spin action, suspenseful game element, and artistic touch.    Model BQ60-1G   material Plastic PS\/PP + EVA   Feature Peg-top,Prize Wheels,stamp 3 functions in one   Size Stamp: 3.5x3.5x3.5cm   Packing Bulk\/opp bag   PCS\/carton 2500 pcs\/carton.   Carton Size 55x43x51cm   N.W.\/G.W. 20\/22KGS   Color Mix 6 colors   Pattern 6 patterns   Type Self-Inking Stamp   Certificate MSDS,EN71,HR4040,7P,ASTM   Sample time 3-7 days    &nbsp;\" \/>\n<meta property=\"og:url\" content=\"https:\/\/bq-toy.com\/pt\/produto\/bulk-peg-top-self-inking-stamp-6-pcs-dinosaurs\/\" \/>\n<meta property=\"og:site_name\" content=\"BEIQI TOYS STAMP FACTORY\" \/>\n<meta property=\"article:modified_time\" content=\"2025-12-12T12:30:30+00:00\" \/>\n<meta property=\"og:image\" content=\"https:\/\/bq-toy.com\/wp-content\/uploads\/2025\/12\/BQ60-1G-1.jpg\" \/>\n\t<meta property=\"og:image:width\" content=\"1024\" \/>\n\t<meta property=\"og:image:height\" content=\"1024\" \/>\n\t<meta property=\"og:image:type\" content=\"image\/jpeg\" \/>\n<meta name=\"twitter:card\" content=\"summary_large_image\" \/>\n<meta name=\"twitter:label1\" content=\"Tempo estimado de leitura\" \/>\n\t<meta name=\"twitter:data1\" content=\"1 minuto\" \/>\n<script type=\"application\/ld+json\" class=\"yoast-schema-graph\">{\"@context\":\"https:\/\/schema.org\",\"@graph\":[{\"@type\":\"WebPage\",\"@id\":\"https:\/\/bq-toy.com\/product\/bulk-peg-top-self-inking-stamp-6-pcs-dinosaurs\/\",\"url\":\"https:\/\/bq-toy.com\/product\/bulk-peg-top-self-inking-stamp-6-pcs-dinosaurs\/\",\"name\":\"Bulk Peg-Top self-inking stamp 6 pcs Dinosaurs - BEIQI TOYS STAMP FACTORY\",\"isPartOf\":{\"@id\":\"https:\/\/bq-toy.com\/#website\"},\"primaryImageOfPage\":{\"@id\":\"https:\/\/bq-toy.com\/product\/bulk-peg-top-self-inking-stamp-6-pcs-dinosaurs\/#primaryimage\"},\"image\":{\"@id\":\"https:\/\/bq-toy.com\/product\/bulk-peg-top-self-inking-stamp-6-pcs-dinosaurs\/#primaryimage\"},\"thumbnailUrl\":\"https:\/\/bq-toy.com\/wp-content\/uploads\/2025\/12\/BQ60-1G-1.jpg\",\"datePublished\":\"2025-12-12T08:38:03+00:00\",\"dateModified\":\"2025-12-12T12:30:30+00:00\",\"breadcrumb\":{\"@id\":\"https:\/\/bq-toy.com\/product\/bulk-peg-top-self-inking-stamp-6-pcs-dinosaurs\/#breadcrumb\"},\"inLanguage\":\"pt-PT\",\"potentialAction\":[{\"@type\":\"ReadAction\",\"target\":[\"https:\/\/bq-toy.com\/product\/bulk-peg-top-self-inking-stamp-6-pcs-dinosaurs\/\"]}]},{\"@type\":\"ImageObject\",\"inLanguage\":\"pt-PT\",\"@id\":\"https:\/\/bq-toy.com\/product\/bulk-peg-top-self-inking-stamp-6-pcs-dinosaurs\/#primaryimage\",\"url\":\"https:\/\/bq-toy.com\/wp-content\/uploads\/2025\/12\/BQ60-1G-1.jpg\",\"contentUrl\":\"https:\/\/bq-toy.com\/wp-content\/uploads\/2025\/12\/BQ60-1G-1.jpg\",\"width\":1024,\"height\":1024},{\"@type\":\"BreadcrumbList\",\"@id\":\"https:\/\/bq-toy.com\/product\/bulk-peg-top-self-inking-stamp-6-pcs-dinosaurs\/#breadcrumb\",\"itemListElement\":[{\"@type\":\"ListItem\",\"position\":1,\"name\":\"Home\",\"item\":\"https:\/\/bq-toy.com\/\"},{\"@type\":\"ListItem\",\"position\":2,\"name\":\"Product\",\"item\":\"https:\/\/bq-toy.com\/product\/\"},{\"@type\":\"ListItem\",\"position\":3,\"name\":\"Bulk Peg-Top self-inking stamp 6 pcs Dinosaurs\"}]},{\"@type\":\"WebSite\",\"@id\":\"https:\/\/bq-toy.com\/#website\",\"url\":\"https:\/\/bq-toy.com\/\",\"name\":\"BEIQI TOYS STAMP FACTORY\",\"description\":\"BEIQI TOYS STAMP FACTORY\",\"potentialAction\":[{\"@type\":\"SearchAction\",\"target\":{\"@type\":\"EntryPoint\",\"urlTemplate\":\"https:\/\/bq-toy.com\/?s={search_term_string}\"},\"query-input\":{\"@type\":\"PropertyValueSpecification\",\"valueRequired\":true,\"valueName\":\"search_term_string\"}}],\"inLanguage\":\"pt-PT\"}]}<\/script>\n<!-- \/ Yoast SEO Premium plugin. -->","yoast_head_json":{"title":"Bulk Peg-Top self-inking stamp 6 pcs Dinosaurs - BEIQI TOYS STAMP FACTORY","robots":{"index":"index","follow":"follow","max-snippet":"max-snippet:-1","max-image-preview":"max-image-preview:large","max-video-preview":"max-video-preview:-1"},"canonical":"https:\/\/bq-toy.com\/pt\/produto\/bulk-peg-top-self-inking-stamp-6-pcs-dinosaurs\/","og_locale":"pt_PT","og_type":"article","og_title":"Bulk Peg-Top self-inking stamp 6 pcs Dinosaurs","og_description":"Spin &amp; Stamp \u2013 3-in-1 Top &amp; Game Wheel This innovative toy combines a spinning top, a chance-based game wheel, and a creative stamp into one compact design. The upper section features a transparent wheel numbered 1 through 8, with a free-rolling steel ball sealed inside. The lower section functions as a ready-to-use stamp.  To play, simply spin the top. As it rotates, the steel ball whirls rapidly around the numbered track. When the top loses momentum and comes to a stop, the ball settles into one of the numbered slots, determining the game's outcome. Meanwhile, the stamp base can be used anytime to imprint patterns, adding a creative dimension to play or decision-making.  Perfect for games, rewards, or creative fun, the Spin &amp; Stamp offers endless engagement through its satisfying spin action, suspenseful game element, and artistic touch.    Model BQ60-1G   material Plastic PS\/PP + EVA   Feature Peg-top,Prize Wheels,stamp 3 functions in one   Size Stamp: 3.5x3.5x3.5cm   Packing Bulk\/opp bag   PCS\/carton 2500 pcs\/carton.   Carton Size 55x43x51cm   N.W.\/G.W. 20\/22KGS   Color Mix 6 colors   Pattern 6 patterns   Type Self-Inking Stamp   Certificate MSDS,EN71,HR4040,7P,ASTM   Sample time 3-7 days    &nbsp;","og_url":"https:\/\/bq-toy.com\/pt\/produto\/bulk-peg-top-self-inking-stamp-6-pcs-dinosaurs\/","og_site_name":"BEIQI TOYS STAMP FACTORY","article_modified_time":"2025-12-12T12:30:30+00:00","og_image":[{"width":1024,"height":1024,"url":"https:\/\/bq-toy.com\/wp-content\/uploads\/2025\/12\/BQ60-1G-1.jpg","type":"image\/jpeg"}],"twitter_card":"summary_large_image","twitter_misc":{"Tempo estimado de leitura":"1 minuto"},"schema":{"@context":"https:\/\/schema.org","@graph":[{"@type":"WebPage","@id":"https:\/\/bq-toy.com\/product\/bulk-peg-top-self-inking-stamp-6-pcs-dinosaurs\/","url":"https:\/\/bq-toy.com\/product\/bulk-peg-top-self-inking-stamp-6-pcs-dinosaurs\/","name":"Bulk Peg-Top self-inking stamp 6 pcs Dinosaurs - BEIQI TOYS STAMP FACTORY","isPartOf":{"@id":"https:\/\/bq-toy.com\/#website"},"primaryImageOfPage":{"@id":"https:\/\/bq-toy.com\/product\/bulk-peg-top-self-inking-stamp-6-pcs-dinosaurs\/#primaryimage"},"image":{"@id":"https:\/\/bq-toy.com\/product\/bulk-peg-top-self-inking-stamp-6-pcs-dinosaurs\/#primaryimage"},"thumbnailUrl":"https:\/\/bq-toy.com\/wp-content\/uploads\/2025\/12\/BQ60-1G-1.jpg","datePublished":"2025-12-12T08:38:03+00:00","dateModified":"2025-12-12T12:30:30+00:00","breadcrumb":{"@id":"https:\/\/bq-toy.com\/product\/bulk-peg-top-self-inking-stamp-6-pcs-dinosaurs\/#breadcrumb"},"inLanguage":"pt-PT","potentialAction":[{"@type":"ReadAction","target":["https:\/\/bq-toy.com\/product\/bulk-peg-top-self-inking-stamp-6-pcs-dinosaurs\/"]}]},{"@type":"ImageObject","inLanguage":"pt-PT","@id":"https:\/\/bq-toy.com\/product\/bulk-peg-top-self-inking-stamp-6-pcs-dinosaurs\/#primaryimage","url":"https:\/\/bq-toy.com\/wp-content\/uploads\/2025\/12\/BQ60-1G-1.jpg","contentUrl":"https:\/\/bq-toy.com\/wp-content\/uploads\/2025\/12\/BQ60-1G-1.jpg","width":1024,"height":1024},{"@type":"BreadcrumbList","@id":"https:\/\/bq-toy.com\/product\/bulk-peg-top-self-inking-stamp-6-pcs-dinosaurs\/#breadcrumb","itemListElement":[{"@type":"ListItem","position":1,"name":"Home","item":"https:\/\/bq-toy.com\/"},{"@type":"ListItem","position":2,"name":"Product","item":"https:\/\/bq-toy.com\/product\/"},{"@type":"ListItem","position":3,"name":"Bulk Peg-Top self-inking stamp 6 pcs Dinosaurs"}]},{"@type":"WebSite","@id":"https:\/\/bq-toy.com\/#website","url":"https:\/\/bq-toy.com\/","name":"BEIQI TOYS STAMP FACTORY","description":"BEIQI TOYS STAMP FACTORY","potentialAction":[{"@type":"SearchAction","target":{"@type":"EntryPoint","urlTemplate":"https:\/\/bq-toy.com\/?s={search_term_string}"},"query-input":{"@type":"PropertyValueSpecification","valueRequired":true,"valueName":"search_term_string"}}],"inLanguage":"pt-PT"}]}},"_links":{"self":[{"href":"https:\/\/bq-toy.com\/pt\/wp-json\/wp\/v2\/product\/29635","targetHints":{"allow":["GET"]}}],"collection":[{"href":"https:\/\/bq-toy.com\/pt\/wp-json\/wp\/v2\/product"}],"about":[{"href":"https:\/\/bq-toy.com\/pt\/wp-json\/wp\/v2\/types\/product"}],"version-history":[{"count":2,"href":"https:\/\/bq-toy.com\/pt\/wp-json\/wp\/v2\/product\/29635\/revisions"}],"predecessor-version":[{"id":29657,"href":"https:\/\/bq-toy.com\/pt\/wp-json\/wp\/v2\/product\/29635\/revisions\/29657"}],"wp:featuredmedia":[{"embeddable":true,"href":"https:\/\/bq-toy.com\/pt\/wp-json\/wp\/v2\/media\/29644"}],"wp:attachment":[{"href":"https:\/\/bq-toy.com\/pt\/wp-json\/wp\/v2\/media?parent=29635"}],"wp:term":[{"taxonomy":"product_brand","embeddable":true,"href":"https:\/\/bq-toy.com\/pt\/wp-json\/wp\/v2\/product_brand?post=29635"},{"taxonomy":"product_cat","embeddable":true,"href":"https:\/\/bq-toy.com\/pt\/wp-json\/wp\/v2\/product_cat?post=29635"},{"taxonomy":"product_tag","embeddable":true,"href":"https:\/\/bq-toy.com\/pt\/wp-json\/wp\/v2\/product_tag?post=29635"}],"curies":[{"name":"wp","href":"https:\/\/api.w.org\/{rel}","templated":true}]}}