{"id":29809,"date":"2025-12-16T01:24:51","date_gmt":"2025-12-16T01:24:51","guid":{"rendered":"https:\/\/bq-toy.com\/?post_type=product&#038;p=29809"},"modified":"2025-12-31T10:05:09","modified_gmt":"2025-12-31T10:05:09","slug":"custom-hero-ring-stamps-bulk","status":"publish","type":"product","link":"https:\/\/bq-toy.com\/pl\/produkt\/custom-hero-ring-stamps-bulk\/","title":{"rendered":"Stempel na palec Hero Ring dla ch\u0142opc\u00f3w, personalizowana zabawka do stemplowania na palcach, fajny prezent dla dzieci i upominek na imprez\u0119, gad\u017cet promocyjny"},"content":{"rendered":"<p class=\"ds-markdown-paragraph\"><strong>Przedstawiamy nasze bestsellerowe, spersonalizowane stemple do pier\u015bcionk\u00f3w z bohaterami \u2013 idealne rozwi\u0105zanie na prezent dla ch\u0142opc\u00f3w<\/strong><\/p>\n<p class=\"ds-markdown-paragraph\">Szukasz idealnego\u00a0<strong>hurtowy prezent dla ch\u0142opc\u00f3w<\/strong>\u00a0lub gad\u017cet promocyjny, kt\u00f3ry zachwyci m\u0142odych klient\u00f3w? Nasz\u00a0<strong>Niestandardowe znaczki na pier\u015bcienie bohatera<\/strong>\u00a0s\u0105 odpowiedzi\u0105. Te innowacyjne, noszone stemple \u0142\u0105cz\u0105 zabaw\u0119 i kreatywno\u015b\u0107, prezentuj\u0105c wyt\u0142oczone tarcze, pioruny i inne\u00a0<strong>projekty o tematyce bohaterskiej<\/strong>\u00a0kt\u00f3re rezonuj\u0105 z ch\u0142opcami. Ka\u017cdy pier\u015bcie\u0144 to\u00a0<strong>spersonalizowany pier\u015bcie\u0144 ze znaczkiem dla dzieci<\/strong>, zmieniaj\u0105c swoje palce w narz\u0119dzia superbohater\u00f3w.<\/p>\n<p class=\"ds-markdown-paragraph\"><strong>Idealny do promocji i sprzeda\u017cy o du\u017cym wp\u0142ywie<\/strong><br \/>\nTen produkt doskonale sprawdza si\u0119 jako\u00a0<strong>gad\u017cet promocyjny<\/strong>\u00a0w daniach dla dzieci w fast foodach, hit\u00a0<strong>upominek na imprez\u0119<\/strong>\u00a0na urodziny lub\u00a0<strong>markowy prezent<\/strong>\u00a0w programach lojalno\u015bciowych dla handlu detalicznego. Sprzedawane w wygodnych\u00a0<strong>cielsko<\/strong>\u00a0ilo\u015bci bezpo\u015brednio z naszej fabryki, co zapewnia wyj\u0105tkow\u0105 warto\u015b\u0107 dla klient\u00f3w B2B.<\/p>\n<p class=\"ds-markdown-paragraph\"><strong>Twoja marka, ich bohater \u2013 pe\u0142na personalizacja<\/strong><br \/>\nJako fabryka OEM specjalizujemy si\u0119 w\u00a0<strong>niestandardowe stemple do pier\u015bcieni bohater\u00f3w<\/strong>Mo\u017cemy nadrukowa\u0107 logo Twojej firmy, zmodyfikowa\u0107 symbole bohatera lub dostosowa\u0107 schematy kolor\u00f3w, aby stworzy\u0107 niepowtarzalny\u00a0<strong>spersonalizowany pier\u015bcie\u0144 ze znaczkiem<\/strong>\u00a0kt\u00f3re wzmacnia to\u017csamo\u015b\u0107 Twojej marki. Nasze\u00a0<strong>konfigurowalny<\/strong>\u00a0proces jest usprawniony\u00a0<strong>cielsko<\/strong>\u00a0zam\u00f3wienia z niskim minimalnym zam\u00f3wieniem, co u\u0142atwia uruchomienie kampanii.<\/p>\n<p class=\"ds-markdown-paragraph\"><strong>Gwarancja jako\u015bci i bezpiecze\u0144stwa<\/strong><br \/>\nWykonane z trwa\u0142ych, bezpiecznych dla dzieci materia\u0142\u00f3w i zgodne z mi\u0119dzynarodowymi normami bezpiecze\u0144stwa zabawek, te k\u00f3\u0142ka zosta\u0142y stworzone z my\u015bl\u0105 o aktywnej zabawie. Wyra\u017any nadruk gwarantuje wielokrotne u\u017cycie, zapewniaj\u0105c doskona\u0142\u0105 warto\u015b\u0107.<\/p>\n<p class=\"ds-markdown-paragraph\"><strong>Zam\u00f3w swoj\u0105 niestandardow\u0105 parti\u0119 ju\u017c dzi\u015b<\/strong><br \/>\nGotowy, by zrobi\u0107 wra\u017cenie na bohaterze?\u00a0<strong>Skontaktuj si\u0119 z nami<\/strong>\u00a0aby uzyska\u0107 wycen\u0119, om\u00f3w swoje\u00a0<strong>personalizacja<\/strong>\u00a0potrzeby i zobacz, jak nasze\u00a0<strong>pier\u015bcionki na prezent dla ch\u0142opc\u00f3w hurtowo<\/strong>\u00a0mo\u017ce sta\u0107 si\u0119 Twoim kolejnym bestsellerem.<\/p>\n<p><img fetchpriority=\"high\" decoding=\"async\" class=\"aligncenter size-full wp-image-29810\" src=\"https:\/\/bq-toy.com\/wp-content\/uploads\/2025\/12\/BQ11-6.jpg\" alt=\"\" width=\"2550\" height=\"2256\" srcset=\"https:\/\/bq-toy.com\/wp-content\/uploads\/2025\/12\/BQ11-6.jpg 2550w, https:\/\/bq-toy.com\/wp-content\/uploads\/2025\/12\/BQ11-6-339x300.jpg 339w, https:\/\/bq-toy.com\/wp-content\/uploads\/2025\/12\/BQ11-6-904x800.jpg 904w, https:\/\/bq-toy.com\/wp-content\/uploads\/2025\/12\/BQ11-6-768x679.jpg 768w, https:\/\/bq-toy.com\/wp-content\/uploads\/2025\/12\/BQ11-6-1536x1359.jpg 1536w, https:\/\/bq-toy.com\/wp-content\/uploads\/2025\/12\/BQ11-6-2048x1812.jpg 2048w, https:\/\/bq-toy.com\/wp-content\/uploads\/2025\/12\/BQ11-6-14x12.jpg 14w, https:\/\/bq-toy.com\/wp-content\/uploads\/2025\/12\/BQ11-6-430x380.jpg 430w, https:\/\/bq-toy.com\/wp-content\/uploads\/2025\/12\/BQ11-6-700x619.jpg 700w, https:\/\/bq-toy.com\/wp-content\/uploads\/2025\/12\/BQ11-6-150x133.jpg 150w\" sizes=\"(max-width: 2550px) 100vw, 2550px\" \/><\/p>","protected":false},"excerpt":{"rendered":"<p class=\"ds-markdown-paragraph\"><strong>Piecz\u0105tka Bohatera \u2013 Kreatywno\u015b\u0107 w s\u0142u\u017cbie!<\/strong><\/p>\n<p class=\"ds-markdown-paragraph\">Wykonane przez BeiQi Stamp Toys Factory, specjalist\u0119 w produkcji kreatywnych stempli dla dzieci, przeznaczonych dla m\u0142odych poszukiwaczy przyg\u00f3d, <strong>Piecz\u0105tka z pier\u015bcieniem bohatera<\/strong>\u00a0to wytrzyma\u0142y, a zarazem zabawny pier\u015bcie\u0144, kt\u00f3ry \u0142\u0105czy w sobie odwa\u017cny styl z natychmiastow\u0105 kreatywno\u015bci\u0105. Wykonany z wytrzyma\u0142ego, bezpiecznego dla dzieci plastiku, ten stempel do pier\u015bcienia posiada wbudowan\u0105 poduszk\u0119 z tuszem, gotow\u0105 do u\u017cycia \u2013 zawsze i wsz\u0119dzie. Zaprojektowany z my\u015bl\u0105 o ch\u0142opcach, to idealny dodatek do zabawy, opowiadania historii i stylowego pozostawienia po sobie \u015bladu.<\/p>\n<p class=\"ds-markdown-paragraph\"><strong>Dlaczego ch\u0142opcy i rodzice to uwielbiaj\u0105:<\/strong><\/p>\n<ul>\n<li>\n<p class=\"ds-markdown-paragraph\"><strong>Fajny i wytrzyma\u0142y design<\/strong>\u00a0\u2013 Wytrzyma\u0142y plastikowy pier\u015bcie\u0144, kt\u00f3ry wytrzyma przygody.<\/p>\n<\/li>\n<li>\n<p class=\"ds-markdown-paragraph\"><strong>Zbudowany do tworzenia<\/strong>\u00a0\u2013 Samoprzylepna piecz\u0105tka oznacza brak ba\u0142aganu \u2014 wystarczy nacisn\u0105\u0107 i gotowe.<\/p>\n<\/li>\n<li>\n<p class=\"ds-markdown-paragraph\"><strong>Motywy akceptowane przez ch\u0142opc\u00f3w<\/strong>\u00a0\u2013 Wybierz spo\u015br\u00f3d pojazd\u00f3w, dinozaur\u00f3w, robot\u00f3w, symboli superbohater\u00f3w i nie tylko.<\/p>\n<\/li>\n<li>\n<p class=\"ds-markdown-paragraph\"><strong>Bezpieczne i trwa\u0142e<\/strong>\u00a0\u2013 Wykonane z nietoksycznego, wolnego od BPA plastiku, odpornego na intensywne u\u017cytkowanie.<\/p>\n<\/li>\n<li>\n<p class=\"ds-markdown-paragraph\"><strong>Zmywalny tusz<\/strong>\u00a0\u2013 \u0141atwe do czyszczenia ze sk\u00f3ry, ubra\u0144 i powierzchni.<\/p>\n<\/li>\n<\/ul>\n<p class=\"ds-markdown-paragraph\"><strong>Idealny dla:<\/strong><br \/>\n\u2714\ufe0f Udawaj bohater\u00f3w i poszukiwaczy przyg\u00f3d<br \/>\n\u2714\ufe0f Kreatywne misje i tajne wiadomo\u015bci<br \/>\n\u2714\ufe0f Nagrody za odwa\u017cne czyny i codzienne zwyci\u0119stwa<br \/>\n\u2714\ufe0f Upominki na przyj\u0119cie urodzinowe i zabawa w gronie znajomych<br \/>\n\u2714\ufe0f Przeno\u015bna kreatywno\u015b\u0107 \u2013 zawsze pod r\u0119k\u0105, gotowa do dzia\u0142ania<\/p>\n<p class=\"ds-markdown-paragraph\"><strong>Pozw\u00f3lmy mu u\u017cy\u0107 wyobra\u017ani i opisa\u0107 jego histori\u0119!<\/strong><\/p>\n<table width=\"822\">\n<tbody>\n<tr>\n<td width=\"210\">Model<\/td>\n<td width=\"612\">BQ11-6<\/td>\n<\/tr>\n<tr>\n<td width=\"210\">tworzywo<\/td>\n<td width=\"612\">Plastik PS\/PP + EVA + tusz + papier<\/td>\n<\/tr>\n<tr>\n<td width=\"210\">Opis<\/td>\n<td width=\"612\">Hero Ring Samotuszuj\u0105ce Stemple<\/td>\n<\/tr>\n<tr>\n<td width=\"210\">Rozmiar<\/td>\n<td width=\"612\">Znaczek: 2,2\u00d72,2\u00d72,6 cm<\/td>\n<\/tr>\n<tr>\n<td width=\"210\">Uszczelka<\/td>\n<td width=\"612\">Worek luzem\/opp<\/td>\n<\/tr>\n<tr>\n<td width=\"210\">SZT.\/karton<\/td>\n<td width=\"612\">10000 szt.\/karton.<\/td>\n<\/tr>\n<tr>\n<td width=\"210\">Rozmiar kartonu<\/td>\n<td width=\"612\">45x43x33 cm<\/td>\n<\/tr>\n<tr>\n<td width=\"210\">P\u00f3\u0142nocno-zachodnia\/GW<\/td>\n<td width=\"612\">20\/22 kg<\/td>\n<\/tr>\n<tr>\n<td width=\"210\">Typ<\/td>\n<td width=\"612\">Piecz\u0105tka samotuszuj\u0105ca<\/td>\n<\/tr>\n<tr>\n<td width=\"210\">Certyfikat<\/td>\n<td width=\"612\">Karta charakterystyki, EN71, HR4040, 7P, ASTM<\/td>\n<\/tr>\n<tr>\n<td width=\"210\">Czas pr\u00f3bki<\/td>\n<td width=\"612\">3-7 dni<\/td>\n<\/tr>\n<\/tbody>\n<\/table>","protected":false},"featured_media":29810,"template":"","meta":[],"product_brand":[],"product_cat":[84],"product_tag":[205,210,207,204,120,209,208,206,203],"class_list":{"0":"post-29809","1":"product","2":"type-product","3":"status-publish","4":"has-post-thumbnail","6":"product_cat-bulk-ring-self-inking-stamp","7":"product_tag-boys-gift-bulk","8":"product_tag-branded-gift","9":"product_tag-customizable-giveaway","10":"product_tag-hero-toy","11":"product_tag-kids-meal-toy","12":"product_tag-oem-novelty-item","13":"product_tag-party-favor-for-boys","14":"product_tag-promotional-ring","15":"product_tag-ring-stamp","17":"first","18":"instock","19":"shipping-taxable","20":"product-type-external"},"yoast_head":"<!-- This site is optimized with the Yoast SEO Premium plugin v26.6 (Yoast SEO v26.6) - https:\/\/yoast.com\/wordpress\/plugins\/seo\/ -->\n<title>Custom Hero Ring Stamps - Gift &amp; Promotional Item | BeiQi OEM - BEIQI TOYS STAMP FACTORY<\/title>\n<meta name=\"description\" content=\"Cool custom hero ring stamps for boys! Bulk customizable finger toys. Perfect as party favors, promotional giveaways, or fast-food kids meal toys.\" \/>\n<meta name=\"robots\" content=\"index, follow, max-snippet:-1, max-image-preview:large, max-video-preview:-1\" \/>\n<link rel=\"canonical\" href=\"https:\/\/bq-toy.com\/pl\/produkt\/custom-hero-ring-stamps-bulk\/\" \/>\n<meta property=\"og:locale\" content=\"pl_PL\" \/>\n<meta property=\"og:type\" content=\"article\" \/>\n<meta property=\"og:title\" content=\"Hero Ring Stamp for Boys, Bulk Customizable Finger Stamp Toy, Cool Kids Gift &amp; Party Favor, Promotional Giveaway Item\" \/>\n<meta property=\"og:description\" content=\"Cool custom hero ring stamps for boys! Bulk customizable finger toys. Perfect as party favors, promotional giveaways, or fast-food kids meal toys.\" \/>\n<meta property=\"og:url\" content=\"https:\/\/bq-toy.com\/pl\/produkt\/custom-hero-ring-stamps-bulk\/\" \/>\n<meta property=\"og:site_name\" content=\"BEIQI TOYS STAMP FACTORY\" \/>\n<meta property=\"article:modified_time\" content=\"2025-12-31T10:05:09+00:00\" \/>\n<meta property=\"og:image\" content=\"https:\/\/bq-toy.com\/wp-content\/uploads\/2025\/12\/BQ11-6-904x800.jpg\" \/>\n\t<meta property=\"og:image:width\" content=\"904\" \/>\n\t<meta property=\"og:image:height\" content=\"800\" \/>\n\t<meta property=\"og:image:type\" content=\"image\/jpeg\" \/>\n<meta name=\"twitter:card\" content=\"summary_large_image\" \/>\n<meta name=\"twitter:label1\" content=\"Szacowany czas czytania\" \/>\n\t<meta name=\"twitter:data1\" content=\"2 minuty\" \/>\n<script type=\"application\/ld+json\" class=\"yoast-schema-graph\">{\"@context\":\"https:\/\/schema.org\",\"@graph\":[{\"@type\":\"WebPage\",\"@id\":\"https:\/\/bq-toy.com\/product\/custom-hero-ring-stamps-bulk\/\",\"url\":\"https:\/\/bq-toy.com\/product\/custom-hero-ring-stamps-bulk\/\",\"name\":\"Custom Hero Ring Stamps - Gift & Promotional Item | BeiQi OEM - BEIQI TOYS STAMP FACTORY\",\"isPartOf\":{\"@id\":\"https:\/\/bq-toy.com\/#website\"},\"primaryImageOfPage\":{\"@id\":\"https:\/\/bq-toy.com\/product\/custom-hero-ring-stamps-bulk\/#primaryimage\"},\"image\":{\"@id\":\"https:\/\/bq-toy.com\/product\/custom-hero-ring-stamps-bulk\/#primaryimage\"},\"thumbnailUrl\":\"https:\/\/bq-toy.com\/wp-content\/uploads\/2025\/12\/BQ11-6.jpg\",\"datePublished\":\"2025-12-16T01:24:51+00:00\",\"dateModified\":\"2025-12-31T10:05:09+00:00\",\"description\":\"Cool custom hero ring stamps for boys! Bulk customizable finger toys. Perfect as party favors, promotional giveaways, or fast-food kids meal toys.\",\"breadcrumb\":{\"@id\":\"https:\/\/bq-toy.com\/product\/custom-hero-ring-stamps-bulk\/#breadcrumb\"},\"inLanguage\":\"pl-PL\",\"potentialAction\":[{\"@type\":\"ReadAction\",\"target\":[\"https:\/\/bq-toy.com\/product\/custom-hero-ring-stamps-bulk\/\"]}]},{\"@type\":\"ImageObject\",\"inLanguage\":\"pl-PL\",\"@id\":\"https:\/\/bq-toy.com\/product\/custom-hero-ring-stamps-bulk\/#primaryimage\",\"url\":\"https:\/\/bq-toy.com\/wp-content\/uploads\/2025\/12\/BQ11-6.jpg\",\"contentUrl\":\"https:\/\/bq-toy.com\/wp-content\/uploads\/2025\/12\/BQ11-6.jpg\",\"width\":2550,\"height\":2256,\"caption\":\"custom hero ring stamp for boys bulk, personalized finger stamp promotional gift, ring toy for kids meal giveaway\"},{\"@type\":\"BreadcrumbList\",\"@id\":\"https:\/\/bq-toy.com\/product\/custom-hero-ring-stamps-bulk\/#breadcrumb\",\"itemListElement\":[{\"@type\":\"ListItem\",\"position\":1,\"name\":\"Home\",\"item\":\"https:\/\/bq-toy.com\/\"},{\"@type\":\"ListItem\",\"position\":2,\"name\":\"Product\",\"item\":\"https:\/\/bq-toy.com\/product\/\"},{\"@type\":\"ListItem\",\"position\":3,\"name\":\"Hero Ring Stamp for Boys, Bulk Customizable Finger Stamp Toy, Cool Kids Gift &#038; Party Favor, Promotional Giveaway Item\"}]},{\"@type\":\"WebSite\",\"@id\":\"https:\/\/bq-toy.com\/#website\",\"url\":\"https:\/\/bq-toy.com\/\",\"name\":\"BEIQI TOYS STAMP FACTORY\",\"description\":\"BEIQI TOYS STAMP FACTORY\",\"potentialAction\":[{\"@type\":\"SearchAction\",\"target\":{\"@type\":\"EntryPoint\",\"urlTemplate\":\"https:\/\/bq-toy.com\/?s={search_term_string}\"},\"query-input\":{\"@type\":\"PropertyValueSpecification\",\"valueRequired\":true,\"valueName\":\"search_term_string\"}}],\"inLanguage\":\"pl-PL\"}]}<\/script>\n<!-- \/ Yoast SEO Premium plugin. -->","yoast_head_json":{"title":"Custom Hero Ring Stamps - Gift & Promotional Item | BeiQi OEM - BEIQI TOYS STAMP FACTORY","description":"Cool custom hero ring stamps for boys! Bulk customizable finger toys. Perfect as party favors, promotional giveaways, or fast-food kids meal toys.","robots":{"index":"index","follow":"follow","max-snippet":"max-snippet:-1","max-image-preview":"max-image-preview:large","max-video-preview":"max-video-preview:-1"},"canonical":"https:\/\/bq-toy.com\/pl\/produkt\/custom-hero-ring-stamps-bulk\/","og_locale":"pl_PL","og_type":"article","og_title":"Hero Ring Stamp for Boys, Bulk Customizable Finger Stamp Toy, Cool Kids Gift & Party Favor, Promotional Giveaway Item","og_description":"Cool custom hero ring stamps for boys! Bulk customizable finger toys. Perfect as party favors, promotional giveaways, or fast-food kids meal toys.","og_url":"https:\/\/bq-toy.com\/pl\/produkt\/custom-hero-ring-stamps-bulk\/","og_site_name":"BEIQI TOYS STAMP FACTORY","article_modified_time":"2025-12-31T10:05:09+00:00","og_image":[{"width":904,"height":800,"url":"https:\/\/bq-toy.com\/wp-content\/uploads\/2025\/12\/BQ11-6-904x800.jpg","type":"image\/jpeg"}],"twitter_card":"summary_large_image","twitter_misc":{"Szacowany czas czytania":"2 minuty"},"schema":{"@context":"https:\/\/schema.org","@graph":[{"@type":"WebPage","@id":"https:\/\/bq-toy.com\/product\/custom-hero-ring-stamps-bulk\/","url":"https:\/\/bq-toy.com\/product\/custom-hero-ring-stamps-bulk\/","name":"Custom Hero Ring Stamps - Gift & Promotional Item | BeiQi OEM - BEIQI TOYS STAMP FACTORY","isPartOf":{"@id":"https:\/\/bq-toy.com\/#website"},"primaryImageOfPage":{"@id":"https:\/\/bq-toy.com\/product\/custom-hero-ring-stamps-bulk\/#primaryimage"},"image":{"@id":"https:\/\/bq-toy.com\/product\/custom-hero-ring-stamps-bulk\/#primaryimage"},"thumbnailUrl":"https:\/\/bq-toy.com\/wp-content\/uploads\/2025\/12\/BQ11-6.jpg","datePublished":"2025-12-16T01:24:51+00:00","dateModified":"2025-12-31T10:05:09+00:00","description":"Cool custom hero ring stamps for boys! Bulk customizable finger toys. Perfect as party favors, promotional giveaways, or fast-food kids meal toys.","breadcrumb":{"@id":"https:\/\/bq-toy.com\/product\/custom-hero-ring-stamps-bulk\/#breadcrumb"},"inLanguage":"pl-PL","potentialAction":[{"@type":"ReadAction","target":["https:\/\/bq-toy.com\/product\/custom-hero-ring-stamps-bulk\/"]}]},{"@type":"ImageObject","inLanguage":"pl-PL","@id":"https:\/\/bq-toy.com\/product\/custom-hero-ring-stamps-bulk\/#primaryimage","url":"https:\/\/bq-toy.com\/wp-content\/uploads\/2025\/12\/BQ11-6.jpg","contentUrl":"https:\/\/bq-toy.com\/wp-content\/uploads\/2025\/12\/BQ11-6.jpg","width":2550,"height":2256,"caption":"custom hero ring stamp for boys bulk, personalized finger stamp promotional gift, ring toy for kids meal giveaway"},{"@type":"BreadcrumbList","@id":"https:\/\/bq-toy.com\/product\/custom-hero-ring-stamps-bulk\/#breadcrumb","itemListElement":[{"@type":"ListItem","position":1,"name":"Home","item":"https:\/\/bq-toy.com\/"},{"@type":"ListItem","position":2,"name":"Product","item":"https:\/\/bq-toy.com\/product\/"},{"@type":"ListItem","position":3,"name":"Hero Ring Stamp for Boys, Bulk Customizable Finger Stamp Toy, Cool Kids Gift &#038; Party Favor, Promotional Giveaway Item"}]},{"@type":"WebSite","@id":"https:\/\/bq-toy.com\/#website","url":"https:\/\/bq-toy.com\/","name":"BEIQI TOYS STAMP FACTORY","description":"BEIQI TOYS STAMP FACTORY","potentialAction":[{"@type":"SearchAction","target":{"@type":"EntryPoint","urlTemplate":"https:\/\/bq-toy.com\/?s={search_term_string}"},"query-input":{"@type":"PropertyValueSpecification","valueRequired":true,"valueName":"search_term_string"}}],"inLanguage":"pl-PL"}]}},"_links":{"self":[{"href":"https:\/\/bq-toy.com\/pl\/wp-json\/wp\/v2\/product\/29809","targetHints":{"allow":["GET"]}}],"collection":[{"href":"https:\/\/bq-toy.com\/pl\/wp-json\/wp\/v2\/product"}],"about":[{"href":"https:\/\/bq-toy.com\/pl\/wp-json\/wp\/v2\/types\/product"}],"version-history":[{"count":4,"href":"https:\/\/bq-toy.com\/pl\/wp-json\/wp\/v2\/product\/29809\/revisions"}],"predecessor-version":[{"id":29909,"href":"https:\/\/bq-toy.com\/pl\/wp-json\/wp\/v2\/product\/29809\/revisions\/29909"}],"wp:featuredmedia":[{"embeddable":true,"href":"https:\/\/bq-toy.com\/pl\/wp-json\/wp\/v2\/media\/29810"}],"wp:attachment":[{"href":"https:\/\/bq-toy.com\/pl\/wp-json\/wp\/v2\/media?parent=29809"}],"wp:term":[{"taxonomy":"product_brand","embeddable":true,"href":"https:\/\/bq-toy.com\/pl\/wp-json\/wp\/v2\/product_brand?post=29809"},{"taxonomy":"product_cat","embeddable":true,"href":"https:\/\/bq-toy.com\/pl\/wp-json\/wp\/v2\/product_cat?post=29809"},{"taxonomy":"product_tag","embeddable":true,"href":"https:\/\/bq-toy.com\/pl\/wp-json\/wp\/v2\/product_tag?post=29809"}],"curies":[{"name":"wp","href":"https:\/\/api.w.org\/{rel}","templated":true}]}}