{"id":29741,"date":"2025-12-13T07:24:45","date_gmt":"2025-12-13T07:24:45","guid":{"rendered":"https:\/\/bq-toy.com\/?post_type=product&#038;p=29741"},"modified":"2025-12-13T07:31:41","modified_gmt":"2025-12-13T07:31:41","slug":"peg-top-self-inking-stamp-24-pcs-safari","status":"publish","type":"product","link":"https:\/\/bq-toy.com\/pl\/produkt\/peg-top-self-inking-stamp-24-pcs-safari\/","title":{"rendered":"Piecz\u0105tka samotuszuj\u0105ca Peg-Top 24 szt. Safari"},"content":{"rendered":"<p><img fetchpriority=\"high\" decoding=\"async\" class=\"aligncenter size-full wp-image-29734\" src=\"https:\/\/bq-toy.com\/wp-content\/uploads\/2025\/12\/BQ60-3.jpg\" alt=\"\" width=\"1024\" height=\"1024\" srcset=\"https:\/\/bq-toy.com\/wp-content\/uploads\/2025\/12\/BQ60-3.jpg 1024w, https:\/\/bq-toy.com\/wp-content\/uploads\/2025\/12\/BQ60-3-300x300.jpg 300w, https:\/\/bq-toy.com\/wp-content\/uploads\/2025\/12\/BQ60-3-800x800.jpg 800w, https:\/\/bq-toy.com\/wp-content\/uploads\/2025\/12\/BQ60-3-150x150.jpg 150w, https:\/\/bq-toy.com\/wp-content\/uploads\/2025\/12\/BQ60-3-768x768.jpg 768w, https:\/\/bq-toy.com\/wp-content\/uploads\/2025\/12\/BQ60-3-12x12.jpg 12w, https:\/\/bq-toy.com\/wp-content\/uploads\/2025\/12\/BQ60-3-430x430.jpg 430w, https:\/\/bq-toy.com\/wp-content\/uploads\/2025\/12\/BQ60-3-700x700.jpg 700w\" sizes=\"(max-width: 1024px) 100vw, 1024px\" \/><img decoding=\"async\" class=\"aligncenter size-full wp-image-29725\" src=\"https:\/\/bq-toy.com\/wp-content\/uploads\/2025\/12\/BQ60-3G-2.jpg\" alt=\"\" width=\"1024\" height=\"1024\" srcset=\"https:\/\/bq-toy.com\/wp-content\/uploads\/2025\/12\/BQ60-3G-2.jpg 1024w, https:\/\/bq-toy.com\/wp-content\/uploads\/2025\/12\/BQ60-3G-2-300x300.jpg 300w, https:\/\/bq-toy.com\/wp-content\/uploads\/2025\/12\/BQ60-3G-2-800x800.jpg 800w, https:\/\/bq-toy.com\/wp-content\/uploads\/2025\/12\/BQ60-3G-2-150x150.jpg 150w, https:\/\/bq-toy.com\/wp-content\/uploads\/2025\/12\/BQ60-3G-2-768x768.jpg 768w, https:\/\/bq-toy.com\/wp-content\/uploads\/2025\/12\/BQ60-3G-2-12x12.jpg 12w, https:\/\/bq-toy.com\/wp-content\/uploads\/2025\/12\/BQ60-3G-2-430x430.jpg 430w, https:\/\/bq-toy.com\/wp-content\/uploads\/2025\/12\/BQ60-3G-2-700x700.jpg 700w\" sizes=\"(max-width: 1024px) 100vw, 1024px\" \/><img decoding=\"async\" class=\"aligncenter size-full wp-image-29662\" src=\"https:\/\/bq-toy.com\/wp-content\/uploads\/2025\/12\/3-2.jpg\" alt=\"\" width=\"1024\" height=\"1024\" srcset=\"https:\/\/bq-toy.com\/wp-content\/uploads\/2025\/12\/3-2.jpg 1024w, https:\/\/bq-toy.com\/wp-content\/uploads\/2025\/12\/3-2-300x300.jpg 300w, https:\/\/bq-toy.com\/wp-content\/uploads\/2025\/12\/3-2-800x800.jpg 800w, https:\/\/bq-toy.com\/wp-content\/uploads\/2025\/12\/3-2-150x150.jpg 150w, https:\/\/bq-toy.com\/wp-content\/uploads\/2025\/12\/3-2-768x768.jpg 768w, https:\/\/bq-toy.com\/wp-content\/uploads\/2025\/12\/3-2-12x12.jpg 12w, https:\/\/bq-toy.com\/wp-content\/uploads\/2025\/12\/3-2-430x430.jpg 430w, https:\/\/bq-toy.com\/wp-content\/uploads\/2025\/12\/3-2-700x700.jpg 700w\" sizes=\"(max-width: 1024px) 100vw, 1024px\" \/> <img loading=\"lazy\" decoding=\"async\" class=\"aligncenter size-full wp-image-29663\" src=\"https:\/\/bq-toy.com\/wp-content\/uploads\/2025\/12\/4-2.jpg\" alt=\"\" width=\"1024\" height=\"1024\" srcset=\"https:\/\/bq-toy.com\/wp-content\/uploads\/2025\/12\/4-2.jpg 1024w, https:\/\/bq-toy.com\/wp-content\/uploads\/2025\/12\/4-2-300x300.jpg 300w, https:\/\/bq-toy.com\/wp-content\/uploads\/2025\/12\/4-2-800x800.jpg 800w, https:\/\/bq-toy.com\/wp-content\/uploads\/2025\/12\/4-2-150x150.jpg 150w, https:\/\/bq-toy.com\/wp-content\/uploads\/2025\/12\/4-2-768x768.jpg 768w, https:\/\/bq-toy.com\/wp-content\/uploads\/2025\/12\/4-2-12x12.jpg 12w, https:\/\/bq-toy.com\/wp-content\/uploads\/2025\/12\/4-2-430x430.jpg 430w, https:\/\/bq-toy.com\/wp-content\/uploads\/2025\/12\/4-2-700x700.jpg 700w\" sizes=\"(max-width: 1024px) 100vw, 1024px\" \/> <img loading=\"lazy\" decoding=\"async\" class=\"aligncenter size-full wp-image-29664\" src=\"https:\/\/bq-toy.com\/wp-content\/uploads\/2025\/12\/5-2.jpg\" alt=\"\" width=\"1024\" height=\"1024\" srcset=\"https:\/\/bq-toy.com\/wp-content\/uploads\/2025\/12\/5-2.jpg 1024w, https:\/\/bq-toy.com\/wp-content\/uploads\/2025\/12\/5-2-300x300.jpg 300w, https:\/\/bq-toy.com\/wp-content\/uploads\/2025\/12\/5-2-800x800.jpg 800w, https:\/\/bq-toy.com\/wp-content\/uploads\/2025\/12\/5-2-150x150.jpg 150w, https:\/\/bq-toy.com\/wp-content\/uploads\/2025\/12\/5-2-768x768.jpg 768w, https:\/\/bq-toy.com\/wp-content\/uploads\/2025\/12\/5-2-12x12.jpg 12w, https:\/\/bq-toy.com\/wp-content\/uploads\/2025\/12\/5-2-430x430.jpg 430w, https:\/\/bq-toy.com\/wp-content\/uploads\/2025\/12\/5-2-700x700.jpg 700w\" sizes=\"(max-width: 1024px) 100vw, 1024px\" \/> <img loading=\"lazy\" decoding=\"async\" class=\"aligncenter size-full wp-image-29665\" src=\"https:\/\/bq-toy.com\/wp-content\/uploads\/2025\/12\/6-2.jpg\" alt=\"\" width=\"1024\" height=\"1024\" srcset=\"https:\/\/bq-toy.com\/wp-content\/uploads\/2025\/12\/6-2.jpg 1024w, https:\/\/bq-toy.com\/wp-content\/uploads\/2025\/12\/6-2-300x300.jpg 300w, https:\/\/bq-toy.com\/wp-content\/uploads\/2025\/12\/6-2-800x800.jpg 800w, https:\/\/bq-toy.com\/wp-content\/uploads\/2025\/12\/6-2-150x150.jpg 150w, https:\/\/bq-toy.com\/wp-content\/uploads\/2025\/12\/6-2-768x768.jpg 768w, https:\/\/bq-toy.com\/wp-content\/uploads\/2025\/12\/6-2-12x12.jpg 12w, https:\/\/bq-toy.com\/wp-content\/uploads\/2025\/12\/6-2-430x430.jpg 430w, https:\/\/bq-toy.com\/wp-content\/uploads\/2025\/12\/6-2-700x700.jpg 700w\" sizes=\"(max-width: 1024px) 100vw, 1024px\" \/> <img loading=\"lazy\" decoding=\"async\" class=\"aligncenter size-full wp-image-29667\" src=\"https:\/\/bq-toy.com\/wp-content\/uploads\/2025\/12\/20.jpg\" alt=\"\" width=\"1024\" height=\"1024\" srcset=\"https:\/\/bq-toy.com\/wp-content\/uploads\/2025\/12\/20.jpg 1024w, https:\/\/bq-toy.com\/wp-content\/uploads\/2025\/12\/20-300x300.jpg 300w, https:\/\/bq-toy.com\/wp-content\/uploads\/2025\/12\/20-800x800.jpg 800w, https:\/\/bq-toy.com\/wp-content\/uploads\/2025\/12\/20-150x150.jpg 150w, https:\/\/bq-toy.com\/wp-content\/uploads\/2025\/12\/20-768x768.jpg 768w, https:\/\/bq-toy.com\/wp-content\/uploads\/2025\/12\/20-12x12.jpg 12w, https:\/\/bq-toy.com\/wp-content\/uploads\/2025\/12\/20-430x430.jpg 430w, https:\/\/bq-toy.com\/wp-content\/uploads\/2025\/12\/20-700x700.jpg 700w\" sizes=\"(max-width: 1024px) 100vw, 1024px\" \/> <img loading=\"lazy\" decoding=\"async\" class=\"aligncenter size-full wp-image-29666\" src=\"https:\/\/bq-toy.com\/wp-content\/uploads\/2025\/12\/7-2.jpg\" alt=\"\" width=\"1024\" height=\"1024\" srcset=\"https:\/\/bq-toy.com\/wp-content\/uploads\/2025\/12\/7-2.jpg 1024w, https:\/\/bq-toy.com\/wp-content\/uploads\/2025\/12\/7-2-300x300.jpg 300w, https:\/\/bq-toy.com\/wp-content\/uploads\/2025\/12\/7-2-800x800.jpg 800w, https:\/\/bq-toy.com\/wp-content\/uploads\/2025\/12\/7-2-150x150.jpg 150w, https:\/\/bq-toy.com\/wp-content\/uploads\/2025\/12\/7-2-768x768.jpg 768w, https:\/\/bq-toy.com\/wp-content\/uploads\/2025\/12\/7-2-12x12.jpg 12w, https:\/\/bq-toy.com\/wp-content\/uploads\/2025\/12\/7-2-430x430.jpg 430w, https:\/\/bq-toy.com\/wp-content\/uploads\/2025\/12\/7-2-700x700.jpg 700w\" sizes=\"(max-width: 1024px) 100vw, 1024px\" \/><br \/>\n<img loading=\"lazy\" decoding=\"async\" class=\"aligncenter size-full wp-image-29652\" src=\"https:\/\/bq-toy.com\/wp-content\/uploads\/2025\/12\/60.jpg\" alt=\"\" width=\"1297\" height=\"1297\" srcset=\"https:\/\/bq-toy.com\/wp-content\/uploads\/2025\/12\/60.jpg 1297w, https:\/\/bq-toy.com\/wp-content\/uploads\/2025\/12\/60-300x300.jpg 300w, https:\/\/bq-toy.com\/wp-content\/uploads\/2025\/12\/60-800x800.jpg 800w, https:\/\/bq-toy.com\/wp-content\/uploads\/2025\/12\/60-150x150.jpg 150w, https:\/\/bq-toy.com\/wp-content\/uploads\/2025\/12\/60-768x768.jpg 768w, https:\/\/bq-toy.com\/wp-content\/uploads\/2025\/12\/60-12x12.jpg 12w, https:\/\/bq-toy.com\/wp-content\/uploads\/2025\/12\/60-430x430.jpg 430w, https:\/\/bq-toy.com\/wp-content\/uploads\/2025\/12\/60-700x700.jpg 700w\" sizes=\"(max-width: 1297px) 100vw, 1297px\" \/><img loading=\"lazy\" decoding=\"async\" class=\"aligncenter size-full wp-image-29180\" src=\"https:\/\/bq-toy.com\/wp-content\/uploads\/2025\/12\/3-2.webp\" alt=\"\" width=\"1000\" height=\"1000\" srcset=\"https:\/\/bq-toy.com\/wp-content\/uploads\/2025\/12\/3-2.webp 1000w, https:\/\/bq-toy.com\/wp-content\/uploads\/2025\/12\/3-2-300x300.webp 300w, https:\/\/bq-toy.com\/wp-content\/uploads\/2025\/12\/3-2-800x800.webp 800w, https:\/\/bq-toy.com\/wp-content\/uploads\/2025\/12\/3-2-150x150.webp 150w, https:\/\/bq-toy.com\/wp-content\/uploads\/2025\/12\/3-2-768x768.webp 768w, https:\/\/bq-toy.com\/wp-content\/uploads\/2025\/12\/3-2-12x12.webp 12w, https:\/\/bq-toy.com\/wp-content\/uploads\/2025\/12\/3-2-430x430.webp 430w, https:\/\/bq-toy.com\/wp-content\/uploads\/2025\/12\/3-2-700x700.webp 700w\" sizes=\"(max-width: 1000px) 100vw, 1000px\" \/><\/p>","protected":false},"excerpt":{"rendered":"<p>Spin &amp; Stamp \u2013 ko\u0142o do gry 3 w 1<br \/>\nTa innowacyjna zabawka \u0142\u0105czy w sobie wiruj\u0105cy b\u0105czek, ko\u0142o do gry oparte na losowaniu i kreatywny stempel w jednej kompaktowej konstrukcji. G\u00f3rna cz\u0119\u015b\u0107 zawiera przezroczyste ko\u0142o z numerami od 1 do 8, z zamkni\u0119t\u0105 w \u015brodku, swobodnie tocz\u0105c\u0105 si\u0119 stalow\u0105 kulk\u0105. Dolna cz\u0119\u015b\u0107 pe\u0142ni funkcj\u0119 gotowego do u\u017cycia stempla.<\/p>\n<p>Aby zagra\u0107, wystarczy zakr\u0119ci\u0107 b\u0105czkiem. Stalowa kulka obraca si\u0119 szybko po ponumerowanym torze. Gdy b\u0105czek straci p\u0119d i si\u0119 zatrzyma, kulka zatrzymuje si\u0119 w jednym z ponumerowanych gniazd, decyduj\u0105c o wyniku gry. Z kolei stempel mo\u017cna w dowolnym momencie wykorzysta\u0107 do odciskania wzor\u00f3w, dodaj\u0105c kreatywnego wymiaru zabawie lub podejmowaniu decyzji.<\/p>\n<p>Idealna do gier, nagr\u00f3d i kreatywnej zabawy, gra Spin &amp; Stamp oferuje nieko\u0144cz\u0105ce si\u0119 zaanga\u017cowanie dzi\u0119ki satysfakcjonuj\u0105cej akcji kr\u0119cenia, trzymaj\u0105cym w napi\u0119ciu elementom gry i artystycznemu akcentowi.<\/p>\n<table width=\"634\">\n<tbody>\n<tr>\n<td width=\"210\">Model<\/td>\n<td width=\"424\">BQ60-3<\/td>\n<\/tr>\n<tr>\n<td width=\"210\">tworzywo<\/td>\n<td width=\"424\">Plastik PS\/PP + EVA + tusz + papier + kulka stalowa<\/td>\n<\/tr>\n<tr>\n<td width=\"210\">Opis<\/td>\n<td width=\"424\">Ko\u0142ek, ko\u0142a z nagrodami, znaczek \u2013 3 funkcje w jednym<\/td>\n<\/tr>\n<tr>\n<td width=\"210\">Rozmiar<\/td>\n<td width=\"424\">Znaczek: 3,5\u00d73,5\u00d73,5 cm; pude\u0142ko ekspozycyjne: 27,5 x 19 x 4 cm<\/td>\n<\/tr>\n<tr>\n<td width=\"210\">Uszczelka<\/td>\n<td width=\"424\">24 szt.\/Pude\u0142ko ekspozycyjne<\/td>\n<\/tr>\n<tr>\n<td width=\"210\">SZT.\/karton<\/td>\n<td width=\"424\">72 szt.\/karton.<\/td>\n<\/tr>\n<tr>\n<td width=\"210\">Rozmiar kartonu<\/td>\n<td width=\"424\">57x40x80cm<\/td>\n<\/tr>\n<tr>\n<td width=\"210\">P\u00f3\u0142nocno-zachodnia\/GW<\/td>\n<td width=\"424\">23\/21KGS<\/td>\n<\/tr>\n<tr>\n<td width=\"210\">Kolor<\/td>\n<td width=\"424\">Wymieszaj 6 kolor\u00f3w<\/td>\n<\/tr>\n<tr>\n<td width=\"210\">Wz\u00f3r<\/td>\n<td width=\"424\">6 r\u00f3\u017cnych wzor\u00f3w w jednym pude\u0142ku<\/td>\n<\/tr>\n<tr>\n<td width=\"210\">Typ<\/td>\n<td width=\"424\">Piecz\u0105tka samotuszuj\u0105ca<\/td>\n<\/tr>\n<tr>\n<td width=\"210\">Certyfikat<\/td>\n<td width=\"424\">Karta charakterystyki, EN71, HR4040, 7P, ASTM<\/td>\n<\/tr>\n<tr>\n<td width=\"210\">Czas pr\u00f3bki<\/td>\n<td width=\"424\">3-7 dni<\/td>\n<\/tr>\n<\/tbody>\n<\/table>","protected":false},"featured_media":29734,"template":"","meta":[],"product_brand":[],"product_cat":[73],"product_tag":[],"class_list":{"0":"post-29741","1":"product","2":"type-product","3":"status-publish","4":"has-post-thumbnail","6":"product_cat-peg-top-self-inking-stamp","8":"first","9":"instock","10":"shipping-taxable","11":"product-type-external"},"yoast_head":"<!-- This site is optimized with the Yoast SEO Premium plugin v26.6 (Yoast SEO v26.6) - https:\/\/yoast.com\/wordpress\/plugins\/seo\/ -->\n<title>Peg-Top self-inking stamp 24 pcs Safari - BEIQI TOYS STAMP FACTORY<\/title>\n<meta name=\"robots\" content=\"index, follow, max-snippet:-1, max-image-preview:large, max-video-preview:-1\" \/>\n<link rel=\"canonical\" href=\"https:\/\/bq-toy.com\/pl\/produkt\/peg-top-self-inking-stamp-24-pcs-safari\/\" \/>\n<meta property=\"og:locale\" content=\"pl_PL\" \/>\n<meta property=\"og:type\" content=\"article\" \/>\n<meta property=\"og:title\" content=\"Peg-Top self-inking stamp 24 pcs Safari\" \/>\n<meta property=\"og:description\" content=\"Spin &amp; Stamp \u2013 3-in-1 Top &amp; Game Wheel This innovative toy combines a spinning top, a chance-based game wheel, and a creative stamp into one compact design. The upper section features a transparent wheel numbered 1 through 8, with a free-rolling steel ball sealed inside. The lower section functions as a ready-to-use stamp.  To play, simply spin the top. As it rotates, the steel ball whirls rapidly around the numbered track. When the top loses momentum and comes to a stop, the ball settles into one of the numbered slots, determining the game&#039;s outcome. Meanwhile, the stamp base can be used anytime to imprint patterns, adding a creative dimension to play or decision-making.  Perfect for games, rewards, or creative fun, the Spin &amp; Stamp offers endless engagement through its satisfying spin action, suspenseful game element, and artistic touch.    Model BQ60-3   material Plastic PS\/PP + EVA+Ink+Paper+Steel ball   Description Peg-top,Prize Wheels,stamp 3 functions in one   Size Stamp: 3.5x3.5x3.5cm;display box:27.5x19x4cm   Packing 24 pcs\/Display box   PCS\/carton 72 pcs\/carton.   Carton Size 57x40x80cm   N.W.\/G.W. 23\/21KGS   Color Mix 6 colors   Pattern 6 different patterns in one box   Type Self-Inking Stamp   Certificate MSDS,EN71,HR4040,7P,ASTM   Sample time 3-7 days\" \/>\n<meta property=\"og:url\" content=\"https:\/\/bq-toy.com\/pl\/produkt\/peg-top-self-inking-stamp-24-pcs-safari\/\" \/>\n<meta property=\"og:site_name\" content=\"BEIQI TOYS STAMP FACTORY\" \/>\n<meta property=\"article:modified_time\" content=\"2025-12-13T07:31:41+00:00\" \/>\n<meta property=\"og:image\" content=\"https:\/\/bq-toy.com\/wp-content\/uploads\/2025\/12\/BQ60-3.jpg\" \/>\n\t<meta property=\"og:image:width\" content=\"1024\" \/>\n\t<meta property=\"og:image:height\" content=\"1024\" \/>\n\t<meta property=\"og:image:type\" content=\"image\/jpeg\" \/>\n<meta name=\"twitter:card\" content=\"summary_large_image\" \/>\n<meta name=\"twitter:label1\" content=\"Szacowany czas czytania\" \/>\n\t<meta name=\"twitter:data1\" content=\"3 minuty\" \/>\n<script type=\"application\/ld+json\" class=\"yoast-schema-graph\">{\"@context\":\"https:\/\/schema.org\",\"@graph\":[{\"@type\":\"WebPage\",\"@id\":\"https:\/\/bq-toy.com\/product\/peg-top-self-inking-stamp-24-pcs-safari\/\",\"url\":\"https:\/\/bq-toy.com\/product\/peg-top-self-inking-stamp-24-pcs-safari\/\",\"name\":\"Peg-Top self-inking stamp 24 pcs Safari - BEIQI TOYS STAMP FACTORY\",\"isPartOf\":{\"@id\":\"https:\/\/bq-toy.com\/#website\"},\"primaryImageOfPage\":{\"@id\":\"https:\/\/bq-toy.com\/product\/peg-top-self-inking-stamp-24-pcs-safari\/#primaryimage\"},\"image\":{\"@id\":\"https:\/\/bq-toy.com\/product\/peg-top-self-inking-stamp-24-pcs-safari\/#primaryimage\"},\"thumbnailUrl\":\"https:\/\/bq-toy.com\/wp-content\/uploads\/2025\/12\/BQ60-3.jpg\",\"datePublished\":\"2025-12-13T07:24:45+00:00\",\"dateModified\":\"2025-12-13T07:31:41+00:00\",\"breadcrumb\":{\"@id\":\"https:\/\/bq-toy.com\/product\/peg-top-self-inking-stamp-24-pcs-safari\/#breadcrumb\"},\"inLanguage\":\"pl-PL\",\"potentialAction\":[{\"@type\":\"ReadAction\",\"target\":[\"https:\/\/bq-toy.com\/product\/peg-top-self-inking-stamp-24-pcs-safari\/\"]}]},{\"@type\":\"ImageObject\",\"inLanguage\":\"pl-PL\",\"@id\":\"https:\/\/bq-toy.com\/product\/peg-top-self-inking-stamp-24-pcs-safari\/#primaryimage\",\"url\":\"https:\/\/bq-toy.com\/wp-content\/uploads\/2025\/12\/BQ60-3.jpg\",\"contentUrl\":\"https:\/\/bq-toy.com\/wp-content\/uploads\/2025\/12\/BQ60-3.jpg\",\"width\":1024,\"height\":1024},{\"@type\":\"BreadcrumbList\",\"@id\":\"https:\/\/bq-toy.com\/product\/peg-top-self-inking-stamp-24-pcs-safari\/#breadcrumb\",\"itemListElement\":[{\"@type\":\"ListItem\",\"position\":1,\"name\":\"Home\",\"item\":\"https:\/\/bq-toy.com\/\"},{\"@type\":\"ListItem\",\"position\":2,\"name\":\"Product\",\"item\":\"https:\/\/bq-toy.com\/product\/\"},{\"@type\":\"ListItem\",\"position\":3,\"name\":\"Peg-Top self-inking stamp 24 pcs Safari\"}]},{\"@type\":\"WebSite\",\"@id\":\"https:\/\/bq-toy.com\/#website\",\"url\":\"https:\/\/bq-toy.com\/\",\"name\":\"BEIQI TOYS STAMP FACTORY\",\"description\":\"BEIQI TOYS STAMP FACTORY\",\"potentialAction\":[{\"@type\":\"SearchAction\",\"target\":{\"@type\":\"EntryPoint\",\"urlTemplate\":\"https:\/\/bq-toy.com\/?s={search_term_string}\"},\"query-input\":{\"@type\":\"PropertyValueSpecification\",\"valueRequired\":true,\"valueName\":\"search_term_string\"}}],\"inLanguage\":\"pl-PL\"}]}<\/script>\n<!-- \/ Yoast SEO Premium plugin. -->","yoast_head_json":{"title":"Peg-Top self-inking stamp 24 pcs Safari - BEIQI TOYS STAMP FACTORY","robots":{"index":"index","follow":"follow","max-snippet":"max-snippet:-1","max-image-preview":"max-image-preview:large","max-video-preview":"max-video-preview:-1"},"canonical":"https:\/\/bq-toy.com\/pl\/produkt\/peg-top-self-inking-stamp-24-pcs-safari\/","og_locale":"pl_PL","og_type":"article","og_title":"Peg-Top self-inking stamp 24 pcs Safari","og_description":"Spin &amp; Stamp \u2013 3-in-1 Top &amp; Game Wheel This innovative toy combines a spinning top, a chance-based game wheel, and a creative stamp into one compact design. The upper section features a transparent wheel numbered 1 through 8, with a free-rolling steel ball sealed inside. The lower section functions as a ready-to-use stamp.  To play, simply spin the top. As it rotates, the steel ball whirls rapidly around the numbered track. When the top loses momentum and comes to a stop, the ball settles into one of the numbered slots, determining the game's outcome. Meanwhile, the stamp base can be used anytime to imprint patterns, adding a creative dimension to play or decision-making.  Perfect for games, rewards, or creative fun, the Spin &amp; Stamp offers endless engagement through its satisfying spin action, suspenseful game element, and artistic touch.    Model BQ60-3   material Plastic PS\/PP + EVA+Ink+Paper+Steel ball   Description Peg-top,Prize Wheels,stamp 3 functions in one   Size Stamp: 3.5x3.5x3.5cm;display box:27.5x19x4cm   Packing 24 pcs\/Display box   PCS\/carton 72 pcs\/carton.   Carton Size 57x40x80cm   N.W.\/G.W. 23\/21KGS   Color Mix 6 colors   Pattern 6 different patterns in one box   Type Self-Inking Stamp   Certificate MSDS,EN71,HR4040,7P,ASTM   Sample time 3-7 days","og_url":"https:\/\/bq-toy.com\/pl\/produkt\/peg-top-self-inking-stamp-24-pcs-safari\/","og_site_name":"BEIQI TOYS STAMP FACTORY","article_modified_time":"2025-12-13T07:31:41+00:00","og_image":[{"width":1024,"height":1024,"url":"https:\/\/bq-toy.com\/wp-content\/uploads\/2025\/12\/BQ60-3.jpg","type":"image\/jpeg"}],"twitter_card":"summary_large_image","twitter_misc":{"Szacowany czas czytania":"3 minuty"},"schema":{"@context":"https:\/\/schema.org","@graph":[{"@type":"WebPage","@id":"https:\/\/bq-toy.com\/product\/peg-top-self-inking-stamp-24-pcs-safari\/","url":"https:\/\/bq-toy.com\/product\/peg-top-self-inking-stamp-24-pcs-safari\/","name":"Peg-Top self-inking stamp 24 pcs Safari - BEIQI TOYS STAMP FACTORY","isPartOf":{"@id":"https:\/\/bq-toy.com\/#website"},"primaryImageOfPage":{"@id":"https:\/\/bq-toy.com\/product\/peg-top-self-inking-stamp-24-pcs-safari\/#primaryimage"},"image":{"@id":"https:\/\/bq-toy.com\/product\/peg-top-self-inking-stamp-24-pcs-safari\/#primaryimage"},"thumbnailUrl":"https:\/\/bq-toy.com\/wp-content\/uploads\/2025\/12\/BQ60-3.jpg","datePublished":"2025-12-13T07:24:45+00:00","dateModified":"2025-12-13T07:31:41+00:00","breadcrumb":{"@id":"https:\/\/bq-toy.com\/product\/peg-top-self-inking-stamp-24-pcs-safari\/#breadcrumb"},"inLanguage":"pl-PL","potentialAction":[{"@type":"ReadAction","target":["https:\/\/bq-toy.com\/product\/peg-top-self-inking-stamp-24-pcs-safari\/"]}]},{"@type":"ImageObject","inLanguage":"pl-PL","@id":"https:\/\/bq-toy.com\/product\/peg-top-self-inking-stamp-24-pcs-safari\/#primaryimage","url":"https:\/\/bq-toy.com\/wp-content\/uploads\/2025\/12\/BQ60-3.jpg","contentUrl":"https:\/\/bq-toy.com\/wp-content\/uploads\/2025\/12\/BQ60-3.jpg","width":1024,"height":1024},{"@type":"BreadcrumbList","@id":"https:\/\/bq-toy.com\/product\/peg-top-self-inking-stamp-24-pcs-safari\/#breadcrumb","itemListElement":[{"@type":"ListItem","position":1,"name":"Home","item":"https:\/\/bq-toy.com\/"},{"@type":"ListItem","position":2,"name":"Product","item":"https:\/\/bq-toy.com\/product\/"},{"@type":"ListItem","position":3,"name":"Peg-Top self-inking stamp 24 pcs Safari"}]},{"@type":"WebSite","@id":"https:\/\/bq-toy.com\/#website","url":"https:\/\/bq-toy.com\/","name":"BEIQI TOYS STAMP FACTORY","description":"BEIQI TOYS STAMP FACTORY","potentialAction":[{"@type":"SearchAction","target":{"@type":"EntryPoint","urlTemplate":"https:\/\/bq-toy.com\/?s={search_term_string}"},"query-input":{"@type":"PropertyValueSpecification","valueRequired":true,"valueName":"search_term_string"}}],"inLanguage":"pl-PL"}]}},"_links":{"self":[{"href":"https:\/\/bq-toy.com\/pl\/wp-json\/wp\/v2\/product\/29741","targetHints":{"allow":["GET"]}}],"collection":[{"href":"https:\/\/bq-toy.com\/pl\/wp-json\/wp\/v2\/product"}],"about":[{"href":"https:\/\/bq-toy.com\/pl\/wp-json\/wp\/v2\/types\/product"}],"version-history":[{"count":1,"href":"https:\/\/bq-toy.com\/pl\/wp-json\/wp\/v2\/product\/29741\/revisions"}],"predecessor-version":[{"id":29742,"href":"https:\/\/bq-toy.com\/pl\/wp-json\/wp\/v2\/product\/29741\/revisions\/29742"}],"wp:featuredmedia":[{"embeddable":true,"href":"https:\/\/bq-toy.com\/pl\/wp-json\/wp\/v2\/media\/29734"}],"wp:attachment":[{"href":"https:\/\/bq-toy.com\/pl\/wp-json\/wp\/v2\/media?parent=29741"}],"wp:term":[{"taxonomy":"product_brand","embeddable":true,"href":"https:\/\/bq-toy.com\/pl\/wp-json\/wp\/v2\/product_brand?post=29741"},{"taxonomy":"product_cat","embeddable":true,"href":"https:\/\/bq-toy.com\/pl\/wp-json\/wp\/v2\/product_cat?post=29741"},{"taxonomy":"product_tag","embeddable":true,"href":"https:\/\/bq-toy.com\/pl\/wp-json\/wp\/v2\/product_tag?post=29741"}],"curies":[{"name":"wp","href":"https:\/\/api.w.org\/{rel}","templated":true}]}}