{"id":29695,"date":"2025-12-13T03:05:21","date_gmt":"2025-12-13T03:05:21","guid":{"rendered":"https:\/\/bq-toy.com\/?post_type=product&#038;p=29695"},"modified":"2025-12-13T06:58:54","modified_gmt":"2025-12-13T06:58:54","slug":"peg-top-self-inking-stamp-header-bag-6-pcs-feelings-chart","status":"publish","type":"product","link":"https:\/\/bq-toy.com\/pl\/produkt\/peg-top-self-inking-stamp-header-bag-6-pcs-feelings-chart\/","title":{"rendered":"Piecz\u0105tka samotuszuj\u0105ca Peg-Top Torba na nag\u0142\u00f3wek 6 szt. Tabela uczu\u0107"},"content":{"rendered":"<p><img fetchpriority=\"high\" decoding=\"async\" class=\"aligncenter size-full wp-image-29683\" src=\"https:\/\/bq-toy.com\/wp-content\/uploads\/2025\/12\/BQ60-D4.jpg\" alt=\"\" width=\"1024\" height=\"1024\" srcset=\"https:\/\/bq-toy.com\/wp-content\/uploads\/2025\/12\/BQ60-D4.jpg 1024w, https:\/\/bq-toy.com\/wp-content\/uploads\/2025\/12\/BQ60-D4-300x300.jpg 300w, https:\/\/bq-toy.com\/wp-content\/uploads\/2025\/12\/BQ60-D4-800x800.jpg 800w, https:\/\/bq-toy.com\/wp-content\/uploads\/2025\/12\/BQ60-D4-150x150.jpg 150w, https:\/\/bq-toy.com\/wp-content\/uploads\/2025\/12\/BQ60-D4-768x768.jpg 768w, https:\/\/bq-toy.com\/wp-content\/uploads\/2025\/12\/BQ60-D4-12x12.jpg 12w, https:\/\/bq-toy.com\/wp-content\/uploads\/2025\/12\/BQ60-D4-430x430.jpg 430w, https:\/\/bq-toy.com\/wp-content\/uploads\/2025\/12\/BQ60-D4-700x700.jpg 700w\" sizes=\"(max-width: 1024px) 100vw, 1024px\" \/><img decoding=\"async\" class=\"aligncenter size-full wp-image-29647\" src=\"https:\/\/bq-toy.com\/wp-content\/uploads\/2025\/12\/BQ60-4G-1.jpg\" alt=\"\" width=\"1024\" height=\"1024\" srcset=\"https:\/\/bq-toy.com\/wp-content\/uploads\/2025\/12\/BQ60-4G-1.jpg 1024w, https:\/\/bq-toy.com\/wp-content\/uploads\/2025\/12\/BQ60-4G-1-300x300.jpg 300w, https:\/\/bq-toy.com\/wp-content\/uploads\/2025\/12\/BQ60-4G-1-800x800.jpg 800w, https:\/\/bq-toy.com\/wp-content\/uploads\/2025\/12\/BQ60-4G-1-150x150.jpg 150w, https:\/\/bq-toy.com\/wp-content\/uploads\/2025\/12\/BQ60-4G-1-768x768.jpg 768w, https:\/\/bq-toy.com\/wp-content\/uploads\/2025\/12\/BQ60-4G-1-12x12.jpg 12w, https:\/\/bq-toy.com\/wp-content\/uploads\/2025\/12\/BQ60-4G-1-430x430.jpg 430w, https:\/\/bq-toy.com\/wp-content\/uploads\/2025\/12\/BQ60-4G-1-700x700.jpg 700w\" sizes=\"(max-width: 1024px) 100vw, 1024px\" \/><img decoding=\"async\" class=\"aligncenter size-full wp-image-29652\" src=\"https:\/\/bq-toy.com\/wp-content\/uploads\/2025\/12\/60.jpg\" alt=\"\" width=\"1297\" height=\"1297\" srcset=\"https:\/\/bq-toy.com\/wp-content\/uploads\/2025\/12\/60.jpg 1297w, https:\/\/bq-toy.com\/wp-content\/uploads\/2025\/12\/60-300x300.jpg 300w, https:\/\/bq-toy.com\/wp-content\/uploads\/2025\/12\/60-800x800.jpg 800w, https:\/\/bq-toy.com\/wp-content\/uploads\/2025\/12\/60-150x150.jpg 150w, https:\/\/bq-toy.com\/wp-content\/uploads\/2025\/12\/60-768x768.jpg 768w, https:\/\/bq-toy.com\/wp-content\/uploads\/2025\/12\/60-12x12.jpg 12w, https:\/\/bq-toy.com\/wp-content\/uploads\/2025\/12\/60-430x430.jpg 430w, https:\/\/bq-toy.com\/wp-content\/uploads\/2025\/12\/60-700x700.jpg 700w\" sizes=\"(max-width: 1297px) 100vw, 1297px\" \/><\/p>\n<p>&nbsp;<\/p>","protected":false},"excerpt":{"rendered":"<p>Spin &amp; Stamp \u2013 ko\u0142o do gry 3 w 1<br \/>\nTa innowacyjna zabawka \u0142\u0105czy w sobie wiruj\u0105cy b\u0105czek, ko\u0142o do gry oparte na losowaniu i kreatywny stempel w jednej kompaktowej konstrukcji. G\u00f3rna cz\u0119\u015b\u0107 zawiera przezroczyste ko\u0142o z numerami od 1 do 8, z zamkni\u0119t\u0105 w \u015brodku, swobodnie tocz\u0105c\u0105 si\u0119 stalow\u0105 kulk\u0105. Dolna cz\u0119\u015b\u0107 pe\u0142ni funkcj\u0119 gotowego do u\u017cycia stempla.<\/p>\n<p>Aby zagra\u0107, wystarczy zakr\u0119ci\u0107 b\u0105czkiem. Stalowa kulka obraca si\u0119 szybko po ponumerowanym torze. Gdy b\u0105czek straci p\u0119d i si\u0119 zatrzyma, kulka zatrzymuje si\u0119 w jednym z ponumerowanych gniazd, decyduj\u0105c o wyniku gry. Z kolei stempel mo\u017cna w dowolnym momencie wykorzysta\u0107 do odciskania wzor\u00f3w, dodaj\u0105c kreatywnego wymiaru zabawie lub podejmowaniu decyzji.<\/p>\n<p>Idealna do gier, nagr\u00f3d i kreatywnej zabawy, gra Spin &amp; Stamp oferuje nieko\u0144cz\u0105ce si\u0119 zaanga\u017cowanie dzi\u0119ki satysfakcjonuj\u0105cej akcji kr\u0119cenia, trzymaj\u0105cym w napi\u0119ciu elementom gry i artystycznemu akcentowi.<\/p>\n<table width=\"634\">\n<tbody>\n<tr>\n<td width=\"210\">Model<\/td>\n<td width=\"424\">BQ60-D4<\/td>\n<\/tr>\n<tr>\n<td width=\"210\">tworzywo<\/td>\n<td width=\"424\">\u00a0Plastik PS\/PP + EVA + tusz + papier + kulka stalowa<\/td>\n<\/tr>\n<tr>\n<td width=\"210\">Funkcja<\/td>\n<td width=\"424\">Ko\u0142ek, ko\u0142a z nagrodami, znaczek \u2013 3 funkcje w jednym<\/td>\n<\/tr>\n<tr>\n<td width=\"210\">Rozmiar<\/td>\n<td width=\"424\">Znaczek: 3,5\u00d73,5\u00d73,5 cm<\/td>\n<\/tr>\n<tr>\n<td width=\"210\">Uszczelka<\/td>\n<td width=\"424\">Torba na g\u0142ow\u0119<\/td>\n<\/tr>\n<tr>\n<td width=\"210\">Kolor<\/td>\n<td width=\"424\">Wymieszaj 6 kolor\u00f3w<\/td>\n<\/tr>\n<tr>\n<td width=\"210\">Wz\u00f3r<\/td>\n<td width=\"424\">6 wzor\u00f3w<\/td>\n<\/tr>\n<tr>\n<td width=\"210\">Typ<\/td>\n<td width=\"424\">Piecz\u0105tka samotuszuj\u0105ca<\/td>\n<\/tr>\n<tr>\n<td width=\"210\">Certyfikat<\/td>\n<td width=\"424\">Karta charakterystyki, EN71, HR4040, 7P, ASTM<\/td>\n<\/tr>\n<tr>\n<td width=\"210\">Czas pr\u00f3bki<\/td>\n<td width=\"424\">3-7 dni<\/td>\n<\/tr>\n<\/tbody>\n<\/table>","protected":false},"featured_media":29683,"template":"","meta":[],"product_brand":[],"product_cat":[102],"product_tag":[],"class_list":{"0":"post-29695","1":"product","2":"type-product","3":"status-publish","4":"has-post-thumbnail","6":"product_cat-peg-top-stamp","8":"first","9":"instock","10":"shipping-taxable","11":"product-type-external"},"yoast_head":"<!-- This site is optimized with the Yoast SEO Premium plugin v26.6 (Yoast SEO v26.6) - https:\/\/yoast.com\/wordpress\/plugins\/seo\/ -->\n<title>Peg-Top self-inking stamp Header bag 6 pcs Feelings chart - BEIQI TOYS STAMP FACTORY<\/title>\n<meta name=\"robots\" content=\"index, follow, max-snippet:-1, max-image-preview:large, max-video-preview:-1\" \/>\n<link rel=\"canonical\" href=\"https:\/\/bq-toy.com\/pl\/produkt\/peg-top-self-inking-stamp-header-bag-6-pcs-feelings-chart\/\" \/>\n<meta property=\"og:locale\" content=\"pl_PL\" \/>\n<meta property=\"og:type\" content=\"article\" \/>\n<meta property=\"og:title\" content=\"Peg-Top self-inking stamp Header bag 6 pcs Feelings chart\" \/>\n<meta property=\"og:description\" content=\"Spin &amp; Stamp \u2013 3-in-1 Top &amp; Game Wheel This innovative toy combines a spinning top, a chance-based game wheel, and a creative stamp into one compact design. The upper section features a transparent wheel numbered 1 through 8, with a free-rolling steel ball sealed inside. The lower section functions as a ready-to-use stamp.  To play, simply spin the top. As it rotates, the steel ball whirls rapidly around the numbered track. When the top loses momentum and comes to a stop, the ball settles into one of the numbered slots, determining the game&#039;s outcome. Meanwhile, the stamp base can be used anytime to imprint patterns, adding a creative dimension to play or decision-making.  Perfect for games, rewards, or creative fun, the Spin &amp; Stamp offers endless engagement through its satisfying spin action, suspenseful game element, and artistic touch.    Model BQ60-D4   material \u00a0Plastic PS\/PP + EVA+Ink+Paper+Steel ball   Feature Peg-top,Prize Wheels,stamp 3 functions in one   Size Stamp: 3.5x3.5x3.5cm   Packing Header bag   Color Mix 6 colors   Pattern 6 patterns   Type Self-Inking Stamp   Certificate MSDS,EN71,HR4040,7P,ASTM   Sample time 3-7 days\" \/>\n<meta property=\"og:url\" content=\"https:\/\/bq-toy.com\/pl\/produkt\/peg-top-self-inking-stamp-header-bag-6-pcs-feelings-chart\/\" \/>\n<meta property=\"og:site_name\" content=\"BEIQI TOYS STAMP FACTORY\" \/>\n<meta property=\"article:modified_time\" content=\"2025-12-13T06:58:54+00:00\" \/>\n<meta property=\"og:image\" content=\"https:\/\/bq-toy.com\/wp-content\/uploads\/2025\/12\/BQ60-D4.jpg\" \/>\n\t<meta property=\"og:image:width\" content=\"1024\" \/>\n\t<meta property=\"og:image:height\" content=\"1024\" \/>\n\t<meta property=\"og:image:type\" content=\"image\/jpeg\" \/>\n<meta name=\"twitter:card\" content=\"summary_large_image\" \/>\n<meta name=\"twitter:label1\" content=\"Szacowany czas czytania\" \/>\n\t<meta name=\"twitter:data1\" content=\"1 minuta\" \/>\n<script type=\"application\/ld+json\" class=\"yoast-schema-graph\">{\"@context\":\"https:\/\/schema.org\",\"@graph\":[{\"@type\":\"WebPage\",\"@id\":\"https:\/\/bq-toy.com\/product\/peg-top-self-inking-stamp-header-bag-6-pcs-feelings-chart\/\",\"url\":\"https:\/\/bq-toy.com\/product\/peg-top-self-inking-stamp-header-bag-6-pcs-feelings-chart\/\",\"name\":\"Peg-Top self-inking stamp Header bag 6 pcs Feelings chart - BEIQI TOYS STAMP FACTORY\",\"isPartOf\":{\"@id\":\"https:\/\/bq-toy.com\/#website\"},\"primaryImageOfPage\":{\"@id\":\"https:\/\/bq-toy.com\/product\/peg-top-self-inking-stamp-header-bag-6-pcs-feelings-chart\/#primaryimage\"},\"image\":{\"@id\":\"https:\/\/bq-toy.com\/product\/peg-top-self-inking-stamp-header-bag-6-pcs-feelings-chart\/#primaryimage\"},\"thumbnailUrl\":\"https:\/\/bq-toy.com\/wp-content\/uploads\/2025\/12\/BQ60-D4.jpg\",\"datePublished\":\"2025-12-13T03:05:21+00:00\",\"dateModified\":\"2025-12-13T06:58:54+00:00\",\"breadcrumb\":{\"@id\":\"https:\/\/bq-toy.com\/product\/peg-top-self-inking-stamp-header-bag-6-pcs-feelings-chart\/#breadcrumb\"},\"inLanguage\":\"pl-PL\",\"potentialAction\":[{\"@type\":\"ReadAction\",\"target\":[\"https:\/\/bq-toy.com\/product\/peg-top-self-inking-stamp-header-bag-6-pcs-feelings-chart\/\"]}]},{\"@type\":\"ImageObject\",\"inLanguage\":\"pl-PL\",\"@id\":\"https:\/\/bq-toy.com\/product\/peg-top-self-inking-stamp-header-bag-6-pcs-feelings-chart\/#primaryimage\",\"url\":\"https:\/\/bq-toy.com\/wp-content\/uploads\/2025\/12\/BQ60-D4.jpg\",\"contentUrl\":\"https:\/\/bq-toy.com\/wp-content\/uploads\/2025\/12\/BQ60-D4.jpg\",\"width\":1024,\"height\":1024},{\"@type\":\"BreadcrumbList\",\"@id\":\"https:\/\/bq-toy.com\/product\/peg-top-self-inking-stamp-header-bag-6-pcs-feelings-chart\/#breadcrumb\",\"itemListElement\":[{\"@type\":\"ListItem\",\"position\":1,\"name\":\"Home\",\"item\":\"https:\/\/bq-toy.com\/\"},{\"@type\":\"ListItem\",\"position\":2,\"name\":\"Product\",\"item\":\"https:\/\/bq-toy.com\/product\/\"},{\"@type\":\"ListItem\",\"position\":3,\"name\":\"Peg-Top self-inking stamp Header bag 6 pcs Feelings chart\"}]},{\"@type\":\"WebSite\",\"@id\":\"https:\/\/bq-toy.com\/#website\",\"url\":\"https:\/\/bq-toy.com\/\",\"name\":\"BEIQI TOYS STAMP FACTORY\",\"description\":\"BEIQI TOYS STAMP FACTORY\",\"potentialAction\":[{\"@type\":\"SearchAction\",\"target\":{\"@type\":\"EntryPoint\",\"urlTemplate\":\"https:\/\/bq-toy.com\/?s={search_term_string}\"},\"query-input\":{\"@type\":\"PropertyValueSpecification\",\"valueRequired\":true,\"valueName\":\"search_term_string\"}}],\"inLanguage\":\"pl-PL\"}]}<\/script>\n<!-- \/ Yoast SEO Premium plugin. -->","yoast_head_json":{"title":"Peg-Top self-inking stamp Header bag 6 pcs Feelings chart - BEIQI TOYS STAMP FACTORY","robots":{"index":"index","follow":"follow","max-snippet":"max-snippet:-1","max-image-preview":"max-image-preview:large","max-video-preview":"max-video-preview:-1"},"canonical":"https:\/\/bq-toy.com\/pl\/produkt\/peg-top-self-inking-stamp-header-bag-6-pcs-feelings-chart\/","og_locale":"pl_PL","og_type":"article","og_title":"Peg-Top self-inking stamp Header bag 6 pcs Feelings chart","og_description":"Spin &amp; Stamp \u2013 3-in-1 Top &amp; Game Wheel This innovative toy combines a spinning top, a chance-based game wheel, and a creative stamp into one compact design. The upper section features a transparent wheel numbered 1 through 8, with a free-rolling steel ball sealed inside. The lower section functions as a ready-to-use stamp.  To play, simply spin the top. As it rotates, the steel ball whirls rapidly around the numbered track. When the top loses momentum and comes to a stop, the ball settles into one of the numbered slots, determining the game's outcome. Meanwhile, the stamp base can be used anytime to imprint patterns, adding a creative dimension to play or decision-making.  Perfect for games, rewards, or creative fun, the Spin &amp; Stamp offers endless engagement through its satisfying spin action, suspenseful game element, and artistic touch.    Model BQ60-D4   material \u00a0Plastic PS\/PP + EVA+Ink+Paper+Steel ball   Feature Peg-top,Prize Wheels,stamp 3 functions in one   Size Stamp: 3.5x3.5x3.5cm   Packing Header bag   Color Mix 6 colors   Pattern 6 patterns   Type Self-Inking Stamp   Certificate MSDS,EN71,HR4040,7P,ASTM   Sample time 3-7 days","og_url":"https:\/\/bq-toy.com\/pl\/produkt\/peg-top-self-inking-stamp-header-bag-6-pcs-feelings-chart\/","og_site_name":"BEIQI TOYS STAMP FACTORY","article_modified_time":"2025-12-13T06:58:54+00:00","og_image":[{"width":1024,"height":1024,"url":"https:\/\/bq-toy.com\/wp-content\/uploads\/2025\/12\/BQ60-D4.jpg","type":"image\/jpeg"}],"twitter_card":"summary_large_image","twitter_misc":{"Szacowany czas czytania":"1 minuta"},"schema":{"@context":"https:\/\/schema.org","@graph":[{"@type":"WebPage","@id":"https:\/\/bq-toy.com\/product\/peg-top-self-inking-stamp-header-bag-6-pcs-feelings-chart\/","url":"https:\/\/bq-toy.com\/product\/peg-top-self-inking-stamp-header-bag-6-pcs-feelings-chart\/","name":"Peg-Top self-inking stamp Header bag 6 pcs Feelings chart - BEIQI TOYS STAMP FACTORY","isPartOf":{"@id":"https:\/\/bq-toy.com\/#website"},"primaryImageOfPage":{"@id":"https:\/\/bq-toy.com\/product\/peg-top-self-inking-stamp-header-bag-6-pcs-feelings-chart\/#primaryimage"},"image":{"@id":"https:\/\/bq-toy.com\/product\/peg-top-self-inking-stamp-header-bag-6-pcs-feelings-chart\/#primaryimage"},"thumbnailUrl":"https:\/\/bq-toy.com\/wp-content\/uploads\/2025\/12\/BQ60-D4.jpg","datePublished":"2025-12-13T03:05:21+00:00","dateModified":"2025-12-13T06:58:54+00:00","breadcrumb":{"@id":"https:\/\/bq-toy.com\/product\/peg-top-self-inking-stamp-header-bag-6-pcs-feelings-chart\/#breadcrumb"},"inLanguage":"pl-PL","potentialAction":[{"@type":"ReadAction","target":["https:\/\/bq-toy.com\/product\/peg-top-self-inking-stamp-header-bag-6-pcs-feelings-chart\/"]}]},{"@type":"ImageObject","inLanguage":"pl-PL","@id":"https:\/\/bq-toy.com\/product\/peg-top-self-inking-stamp-header-bag-6-pcs-feelings-chart\/#primaryimage","url":"https:\/\/bq-toy.com\/wp-content\/uploads\/2025\/12\/BQ60-D4.jpg","contentUrl":"https:\/\/bq-toy.com\/wp-content\/uploads\/2025\/12\/BQ60-D4.jpg","width":1024,"height":1024},{"@type":"BreadcrumbList","@id":"https:\/\/bq-toy.com\/product\/peg-top-self-inking-stamp-header-bag-6-pcs-feelings-chart\/#breadcrumb","itemListElement":[{"@type":"ListItem","position":1,"name":"Home","item":"https:\/\/bq-toy.com\/"},{"@type":"ListItem","position":2,"name":"Product","item":"https:\/\/bq-toy.com\/product\/"},{"@type":"ListItem","position":3,"name":"Peg-Top self-inking stamp Header bag 6 pcs Feelings chart"}]},{"@type":"WebSite","@id":"https:\/\/bq-toy.com\/#website","url":"https:\/\/bq-toy.com\/","name":"BEIQI TOYS STAMP FACTORY","description":"BEIQI TOYS STAMP FACTORY","potentialAction":[{"@type":"SearchAction","target":{"@type":"EntryPoint","urlTemplate":"https:\/\/bq-toy.com\/?s={search_term_string}"},"query-input":{"@type":"PropertyValueSpecification","valueRequired":true,"valueName":"search_term_string"}}],"inLanguage":"pl-PL"}]}},"_links":{"self":[{"href":"https:\/\/bq-toy.com\/pl\/wp-json\/wp\/v2\/product\/29695","targetHints":{"allow":["GET"]}}],"collection":[{"href":"https:\/\/bq-toy.com\/pl\/wp-json\/wp\/v2\/product"}],"about":[{"href":"https:\/\/bq-toy.com\/pl\/wp-json\/wp\/v2\/types\/product"}],"version-history":[{"count":3,"href":"https:\/\/bq-toy.com\/pl\/wp-json\/wp\/v2\/product\/29695\/revisions"}],"predecessor-version":[{"id":29717,"href":"https:\/\/bq-toy.com\/pl\/wp-json\/wp\/v2\/product\/29695\/revisions\/29717"}],"wp:featuredmedia":[{"embeddable":true,"href":"https:\/\/bq-toy.com\/pl\/wp-json\/wp\/v2\/media\/29683"}],"wp:attachment":[{"href":"https:\/\/bq-toy.com\/pl\/wp-json\/wp\/v2\/media?parent=29695"}],"wp:term":[{"taxonomy":"product_brand","embeddable":true,"href":"https:\/\/bq-toy.com\/pl\/wp-json\/wp\/v2\/product_brand?post=29695"},{"taxonomy":"product_cat","embeddable":true,"href":"https:\/\/bq-toy.com\/pl\/wp-json\/wp\/v2\/product_cat?post=29695"},{"taxonomy":"product_tag","embeddable":true,"href":"https:\/\/bq-toy.com\/pl\/wp-json\/wp\/v2\/product_tag?post=29695"}],"curies":[{"name":"wp","href":"https:\/\/api.w.org\/{rel}","templated":true}]}}