{"id":29598,"date":"2025-12-12T02:40:10","date_gmt":"2025-12-12T02:40:10","guid":{"rendered":"https:\/\/bq-toy.com\/?post_type=product&#038;p=29598"},"modified":"2025-12-13T03:04:04","modified_gmt":"2025-12-13T03:04:04","slug":"stamps-packed-in-header-bag-fruits","status":"publish","type":"product","link":"https:\/\/bq-toy.com\/pl\/produkt\/stamps-packed-in-header-bag-fruits\/","title":{"rendered":"Znaczki pakowane w torby nag\u0142\u00f3wkowe Owoce"},"content":{"rendered":"<p><img fetchpriority=\"high\" decoding=\"async\" class=\"aligncenter size-full wp-image-29581\" src=\"https:\/\/bq-toy.com\/wp-content\/uploads\/2025\/12\/BQ505-D5.jpg\" alt=\"\" width=\"1024\" height=\"1024\" srcset=\"https:\/\/bq-toy.com\/wp-content\/uploads\/2025\/12\/BQ505-D5.jpg 1024w, https:\/\/bq-toy.com\/wp-content\/uploads\/2025\/12\/BQ505-D5-300x300.jpg 300w, https:\/\/bq-toy.com\/wp-content\/uploads\/2025\/12\/BQ505-D5-800x800.jpg 800w, https:\/\/bq-toy.com\/wp-content\/uploads\/2025\/12\/BQ505-D5-150x150.jpg 150w, https:\/\/bq-toy.com\/wp-content\/uploads\/2025\/12\/BQ505-D5-768x768.jpg 768w, https:\/\/bq-toy.com\/wp-content\/uploads\/2025\/12\/BQ505-D5-12x12.jpg 12w, https:\/\/bq-toy.com\/wp-content\/uploads\/2025\/12\/BQ505-D5-430x430.jpg 430w, https:\/\/bq-toy.com\/wp-content\/uploads\/2025\/12\/BQ505-D5-700x700.jpg 700w\" sizes=\"(max-width: 1024px) 100vw, 1024px\" \/><img decoding=\"async\" class=\"aligncenter size-full wp-image-29375\" src=\"https:\/\/bq-toy.com\/wp-content\/uploads\/2025\/12\/5-1.jpg\" alt=\"\" width=\"1297\" height=\"1297\" srcset=\"https:\/\/bq-toy.com\/wp-content\/uploads\/2025\/12\/5-1.jpg 1297w, https:\/\/bq-toy.com\/wp-content\/uploads\/2025\/12\/5-1-300x300.jpg 300w, https:\/\/bq-toy.com\/wp-content\/uploads\/2025\/12\/5-1-800x800.jpg 800w, https:\/\/bq-toy.com\/wp-content\/uploads\/2025\/12\/5-1-150x150.jpg 150w, https:\/\/bq-toy.com\/wp-content\/uploads\/2025\/12\/5-1-768x768.jpg 768w, https:\/\/bq-toy.com\/wp-content\/uploads\/2025\/12\/5-1-12x12.jpg 12w, https:\/\/bq-toy.com\/wp-content\/uploads\/2025\/12\/5-1-430x430.jpg 430w, https:\/\/bq-toy.com\/wp-content\/uploads\/2025\/12\/5-1-700x700.jpg 700w\" sizes=\"(max-width: 1297px) 100vw, 1297px\" \/> <img decoding=\"async\" class=\"aligncenter size-full wp-image-29374\" src=\"https:\/\/bq-toy.com\/wp-content\/uploads\/2025\/12\/5.jpg\" alt=\"\" width=\"1297\" height=\"1297\" srcset=\"https:\/\/bq-toy.com\/wp-content\/uploads\/2025\/12\/5.jpg 1297w, https:\/\/bq-toy.com\/wp-content\/uploads\/2025\/12\/5-300x300.jpg 300w, https:\/\/bq-toy.com\/wp-content\/uploads\/2025\/12\/5-800x800.jpg 800w, https:\/\/bq-toy.com\/wp-content\/uploads\/2025\/12\/5-150x150.jpg 150w, https:\/\/bq-toy.com\/wp-content\/uploads\/2025\/12\/5-768x768.jpg 768w, https:\/\/bq-toy.com\/wp-content\/uploads\/2025\/12\/5-12x12.jpg 12w, https:\/\/bq-toy.com\/wp-content\/uploads\/2025\/12\/5-430x430.jpg 430w, https:\/\/bq-toy.com\/wp-content\/uploads\/2025\/12\/5-700x700.jpg 700w\" sizes=\"(max-width: 1297px) 100vw, 1297px\" \/> <img loading=\"lazy\" decoding=\"async\" class=\"aligncenter size-full wp-image-29373\" src=\"https:\/\/bq-toy.com\/wp-content\/uploads\/2025\/12\/5\uff0c.jpg\" alt=\"\" width=\"1297\" height=\"1297\" srcset=\"https:\/\/bq-toy.com\/wp-content\/uploads\/2025\/12\/5\uff0c.jpg 1297w, https:\/\/bq-toy.com\/wp-content\/uploads\/2025\/12\/5\uff0c-300x300.jpg 300w, https:\/\/bq-toy.com\/wp-content\/uploads\/2025\/12\/5\uff0c-800x800.jpg 800w, https:\/\/bq-toy.com\/wp-content\/uploads\/2025\/12\/5\uff0c-150x150.jpg 150w, https:\/\/bq-toy.com\/wp-content\/uploads\/2025\/12\/5\uff0c-768x768.jpg 768w, https:\/\/bq-toy.com\/wp-content\/uploads\/2025\/12\/5\uff0c-12x12.jpg 12w, https:\/\/bq-toy.com\/wp-content\/uploads\/2025\/12\/5\uff0c-430x430.jpg 430w, https:\/\/bq-toy.com\/wp-content\/uploads\/2025\/12\/5\uff0c-700x700.jpg 700w\" sizes=\"(max-width: 1297px) 100vw, 1297px\" \/><img loading=\"lazy\" decoding=\"async\" class=\"aligncenter size-full wp-image-29191\" src=\"https:\/\/bq-toy.com\/wp-content\/uploads\/2025\/12\/1-1.webp\" alt=\"\" width=\"1000\" height=\"1000\" srcset=\"https:\/\/bq-toy.com\/wp-content\/uploads\/2025\/12\/1-1.webp 1000w, https:\/\/bq-toy.com\/wp-content\/uploads\/2025\/12\/1-1-300x300.webp 300w, https:\/\/bq-toy.com\/wp-content\/uploads\/2025\/12\/1-1-800x800.webp 800w, https:\/\/bq-toy.com\/wp-content\/uploads\/2025\/12\/1-1-150x150.webp 150w, https:\/\/bq-toy.com\/wp-content\/uploads\/2025\/12\/1-1-768x768.webp 768w, https:\/\/bq-toy.com\/wp-content\/uploads\/2025\/12\/1-1-12x12.webp 12w, https:\/\/bq-toy.com\/wp-content\/uploads\/2025\/12\/1-1-430x430.webp 430w, https:\/\/bq-toy.com\/wp-content\/uploads\/2025\/12\/1-1-700x700.webp 700w\" sizes=\"(max-width: 1000px) 100vw, 1000px\" \/><\/p>","protected":false},"excerpt":{"rendered":"<p>Zestaw stempli dla dzieci BeiQi Toys Stamp zawiera 12 samotuszuj\u0105cych stempli z tuszem zmywalnym. Dost\u0119pny w 12 r\u00f3\u017cnych kolorach. <strong>Owoce<\/strong>\u00a0Wzory, pozwalaj\u0105ce na personalizacj\u0119 r\u00f3\u017cnych powierzchni. Celem jest pobudzenie zdolno\u015bci manualnych i kreatywno\u015bci. Stemple wykonane s\u0105 z PP, pianki EVA, papieru i tuszu, co zapewnia ich trwa\u0142o\u015b\u0107 i \u0142atwo\u015b\u0107 u\u017cycia.<\/p>\n<table style=\"border-collapse: collapse; width: 443.02pt;\" border=\"0\" width=\"443\" cellspacing=\"0\" cellpadding=\"0\">\n<tbody>\n<tr style=\"height: 21.00pt;\">\n<td class=\"et3\" style=\"height: 21.00pt; width: 147.00pt;\" width=\"147\" height=\"21\">Model<\/td>\n<td class=\"et3\" style=\"width: 296.80pt;\" width=\"296\">BQ505-D5<\/td>\n<\/tr>\n<tr style=\"height: 21.00pt;\">\n<td class=\"et3\" style=\"height: 21.00pt; width: 147.00pt;\" width=\"147\" height=\"21\">tworzywo<\/td>\n<td class=\"et3\" style=\"width: 296.80pt;\" width=\"296\">Plastik PP + EVA + papier + tusz<\/td>\n<\/tr>\n<tr style=\"height: 21.00pt;\">\n<td class=\"et3\" style=\"height: 21.00pt; width: 147.00pt;\" width=\"147\" height=\"21\">Opis<\/td>\n<td class=\"et3\" style=\"width: 296.80pt;\" width=\"296\">Piecz\u0105tka samotuszuj\u0105ca dla dzieci 12 szt.<\/td>\n<\/tr>\n<tr style=\"height: 24.00pt;\">\n<td class=\"et3\" style=\"height: 24.00pt; width: 147.00pt;\" width=\"147\" height=\"24\">Rozmiar<\/td>\n<td class=\"et4\" style=\"width: 296.80pt;\" width=\"296\">Znaczek: 2,65\u00d72,65\u00d73,65 cm;<\/td>\n<\/tr>\n<tr style=\"height: 24.00pt;\">\n<td class=\"et3\" style=\"height: 24.00pt; width: 147.00pt;\" width=\"147\" height=\"24\">Uszczelka<\/td>\n<td class=\"et4\" style=\"width: 296.80pt;\" width=\"296\">12 szt.\/worek<\/td>\n<\/tr>\n<tr style=\"height: 24.00pt;\">\n<td class=\"et3\" style=\"height: 24.00pt; width: 147.00pt;\" width=\"147\" height=\"24\">Kolor<\/td>\n<td class=\"et4\" style=\"width: 296.80pt;\" width=\"296\">6 kolor\u00f3w<\/td>\n<\/tr>\n<tr style=\"height: 24.00pt;\">\n<td class=\"et3\" style=\"height: 24.00pt; width: 147.00pt;\" width=\"147\" height=\"24\">Wz\u00f3r<\/td>\n<td class=\"et4\" style=\"width: 296.80pt;\" width=\"296\">12 r\u00f3\u017cnych wzor\u00f3w<\/td>\n<\/tr>\n<tr style=\"height: 24.00pt;\">\n<td class=\"et3\" style=\"height: 24.00pt; width: 147.00pt;\" width=\"147\" height=\"24\">Typ<\/td>\n<td class=\"et4\" style=\"width: 296.80pt;\" width=\"296\">Piecz\u0105tka samotuszuj\u0105ca<\/td>\n<\/tr>\n<tr style=\"height: 24.00pt;\">\n<td class=\"et3\" style=\"height: 24.00pt; width: 147.00pt;\" width=\"147\" height=\"24\">Certyfikat<\/td>\n<td class=\"et4\" style=\"width: 296.80pt;\" width=\"296\">Karta charakterystyki, EN71, HR4040, 7P, ASTM<\/td>\n<\/tr>\n<tr style=\"height: 24.00pt;\">\n<td class=\"et3\" style=\"height: 24.00pt; width: 147.00pt;\" width=\"147\" height=\"24\">Czas pr\u00f3bki<\/td>\n<td class=\"et4\" style=\"width: 296.80pt;\" width=\"296\">3-7 dni<\/td>\n<\/tr>\n<\/tbody>\n<\/table>","protected":false},"featured_media":29581,"template":"","meta":[],"product_brand":[],"product_cat":[101],"product_tag":[],"class_list":{"0":"post-29598","1":"product","2":"type-product","3":"status-publish","4":"has-post-thumbnail","6":"product_cat-round-stamp","8":"first","9":"instock","10":"shipping-taxable","11":"product-type-external"},"yoast_head":"<!-- This site is optimized with the Yoast SEO Premium plugin v26.6 (Yoast SEO v26.6) - https:\/\/yoast.com\/wordpress\/plugins\/seo\/ -->\n<title>Stamps Packed In Header Bag Fruits - BEIQI TOYS STAMP FACTORY<\/title>\n<meta name=\"robots\" content=\"index, follow, max-snippet:-1, max-image-preview:large, max-video-preview:-1\" \/>\n<link rel=\"canonical\" href=\"https:\/\/bq-toy.com\/pl\/produkt\/stamps-packed-in-header-bag-fruits\/\" \/>\n<meta property=\"og:locale\" content=\"pl_PL\" \/>\n<meta property=\"og:type\" content=\"article\" \/>\n<meta property=\"og:title\" content=\"Stamps Packed In Header Bag Fruits\" \/>\n<meta property=\"og:description\" content=\"The Kids Stamp set of BeiQi Toys Stamp includes 12 self-inking stamps with washable ink. It comes in 12 different Fruits\u00a0patterns, allowing you to customize various surfaces. It aims to stimulate manual skills and creativity. These stamps are made of PP,EVA, paper and ink, which ensures their durability and ease of use.    Model BQ505-D5   material Plastic PP + EVA+paper+Ink   Description Kids self-Inking Stamp 12 pcs   Size Stamp: 2.65x2.65x3.65cm;   Packing 12 pcs\/bag   Color 6 colors   Pattern 12 different patterns   Type Self-Inking Stamp   Certificate MSDS,EN71,HR4040,7P,ASTM   Sample time 3-7 days\" \/>\n<meta property=\"og:url\" content=\"https:\/\/bq-toy.com\/pl\/produkt\/stamps-packed-in-header-bag-fruits\/\" \/>\n<meta property=\"og:site_name\" content=\"BEIQI TOYS STAMP FACTORY\" \/>\n<meta property=\"article:modified_time\" content=\"2025-12-13T03:04:04+00:00\" \/>\n<meta property=\"og:image\" content=\"https:\/\/bq-toy.com\/wp-content\/uploads\/2025\/12\/BQ505-D5.jpg\" \/>\n\t<meta property=\"og:image:width\" content=\"1024\" \/>\n\t<meta property=\"og:image:height\" content=\"1024\" \/>\n\t<meta property=\"og:image:type\" content=\"image\/jpeg\" \/>\n<meta name=\"twitter:card\" content=\"summary_large_image\" \/>\n<meta name=\"twitter:label1\" content=\"Szacowany czas czytania\" \/>\n\t<meta name=\"twitter:data1\" content=\"2 minuty\" \/>\n<script type=\"application\/ld+json\" class=\"yoast-schema-graph\">{\"@context\":\"https:\/\/schema.org\",\"@graph\":[{\"@type\":\"WebPage\",\"@id\":\"https:\/\/bq-toy.com\/product\/stamps-packed-in-header-bag-fruits\/\",\"url\":\"https:\/\/bq-toy.com\/product\/stamps-packed-in-header-bag-fruits\/\",\"name\":\"Stamps Packed In Header Bag Fruits - BEIQI TOYS STAMP FACTORY\",\"isPartOf\":{\"@id\":\"https:\/\/bq-toy.com\/#website\"},\"primaryImageOfPage\":{\"@id\":\"https:\/\/bq-toy.com\/product\/stamps-packed-in-header-bag-fruits\/#primaryimage\"},\"image\":{\"@id\":\"https:\/\/bq-toy.com\/product\/stamps-packed-in-header-bag-fruits\/#primaryimage\"},\"thumbnailUrl\":\"https:\/\/bq-toy.com\/wp-content\/uploads\/2025\/12\/BQ505-D5.jpg\",\"datePublished\":\"2025-12-12T02:40:10+00:00\",\"dateModified\":\"2025-12-13T03:04:04+00:00\",\"breadcrumb\":{\"@id\":\"https:\/\/bq-toy.com\/product\/stamps-packed-in-header-bag-fruits\/#breadcrumb\"},\"inLanguage\":\"pl-PL\",\"potentialAction\":[{\"@type\":\"ReadAction\",\"target\":[\"https:\/\/bq-toy.com\/product\/stamps-packed-in-header-bag-fruits\/\"]}]},{\"@type\":\"ImageObject\",\"inLanguage\":\"pl-PL\",\"@id\":\"https:\/\/bq-toy.com\/product\/stamps-packed-in-header-bag-fruits\/#primaryimage\",\"url\":\"https:\/\/bq-toy.com\/wp-content\/uploads\/2025\/12\/BQ505-D5.jpg\",\"contentUrl\":\"https:\/\/bq-toy.com\/wp-content\/uploads\/2025\/12\/BQ505-D5.jpg\",\"width\":1024,\"height\":1024},{\"@type\":\"BreadcrumbList\",\"@id\":\"https:\/\/bq-toy.com\/product\/stamps-packed-in-header-bag-fruits\/#breadcrumb\",\"itemListElement\":[{\"@type\":\"ListItem\",\"position\":1,\"name\":\"Home\",\"item\":\"https:\/\/bq-toy.com\/\"},{\"@type\":\"ListItem\",\"position\":2,\"name\":\"Product\",\"item\":\"https:\/\/bq-toy.com\/product\/\"},{\"@type\":\"ListItem\",\"position\":3,\"name\":\"Stamps Packed In Header Bag Fruits\"}]},{\"@type\":\"WebSite\",\"@id\":\"https:\/\/bq-toy.com\/#website\",\"url\":\"https:\/\/bq-toy.com\/\",\"name\":\"BEIQI TOYS STAMP FACTORY\",\"description\":\"BEIQI TOYS STAMP FACTORY\",\"potentialAction\":[{\"@type\":\"SearchAction\",\"target\":{\"@type\":\"EntryPoint\",\"urlTemplate\":\"https:\/\/bq-toy.com\/?s={search_term_string}\"},\"query-input\":{\"@type\":\"PropertyValueSpecification\",\"valueRequired\":true,\"valueName\":\"search_term_string\"}}],\"inLanguage\":\"pl-PL\"}]}<\/script>\n<!-- \/ Yoast SEO Premium plugin. -->","yoast_head_json":{"title":"Stamps Packed In Header Bag Fruits - BEIQI TOYS STAMP FACTORY","robots":{"index":"index","follow":"follow","max-snippet":"max-snippet:-1","max-image-preview":"max-image-preview:large","max-video-preview":"max-video-preview:-1"},"canonical":"https:\/\/bq-toy.com\/pl\/produkt\/stamps-packed-in-header-bag-fruits\/","og_locale":"pl_PL","og_type":"article","og_title":"Stamps Packed In Header Bag Fruits","og_description":"The Kids Stamp set of BeiQi Toys Stamp includes 12 self-inking stamps with washable ink. It comes in 12 different Fruits\u00a0patterns, allowing you to customize various surfaces. It aims to stimulate manual skills and creativity. These stamps are made of PP,EVA, paper and ink, which ensures their durability and ease of use.    Model BQ505-D5   material Plastic PP + EVA+paper+Ink   Description Kids self-Inking Stamp 12 pcs   Size Stamp: 2.65x2.65x3.65cm;   Packing 12 pcs\/bag   Color 6 colors   Pattern 12 different patterns   Type Self-Inking Stamp   Certificate MSDS,EN71,HR4040,7P,ASTM   Sample time 3-7 days","og_url":"https:\/\/bq-toy.com\/pl\/produkt\/stamps-packed-in-header-bag-fruits\/","og_site_name":"BEIQI TOYS STAMP FACTORY","article_modified_time":"2025-12-13T03:04:04+00:00","og_image":[{"width":1024,"height":1024,"url":"https:\/\/bq-toy.com\/wp-content\/uploads\/2025\/12\/BQ505-D5.jpg","type":"image\/jpeg"}],"twitter_card":"summary_large_image","twitter_misc":{"Szacowany czas czytania":"2 minuty"},"schema":{"@context":"https:\/\/schema.org","@graph":[{"@type":"WebPage","@id":"https:\/\/bq-toy.com\/product\/stamps-packed-in-header-bag-fruits\/","url":"https:\/\/bq-toy.com\/product\/stamps-packed-in-header-bag-fruits\/","name":"Stamps Packed In Header Bag Fruits - BEIQI TOYS STAMP FACTORY","isPartOf":{"@id":"https:\/\/bq-toy.com\/#website"},"primaryImageOfPage":{"@id":"https:\/\/bq-toy.com\/product\/stamps-packed-in-header-bag-fruits\/#primaryimage"},"image":{"@id":"https:\/\/bq-toy.com\/product\/stamps-packed-in-header-bag-fruits\/#primaryimage"},"thumbnailUrl":"https:\/\/bq-toy.com\/wp-content\/uploads\/2025\/12\/BQ505-D5.jpg","datePublished":"2025-12-12T02:40:10+00:00","dateModified":"2025-12-13T03:04:04+00:00","breadcrumb":{"@id":"https:\/\/bq-toy.com\/product\/stamps-packed-in-header-bag-fruits\/#breadcrumb"},"inLanguage":"pl-PL","potentialAction":[{"@type":"ReadAction","target":["https:\/\/bq-toy.com\/product\/stamps-packed-in-header-bag-fruits\/"]}]},{"@type":"ImageObject","inLanguage":"pl-PL","@id":"https:\/\/bq-toy.com\/product\/stamps-packed-in-header-bag-fruits\/#primaryimage","url":"https:\/\/bq-toy.com\/wp-content\/uploads\/2025\/12\/BQ505-D5.jpg","contentUrl":"https:\/\/bq-toy.com\/wp-content\/uploads\/2025\/12\/BQ505-D5.jpg","width":1024,"height":1024},{"@type":"BreadcrumbList","@id":"https:\/\/bq-toy.com\/product\/stamps-packed-in-header-bag-fruits\/#breadcrumb","itemListElement":[{"@type":"ListItem","position":1,"name":"Home","item":"https:\/\/bq-toy.com\/"},{"@type":"ListItem","position":2,"name":"Product","item":"https:\/\/bq-toy.com\/product\/"},{"@type":"ListItem","position":3,"name":"Stamps Packed In Header Bag Fruits"}]},{"@type":"WebSite","@id":"https:\/\/bq-toy.com\/#website","url":"https:\/\/bq-toy.com\/","name":"BEIQI TOYS STAMP FACTORY","description":"BEIQI TOYS STAMP FACTORY","potentialAction":[{"@type":"SearchAction","target":{"@type":"EntryPoint","urlTemplate":"https:\/\/bq-toy.com\/?s={search_term_string}"},"query-input":{"@type":"PropertyValueSpecification","valueRequired":true,"valueName":"search_term_string"}}],"inLanguage":"pl-PL"}]}},"_links":{"self":[{"href":"https:\/\/bq-toy.com\/pl\/wp-json\/wp\/v2\/product\/29598","targetHints":{"allow":["GET"]}}],"collection":[{"href":"https:\/\/bq-toy.com\/pl\/wp-json\/wp\/v2\/product"}],"about":[{"href":"https:\/\/bq-toy.com\/pl\/wp-json\/wp\/v2\/types\/product"}],"version-history":[{"count":1,"href":"https:\/\/bq-toy.com\/pl\/wp-json\/wp\/v2\/product\/29598\/revisions"}],"predecessor-version":[{"id":29611,"href":"https:\/\/bq-toy.com\/pl\/wp-json\/wp\/v2\/product\/29598\/revisions\/29611"}],"wp:featuredmedia":[{"embeddable":true,"href":"https:\/\/bq-toy.com\/pl\/wp-json\/wp\/v2\/media\/29581"}],"wp:attachment":[{"href":"https:\/\/bq-toy.com\/pl\/wp-json\/wp\/v2\/media?parent=29598"}],"wp:term":[{"taxonomy":"product_brand","embeddable":true,"href":"https:\/\/bq-toy.com\/pl\/wp-json\/wp\/v2\/product_brand?post=29598"},{"taxonomy":"product_cat","embeddable":true,"href":"https:\/\/bq-toy.com\/pl\/wp-json\/wp\/v2\/product_cat?post=29598"},{"taxonomy":"product_tag","embeddable":true,"href":"https:\/\/bq-toy.com\/pl\/wp-json\/wp\/v2\/product_tag?post=29598"}],"curies":[{"name":"wp","href":"https:\/\/api.w.org\/{rel}","templated":true}]}}