{"id":29809,"date":"2025-12-16T01:24:51","date_gmt":"2025-12-16T01:24:51","guid":{"rendered":"https:\/\/bq-toy.com\/?post_type=product&#038;p=29809"},"modified":"2025-12-31T10:05:09","modified_gmt":"2025-12-31T10:05:09","slug":"custom-hero-ring-stamps-bulk","status":"publish","type":"product","link":"https:\/\/bq-toy.com\/it\/prodotto\/custom-hero-ring-stamps-bulk\/","title":{"rendered":"Timbro ad anello eroe per ragazzi, giocattolo con timbro da dito personalizzabile all&#039;ingrosso, fantastico regalo per bambini e bomboniera per feste, omaggio promozionale"},"content":{"rendered":"<p class=\"ds-markdown-paragraph\"><strong>Vi presentiamo i nostri timbri personalizzati per anelli con eroe, i pi\u00f9 venduti: la soluzione regalo definitiva per i ragazzi.<\/strong><\/p>\n<p class=\"ds-markdown-paragraph\">Alla ricerca del perfetto\u00a0<strong>regalo all&#039;ingrosso per ragazzi<\/strong>\u00a0o un articolo promozionale che entusiasma i giovani clienti? Il nostro\u00a0<strong>Timbri personalizzati per anelli eroici<\/strong>\u00a0sono la risposta. Questi innovativi timbri indossabili combinano gioco e creativit\u00e0, con scudi in rilievo, fulmini e altro\u00a0<strong>design a tema eroe<\/strong>\u00a0che risuonano con i ragazzi. Ogni anello \u00e8 un\u00a0<strong>anello con timbro personalizzato per bambini<\/strong>, trasformando le loro dita in strumenti da supereroe istantanei.<\/p>\n<p class=\"ds-markdown-paragraph\"><strong>Ideale per promozioni e vendite ad alto impatto<\/strong><br \/>\nQuesto prodotto eccelle come\u00a0<strong>omaggio promozionale<\/strong>\u00a0nei pasti per bambini dei fast food, un successo\u00a0<strong>bomboniera<\/strong>\u00a0per compleanni, o un\u00a0<strong>regalo di marca<\/strong>\u00a0nei programmi fedelt\u00e0 al dettaglio. Venduto in comode\u00a0<strong>massa<\/strong>\u00a0quantit\u00e0 direttamente dalla nostra fabbrica, offre un valore eccezionale per gli acquirenti B2B.<\/p>\n<p class=\"ds-markdown-paragraph\"><strong>Il tuo marchio, il loro eroe: personalizzazione completa<\/strong><br \/>\nCome fabbrica OEM, siamo specializzati in\u00a0<strong>timbri personalizzati per anelli eroici<\/strong>Possiamo stampare il logo della tua azienda, modificare i simboli degli eroi o adattare le combinazioni di colori per creare un&#039;immagine unica\u00a0<strong>anello con timbro personalizzato<\/strong>\u00a0che rafforza l&#039;identit\u00e0 del tuo marchio. Il nostro\u00a0<strong>personalizzabile<\/strong>\u00a0il processo \u00e8 semplificato per\u00a0<strong>massa<\/strong>\u00a0ordini con un MOQ basso, semplificando il lancio della tua campagna.<\/p>\n<p class=\"ds-markdown-paragraph\"><strong>Qualit\u00e0 e sicurezza garantite<\/strong><br \/>\nRealizzati con materiali resistenti e sicuri per i bambini e conformi agli standard internazionali sulla sicurezza dei giocattoli, questi anelli sono pensati per il gioco attivo. La stampa trasparente garantisce un utilizzo ripetuto, offrendo un ottimo rapporto qualit\u00e0-prezzo.<\/p>\n<p class=\"ds-markdown-paragraph\"><strong>Ordina oggi stesso il tuo lotto personalizzato<\/strong><br \/>\nPronti a lasciare un segno?\u00a0<strong>Contattaci<\/strong>\u00a0per un preventivo, discuti il tuo\u00a0<strong>personalizzazione<\/strong>\u00a0esigenze e vedere come il nostro\u00a0<strong>anelli regalo all&#039;ingrosso per ragazzi<\/strong>\u00a0pu\u00f2 diventare il tuo prossimo bestseller.<\/p>\n<p><img fetchpriority=\"high\" decoding=\"async\" class=\"aligncenter size-full wp-image-29810\" src=\"https:\/\/bq-toy.com\/wp-content\/uploads\/2025\/12\/BQ11-6.jpg\" alt=\"\" width=\"2550\" height=\"2256\" srcset=\"https:\/\/bq-toy.com\/wp-content\/uploads\/2025\/12\/BQ11-6.jpg 2550w, https:\/\/bq-toy.com\/wp-content\/uploads\/2025\/12\/BQ11-6-339x300.jpg 339w, https:\/\/bq-toy.com\/wp-content\/uploads\/2025\/12\/BQ11-6-904x800.jpg 904w, https:\/\/bq-toy.com\/wp-content\/uploads\/2025\/12\/BQ11-6-768x679.jpg 768w, https:\/\/bq-toy.com\/wp-content\/uploads\/2025\/12\/BQ11-6-1536x1359.jpg 1536w, https:\/\/bq-toy.com\/wp-content\/uploads\/2025\/12\/BQ11-6-2048x1812.jpg 2048w, https:\/\/bq-toy.com\/wp-content\/uploads\/2025\/12\/BQ11-6-14x12.jpg 14w, https:\/\/bq-toy.com\/wp-content\/uploads\/2025\/12\/BQ11-6-430x380.jpg 430w, https:\/\/bq-toy.com\/wp-content\/uploads\/2025\/12\/BQ11-6-700x619.jpg 700w, https:\/\/bq-toy.com\/wp-content\/uploads\/2025\/12\/BQ11-6-150x133.jpg 150w\" sizes=\"(max-width: 2550px) 100vw, 2550px\" \/><\/p>","protected":false},"excerpt":{"rendered":"<p class=\"ds-markdown-paragraph\"><strong>Timbro dell&#039;anello dell&#039;eroe: la creativit\u00e0 messa a dura prova!<\/strong><\/p>\n<p class=\"ds-markdown-paragraph\">Realizzato da BeiQi Stamp Toys Factory, uno specialista in timbri creativi per bambini, pensato per i giovani avventurieri, il <strong>Timbro dell&#039;anello dell&#039;eroe<\/strong>\u00a0\u00c8 un anello robusto ma giocoso che unisce uno stile audace a una creativit\u00e0 immediata. Realizzato in plastica resistente e sicura per i bambini, questo timbro ad anello \u00e8 dotato di un tampone di inchiostro integrato, pronto all&#039;uso, sempre e ovunque. Progettato pensando ai ragazzi, \u00e8 l&#039;accessorio perfetto per giocare, raccontare storie e lasciare il segno con stile.<\/p>\n<p class=\"ds-markdown-paragraph\"><strong>Perch\u00e9 piace ai ragazzi e ai genitori:<\/strong><\/p>\n<ul>\n<li>\n<p class=\"ds-markdown-paragraph\"><strong>Design fresco e resistente<\/strong>\u00a0\u2013 Un robusto anello di plastica realizzato per resistere alle avventure.<\/p>\n<\/li>\n<li>\n<p class=\"ds-markdown-paragraph\"><strong>Costruito per creare<\/strong>\u00a0\u2013 Timbro autoinchiostrante: niente confusione, basta premere e via.<\/p>\n<\/li>\n<li>\n<p class=\"ds-markdown-paragraph\"><strong>Temi approvati dai ragazzi<\/strong>\u00a0\u2013 Scegli tra veicoli, dinosauri, robot, simboli di supereroi e molto altro.<\/p>\n<\/li>\n<li>\n<p class=\"ds-markdown-paragraph\"><strong>Sicuro e durevole<\/strong>\u00a0\u2013 Realizzato in plastica atossica e priva di BPA, adatta anche ai giochi pi\u00f9 impegnativi.<\/p>\n<\/li>\n<li>\n<p class=\"ds-markdown-paragraph\"><strong>Inchiostro lavabile<\/strong>\u00a0\u2013 Facile da pulire da pelle, vestiti e superfici.<\/p>\n<\/li>\n<\/ul>\n<p class=\"ds-markdown-paragraph\"><strong>Perfetto per:<\/strong><br \/>\n\u2714\ufe0f Eroi e avventurieri del gioco di ruolo<br \/>\n\u2714\ufe0f Missioni creative e messaggi segreti<br \/>\n\u2714\ufe0f Ricompense per azioni coraggiose e vittorie giornaliere<br \/>\n\u2714\ufe0f Bomboniere per feste di compleanno e divertimento durante le partite<br \/>\n\u2714\ufe0f Creativit\u00e0 portatile: sempre a portata di mano per l&#039;azione<\/p>\n<p class=\"ds-markdown-paragraph\"><strong>Lasciate che indossi la sua immaginazione e che marchi la sua storia!<\/strong><\/p>\n<table width=\"822\">\n<tbody>\n<tr>\n<td width=\"210\">Modello<\/td>\n<td width=\"612\">BQ11-6<\/td>\n<\/tr>\n<tr>\n<td width=\"210\">materiale<\/td>\n<td width=\"612\">Plastica PS\/PP + EVA+inchiostro+carta<\/td>\n<\/tr>\n<tr>\n<td width=\"210\">Descrizione<\/td>\n<td width=\"612\">Timbri autoinchiostranti Hero Ring<\/td>\n<\/tr>\n<tr>\n<td width=\"210\">Misurare<\/td>\n<td width=\"612\">Timbro: 2,2\u00d72,2\u00d72,6 cm<\/td>\n<\/tr>\n<tr>\n<td width=\"210\">Imballaggio<\/td>\n<td width=\"612\">Sfuso\/sacchetto di carta igienica<\/td>\n<\/tr>\n<tr>\n<td width=\"210\">Pezzi\/cartone<\/td>\n<td width=\"612\">10000 pezzi\/cartone.<\/td>\n<\/tr>\n<tr>\n<td width=\"210\">Dimensioni della scatola<\/td>\n<td width=\"612\">45x43x33cm<\/td>\n<\/tr>\n<tr>\n<td width=\"210\">NO\/GW<\/td>\n<td width=\"612\">20\/22 kg<\/td>\n<\/tr>\n<tr>\n<td width=\"210\">Tipo<\/td>\n<td width=\"612\">Timbro autoinchiostrante<\/td>\n<\/tr>\n<tr>\n<td width=\"210\">Certificato<\/td>\n<td width=\"612\">Scheda di sicurezza, EN71, HR4040, 7P, ASTM<\/td>\n<\/tr>\n<tr>\n<td width=\"210\">Tempo di campionamento<\/td>\n<td width=\"612\">3-7 giorni<\/td>\n<\/tr>\n<\/tbody>\n<\/table>","protected":false},"featured_media":29810,"template":"","meta":[],"product_brand":[],"product_cat":[84],"product_tag":[205,210,207,204,120,209,208,206,203],"class_list":{"0":"post-29809","1":"product","2":"type-product","3":"status-publish","4":"has-post-thumbnail","6":"product_cat-bulk-ring-self-inking-stamp","7":"product_tag-boys-gift-bulk","8":"product_tag-branded-gift","9":"product_tag-customizable-giveaway","10":"product_tag-hero-toy","11":"product_tag-kids-meal-toy","12":"product_tag-oem-novelty-item","13":"product_tag-party-favor-for-boys","14":"product_tag-promotional-ring","15":"product_tag-ring-stamp","17":"first","18":"instock","19":"shipping-taxable","20":"product-type-external"},"yoast_head":"<!-- This site is optimized with the Yoast SEO Premium plugin v26.6 (Yoast SEO v26.6) - https:\/\/yoast.com\/wordpress\/plugins\/seo\/ -->\n<title>Custom Hero Ring Stamps - Gift &amp; Promotional Item | BeiQi OEM - BEIQI TOYS STAMP FACTORY<\/title>\n<meta name=\"description\" content=\"Cool custom hero ring stamps for boys! Bulk customizable finger toys. Perfect as party favors, promotional giveaways, or fast-food kids meal toys.\" \/>\n<meta name=\"robots\" content=\"index, follow, max-snippet:-1, max-image-preview:large, max-video-preview:-1\" \/>\n<link rel=\"canonical\" href=\"https:\/\/bq-toy.com\/it\/prodotto\/custom-hero-ring-stamps-bulk\/\" \/>\n<meta property=\"og:locale\" content=\"it_IT\" \/>\n<meta property=\"og:type\" content=\"article\" \/>\n<meta property=\"og:title\" content=\"Hero Ring Stamp for Boys, Bulk Customizable Finger Stamp Toy, Cool Kids Gift &amp; Party Favor, Promotional Giveaway Item\" \/>\n<meta property=\"og:description\" content=\"Cool custom hero ring stamps for boys! Bulk customizable finger toys. Perfect as party favors, promotional giveaways, or fast-food kids meal toys.\" \/>\n<meta property=\"og:url\" content=\"https:\/\/bq-toy.com\/it\/prodotto\/custom-hero-ring-stamps-bulk\/\" \/>\n<meta property=\"og:site_name\" content=\"BEIQI TOYS STAMP FACTORY\" \/>\n<meta property=\"article:modified_time\" content=\"2025-12-31T10:05:09+00:00\" \/>\n<meta property=\"og:image\" content=\"https:\/\/bq-toy.com\/wp-content\/uploads\/2025\/12\/BQ11-6-904x800.jpg\" \/>\n\t<meta property=\"og:image:width\" content=\"904\" \/>\n\t<meta property=\"og:image:height\" content=\"800\" \/>\n\t<meta property=\"og:image:type\" content=\"image\/jpeg\" \/>\n<meta name=\"twitter:card\" content=\"summary_large_image\" \/>\n<meta name=\"twitter:label1\" content=\"Tempo di lettura stimato\" \/>\n\t<meta name=\"twitter:data1\" content=\"2 minuti\" \/>\n<script type=\"application\/ld+json\" class=\"yoast-schema-graph\">{\"@context\":\"https:\/\/schema.org\",\"@graph\":[{\"@type\":\"WebPage\",\"@id\":\"https:\/\/bq-toy.com\/product\/custom-hero-ring-stamps-bulk\/\",\"url\":\"https:\/\/bq-toy.com\/product\/custom-hero-ring-stamps-bulk\/\",\"name\":\"Custom Hero Ring Stamps - Gift & Promotional Item | BeiQi OEM - BEIQI TOYS STAMP FACTORY\",\"isPartOf\":{\"@id\":\"https:\/\/bq-toy.com\/#website\"},\"primaryImageOfPage\":{\"@id\":\"https:\/\/bq-toy.com\/product\/custom-hero-ring-stamps-bulk\/#primaryimage\"},\"image\":{\"@id\":\"https:\/\/bq-toy.com\/product\/custom-hero-ring-stamps-bulk\/#primaryimage\"},\"thumbnailUrl\":\"https:\/\/bq-toy.com\/wp-content\/uploads\/2025\/12\/BQ11-6.jpg\",\"datePublished\":\"2025-12-16T01:24:51+00:00\",\"dateModified\":\"2025-12-31T10:05:09+00:00\",\"description\":\"Cool custom hero ring stamps for boys! Bulk customizable finger toys. Perfect as party favors, promotional giveaways, or fast-food kids meal toys.\",\"breadcrumb\":{\"@id\":\"https:\/\/bq-toy.com\/product\/custom-hero-ring-stamps-bulk\/#breadcrumb\"},\"inLanguage\":\"it-IT\",\"potentialAction\":[{\"@type\":\"ReadAction\",\"target\":[\"https:\/\/bq-toy.com\/product\/custom-hero-ring-stamps-bulk\/\"]}]},{\"@type\":\"ImageObject\",\"inLanguage\":\"it-IT\",\"@id\":\"https:\/\/bq-toy.com\/product\/custom-hero-ring-stamps-bulk\/#primaryimage\",\"url\":\"https:\/\/bq-toy.com\/wp-content\/uploads\/2025\/12\/BQ11-6.jpg\",\"contentUrl\":\"https:\/\/bq-toy.com\/wp-content\/uploads\/2025\/12\/BQ11-6.jpg\",\"width\":2550,\"height\":2256,\"caption\":\"custom hero ring stamp for boys bulk, personalized finger stamp promotional gift, ring toy for kids meal giveaway\"},{\"@type\":\"BreadcrumbList\",\"@id\":\"https:\/\/bq-toy.com\/product\/custom-hero-ring-stamps-bulk\/#breadcrumb\",\"itemListElement\":[{\"@type\":\"ListItem\",\"position\":1,\"name\":\"Home\",\"item\":\"https:\/\/bq-toy.com\/\"},{\"@type\":\"ListItem\",\"position\":2,\"name\":\"Product\",\"item\":\"https:\/\/bq-toy.com\/product\/\"},{\"@type\":\"ListItem\",\"position\":3,\"name\":\"Hero Ring Stamp for Boys, Bulk Customizable Finger Stamp Toy, Cool Kids Gift &#038; Party Favor, Promotional Giveaway Item\"}]},{\"@type\":\"WebSite\",\"@id\":\"https:\/\/bq-toy.com\/#website\",\"url\":\"https:\/\/bq-toy.com\/\",\"name\":\"BEIQI TOYS STAMP FACTORY\",\"description\":\"BEIQI TOYS STAMP FACTORY\",\"potentialAction\":[{\"@type\":\"SearchAction\",\"target\":{\"@type\":\"EntryPoint\",\"urlTemplate\":\"https:\/\/bq-toy.com\/?s={search_term_string}\"},\"query-input\":{\"@type\":\"PropertyValueSpecification\",\"valueRequired\":true,\"valueName\":\"search_term_string\"}}],\"inLanguage\":\"it-IT\"}]}<\/script>\n<!-- \/ Yoast SEO Premium plugin. -->","yoast_head_json":{"title":"Custom Hero Ring Stamps - Gift & Promotional Item | BeiQi OEM - BEIQI TOYS STAMP FACTORY","description":"Cool custom hero ring stamps for boys! Bulk customizable finger toys. Perfect as party favors, promotional giveaways, or fast-food kids meal toys.","robots":{"index":"index","follow":"follow","max-snippet":"max-snippet:-1","max-image-preview":"max-image-preview:large","max-video-preview":"max-video-preview:-1"},"canonical":"https:\/\/bq-toy.com\/it\/prodotto\/custom-hero-ring-stamps-bulk\/","og_locale":"it_IT","og_type":"article","og_title":"Hero Ring Stamp for Boys, Bulk Customizable Finger Stamp Toy, Cool Kids Gift & Party Favor, Promotional Giveaway Item","og_description":"Cool custom hero ring stamps for boys! Bulk customizable finger toys. Perfect as party favors, promotional giveaways, or fast-food kids meal toys.","og_url":"https:\/\/bq-toy.com\/it\/prodotto\/custom-hero-ring-stamps-bulk\/","og_site_name":"BEIQI TOYS STAMP FACTORY","article_modified_time":"2025-12-31T10:05:09+00:00","og_image":[{"width":904,"height":800,"url":"https:\/\/bq-toy.com\/wp-content\/uploads\/2025\/12\/BQ11-6-904x800.jpg","type":"image\/jpeg"}],"twitter_card":"summary_large_image","twitter_misc":{"Tempo di lettura stimato":"2 minuti"},"schema":{"@context":"https:\/\/schema.org","@graph":[{"@type":"WebPage","@id":"https:\/\/bq-toy.com\/product\/custom-hero-ring-stamps-bulk\/","url":"https:\/\/bq-toy.com\/product\/custom-hero-ring-stamps-bulk\/","name":"Custom Hero Ring Stamps - Gift & Promotional Item | BeiQi OEM - BEIQI TOYS STAMP FACTORY","isPartOf":{"@id":"https:\/\/bq-toy.com\/#website"},"primaryImageOfPage":{"@id":"https:\/\/bq-toy.com\/product\/custom-hero-ring-stamps-bulk\/#primaryimage"},"image":{"@id":"https:\/\/bq-toy.com\/product\/custom-hero-ring-stamps-bulk\/#primaryimage"},"thumbnailUrl":"https:\/\/bq-toy.com\/wp-content\/uploads\/2025\/12\/BQ11-6.jpg","datePublished":"2025-12-16T01:24:51+00:00","dateModified":"2025-12-31T10:05:09+00:00","description":"Cool custom hero ring stamps for boys! Bulk customizable finger toys. Perfect as party favors, promotional giveaways, or fast-food kids meal toys.","breadcrumb":{"@id":"https:\/\/bq-toy.com\/product\/custom-hero-ring-stamps-bulk\/#breadcrumb"},"inLanguage":"it-IT","potentialAction":[{"@type":"ReadAction","target":["https:\/\/bq-toy.com\/product\/custom-hero-ring-stamps-bulk\/"]}]},{"@type":"ImageObject","inLanguage":"it-IT","@id":"https:\/\/bq-toy.com\/product\/custom-hero-ring-stamps-bulk\/#primaryimage","url":"https:\/\/bq-toy.com\/wp-content\/uploads\/2025\/12\/BQ11-6.jpg","contentUrl":"https:\/\/bq-toy.com\/wp-content\/uploads\/2025\/12\/BQ11-6.jpg","width":2550,"height":2256,"caption":"custom hero ring stamp for boys bulk, personalized finger stamp promotional gift, ring toy for kids meal giveaway"},{"@type":"BreadcrumbList","@id":"https:\/\/bq-toy.com\/product\/custom-hero-ring-stamps-bulk\/#breadcrumb","itemListElement":[{"@type":"ListItem","position":1,"name":"Home","item":"https:\/\/bq-toy.com\/"},{"@type":"ListItem","position":2,"name":"Product","item":"https:\/\/bq-toy.com\/product\/"},{"@type":"ListItem","position":3,"name":"Hero Ring Stamp for Boys, Bulk Customizable Finger Stamp Toy, Cool Kids Gift &#038; Party Favor, Promotional Giveaway Item"}]},{"@type":"WebSite","@id":"https:\/\/bq-toy.com\/#website","url":"https:\/\/bq-toy.com\/","name":"BEIQI TOYS STAMP FACTORY","description":"BEIQI TOYS STAMP FACTORY","potentialAction":[{"@type":"SearchAction","target":{"@type":"EntryPoint","urlTemplate":"https:\/\/bq-toy.com\/?s={search_term_string}"},"query-input":{"@type":"PropertyValueSpecification","valueRequired":true,"valueName":"search_term_string"}}],"inLanguage":"it-IT"}]}},"_links":{"self":[{"href":"https:\/\/bq-toy.com\/it\/wp-json\/wp\/v2\/product\/29809","targetHints":{"allow":["GET"]}}],"collection":[{"href":"https:\/\/bq-toy.com\/it\/wp-json\/wp\/v2\/product"}],"about":[{"href":"https:\/\/bq-toy.com\/it\/wp-json\/wp\/v2\/types\/product"}],"version-history":[{"count":4,"href":"https:\/\/bq-toy.com\/it\/wp-json\/wp\/v2\/product\/29809\/revisions"}],"predecessor-version":[{"id":29909,"href":"https:\/\/bq-toy.com\/it\/wp-json\/wp\/v2\/product\/29809\/revisions\/29909"}],"wp:featuredmedia":[{"embeddable":true,"href":"https:\/\/bq-toy.com\/it\/wp-json\/wp\/v2\/media\/29810"}],"wp:attachment":[{"href":"https:\/\/bq-toy.com\/it\/wp-json\/wp\/v2\/media?parent=29809"}],"wp:term":[{"taxonomy":"product_brand","embeddable":true,"href":"https:\/\/bq-toy.com\/it\/wp-json\/wp\/v2\/product_brand?post=29809"},{"taxonomy":"product_cat","embeddable":true,"href":"https:\/\/bq-toy.com\/it\/wp-json\/wp\/v2\/product_cat?post=29809"},{"taxonomy":"product_tag","embeddable":true,"href":"https:\/\/bq-toy.com\/it\/wp-json\/wp\/v2\/product_tag?post=29809"}],"curies":[{"name":"wp","href":"https:\/\/api.w.org\/{rel}","templated":true}]}}