{"id":29749,"date":"2025-12-13T07:46:49","date_gmt":"2025-12-13T07:46:49","guid":{"rendered":"https:\/\/bq-toy.com\/?post_type=product&#038;p=29749"},"modified":"2025-12-13T07:50:04","modified_gmt":"2025-12-13T07:50:04","slug":"peg-top-self-inking-stamp-24-pcs-music-symbol","status":"publish","type":"product","link":"https:\/\/bq-toy.com\/fr\/produit\/peg-top-self-inking-stamp-24-pcs-music-symbol\/","title":{"rendered":"Tampon auto-encreur \u00e0 picots, 24 pi\u00e8ces, symbole musical"},"content":{"rendered":"<p><img fetchpriority=\"high\" decoding=\"async\" class=\"aligncenter size-full wp-image-29737\" src=\"https:\/\/bq-toy.com\/wp-content\/uploads\/2025\/12\/BQ60-8.jpg\" alt=\"\" width=\"1024\" height=\"1024\" srcset=\"https:\/\/bq-toy.com\/wp-content\/uploads\/2025\/12\/BQ60-8.jpg 1024w, https:\/\/bq-toy.com\/wp-content\/uploads\/2025\/12\/BQ60-8-300x300.jpg 300w, https:\/\/bq-toy.com\/wp-content\/uploads\/2025\/12\/BQ60-8-800x800.jpg 800w, https:\/\/bq-toy.com\/wp-content\/uploads\/2025\/12\/BQ60-8-150x150.jpg 150w, https:\/\/bq-toy.com\/wp-content\/uploads\/2025\/12\/BQ60-8-768x768.jpg 768w, https:\/\/bq-toy.com\/wp-content\/uploads\/2025\/12\/BQ60-8-12x12.jpg 12w, https:\/\/bq-toy.com\/wp-content\/uploads\/2025\/12\/BQ60-8-430x430.jpg 430w, https:\/\/bq-toy.com\/wp-content\/uploads\/2025\/12\/BQ60-8-700x700.jpg 700w\" sizes=\"(max-width: 1024px) 100vw, 1024px\" \/><img decoding=\"async\" class=\"aligncenter size-full wp-image-29730\" src=\"https:\/\/bq-toy.com\/wp-content\/uploads\/2025\/12\/BQ60-8G-2.jpg\" alt=\"\" width=\"1024\" height=\"1024\" srcset=\"https:\/\/bq-toy.com\/wp-content\/uploads\/2025\/12\/BQ60-8G-2.jpg 1024w, https:\/\/bq-toy.com\/wp-content\/uploads\/2025\/12\/BQ60-8G-2-300x300.jpg 300w, https:\/\/bq-toy.com\/wp-content\/uploads\/2025\/12\/BQ60-8G-2-800x800.jpg 800w, https:\/\/bq-toy.com\/wp-content\/uploads\/2025\/12\/BQ60-8G-2-150x150.jpg 150w, https:\/\/bq-toy.com\/wp-content\/uploads\/2025\/12\/BQ60-8G-2-768x768.jpg 768w, https:\/\/bq-toy.com\/wp-content\/uploads\/2025\/12\/BQ60-8G-2-12x12.jpg 12w, https:\/\/bq-toy.com\/wp-content\/uploads\/2025\/12\/BQ60-8G-2-430x430.jpg 430w, https:\/\/bq-toy.com\/wp-content\/uploads\/2025\/12\/BQ60-8G-2-700x700.jpg 700w\" sizes=\"(max-width: 1024px) 100vw, 1024px\" \/> <img decoding=\"async\" class=\"aligncenter size-full wp-image-29666\" src=\"https:\/\/bq-toy.com\/wp-content\/uploads\/2025\/12\/7-2.jpg\" alt=\"\" width=\"1024\" height=\"1024\" srcset=\"https:\/\/bq-toy.com\/wp-content\/uploads\/2025\/12\/7-2.jpg 1024w, https:\/\/bq-toy.com\/wp-content\/uploads\/2025\/12\/7-2-300x300.jpg 300w, https:\/\/bq-toy.com\/wp-content\/uploads\/2025\/12\/7-2-800x800.jpg 800w, https:\/\/bq-toy.com\/wp-content\/uploads\/2025\/12\/7-2-150x150.jpg 150w, https:\/\/bq-toy.com\/wp-content\/uploads\/2025\/12\/7-2-768x768.jpg 768w, https:\/\/bq-toy.com\/wp-content\/uploads\/2025\/12\/7-2-12x12.jpg 12w, https:\/\/bq-toy.com\/wp-content\/uploads\/2025\/12\/7-2-430x430.jpg 430w, https:\/\/bq-toy.com\/wp-content\/uploads\/2025\/12\/7-2-700x700.jpg 700w\" sizes=\"(max-width: 1024px) 100vw, 1024px\" \/><br \/>\n<img loading=\"lazy\" decoding=\"async\" class=\"aligncenter size-full wp-image-29652\" src=\"https:\/\/bq-toy.com\/wp-content\/uploads\/2025\/12\/60.jpg\" alt=\"\" width=\"1297\" height=\"1297\" srcset=\"https:\/\/bq-toy.com\/wp-content\/uploads\/2025\/12\/60.jpg 1297w, https:\/\/bq-toy.com\/wp-content\/uploads\/2025\/12\/60-300x300.jpg 300w, https:\/\/bq-toy.com\/wp-content\/uploads\/2025\/12\/60-800x800.jpg 800w, https:\/\/bq-toy.com\/wp-content\/uploads\/2025\/12\/60-150x150.jpg 150w, https:\/\/bq-toy.com\/wp-content\/uploads\/2025\/12\/60-768x768.jpg 768w, https:\/\/bq-toy.com\/wp-content\/uploads\/2025\/12\/60-12x12.jpg 12w, https:\/\/bq-toy.com\/wp-content\/uploads\/2025\/12\/60-430x430.jpg 430w, https:\/\/bq-toy.com\/wp-content\/uploads\/2025\/12\/60-700x700.jpg 700w\" sizes=\"(max-width: 1297px) 100vw, 1297px\" \/><img loading=\"lazy\" decoding=\"async\" class=\"aligncenter size-full wp-image-29180\" src=\"https:\/\/bq-toy.com\/wp-content\/uploads\/2025\/12\/3-2.webp\" alt=\"\" width=\"1000\" height=\"1000\" srcset=\"https:\/\/bq-toy.com\/wp-content\/uploads\/2025\/12\/3-2.webp 1000w, https:\/\/bq-toy.com\/wp-content\/uploads\/2025\/12\/3-2-300x300.webp 300w, https:\/\/bq-toy.com\/wp-content\/uploads\/2025\/12\/3-2-800x800.webp 800w, https:\/\/bq-toy.com\/wp-content\/uploads\/2025\/12\/3-2-150x150.webp 150w, https:\/\/bq-toy.com\/wp-content\/uploads\/2025\/12\/3-2-768x768.webp 768w, https:\/\/bq-toy.com\/wp-content\/uploads\/2025\/12\/3-2-12x12.webp 12w, https:\/\/bq-toy.com\/wp-content\/uploads\/2025\/12\/3-2-430x430.webp 430w, https:\/\/bq-toy.com\/wp-content\/uploads\/2025\/12\/3-2-700x700.webp 700w\" sizes=\"(max-width: 1000px) 100vw, 1000px\" \/><\/p>","protected":false},"excerpt":{"rendered":"<p>Spin &amp; Stamp \u2013 Toupie et roue de jeu 3 en 1<br \/>\nCe jouet innovant combine une toupie, une roue de la fortune et un tampon cr\u00e9atif dans un format compact. La partie sup\u00e9rieure comprend une roue transparente num\u00e9rot\u00e9e de 1 \u00e0 8, avec une bille d&#039;acier qui roule librement \u00e0 l&#039;int\u00e9rieur. La partie inf\u00e9rieure fait office de tampon pr\u00eat \u00e0 l&#039;emploi.<\/p>\n<p>Pour jouer, il suffit de faire tourner la toupie. Pendant sa rotation, la bille d&#039;acier tourbillonne rapidement sur la piste num\u00e9rot\u00e9e. Lorsque la toupie ralentit et s&#039;arr\u00eate, la bille se loge dans l&#039;une des cases num\u00e9rot\u00e9es, d\u00e9terminant ainsi le r\u00e9sultat de la partie. Par ailleurs, la base \u00e0 tamponner permet de cr\u00e9er des motifs \u00e0 tout moment, ajoutant une dimension cr\u00e9ative au jeu et \u00e0 la prise de d\u00e9cision.<\/p>\n<p>Parfait pour les jeux, les r\u00e9compenses ou les activit\u00e9s cr\u00e9atives, le Spin &amp; Stamp offre un divertissement sans fin gr\u00e2ce \u00e0 son action de rotation satisfaisante, son \u00e9l\u00e9ment de jeu plein de suspense et sa touche artistique.<\/p>\n<table width=\"634\">\n<tbody>\n<tr>\n<td width=\"210\">Mod\u00e8le<\/td>\n<td width=\"424\">BQ60-8<\/td>\n<\/tr>\n<tr>\n<td width=\"210\">mat\u00e9riel<\/td>\n<td width=\"424\">Plastique PS\/PP + EVA + Encre + Papier + Bille d&#039;acier<\/td>\n<\/tr>\n<tr>\n<td width=\"210\">Description<\/td>\n<td width=\"424\">Peg-top, roue de prix, tampon\u00a0: 3 fonctions en une<\/td>\n<\/tr>\n<tr>\n<td width=\"210\">Taille<\/td>\n<td width=\"424\">Timbre\u00a0: 3,5\u00a0\u00d7\u00a03,5\u00a0\u00d7\u00a03,5\u00a0cm\u00a0; bo\u00eete de pr\u00e9sentation\u00a0: 27,5\u00a0\u00d7\u00a019\u00a0\u00d7\u00a04\u00a0cm<\/td>\n<\/tr>\n<tr>\n<td width=\"210\">Emballage<\/td>\n<td width=\"424\">Bo\u00eete de pr\u00e9sentation de 24 pi\u00e8ces<\/td>\n<\/tr>\n<tr>\n<td width=\"210\">PCS\/carton<\/td>\n<td width=\"424\">72 pi\u00e8ces\/carton.<\/td>\n<\/tr>\n<tr>\n<td width=\"210\">Format du carton<\/td>\n<td width=\"424\">57 x 40 x 80 cm<\/td>\n<\/tr>\n<tr>\n<td width=\"210\">NW\/GW<\/td>\n<td width=\"424\">23\/21 kg<\/td>\n<\/tr>\n<tr>\n<td width=\"210\">Couleur<\/td>\n<td width=\"424\">M\u00e9langez 6 couleurs<\/td>\n<\/tr>\n<tr>\n<td width=\"210\">Mod\u00e8le<\/td>\n<td width=\"424\">6 motifs diff\u00e9rents dans une seule bo\u00eete<\/td>\n<\/tr>\n<tr>\n<td width=\"210\">Taper<\/td>\n<td width=\"424\">Tampon auto-encreur<\/td>\n<\/tr>\n<tr>\n<td width=\"210\">Certificat<\/td>\n<td width=\"424\">FDS, EN71, HR4040, 7P, ASTM<\/td>\n<\/tr>\n<tr>\n<td width=\"210\">Temps d&#039;\u00e9chantillonnage<\/td>\n<td width=\"424\">3 \u00e0 7 jours<\/td>\n<\/tr>\n<\/tbody>\n<\/table>","protected":false},"featured_media":29737,"template":"","meta":[],"product_brand":[],"product_cat":[73],"product_tag":[],"class_list":{"0":"post-29749","1":"product","2":"type-product","3":"status-publish","4":"has-post-thumbnail","6":"product_cat-peg-top-self-inking-stamp","8":"first","9":"instock","10":"shipping-taxable","11":"product-type-external"},"yoast_head":"<!-- This site is optimized with the Yoast SEO Premium plugin v26.6 (Yoast SEO v26.6) - https:\/\/yoast.com\/wordpress\/plugins\/seo\/ -->\n<title>Peg-Top self-inking stamp 24 pcs Music Symbol - BEIQI TOYS STAMP FACTORY<\/title>\n<meta name=\"robots\" content=\"index, follow, max-snippet:-1, max-image-preview:large, max-video-preview:-1\" \/>\n<link rel=\"canonical\" href=\"https:\/\/bq-toy.com\/fr\/produit\/peg-top-self-inking-stamp-24-pcs-music-symbol\/\" \/>\n<meta property=\"og:locale\" content=\"fr_FR\" \/>\n<meta property=\"og:type\" content=\"article\" \/>\n<meta property=\"og:title\" content=\"Peg-Top self-inking stamp 24 pcs Music Symbol\" \/>\n<meta property=\"og:description\" content=\"Spin &amp; Stamp \u2013 3-in-1 Top &amp; Game Wheel This innovative toy combines a spinning top, a chance-based game wheel, and a creative stamp into one compact design. The upper section features a transparent wheel numbered 1 through 8, with a free-rolling steel ball sealed inside. The lower section functions as a ready-to-use stamp.  To play, simply spin the top. As it rotates, the steel ball whirls rapidly around the numbered track. When the top loses momentum and comes to a stop, the ball settles into one of the numbered slots, determining the game&#039;s outcome. Meanwhile, the stamp base can be used anytime to imprint patterns, adding a creative dimension to play or decision-making.  Perfect for games, rewards, or creative fun, the Spin &amp; Stamp offers endless engagement through its satisfying spin action, suspenseful game element, and artistic touch.    Model BQ60-8   material Plastic PS\/PP + EVA+Ink+Paper+Steel ball   Description Peg-top,Prize Wheels,stamp 3 functions in one   Size Stamp: 3.5x3.5x3.5cm;display box:27.5x19x4cm   Packing 24 pcs\/Display box   PCS\/carton 72 pcs\/carton.   Carton Size 57x40x80cm   N.W.\/G.W. 23\/21KGS   Color Mix 6 colors   Pattern 6 different patterns in one box   Type Self-Inking Stamp   Certificate MSDS,EN71,HR4040,7P,ASTM   Sample time 3-7 days\" \/>\n<meta property=\"og:url\" content=\"https:\/\/bq-toy.com\/fr\/produit\/peg-top-self-inking-stamp-24-pcs-music-symbol\/\" \/>\n<meta property=\"og:site_name\" content=\"BEIQI TOYS STAMP FACTORY\" \/>\n<meta property=\"article:modified_time\" content=\"2025-12-13T07:50:04+00:00\" \/>\n<meta property=\"og:image\" content=\"https:\/\/bq-toy.com\/wp-content\/uploads\/2025\/12\/BQ60-8.jpg\" \/>\n\t<meta property=\"og:image:width\" content=\"1024\" \/>\n\t<meta property=\"og:image:height\" content=\"1024\" \/>\n\t<meta property=\"og:image:type\" content=\"image\/jpeg\" \/>\n<meta name=\"twitter:card\" content=\"summary_large_image\" \/>\n<meta name=\"twitter:label1\" content=\"Dur\u00e9e de lecture estim\u00e9e\" \/>\n\t<meta name=\"twitter:data1\" content=\"2 minutes\" \/>\n<script type=\"application\/ld+json\" class=\"yoast-schema-graph\">{\"@context\":\"https:\/\/schema.org\",\"@graph\":[{\"@type\":\"WebPage\",\"@id\":\"https:\/\/bq-toy.com\/product\/peg-top-self-inking-stamp-24-pcs-music-symbol\/\",\"url\":\"https:\/\/bq-toy.com\/product\/peg-top-self-inking-stamp-24-pcs-music-symbol\/\",\"name\":\"Peg-Top self-inking stamp 24 pcs Music Symbol - BEIQI TOYS STAMP FACTORY\",\"isPartOf\":{\"@id\":\"https:\/\/bq-toy.com\/#website\"},\"primaryImageOfPage\":{\"@id\":\"https:\/\/bq-toy.com\/product\/peg-top-self-inking-stamp-24-pcs-music-symbol\/#primaryimage\"},\"image\":{\"@id\":\"https:\/\/bq-toy.com\/product\/peg-top-self-inking-stamp-24-pcs-music-symbol\/#primaryimage\"},\"thumbnailUrl\":\"https:\/\/bq-toy.com\/wp-content\/uploads\/2025\/12\/BQ60-8.jpg\",\"datePublished\":\"2025-12-13T07:46:49+00:00\",\"dateModified\":\"2025-12-13T07:50:04+00:00\",\"breadcrumb\":{\"@id\":\"https:\/\/bq-toy.com\/product\/peg-top-self-inking-stamp-24-pcs-music-symbol\/#breadcrumb\"},\"inLanguage\":\"fr-FR\",\"potentialAction\":[{\"@type\":\"ReadAction\",\"target\":[\"https:\/\/bq-toy.com\/product\/peg-top-self-inking-stamp-24-pcs-music-symbol\/\"]}]},{\"@type\":\"ImageObject\",\"inLanguage\":\"fr-FR\",\"@id\":\"https:\/\/bq-toy.com\/product\/peg-top-self-inking-stamp-24-pcs-music-symbol\/#primaryimage\",\"url\":\"https:\/\/bq-toy.com\/wp-content\/uploads\/2025\/12\/BQ60-8.jpg\",\"contentUrl\":\"https:\/\/bq-toy.com\/wp-content\/uploads\/2025\/12\/BQ60-8.jpg\",\"width\":1024,\"height\":1024},{\"@type\":\"BreadcrumbList\",\"@id\":\"https:\/\/bq-toy.com\/product\/peg-top-self-inking-stamp-24-pcs-music-symbol\/#breadcrumb\",\"itemListElement\":[{\"@type\":\"ListItem\",\"position\":1,\"name\":\"Home\",\"item\":\"https:\/\/bq-toy.com\/\"},{\"@type\":\"ListItem\",\"position\":2,\"name\":\"Product\",\"item\":\"https:\/\/bq-toy.com\/product\/\"},{\"@type\":\"ListItem\",\"position\":3,\"name\":\"Peg-Top self-inking stamp 24 pcs Music Symbol\"}]},{\"@type\":\"WebSite\",\"@id\":\"https:\/\/bq-toy.com\/#website\",\"url\":\"https:\/\/bq-toy.com\/\",\"name\":\"BEIQI TOYS STAMP FACTORY\",\"description\":\"BEIQI TOYS STAMP FACTORY\",\"potentialAction\":[{\"@type\":\"SearchAction\",\"target\":{\"@type\":\"EntryPoint\",\"urlTemplate\":\"https:\/\/bq-toy.com\/?s={search_term_string}\"},\"query-input\":{\"@type\":\"PropertyValueSpecification\",\"valueRequired\":true,\"valueName\":\"search_term_string\"}}],\"inLanguage\":\"fr-FR\"}]}<\/script>\n<!-- \/ Yoast SEO Premium plugin. -->","yoast_head_json":{"title":"Peg-Top self-inking stamp 24 pcs Music Symbol - BEIQI TOYS STAMP FACTORY","robots":{"index":"index","follow":"follow","max-snippet":"max-snippet:-1","max-image-preview":"max-image-preview:large","max-video-preview":"max-video-preview:-1"},"canonical":"https:\/\/bq-toy.com\/fr\/produit\/peg-top-self-inking-stamp-24-pcs-music-symbol\/","og_locale":"fr_FR","og_type":"article","og_title":"Peg-Top self-inking stamp 24 pcs Music Symbol","og_description":"Spin &amp; Stamp \u2013 3-in-1 Top &amp; Game Wheel This innovative toy combines a spinning top, a chance-based game wheel, and a creative stamp into one compact design. The upper section features a transparent wheel numbered 1 through 8, with a free-rolling steel ball sealed inside. The lower section functions as a ready-to-use stamp.  To play, simply spin the top. As it rotates, the steel ball whirls rapidly around the numbered track. When the top loses momentum and comes to a stop, the ball settles into one of the numbered slots, determining the game's outcome. Meanwhile, the stamp base can be used anytime to imprint patterns, adding a creative dimension to play or decision-making.  Perfect for games, rewards, or creative fun, the Spin &amp; Stamp offers endless engagement through its satisfying spin action, suspenseful game element, and artistic touch.    Model BQ60-8   material Plastic PS\/PP + EVA+Ink+Paper+Steel ball   Description Peg-top,Prize Wheels,stamp 3 functions in one   Size Stamp: 3.5x3.5x3.5cm;display box:27.5x19x4cm   Packing 24 pcs\/Display box   PCS\/carton 72 pcs\/carton.   Carton Size 57x40x80cm   N.W.\/G.W. 23\/21KGS   Color Mix 6 colors   Pattern 6 different patterns in one box   Type Self-Inking Stamp   Certificate MSDS,EN71,HR4040,7P,ASTM   Sample time 3-7 days","og_url":"https:\/\/bq-toy.com\/fr\/produit\/peg-top-self-inking-stamp-24-pcs-music-symbol\/","og_site_name":"BEIQI TOYS STAMP FACTORY","article_modified_time":"2025-12-13T07:50:04+00:00","og_image":[{"width":1024,"height":1024,"url":"https:\/\/bq-toy.com\/wp-content\/uploads\/2025\/12\/BQ60-8.jpg","type":"image\/jpeg"}],"twitter_card":"summary_large_image","twitter_misc":{"Dur\u00e9e de lecture estim\u00e9e":"2 minutes"},"schema":{"@context":"https:\/\/schema.org","@graph":[{"@type":"WebPage","@id":"https:\/\/bq-toy.com\/product\/peg-top-self-inking-stamp-24-pcs-music-symbol\/","url":"https:\/\/bq-toy.com\/product\/peg-top-self-inking-stamp-24-pcs-music-symbol\/","name":"Peg-Top self-inking stamp 24 pcs Music Symbol - BEIQI TOYS STAMP FACTORY","isPartOf":{"@id":"https:\/\/bq-toy.com\/#website"},"primaryImageOfPage":{"@id":"https:\/\/bq-toy.com\/product\/peg-top-self-inking-stamp-24-pcs-music-symbol\/#primaryimage"},"image":{"@id":"https:\/\/bq-toy.com\/product\/peg-top-self-inking-stamp-24-pcs-music-symbol\/#primaryimage"},"thumbnailUrl":"https:\/\/bq-toy.com\/wp-content\/uploads\/2025\/12\/BQ60-8.jpg","datePublished":"2025-12-13T07:46:49+00:00","dateModified":"2025-12-13T07:50:04+00:00","breadcrumb":{"@id":"https:\/\/bq-toy.com\/product\/peg-top-self-inking-stamp-24-pcs-music-symbol\/#breadcrumb"},"inLanguage":"fr-FR","potentialAction":[{"@type":"ReadAction","target":["https:\/\/bq-toy.com\/product\/peg-top-self-inking-stamp-24-pcs-music-symbol\/"]}]},{"@type":"ImageObject","inLanguage":"fr-FR","@id":"https:\/\/bq-toy.com\/product\/peg-top-self-inking-stamp-24-pcs-music-symbol\/#primaryimage","url":"https:\/\/bq-toy.com\/wp-content\/uploads\/2025\/12\/BQ60-8.jpg","contentUrl":"https:\/\/bq-toy.com\/wp-content\/uploads\/2025\/12\/BQ60-8.jpg","width":1024,"height":1024},{"@type":"BreadcrumbList","@id":"https:\/\/bq-toy.com\/product\/peg-top-self-inking-stamp-24-pcs-music-symbol\/#breadcrumb","itemListElement":[{"@type":"ListItem","position":1,"name":"Home","item":"https:\/\/bq-toy.com\/"},{"@type":"ListItem","position":2,"name":"Product","item":"https:\/\/bq-toy.com\/product\/"},{"@type":"ListItem","position":3,"name":"Peg-Top self-inking stamp 24 pcs Music Symbol"}]},{"@type":"WebSite","@id":"https:\/\/bq-toy.com\/#website","url":"https:\/\/bq-toy.com\/","name":"BEIQI TOYS STAMP FACTORY","description":"BEIQI TOYS STAMP FACTORY","potentialAction":[{"@type":"SearchAction","target":{"@type":"EntryPoint","urlTemplate":"https:\/\/bq-toy.com\/?s={search_term_string}"},"query-input":{"@type":"PropertyValueSpecification","valueRequired":true,"valueName":"search_term_string"}}],"inLanguage":"fr-FR"}]}},"_links":{"self":[{"href":"https:\/\/bq-toy.com\/fr\/wp-json\/wp\/v2\/product\/29749","targetHints":{"allow":["GET"]}}],"collection":[{"href":"https:\/\/bq-toy.com\/fr\/wp-json\/wp\/v2\/product"}],"about":[{"href":"https:\/\/bq-toy.com\/fr\/wp-json\/wp\/v2\/types\/product"}],"version-history":[{"count":1,"href":"https:\/\/bq-toy.com\/fr\/wp-json\/wp\/v2\/product\/29749\/revisions"}],"predecessor-version":[{"id":29750,"href":"https:\/\/bq-toy.com\/fr\/wp-json\/wp\/v2\/product\/29749\/revisions\/29750"}],"wp:featuredmedia":[{"embeddable":true,"href":"https:\/\/bq-toy.com\/fr\/wp-json\/wp\/v2\/media\/29737"}],"wp:attachment":[{"href":"https:\/\/bq-toy.com\/fr\/wp-json\/wp\/v2\/media?parent=29749"}],"wp:term":[{"taxonomy":"product_brand","embeddable":true,"href":"https:\/\/bq-toy.com\/fr\/wp-json\/wp\/v2\/product_brand?post=29749"},{"taxonomy":"product_cat","embeddable":true,"href":"https:\/\/bq-toy.com\/fr\/wp-json\/wp\/v2\/product_cat?post=29749"},{"taxonomy":"product_tag","embeddable":true,"href":"https:\/\/bq-toy.com\/fr\/wp-json\/wp\/v2\/product_tag?post=29749"}],"curies":[{"name":"wp","href":"https:\/\/api.w.org\/{rel}","templated":true}]}}