{"id":29679,"date":"2025-12-13T02:07:03","date_gmt":"2025-12-13T02:07:03","guid":{"rendered":"https:\/\/bq-toy.com\/?post_type=product&#038;p=29679"},"modified":"2025-12-13T03:37:36","modified_gmt":"2025-12-13T03:37:36","slug":"peg-top-self-inking-stamp-header-bag-6-pcs-dinosaurs","status":"publish","type":"product","link":"https:\/\/bq-toy.com\/fr\/produit\/peg-top-self-inking-stamp-header-bag-6-pcs-dinosaurs\/","title":{"rendered":"Tampon auto-encreur \u00e0 picots, sachet de 6 pi\u00e8ces, motif dinosaures"},"content":{"rendered":"<p><img fetchpriority=\"high\" decoding=\"async\" class=\"aligncenter size-full wp-image-29680\" src=\"https:\/\/bq-toy.com\/wp-content\/uploads\/2025\/12\/BQ60-D1.jpg\" alt=\"\" width=\"1024\" height=\"1024\" srcset=\"https:\/\/bq-toy.com\/wp-content\/uploads\/2025\/12\/BQ60-D1.jpg 1024w, https:\/\/bq-toy.com\/wp-content\/uploads\/2025\/12\/BQ60-D1-300x300.jpg 300w, https:\/\/bq-toy.com\/wp-content\/uploads\/2025\/12\/BQ60-D1-800x800.jpg 800w, https:\/\/bq-toy.com\/wp-content\/uploads\/2025\/12\/BQ60-D1-150x150.jpg 150w, https:\/\/bq-toy.com\/wp-content\/uploads\/2025\/12\/BQ60-D1-768x768.jpg 768w, https:\/\/bq-toy.com\/wp-content\/uploads\/2025\/12\/BQ60-D1-12x12.jpg 12w, https:\/\/bq-toy.com\/wp-content\/uploads\/2025\/12\/BQ60-D1-430x430.jpg 430w, https:\/\/bq-toy.com\/wp-content\/uploads\/2025\/12\/BQ60-D1-700x700.jpg 700w\" sizes=\"(max-width: 1024px) 100vw, 1024px\" \/><img decoding=\"async\" class=\"aligncenter size-full wp-image-29644\" src=\"https:\/\/bq-toy.com\/wp-content\/uploads\/2025\/12\/BQ60-1G-1.jpg\" alt=\"\" width=\"1024\" height=\"1024\" srcset=\"https:\/\/bq-toy.com\/wp-content\/uploads\/2025\/12\/BQ60-1G-1.jpg 1024w, https:\/\/bq-toy.com\/wp-content\/uploads\/2025\/12\/BQ60-1G-1-300x300.jpg 300w, https:\/\/bq-toy.com\/wp-content\/uploads\/2025\/12\/BQ60-1G-1-800x800.jpg 800w, https:\/\/bq-toy.com\/wp-content\/uploads\/2025\/12\/BQ60-1G-1-150x150.jpg 150w, https:\/\/bq-toy.com\/wp-content\/uploads\/2025\/12\/BQ60-1G-1-768x768.jpg 768w, https:\/\/bq-toy.com\/wp-content\/uploads\/2025\/12\/BQ60-1G-1-12x12.jpg 12w, https:\/\/bq-toy.com\/wp-content\/uploads\/2025\/12\/BQ60-1G-1-430x430.jpg 430w, https:\/\/bq-toy.com\/wp-content\/uploads\/2025\/12\/BQ60-1G-1-700x700.jpg 700w\" sizes=\"(max-width: 1024px) 100vw, 1024px\" \/><img decoding=\"async\" class=\"aligncenter size-full wp-image-29652\" src=\"https:\/\/bq-toy.com\/wp-content\/uploads\/2025\/12\/60.jpg\" alt=\"\" width=\"1297\" height=\"1297\" srcset=\"https:\/\/bq-toy.com\/wp-content\/uploads\/2025\/12\/60.jpg 1297w, https:\/\/bq-toy.com\/wp-content\/uploads\/2025\/12\/60-300x300.jpg 300w, https:\/\/bq-toy.com\/wp-content\/uploads\/2025\/12\/60-800x800.jpg 800w, https:\/\/bq-toy.com\/wp-content\/uploads\/2025\/12\/60-150x150.jpg 150w, https:\/\/bq-toy.com\/wp-content\/uploads\/2025\/12\/60-768x768.jpg 768w, https:\/\/bq-toy.com\/wp-content\/uploads\/2025\/12\/60-12x12.jpg 12w, https:\/\/bq-toy.com\/wp-content\/uploads\/2025\/12\/60-430x430.jpg 430w, https:\/\/bq-toy.com\/wp-content\/uploads\/2025\/12\/60-700x700.jpg 700w\" sizes=\"(max-width: 1297px) 100vw, 1297px\" \/><br \/>\n<img loading=\"lazy\" decoding=\"async\" class=\"aligncenter size-full wp-image-29653\" src=\"https:\/\/bq-toy.com\/wp-content\/uploads\/2025\/12\/8-2.jpg\" alt=\"\" width=\"1024\" height=\"1024\" srcset=\"https:\/\/bq-toy.com\/wp-content\/uploads\/2025\/12\/8-2.jpg 1024w, https:\/\/bq-toy.com\/wp-content\/uploads\/2025\/12\/8-2-300x300.jpg 300w, https:\/\/bq-toy.com\/wp-content\/uploads\/2025\/12\/8-2-800x800.jpg 800w, https:\/\/bq-toy.com\/wp-content\/uploads\/2025\/12\/8-2-150x150.jpg 150w, https:\/\/bq-toy.com\/wp-content\/uploads\/2025\/12\/8-2-768x768.jpg 768w, https:\/\/bq-toy.com\/wp-content\/uploads\/2025\/12\/8-2-12x12.jpg 12w, https:\/\/bq-toy.com\/wp-content\/uploads\/2025\/12\/8-2-430x430.jpg 430w, https:\/\/bq-toy.com\/wp-content\/uploads\/2025\/12\/8-2-700x700.jpg 700w\" sizes=\"(max-width: 1024px) 100vw, 1024px\" \/><img loading=\"lazy\" decoding=\"async\" class=\"aligncenter size-full wp-image-29655\" src=\"https:\/\/bq-toy.com\/wp-content\/uploads\/2025\/12\/10.jpg\" alt=\"\" width=\"1024\" height=\"1024\" srcset=\"https:\/\/bq-toy.com\/wp-content\/uploads\/2025\/12\/10.jpg 1024w, https:\/\/bq-toy.com\/wp-content\/uploads\/2025\/12\/10-300x300.jpg 300w, https:\/\/bq-toy.com\/wp-content\/uploads\/2025\/12\/10-800x800.jpg 800w, https:\/\/bq-toy.com\/wp-content\/uploads\/2025\/12\/10-150x150.jpg 150w, https:\/\/bq-toy.com\/wp-content\/uploads\/2025\/12\/10-768x768.jpg 768w, https:\/\/bq-toy.com\/wp-content\/uploads\/2025\/12\/10-12x12.jpg 12w, https:\/\/bq-toy.com\/wp-content\/uploads\/2025\/12\/10-430x430.jpg 430w, https:\/\/bq-toy.com\/wp-content\/uploads\/2025\/12\/10-700x700.jpg 700w\" sizes=\"(max-width: 1024px) 100vw, 1024px\" \/><\/p>\n<p>&nbsp;<\/p>","protected":false},"excerpt":{"rendered":"<p>Spin &amp; Stamp \u2013 Toupie et roue de jeu 3 en 1<br \/>\nCe jouet innovant combine une toupie, une roue de la fortune et un tampon cr\u00e9atif dans un format compact. La partie sup\u00e9rieure comprend une roue transparente num\u00e9rot\u00e9e de 1 \u00e0 8, avec une bille d&#039;acier qui roule librement \u00e0 l&#039;int\u00e9rieur. La partie inf\u00e9rieure fait office de tampon pr\u00eat \u00e0 l&#039;emploi.<\/p>\n<p>Pour jouer, il suffit de faire tourner la toupie. Pendant sa rotation, la bille d&#039;acier tourbillonne rapidement sur la piste num\u00e9rot\u00e9e. Lorsque la toupie ralentit et s&#039;arr\u00eate, la bille se loge dans l&#039;une des cases num\u00e9rot\u00e9es, d\u00e9terminant ainsi le r\u00e9sultat de la partie. Par ailleurs, la base \u00e0 tamponner permet de cr\u00e9er des motifs \u00e0 tout moment, ajoutant une dimension cr\u00e9ative au jeu et \u00e0 la prise de d\u00e9cision.<\/p>\n<p>Parfait pour les jeux, les r\u00e9compenses ou les activit\u00e9s cr\u00e9atives, le Spin &amp; Stamp offre un divertissement sans fin gr\u00e2ce \u00e0 son action de rotation satisfaisante, son \u00e9l\u00e9ment de jeu plein de suspense et sa touche artistique.<\/p>\n<p>&nbsp;<\/p>\n<table width=\"634\">\n<tbody>\n<tr>\n<td width=\"210\">Mod\u00e8le<\/td>\n<td width=\"424\">BQ60-D1<\/td>\n<\/tr>\n<tr>\n<td width=\"210\">mat\u00e9riel<\/td>\n<td width=\"424\">\u00a0Plastique PS\/PP + EVA + Encre + Papier + Bille d&#039;acier<\/td>\n<\/tr>\n<tr>\n<td width=\"210\">Fonctionnalit\u00e9<\/td>\n<td width=\"424\">Peg-top, roue de prix, tampon\u00a0: 3 fonctions en une<\/td>\n<\/tr>\n<tr>\n<td width=\"210\">Taille<\/td>\n<td width=\"424\">Timbre : 3,5 \u00d7 3,5 \u00d7 3,5 cm<\/td>\n<\/tr>\n<tr>\n<td width=\"210\">Emballage<\/td>\n<td width=\"424\">Sac \u00e0 t\u00eate<\/td>\n<\/tr>\n<tr>\n<td width=\"210\">Couleur<\/td>\n<td width=\"424\">M\u00e9langez 6 couleurs<\/td>\n<\/tr>\n<tr>\n<td width=\"210\">Mod\u00e8le<\/td>\n<td width=\"424\">6 motifs<\/td>\n<\/tr>\n<tr>\n<td width=\"210\">Taper<\/td>\n<td width=\"424\">Tampon auto-encreur<\/td>\n<\/tr>\n<tr>\n<td width=\"210\">Certificat<\/td>\n<td width=\"424\">FDS, EN71, HR4040, 7P, ASTM<\/td>\n<\/tr>\n<tr>\n<td width=\"210\">Temps d&#039;\u00e9chantillonnage<\/td>\n<td width=\"424\">3 \u00e0 7 jours<\/td>\n<\/tr>\n<\/tbody>\n<\/table>","protected":false},"featured_media":29680,"template":"","meta":[],"product_brand":[],"product_cat":[102],"product_tag":[],"class_list":{"0":"post-29679","1":"product","2":"type-product","3":"status-publish","4":"has-post-thumbnail","6":"product_cat-peg-top-stamp","8":"first","9":"instock","10":"shipping-taxable","11":"product-type-external"},"yoast_head":"<!-- This site is optimized with the Yoast SEO Premium plugin v26.6 (Yoast SEO v26.6) - https:\/\/yoast.com\/wordpress\/plugins\/seo\/ -->\n<title>Peg-Top self-inking stamp Header bag 6 pcs Dinosaurs - BEIQI TOYS STAMP FACTORY<\/title>\n<meta name=\"robots\" content=\"index, follow, max-snippet:-1, max-image-preview:large, max-video-preview:-1\" \/>\n<link rel=\"canonical\" href=\"https:\/\/bq-toy.com\/fr\/produit\/peg-top-self-inking-stamp-header-bag-6-pcs-dinosaurs\/\" \/>\n<meta property=\"og:locale\" content=\"fr_FR\" \/>\n<meta property=\"og:type\" content=\"article\" \/>\n<meta property=\"og:title\" content=\"Peg-Top self-inking stamp Header bag 6 pcs Dinosaurs\" \/>\n<meta property=\"og:description\" content=\"Spin &amp; Stamp \u2013 3-in-1 Top &amp; Game Wheel This innovative toy combines a spinning top, a chance-based game wheel, and a creative stamp into one compact design. The upper section features a transparent wheel numbered 1 through 8, with a free-rolling steel ball sealed inside. The lower section functions as a ready-to-use stamp.  To play, simply spin the top. As it rotates, the steel ball whirls rapidly around the numbered track. When the top loses momentum and comes to a stop, the ball settles into one of the numbered slots, determining the game&#039;s outcome. Meanwhile, the stamp base can be used anytime to imprint patterns, adding a creative dimension to play or decision-making.  Perfect for games, rewards, or creative fun, the Spin &amp; Stamp offers endless engagement through its satisfying spin action, suspenseful game element, and artistic touch.  &nbsp;    Model BQ60-D1   material \u00a0Plastic PS\/PP + EVA+Ink+Paper+Steel ball   Feature Peg-top,Prize Wheels,stamp 3 functions in one   Size Stamp: 3.5x3.5x3.5cm   Packing Header bag   Color Mix 6 colors   Pattern 6 patterns   Type Self-Inking Stamp   Certificate MSDS,EN71,HR4040,7P,ASTM   Sample time 3-7 days\" \/>\n<meta property=\"og:url\" content=\"https:\/\/bq-toy.com\/fr\/produit\/peg-top-self-inking-stamp-header-bag-6-pcs-dinosaurs\/\" \/>\n<meta property=\"og:site_name\" content=\"BEIQI TOYS STAMP FACTORY\" \/>\n<meta property=\"article:modified_time\" content=\"2025-12-13T03:37:36+00:00\" \/>\n<meta property=\"og:image\" content=\"https:\/\/bq-toy.com\/wp-content\/uploads\/2025\/12\/BQ60-D1.jpg\" \/>\n\t<meta property=\"og:image:width\" content=\"1024\" \/>\n\t<meta property=\"og:image:height\" content=\"1024\" \/>\n\t<meta property=\"og:image:type\" content=\"image\/jpeg\" \/>\n<meta name=\"twitter:card\" content=\"summary_large_image\" \/>\n<meta name=\"twitter:label1\" content=\"Dur\u00e9e de lecture estim\u00e9e\" \/>\n\t<meta name=\"twitter:data1\" content=\"2 minutes\" \/>\n<script type=\"application\/ld+json\" class=\"yoast-schema-graph\">{\"@context\":\"https:\/\/schema.org\",\"@graph\":[{\"@type\":\"WebPage\",\"@id\":\"https:\/\/bq-toy.com\/product\/peg-top-self-inking-stamp-header-bag-6-pcs-dinosaurs\/\",\"url\":\"https:\/\/bq-toy.com\/product\/peg-top-self-inking-stamp-header-bag-6-pcs-dinosaurs\/\",\"name\":\"Peg-Top self-inking stamp Header bag 6 pcs Dinosaurs - BEIQI TOYS STAMP FACTORY\",\"isPartOf\":{\"@id\":\"https:\/\/bq-toy.com\/#website\"},\"primaryImageOfPage\":{\"@id\":\"https:\/\/bq-toy.com\/product\/peg-top-self-inking-stamp-header-bag-6-pcs-dinosaurs\/#primaryimage\"},\"image\":{\"@id\":\"https:\/\/bq-toy.com\/product\/peg-top-self-inking-stamp-header-bag-6-pcs-dinosaurs\/#primaryimage\"},\"thumbnailUrl\":\"https:\/\/bq-toy.com\/wp-content\/uploads\/2025\/12\/BQ60-D1.jpg\",\"datePublished\":\"2025-12-13T02:07:03+00:00\",\"dateModified\":\"2025-12-13T03:37:36+00:00\",\"breadcrumb\":{\"@id\":\"https:\/\/bq-toy.com\/product\/peg-top-self-inking-stamp-header-bag-6-pcs-dinosaurs\/#breadcrumb\"},\"inLanguage\":\"fr-FR\",\"potentialAction\":[{\"@type\":\"ReadAction\",\"target\":[\"https:\/\/bq-toy.com\/product\/peg-top-self-inking-stamp-header-bag-6-pcs-dinosaurs\/\"]}]},{\"@type\":\"ImageObject\",\"inLanguage\":\"fr-FR\",\"@id\":\"https:\/\/bq-toy.com\/product\/peg-top-self-inking-stamp-header-bag-6-pcs-dinosaurs\/#primaryimage\",\"url\":\"https:\/\/bq-toy.com\/wp-content\/uploads\/2025\/12\/BQ60-D1.jpg\",\"contentUrl\":\"https:\/\/bq-toy.com\/wp-content\/uploads\/2025\/12\/BQ60-D1.jpg\",\"width\":1024,\"height\":1024},{\"@type\":\"BreadcrumbList\",\"@id\":\"https:\/\/bq-toy.com\/product\/peg-top-self-inking-stamp-header-bag-6-pcs-dinosaurs\/#breadcrumb\",\"itemListElement\":[{\"@type\":\"ListItem\",\"position\":1,\"name\":\"Home\",\"item\":\"https:\/\/bq-toy.com\/\"},{\"@type\":\"ListItem\",\"position\":2,\"name\":\"Product\",\"item\":\"https:\/\/bq-toy.com\/product\/\"},{\"@type\":\"ListItem\",\"position\":3,\"name\":\"Peg-Top self-inking stamp Header bag 6 pcs Dinosaurs\"}]},{\"@type\":\"WebSite\",\"@id\":\"https:\/\/bq-toy.com\/#website\",\"url\":\"https:\/\/bq-toy.com\/\",\"name\":\"BEIQI TOYS STAMP FACTORY\",\"description\":\"BEIQI TOYS STAMP FACTORY\",\"potentialAction\":[{\"@type\":\"SearchAction\",\"target\":{\"@type\":\"EntryPoint\",\"urlTemplate\":\"https:\/\/bq-toy.com\/?s={search_term_string}\"},\"query-input\":{\"@type\":\"PropertyValueSpecification\",\"valueRequired\":true,\"valueName\":\"search_term_string\"}}],\"inLanguage\":\"fr-FR\"}]}<\/script>\n<!-- \/ Yoast SEO Premium plugin. -->","yoast_head_json":{"title":"Peg-Top self-inking stamp Header bag 6 pcs Dinosaurs - BEIQI TOYS STAMP FACTORY","robots":{"index":"index","follow":"follow","max-snippet":"max-snippet:-1","max-image-preview":"max-image-preview:large","max-video-preview":"max-video-preview:-1"},"canonical":"https:\/\/bq-toy.com\/fr\/produit\/peg-top-self-inking-stamp-header-bag-6-pcs-dinosaurs\/","og_locale":"fr_FR","og_type":"article","og_title":"Peg-Top self-inking stamp Header bag 6 pcs Dinosaurs","og_description":"Spin &amp; Stamp \u2013 3-in-1 Top &amp; Game Wheel This innovative toy combines a spinning top, a chance-based game wheel, and a creative stamp into one compact design. The upper section features a transparent wheel numbered 1 through 8, with a free-rolling steel ball sealed inside. The lower section functions as a ready-to-use stamp.  To play, simply spin the top. As it rotates, the steel ball whirls rapidly around the numbered track. When the top loses momentum and comes to a stop, the ball settles into one of the numbered slots, determining the game's outcome. Meanwhile, the stamp base can be used anytime to imprint patterns, adding a creative dimension to play or decision-making.  Perfect for games, rewards, or creative fun, the Spin &amp; Stamp offers endless engagement through its satisfying spin action, suspenseful game element, and artistic touch.  &nbsp;    Model BQ60-D1   material \u00a0Plastic PS\/PP + EVA+Ink+Paper+Steel ball   Feature Peg-top,Prize Wheels,stamp 3 functions in one   Size Stamp: 3.5x3.5x3.5cm   Packing Header bag   Color Mix 6 colors   Pattern 6 patterns   Type Self-Inking Stamp   Certificate MSDS,EN71,HR4040,7P,ASTM   Sample time 3-7 days","og_url":"https:\/\/bq-toy.com\/fr\/produit\/peg-top-self-inking-stamp-header-bag-6-pcs-dinosaurs\/","og_site_name":"BEIQI TOYS STAMP FACTORY","article_modified_time":"2025-12-13T03:37:36+00:00","og_image":[{"width":1024,"height":1024,"url":"https:\/\/bq-toy.com\/wp-content\/uploads\/2025\/12\/BQ60-D1.jpg","type":"image\/jpeg"}],"twitter_card":"summary_large_image","twitter_misc":{"Dur\u00e9e de lecture estim\u00e9e":"2 minutes"},"schema":{"@context":"https:\/\/schema.org","@graph":[{"@type":"WebPage","@id":"https:\/\/bq-toy.com\/product\/peg-top-self-inking-stamp-header-bag-6-pcs-dinosaurs\/","url":"https:\/\/bq-toy.com\/product\/peg-top-self-inking-stamp-header-bag-6-pcs-dinosaurs\/","name":"Peg-Top self-inking stamp Header bag 6 pcs Dinosaurs - BEIQI TOYS STAMP FACTORY","isPartOf":{"@id":"https:\/\/bq-toy.com\/#website"},"primaryImageOfPage":{"@id":"https:\/\/bq-toy.com\/product\/peg-top-self-inking-stamp-header-bag-6-pcs-dinosaurs\/#primaryimage"},"image":{"@id":"https:\/\/bq-toy.com\/product\/peg-top-self-inking-stamp-header-bag-6-pcs-dinosaurs\/#primaryimage"},"thumbnailUrl":"https:\/\/bq-toy.com\/wp-content\/uploads\/2025\/12\/BQ60-D1.jpg","datePublished":"2025-12-13T02:07:03+00:00","dateModified":"2025-12-13T03:37:36+00:00","breadcrumb":{"@id":"https:\/\/bq-toy.com\/product\/peg-top-self-inking-stamp-header-bag-6-pcs-dinosaurs\/#breadcrumb"},"inLanguage":"fr-FR","potentialAction":[{"@type":"ReadAction","target":["https:\/\/bq-toy.com\/product\/peg-top-self-inking-stamp-header-bag-6-pcs-dinosaurs\/"]}]},{"@type":"ImageObject","inLanguage":"fr-FR","@id":"https:\/\/bq-toy.com\/product\/peg-top-self-inking-stamp-header-bag-6-pcs-dinosaurs\/#primaryimage","url":"https:\/\/bq-toy.com\/wp-content\/uploads\/2025\/12\/BQ60-D1.jpg","contentUrl":"https:\/\/bq-toy.com\/wp-content\/uploads\/2025\/12\/BQ60-D1.jpg","width":1024,"height":1024},{"@type":"BreadcrumbList","@id":"https:\/\/bq-toy.com\/product\/peg-top-self-inking-stamp-header-bag-6-pcs-dinosaurs\/#breadcrumb","itemListElement":[{"@type":"ListItem","position":1,"name":"Home","item":"https:\/\/bq-toy.com\/"},{"@type":"ListItem","position":2,"name":"Product","item":"https:\/\/bq-toy.com\/product\/"},{"@type":"ListItem","position":3,"name":"Peg-Top self-inking stamp Header bag 6 pcs Dinosaurs"}]},{"@type":"WebSite","@id":"https:\/\/bq-toy.com\/#website","url":"https:\/\/bq-toy.com\/","name":"BEIQI TOYS STAMP FACTORY","description":"BEIQI TOYS STAMP FACTORY","potentialAction":[{"@type":"SearchAction","target":{"@type":"EntryPoint","urlTemplate":"https:\/\/bq-toy.com\/?s={search_term_string}"},"query-input":{"@type":"PropertyValueSpecification","valueRequired":true,"valueName":"search_term_string"}}],"inLanguage":"fr-FR"}]}},"_links":{"self":[{"href":"https:\/\/bq-toy.com\/fr\/wp-json\/wp\/v2\/product\/29679","targetHints":{"allow":["GET"]}}],"collection":[{"href":"https:\/\/bq-toy.com\/fr\/wp-json\/wp\/v2\/product"}],"about":[{"href":"https:\/\/bq-toy.com\/fr\/wp-json\/wp\/v2\/types\/product"}],"version-history":[{"count":3,"href":"https:\/\/bq-toy.com\/fr\/wp-json\/wp\/v2\/product\/29679\/revisions"}],"predecessor-version":[{"id":29712,"href":"https:\/\/bq-toy.com\/fr\/wp-json\/wp\/v2\/product\/29679\/revisions\/29712"}],"wp:featuredmedia":[{"embeddable":true,"href":"https:\/\/bq-toy.com\/fr\/wp-json\/wp\/v2\/media\/29680"}],"wp:attachment":[{"href":"https:\/\/bq-toy.com\/fr\/wp-json\/wp\/v2\/media?parent=29679"}],"wp:term":[{"taxonomy":"product_brand","embeddable":true,"href":"https:\/\/bq-toy.com\/fr\/wp-json\/wp\/v2\/product_brand?post=29679"},{"taxonomy":"product_cat","embeddable":true,"href":"https:\/\/bq-toy.com\/fr\/wp-json\/wp\/v2\/product_cat?post=29679"},{"taxonomy":"product_tag","embeddable":true,"href":"https:\/\/bq-toy.com\/fr\/wp-json\/wp\/v2\/product_tag?post=29679"}],"curies":[{"name":"wp","href":"https:\/\/api.w.org\/{rel}","templated":true}]}}