{"id":29601,"date":"2025-12-12T02:44:00","date_gmt":"2025-12-12T02:44:00","guid":{"rendered":"https:\/\/bq-toy.com\/?post_type=product&#038;p=29601"},"modified":"2025-12-13T03:03:37","modified_gmt":"2025-12-13T03:03:37","slug":"stamps-packed-in-header-bag-insect-b","status":"publish","type":"product","link":"https:\/\/bq-toy.com\/fr\/produit\/stamps-packed-in-header-bag-insect-b\/","title":{"rendered":"Timbres emball\u00e9s dans un sachet \u00e0 en-t\u00eate Insecte B"},"content":{"rendered":"<p><img fetchpriority=\"high\" decoding=\"async\" class=\"aligncenter size-full wp-image-29577\" src=\"https:\/\/bq-toy.com\/wp-content\/uploads\/2025\/12\/BQ505-D2B.jpg\" alt=\"\" width=\"1024\" height=\"1024\" srcset=\"https:\/\/bq-toy.com\/wp-content\/uploads\/2025\/12\/BQ505-D2B.jpg 1024w, https:\/\/bq-toy.com\/wp-content\/uploads\/2025\/12\/BQ505-D2B-300x300.jpg 300w, https:\/\/bq-toy.com\/wp-content\/uploads\/2025\/12\/BQ505-D2B-800x800.jpg 800w, https:\/\/bq-toy.com\/wp-content\/uploads\/2025\/12\/BQ505-D2B-150x150.jpg 150w, https:\/\/bq-toy.com\/wp-content\/uploads\/2025\/12\/BQ505-D2B-768x768.jpg 768w, https:\/\/bq-toy.com\/wp-content\/uploads\/2025\/12\/BQ505-D2B-12x12.jpg 12w, https:\/\/bq-toy.com\/wp-content\/uploads\/2025\/12\/BQ505-D2B-430x430.jpg 430w, https:\/\/bq-toy.com\/wp-content\/uploads\/2025\/12\/BQ505-D2B-700x700.jpg 700w\" sizes=\"(max-width: 1024px) 100vw, 1024px\" \/><img decoding=\"async\" class=\"aligncenter size-full wp-image-29474\" src=\"https:\/\/bq-toy.com\/wp-content\/uploads\/2025\/12\/BQ505-2.jpg\" alt=\"\" width=\"1024\" height=\"1024\" srcset=\"https:\/\/bq-toy.com\/wp-content\/uploads\/2025\/12\/BQ505-2.jpg 1024w, https:\/\/bq-toy.com\/wp-content\/uploads\/2025\/12\/BQ505-2-300x300.jpg 300w, https:\/\/bq-toy.com\/wp-content\/uploads\/2025\/12\/BQ505-2-800x800.jpg 800w, https:\/\/bq-toy.com\/wp-content\/uploads\/2025\/12\/BQ505-2-150x150.jpg 150w, https:\/\/bq-toy.com\/wp-content\/uploads\/2025\/12\/BQ505-2-768x768.jpg 768w, https:\/\/bq-toy.com\/wp-content\/uploads\/2025\/12\/BQ505-2-12x12.jpg 12w, https:\/\/bq-toy.com\/wp-content\/uploads\/2025\/12\/BQ505-2-430x430.jpg 430w, https:\/\/bq-toy.com\/wp-content\/uploads\/2025\/12\/BQ505-2-700x700.jpg 700w\" sizes=\"(max-width: 1024px) 100vw, 1024px\" \/><img decoding=\"async\" class=\"aligncenter size-full wp-image-29191\" src=\"https:\/\/bq-toy.com\/wp-content\/uploads\/2025\/12\/1-1.webp\" alt=\"\" width=\"1000\" height=\"1000\" srcset=\"https:\/\/bq-toy.com\/wp-content\/uploads\/2025\/12\/1-1.webp 1000w, https:\/\/bq-toy.com\/wp-content\/uploads\/2025\/12\/1-1-300x300.webp 300w, https:\/\/bq-toy.com\/wp-content\/uploads\/2025\/12\/1-1-800x800.webp 800w, https:\/\/bq-toy.com\/wp-content\/uploads\/2025\/12\/1-1-150x150.webp 150w, https:\/\/bq-toy.com\/wp-content\/uploads\/2025\/12\/1-1-768x768.webp 768w, https:\/\/bq-toy.com\/wp-content\/uploads\/2025\/12\/1-1-12x12.webp 12w, https:\/\/bq-toy.com\/wp-content\/uploads\/2025\/12\/1-1-430x430.webp 430w, https:\/\/bq-toy.com\/wp-content\/uploads\/2025\/12\/1-1-700x700.webp 700w\" sizes=\"(max-width: 1000px) 100vw, 1000px\" \/><\/p>","protected":false},"excerpt":{"rendered":"<p>Le coffret de tampons pour enfants de BeiQi Toys Stamp comprend 12 tampons auto-encreurs \u00e0 encre lavable. Il se d\u00e9cline en 12 mod\u00e8les diff\u00e9rents. <strong>Insecte<\/strong>\u00a0Ces tampons \u00e0 motifs permettent de personnaliser diverses surfaces. Ils visent \u00e0 stimuler la dext\u00e9rit\u00e9 manuelle et la cr\u00e9ativit\u00e9. Fabriqu\u00e9s en PP, EVA, papier et encre, ils sont \u00e0 la fois r\u00e9sistants et faciles \u00e0 utiliser.<\/p>\n<table style=\"border-collapse: collapse; width: 443.02pt;\" border=\"0\" width=\"443\" cellspacing=\"0\" cellpadding=\"0\">\n<tbody>\n<tr style=\"height: 21.00pt;\">\n<td class=\"et3\" style=\"height: 21.00pt; width: 147.00pt;\" width=\"147\" height=\"21\">Mod\u00e8le<\/td>\n<td class=\"et3\" style=\"width: 296.80pt;\" width=\"296\">BQ505-D2B<\/td>\n<\/tr>\n<tr style=\"height: 21.00pt;\">\n<td class=\"et3\" style=\"height: 21.00pt; width: 147.00pt;\" width=\"147\" height=\"21\">mat\u00e9riel<\/td>\n<td class=\"et3\" style=\"width: 296.80pt;\" width=\"296\">Plastique PP + EVA + papier + encre<\/td>\n<\/tr>\n<tr style=\"height: 21.00pt;\">\n<td class=\"et3\" style=\"height: 21.00pt; width: 147.00pt;\" width=\"147\" height=\"21\">Description<\/td>\n<td class=\"et3\" style=\"width: 296.80pt;\" width=\"296\">Tampons auto-encreurs pour enfants (lot de 12)<\/td>\n<\/tr>\n<tr style=\"height: 24.00pt;\">\n<td class=\"et3\" style=\"height: 24.00pt; width: 147.00pt;\" width=\"147\" height=\"24\">Taille<\/td>\n<td class=\"et4\" style=\"width: 296.80pt;\" width=\"296\">Timbre : 2,65 \u00d7 2,65 \u00d7 3,65 cm ;<\/td>\n<\/tr>\n<tr style=\"height: 24.00pt;\">\n<td class=\"et3\" style=\"height: 24.00pt; width: 147.00pt;\" width=\"147\" height=\"24\">Emballage<\/td>\n<td class=\"et4\" style=\"width: 296.80pt;\" width=\"296\">12 pi\u00e8ces\/sachet<\/td>\n<\/tr>\n<tr style=\"height: 24.00pt;\">\n<td class=\"et3\" style=\"height: 24.00pt; width: 147.00pt;\" width=\"147\" height=\"24\">Couleur<\/td>\n<td class=\"et4\" style=\"width: 296.80pt;\" width=\"296\">6 couleurs<\/td>\n<\/tr>\n<tr style=\"height: 24.00pt;\">\n<td class=\"et3\" style=\"height: 24.00pt; width: 147.00pt;\" width=\"147\" height=\"24\">Mod\u00e8le<\/td>\n<td class=\"et4\" style=\"width: 296.80pt;\" width=\"296\">12 motifs diff\u00e9rents<\/td>\n<\/tr>\n<tr style=\"height: 24.00pt;\">\n<td class=\"et3\" style=\"height: 24.00pt; width: 147.00pt;\" width=\"147\" height=\"24\">Taper<\/td>\n<td class=\"et4\" style=\"width: 296.80pt;\" width=\"296\">Tampon auto-encreur<\/td>\n<\/tr>\n<tr style=\"height: 24.00pt;\">\n<td class=\"et3\" style=\"height: 24.00pt; width: 147.00pt;\" width=\"147\" height=\"24\">Certificat<\/td>\n<td class=\"et4\" style=\"width: 296.80pt;\" width=\"296\">FDS, EN71, HR4040, 7P, ASTM<\/td>\n<\/tr>\n<tr style=\"height: 24.00pt;\">\n<td class=\"et3\" style=\"height: 24.00pt; width: 147.00pt;\" width=\"147\" height=\"24\">Temps d&#039;\u00e9chantillonnage<\/td>\n<td class=\"et4\" style=\"width: 296.80pt;\" width=\"296\">3 \u00e0 7 jours<\/td>\n<\/tr>\n<\/tbody>\n<\/table>","protected":false},"featured_media":29577,"template":"","meta":[],"product_brand":[],"product_cat":[101],"product_tag":[],"class_list":{"0":"post-29601","1":"product","2":"type-product","3":"status-publish","4":"has-post-thumbnail","6":"product_cat-round-stamp","8":"first","9":"instock","10":"shipping-taxable","11":"product-type-external"},"yoast_head":"<!-- This site is optimized with the Yoast SEO Premium plugin v26.6 (Yoast SEO v26.6) - https:\/\/yoast.com\/wordpress\/plugins\/seo\/ -->\n<title>Stamps Packed In Header Bag Insect B - BEIQI TOYS STAMP FACTORY<\/title>\n<meta name=\"robots\" content=\"index, follow, max-snippet:-1, max-image-preview:large, max-video-preview:-1\" \/>\n<link rel=\"canonical\" href=\"https:\/\/bq-toy.com\/fr\/produit\/stamps-packed-in-header-bag-insect-b\/\" \/>\n<meta property=\"og:locale\" content=\"fr_FR\" \/>\n<meta property=\"og:type\" content=\"article\" \/>\n<meta property=\"og:title\" content=\"Stamps Packed In Header Bag Insect B\" \/>\n<meta property=\"og:description\" content=\"The Kids Stamp set of BeiQi Toys Stamp includes 12 self-inking stamps with washable ink. It comes in 12 different Insect\u00a0patterns, allowing you to customize various surfaces. It aims to stimulate manual skills and creativity. These stamps are made of PP,EVA, paper and ink, which ensures their durability and ease of use.    Model BQ505-D2B   material Plastic PP + EVA+paper+Ink   Description Kids self-Inking Stamp 12 pcs   Size Stamp: 2.65x2.65x3.65cm;   Packing 12 pcs\/bag   Color 6 colors   Pattern 12 different patterns   Type Self-Inking Stamp   Certificate MSDS,EN71,HR4040,7P,ASTM   Sample time 3-7 days\" \/>\n<meta property=\"og:url\" content=\"https:\/\/bq-toy.com\/fr\/produit\/stamps-packed-in-header-bag-insect-b\/\" \/>\n<meta property=\"og:site_name\" content=\"BEIQI TOYS STAMP FACTORY\" \/>\n<meta property=\"article:modified_time\" content=\"2025-12-13T03:03:37+00:00\" \/>\n<meta property=\"og:image\" content=\"https:\/\/bq-toy.com\/wp-content\/uploads\/2025\/12\/BQ505-D2B.jpg\" \/>\n\t<meta property=\"og:image:width\" content=\"1024\" \/>\n\t<meta property=\"og:image:height\" content=\"1024\" \/>\n\t<meta property=\"og:image:type\" content=\"image\/jpeg\" \/>\n<meta name=\"twitter:card\" content=\"summary_large_image\" \/>\n<meta name=\"twitter:label1\" content=\"Dur\u00e9e de lecture estim\u00e9e\" \/>\n\t<meta name=\"twitter:data1\" content=\"1 minute\" \/>\n<script type=\"application\/ld+json\" class=\"yoast-schema-graph\">{\"@context\":\"https:\/\/schema.org\",\"@graph\":[{\"@type\":\"WebPage\",\"@id\":\"https:\/\/bq-toy.com\/product\/stamps-packed-in-header-bag-insect-b\/\",\"url\":\"https:\/\/bq-toy.com\/product\/stamps-packed-in-header-bag-insect-b\/\",\"name\":\"Stamps Packed In Header Bag Insect B - BEIQI TOYS STAMP FACTORY\",\"isPartOf\":{\"@id\":\"https:\/\/bq-toy.com\/#website\"},\"primaryImageOfPage\":{\"@id\":\"https:\/\/bq-toy.com\/product\/stamps-packed-in-header-bag-insect-b\/#primaryimage\"},\"image\":{\"@id\":\"https:\/\/bq-toy.com\/product\/stamps-packed-in-header-bag-insect-b\/#primaryimage\"},\"thumbnailUrl\":\"https:\/\/bq-toy.com\/wp-content\/uploads\/2025\/12\/BQ505-D2B.jpg\",\"datePublished\":\"2025-12-12T02:44:00+00:00\",\"dateModified\":\"2025-12-13T03:03:37+00:00\",\"breadcrumb\":{\"@id\":\"https:\/\/bq-toy.com\/product\/stamps-packed-in-header-bag-insect-b\/#breadcrumb\"},\"inLanguage\":\"fr-FR\",\"potentialAction\":[{\"@type\":\"ReadAction\",\"target\":[\"https:\/\/bq-toy.com\/product\/stamps-packed-in-header-bag-insect-b\/\"]}]},{\"@type\":\"ImageObject\",\"inLanguage\":\"fr-FR\",\"@id\":\"https:\/\/bq-toy.com\/product\/stamps-packed-in-header-bag-insect-b\/#primaryimage\",\"url\":\"https:\/\/bq-toy.com\/wp-content\/uploads\/2025\/12\/BQ505-D2B.jpg\",\"contentUrl\":\"https:\/\/bq-toy.com\/wp-content\/uploads\/2025\/12\/BQ505-D2B.jpg\",\"width\":1024,\"height\":1024},{\"@type\":\"BreadcrumbList\",\"@id\":\"https:\/\/bq-toy.com\/product\/stamps-packed-in-header-bag-insect-b\/#breadcrumb\",\"itemListElement\":[{\"@type\":\"ListItem\",\"position\":1,\"name\":\"Home\",\"item\":\"https:\/\/bq-toy.com\/\"},{\"@type\":\"ListItem\",\"position\":2,\"name\":\"Product\",\"item\":\"https:\/\/bq-toy.com\/product\/\"},{\"@type\":\"ListItem\",\"position\":3,\"name\":\"Stamps Packed In Header Bag Insect B\"}]},{\"@type\":\"WebSite\",\"@id\":\"https:\/\/bq-toy.com\/#website\",\"url\":\"https:\/\/bq-toy.com\/\",\"name\":\"BEIQI TOYS STAMP FACTORY\",\"description\":\"BEIQI TOYS STAMP FACTORY\",\"potentialAction\":[{\"@type\":\"SearchAction\",\"target\":{\"@type\":\"EntryPoint\",\"urlTemplate\":\"https:\/\/bq-toy.com\/?s={search_term_string}\"},\"query-input\":{\"@type\":\"PropertyValueSpecification\",\"valueRequired\":true,\"valueName\":\"search_term_string\"}}],\"inLanguage\":\"fr-FR\"}]}<\/script>\n<!-- \/ Yoast SEO Premium plugin. -->","yoast_head_json":{"title":"Stamps Packed In Header Bag Insect B - BEIQI TOYS STAMP FACTORY","robots":{"index":"index","follow":"follow","max-snippet":"max-snippet:-1","max-image-preview":"max-image-preview:large","max-video-preview":"max-video-preview:-1"},"canonical":"https:\/\/bq-toy.com\/fr\/produit\/stamps-packed-in-header-bag-insect-b\/","og_locale":"fr_FR","og_type":"article","og_title":"Stamps Packed In Header Bag Insect B","og_description":"The Kids Stamp set of BeiQi Toys Stamp includes 12 self-inking stamps with washable ink. It comes in 12 different Insect\u00a0patterns, allowing you to customize various surfaces. It aims to stimulate manual skills and creativity. These stamps are made of PP,EVA, paper and ink, which ensures their durability and ease of use.    Model BQ505-D2B   material Plastic PP + EVA+paper+Ink   Description Kids self-Inking Stamp 12 pcs   Size Stamp: 2.65x2.65x3.65cm;   Packing 12 pcs\/bag   Color 6 colors   Pattern 12 different patterns   Type Self-Inking Stamp   Certificate MSDS,EN71,HR4040,7P,ASTM   Sample time 3-7 days","og_url":"https:\/\/bq-toy.com\/fr\/produit\/stamps-packed-in-header-bag-insect-b\/","og_site_name":"BEIQI TOYS STAMP FACTORY","article_modified_time":"2025-12-13T03:03:37+00:00","og_image":[{"width":1024,"height":1024,"url":"https:\/\/bq-toy.com\/wp-content\/uploads\/2025\/12\/BQ505-D2B.jpg","type":"image\/jpeg"}],"twitter_card":"summary_large_image","twitter_misc":{"Dur\u00e9e de lecture estim\u00e9e":"1 minute"},"schema":{"@context":"https:\/\/schema.org","@graph":[{"@type":"WebPage","@id":"https:\/\/bq-toy.com\/product\/stamps-packed-in-header-bag-insect-b\/","url":"https:\/\/bq-toy.com\/product\/stamps-packed-in-header-bag-insect-b\/","name":"Stamps Packed In Header Bag Insect B - BEIQI TOYS STAMP FACTORY","isPartOf":{"@id":"https:\/\/bq-toy.com\/#website"},"primaryImageOfPage":{"@id":"https:\/\/bq-toy.com\/product\/stamps-packed-in-header-bag-insect-b\/#primaryimage"},"image":{"@id":"https:\/\/bq-toy.com\/product\/stamps-packed-in-header-bag-insect-b\/#primaryimage"},"thumbnailUrl":"https:\/\/bq-toy.com\/wp-content\/uploads\/2025\/12\/BQ505-D2B.jpg","datePublished":"2025-12-12T02:44:00+00:00","dateModified":"2025-12-13T03:03:37+00:00","breadcrumb":{"@id":"https:\/\/bq-toy.com\/product\/stamps-packed-in-header-bag-insect-b\/#breadcrumb"},"inLanguage":"fr-FR","potentialAction":[{"@type":"ReadAction","target":["https:\/\/bq-toy.com\/product\/stamps-packed-in-header-bag-insect-b\/"]}]},{"@type":"ImageObject","inLanguage":"fr-FR","@id":"https:\/\/bq-toy.com\/product\/stamps-packed-in-header-bag-insect-b\/#primaryimage","url":"https:\/\/bq-toy.com\/wp-content\/uploads\/2025\/12\/BQ505-D2B.jpg","contentUrl":"https:\/\/bq-toy.com\/wp-content\/uploads\/2025\/12\/BQ505-D2B.jpg","width":1024,"height":1024},{"@type":"BreadcrumbList","@id":"https:\/\/bq-toy.com\/product\/stamps-packed-in-header-bag-insect-b\/#breadcrumb","itemListElement":[{"@type":"ListItem","position":1,"name":"Home","item":"https:\/\/bq-toy.com\/"},{"@type":"ListItem","position":2,"name":"Product","item":"https:\/\/bq-toy.com\/product\/"},{"@type":"ListItem","position":3,"name":"Stamps Packed In Header Bag Insect B"}]},{"@type":"WebSite","@id":"https:\/\/bq-toy.com\/#website","url":"https:\/\/bq-toy.com\/","name":"BEIQI TOYS STAMP FACTORY","description":"BEIQI TOYS STAMP FACTORY","potentialAction":[{"@type":"SearchAction","target":{"@type":"EntryPoint","urlTemplate":"https:\/\/bq-toy.com\/?s={search_term_string}"},"query-input":{"@type":"PropertyValueSpecification","valueRequired":true,"valueName":"search_term_string"}}],"inLanguage":"fr-FR"}]}},"_links":{"self":[{"href":"https:\/\/bq-toy.com\/fr\/wp-json\/wp\/v2\/product\/29601","targetHints":{"allow":["GET"]}}],"collection":[{"href":"https:\/\/bq-toy.com\/fr\/wp-json\/wp\/v2\/product"}],"about":[{"href":"https:\/\/bq-toy.com\/fr\/wp-json\/wp\/v2\/types\/product"}],"version-history":[{"count":1,"href":"https:\/\/bq-toy.com\/fr\/wp-json\/wp\/v2\/product\/29601\/revisions"}],"predecessor-version":[{"id":29602,"href":"https:\/\/bq-toy.com\/fr\/wp-json\/wp\/v2\/product\/29601\/revisions\/29602"}],"wp:featuredmedia":[{"embeddable":true,"href":"https:\/\/bq-toy.com\/fr\/wp-json\/wp\/v2\/media\/29577"}],"wp:attachment":[{"href":"https:\/\/bq-toy.com\/fr\/wp-json\/wp\/v2\/media?parent=29601"}],"wp:term":[{"taxonomy":"product_brand","embeddable":true,"href":"https:\/\/bq-toy.com\/fr\/wp-json\/wp\/v2\/product_brand?post=29601"},{"taxonomy":"product_cat","embeddable":true,"href":"https:\/\/bq-toy.com\/fr\/wp-json\/wp\/v2\/product_cat?post=29601"},{"taxonomy":"product_tag","embeddable":true,"href":"https:\/\/bq-toy.com\/fr\/wp-json\/wp\/v2\/product_tag?post=29601"}],"curies":[{"name":"wp","href":"https:\/\/api.w.org\/{rel}","templated":true}]}}