{"id":29833,"date":"2025-12-16T02:30:09","date_gmt":"2025-12-16T02:30:09","guid":{"rendered":"https:\/\/bq-toy.com\/?post_type=product&#038;p=29833"},"modified":"2025-12-30T09:45:23","modified_gmt":"2025-12-30T09:45:23","slug":"dinosaur-rubber-stamp-set","status":"publish","type":"product","link":"https:\/\/bq-toy.com\/es\/producto\/dinosaur-rubber-stamp-set\/","title":{"rendered":"Juego de sellos de goma de dinosaurios, sellos de T-Rex, Stegosaurus y Triceratops con mango redondo y almohadilla de tinta cuadrada, juguete de aventura prehist\u00f3rica para ni\u00f1os."},"content":{"rendered":"<p>\u00a1Regresa a la era de los gigantes con nuestro emocionante set de sellos de goma de dinosaurios de 4 piezas! Da rienda suelta al poderoso T-Rex, al puntiagudo Stegosaurus, al triceratops y a otro temible amigo sobre el papel. Fabricados con goma premium y duradera, cada sello ofrece impresiones de dinosaurios detalladas y din\u00e1micas que cautivar\u00e1n a cualquier joven paleont\u00f3logo. Los mangos redondos de pl\u00e1stico, especialmente dise\u00f1ados, ofrecen un control superior para las manos de los peque\u00f1os, haciendo que estampar sea divertido y sencillo. La vibrante almohadilla de tinta cuadrada que lo acompa\u00f1a da vida a estas criaturas prehist\u00f3ricas con colores vibrantes. Ideal para crear escenas jur\u00e1sicas, decorar cuadernos o enriquecer proyectos escolares sobre historia antigua. Este set fomenta el juego imaginativo y la curiosidad cient\u00edfica. Como todos nuestros productos, est\u00e1 fabricado con materiales seguros y no t\u00f3xicos, cumpliendo con los estrictos est\u00e1ndares internacionales de seguridad de juguetes para un juego sin preocupaciones.<img fetchpriority=\"high\" decoding=\"async\" class=\"aligncenter size-full wp-image-29827\" src=\"https:\/\/bq-toy.com\/wp-content\/uploads\/2025\/12\/BQ40-80C-G-1.jpg\" alt=\"\" width=\"800\" height=\"800\" srcset=\"https:\/\/bq-toy.com\/wp-content\/uploads\/2025\/12\/BQ40-80C-G-1.jpg 800w, https:\/\/bq-toy.com\/wp-content\/uploads\/2025\/12\/BQ40-80C-G-1-300x300.jpg 300w, https:\/\/bq-toy.com\/wp-content\/uploads\/2025\/12\/BQ40-80C-G-1-150x150.jpg 150w, https:\/\/bq-toy.com\/wp-content\/uploads\/2025\/12\/BQ40-80C-G-1-768x768.jpg 768w, https:\/\/bq-toy.com\/wp-content\/uploads\/2025\/12\/BQ40-80C-G-1-12x12.jpg 12w, https:\/\/bq-toy.com\/wp-content\/uploads\/2025\/12\/BQ40-80C-G-1-430x430.jpg 430w, https:\/\/bq-toy.com\/wp-content\/uploads\/2025\/12\/BQ40-80C-G-1-700x700.jpg 700w\" sizes=\"(max-width: 800px) 100vw, 800px\" \/><img decoding=\"async\" class=\"aligncenter size-full wp-image-29826\" src=\"https:\/\/bq-toy.com\/wp-content\/uploads\/2025\/12\/BQ40-80B-G.jpg\" alt=\"\" width=\"800\" height=\"800\" srcset=\"https:\/\/bq-toy.com\/wp-content\/uploads\/2025\/12\/BQ40-80B-G.jpg 800w, https:\/\/bq-toy.com\/wp-content\/uploads\/2025\/12\/BQ40-80B-G-300x300.jpg 300w, https:\/\/bq-toy.com\/wp-content\/uploads\/2025\/12\/BQ40-80B-G-150x150.jpg 150w, https:\/\/bq-toy.com\/wp-content\/uploads\/2025\/12\/BQ40-80B-G-768x768.jpg 768w, https:\/\/bq-toy.com\/wp-content\/uploads\/2025\/12\/BQ40-80B-G-12x12.jpg 12w, https:\/\/bq-toy.com\/wp-content\/uploads\/2025\/12\/BQ40-80B-G-430x430.jpg 430w, https:\/\/bq-toy.com\/wp-content\/uploads\/2025\/12\/BQ40-80B-G-700x700.jpg 700w\" sizes=\"(max-width: 800px) 100vw, 800px\" \/><img decoding=\"async\" class=\"aligncenter size-full wp-image-29829\" src=\"https:\/\/bq-toy.com\/wp-content\/uploads\/2025\/12\/BQ40-80A-G-1.jpg\" alt=\"\" width=\"800\" height=\"800\" srcset=\"https:\/\/bq-toy.com\/wp-content\/uploads\/2025\/12\/BQ40-80A-G-1.jpg 800w, https:\/\/bq-toy.com\/wp-content\/uploads\/2025\/12\/BQ40-80A-G-1-300x300.jpg 300w, https:\/\/bq-toy.com\/wp-content\/uploads\/2025\/12\/BQ40-80A-G-1-150x150.jpg 150w, https:\/\/bq-toy.com\/wp-content\/uploads\/2025\/12\/BQ40-80A-G-1-768x768.jpg 768w, https:\/\/bq-toy.com\/wp-content\/uploads\/2025\/12\/BQ40-80A-G-1-12x12.jpg 12w, https:\/\/bq-toy.com\/wp-content\/uploads\/2025\/12\/BQ40-80A-G-1-430x430.jpg 430w, https:\/\/bq-toy.com\/wp-content\/uploads\/2025\/12\/BQ40-80A-G-1-700x700.jpg 700w\" sizes=\"(max-width: 800px) 100vw, 800px\" \/><img loading=\"lazy\" decoding=\"async\" class=\"aligncenter size-full wp-image-29828\" src=\"https:\/\/bq-toy.com\/wp-content\/uploads\/2025\/12\/BQ40-80D-G-1.jpg\" alt=\"\" width=\"800\" height=\"800\" srcset=\"https:\/\/bq-toy.com\/wp-content\/uploads\/2025\/12\/BQ40-80D-G-1.jpg 800w, https:\/\/bq-toy.com\/wp-content\/uploads\/2025\/12\/BQ40-80D-G-1-300x300.jpg 300w, https:\/\/bq-toy.com\/wp-content\/uploads\/2025\/12\/BQ40-80D-G-1-150x150.jpg 150w, https:\/\/bq-toy.com\/wp-content\/uploads\/2025\/12\/BQ40-80D-G-1-768x768.jpg 768w, https:\/\/bq-toy.com\/wp-content\/uploads\/2025\/12\/BQ40-80D-G-1-12x12.jpg 12w, https:\/\/bq-toy.com\/wp-content\/uploads\/2025\/12\/BQ40-80D-G-1-430x430.jpg 430w, https:\/\/bq-toy.com\/wp-content\/uploads\/2025\/12\/BQ40-80D-G-1-700x700.jpg 700w\" sizes=\"(max-width: 800px) 100vw, 800px\" \/><\/p>","protected":false},"excerpt":{"rendered":"<p class=\"ds-markdown-paragraph\"><strong>Mini juego de sellos: sorpresa creativa y divertida<\/strong><\/p>\n<p class=\"ds-markdown-paragraph\">Conoce a los\u00a0<strong>Mini juego de sellos<\/strong> Un set de sellos compacto e ingenioso, dise\u00f1ado para encajar perfectamente en huevos sorpresa, paquetes de snacks y bolsas de golosinas. Cada c\u00e1psula incluye un sello de goma y una almohadilla de tinta, sellados en una bolsa de polipropileno transparente que los mantiene frescos y visibles. Totalmente personalizable en dise\u00f1o y color, es un inserto promocional ideal o un complemento creativo para productos alimenticios infantiles.<\/p>\n<p class=\"ds-markdown-paragraph\"><strong>Caracter\u00edsticas y beneficios:<\/strong><\/p>\n<ul>\n<li>\n<p class=\"ds-markdown-paragraph\"><strong>Juego de sellos todo en uno<\/strong>\u00a0\u2013 Incluye 1 sello de goma + 1 cartucho de tinta, listo para usar.<\/p>\n<\/li>\n<li>\n<p class=\"ds-markdown-paragraph\"><strong>Seguro para alimentos y ni\u00f1os<\/strong>\u00a0\u2013 Fabricado con materiales no t\u00f3xicos y seguros para el contacto con alimentos.<\/p>\n<\/li>\n<li>\n<p class=\"ds-markdown-paragraph\"><strong>Totalmente personalizable<\/strong>\u00a0\u2013 La forma, el color y el dise\u00f1o de la impresi\u00f3n del sello se pueden adaptar a su marca o tema.<\/p>\n<\/li>\n<li>\n<p class=\"ds-markdown-paragraph\"><strong>Embalaje de OPP transparente<\/strong>\u00a0\u2013 Deja que el producto brille manteni\u00e9ndolo limpio e intacto.<\/p>\n<\/li>\n<li>\n<p class=\"ds-markdown-paragraph\"><strong>Ajuste perfecto para huevos sorpresa<\/strong>\u00a0\u2013 Dise\u00f1ado para encajar perfectamente dentro de c\u00e1scaras de huevos sorpresa est\u00e1ndar o envases de refrigerios.<\/p>\n<table width=\"822\">\n<tbody>\n<tr>\n<td width=\"210\">Modelo<\/td>\n<td width=\"612\">BQ40-80C-G<\/td>\n<\/tr>\n<tr>\n<td width=\"210\">material<\/td>\n<td width=\"612\">Pl\u00e1stico PP + Papel + Caucho, Almohadilla de tinta<\/td>\n<\/tr>\n<tr>\n<td width=\"210\">Descripci\u00f3n<\/td>\n<td width=\"612\">1 mini sello de goma + almohadilla de tinta\/juego<\/td>\n<\/tr>\n<tr>\n<td width=\"210\">Tama\u00f1o<\/td>\n<td width=\"612\">Sello: 2,4 \u00d7 1,8 \u00d7 3,4 cm; Almohadilla de tinta: 3,8 \u00d7 3,8 x 1 cm;<\/td>\n<\/tr>\n<tr>\n<td width=\"210\">Embalaje<\/td>\n<td width=\"612\">Bolsa de polipropileno<\/td>\n<\/tr>\n<tr>\n<td width=\"210\">PCS\/caja<\/td>\n<td width=\"612\">2000 juegos\/caja.<\/td>\n<\/tr>\n<tr>\n<td width=\"210\">Tama\u00f1o de la caja<\/td>\n<td width=\"612\">70 x 30 x 41 cm<\/td>\n<\/tr>\n<tr>\n<td width=\"210\">NO\/GW<\/td>\n<td width=\"612\">17,5\/15,5 kg<\/td>\n<\/tr>\n<tr>\n<td width=\"210\">Color<\/td>\n<td width=\"612\">Se puede personalizar<\/td>\n<\/tr>\n<tr>\n<td width=\"210\">Patr\u00f3n<\/td>\n<td width=\"612\">Se puede personalizar<\/td>\n<\/tr>\n<tr>\n<td width=\"210\">Tipo<\/td>\n<td width=\"612\">Sello de goma<\/td>\n<\/tr>\n<tr>\n<td width=\"210\">Certificado<\/td>\n<td width=\"612\">EN71,HR4040,7P,ASTM<\/td>\n<\/tr>\n<tr>\n<td width=\"210\">Muestra<\/td>\n<td width=\"612\">Disponible<\/td>\n<\/tr>\n<\/tbody>\n<\/table>\n<\/li>\n<\/ul>","protected":false},"featured_media":29827,"template":"","meta":[],"product_brand":[],"product_cat":[86],"product_tag":[105,165,159,163,162,164,161,160],"class_list":{"0":"post-29833","1":"product","2":"type-product","3":"status-publish","4":"has-post-thumbnail","6":"product_cat-bulk-rubber-stamp-set","7":"product_tag-creative-play","8":"product_tag-dino-craft","9":"product_tag-dinosaur-stamps","10":"product_tag-educational-gift","11":"product_tag-jurassic-world","12":"product_tag-paleontology-for-kids","13":"product_tag-prehistoric-toy","14":"product_tag-rubber-stamps","16":"first","17":"instock","18":"shipping-taxable","19":"product-type-external"},"yoast_head":"<!-- This site is optimized with the Yoast SEO Premium plugin v26.6 (Yoast SEO v26.6) - https:\/\/yoast.com\/wordpress\/plugins\/seo\/ -->\n<title>Dinosaur Rubber Stamps - 4 Pc Stamp Set with Ink Pad | BeiQi - BEIQI TOYS STAMP FACTORY<\/title>\n<meta name=\"description\" content=\"Dinosaur Rubber Stamps\uff0cfeatures easy-grip round handles &amp; a square ink pad. Perfect for prehistoric-themed crafts, storytelling, and educational play.\" \/>\n<meta name=\"robots\" content=\"index, follow, max-snippet:-1, max-image-preview:large, max-video-preview:-1\" \/>\n<link rel=\"canonical\" href=\"https:\/\/bq-toy.com\/es\/producto\/dinosaur-rubber-stamp-set\/\" \/>\n<meta property=\"og:locale\" content=\"es_ES\" \/>\n<meta property=\"og:type\" content=\"article\" \/>\n<meta property=\"og:title\" content=\"Dinosaur Rubber Stamp Set, T-Rex Stegosaurus Triceratops Stamps with Round Handle &amp; Square Ink Pad, Prehistoric Adventure Toy for Kids\" \/>\n<meta property=\"og:description\" content=\"Dinosaur Rubber Stamps\uff0cfeatures easy-grip round handles &amp; a square ink pad. Perfect for prehistoric-themed crafts, storytelling, and educational play.\" \/>\n<meta property=\"og:url\" content=\"https:\/\/bq-toy.com\/es\/producto\/dinosaur-rubber-stamp-set\/\" \/>\n<meta property=\"og:site_name\" content=\"BEIQI TOYS STAMP FACTORY\" \/>\n<meta property=\"article:modified_time\" content=\"2025-12-30T09:45:23+00:00\" \/>\n<meta property=\"og:image\" content=\"https:\/\/bq-toy.com\/wp-content\/uploads\/2025\/12\/BQ40-80C-G-1.jpg\" \/>\n\t<meta property=\"og:image:width\" content=\"800\" \/>\n\t<meta property=\"og:image:height\" content=\"800\" \/>\n\t<meta property=\"og:image:type\" content=\"image\/jpeg\" \/>\n<meta name=\"twitter:card\" content=\"summary_large_image\" \/>\n<meta name=\"twitter:label1\" content=\"Tiempo de lectura\" \/>\n\t<meta name=\"twitter:data1\" content=\"2 minutos\" \/>\n<script type=\"application\/ld+json\" class=\"yoast-schema-graph\">{\"@context\":\"https:\/\/schema.org\",\"@graph\":[{\"@type\":\"WebPage\",\"@id\":\"https:\/\/bq-toy.com\/product\/dinosaur-rubber-stamp-set\/\",\"url\":\"https:\/\/bq-toy.com\/product\/dinosaur-rubber-stamp-set\/\",\"name\":\"Dinosaur Rubber Stamps - 4 Pc Stamp Set with Ink Pad | BeiQi - BEIQI TOYS STAMP FACTORY\",\"isPartOf\":{\"@id\":\"https:\/\/bq-toy.com\/#website\"},\"primaryImageOfPage\":{\"@id\":\"https:\/\/bq-toy.com\/product\/dinosaur-rubber-stamp-set\/#primaryimage\"},\"image\":{\"@id\":\"https:\/\/bq-toy.com\/product\/dinosaur-rubber-stamp-set\/#primaryimage\"},\"thumbnailUrl\":\"https:\/\/bq-toy.com\/wp-content\/uploads\/2025\/12\/BQ40-80C-G-1.jpg\",\"datePublished\":\"2025-12-16T02:30:09+00:00\",\"dateModified\":\"2025-12-30T09:45:23+00:00\",\"description\":\"Dinosaur Rubber Stamps\uff0cfeatures easy-grip round handles & a square ink pad. Perfect for prehistoric-themed crafts, storytelling, and educational play.\",\"breadcrumb\":{\"@id\":\"https:\/\/bq-toy.com\/product\/dinosaur-rubber-stamp-set\/#breadcrumb\"},\"inLanguage\":\"es\",\"potentialAction\":[{\"@type\":\"ReadAction\",\"target\":[\"https:\/\/bq-toy.com\/product\/dinosaur-rubber-stamp-set\/\"]}]},{\"@type\":\"ImageObject\",\"inLanguage\":\"es\",\"@id\":\"https:\/\/bq-toy.com\/product\/dinosaur-rubber-stamp-set\/#primaryimage\",\"url\":\"https:\/\/bq-toy.com\/wp-content\/uploads\/2025\/12\/BQ40-80C-G-1.jpg\",\"contentUrl\":\"https:\/\/bq-toy.com\/wp-content\/uploads\/2025\/12\/BQ40-80C-G-1.jpg\",\"width\":800,\"height\":800,\"caption\":\"dinosaur rubber stamps set T-Rex Stegosaurus, prehistoric adventure toy stamps, round handle rubber stamps for kids\"},{\"@type\":\"BreadcrumbList\",\"@id\":\"https:\/\/bq-toy.com\/product\/dinosaur-rubber-stamp-set\/#breadcrumb\",\"itemListElement\":[{\"@type\":\"ListItem\",\"position\":1,\"name\":\"Home\",\"item\":\"https:\/\/bq-toy.com\/\"},{\"@type\":\"ListItem\",\"position\":2,\"name\":\"Product\",\"item\":\"https:\/\/bq-toy.com\/product\/\"},{\"@type\":\"ListItem\",\"position\":3,\"name\":\"Dinosaur Rubber Stamp Set, T-Rex Stegosaurus Triceratops Stamps with Round Handle &#038; Square Ink Pad, Prehistoric Adventure Toy for Kids\"}]},{\"@type\":\"WebSite\",\"@id\":\"https:\/\/bq-toy.com\/#website\",\"url\":\"https:\/\/bq-toy.com\/\",\"name\":\"BEIQI TOYS STAMP FACTORY\",\"description\":\"BEIQI TOYS STAMP FACTORY\",\"potentialAction\":[{\"@type\":\"SearchAction\",\"target\":{\"@type\":\"EntryPoint\",\"urlTemplate\":\"https:\/\/bq-toy.com\/?s={search_term_string}\"},\"query-input\":{\"@type\":\"PropertyValueSpecification\",\"valueRequired\":true,\"valueName\":\"search_term_string\"}}],\"inLanguage\":\"es\"}]}<\/script>\n<!-- \/ Yoast SEO Premium plugin. -->","yoast_head_json":{"title":"Dinosaur Rubber Stamps - 4 Pc Stamp Set with Ink Pad | BeiQi - BEIQI TOYS STAMP FACTORY","description":"Dinosaur Rubber Stamps\uff0cfeatures easy-grip round handles & a square ink pad. Perfect for prehistoric-themed crafts, storytelling, and educational play.","robots":{"index":"index","follow":"follow","max-snippet":"max-snippet:-1","max-image-preview":"max-image-preview:large","max-video-preview":"max-video-preview:-1"},"canonical":"https:\/\/bq-toy.com\/es\/producto\/dinosaur-rubber-stamp-set\/","og_locale":"es_ES","og_type":"article","og_title":"Dinosaur Rubber Stamp Set, T-Rex Stegosaurus Triceratops Stamps with Round Handle & Square Ink Pad, Prehistoric Adventure Toy for Kids","og_description":"Dinosaur Rubber Stamps\uff0cfeatures easy-grip round handles & a square ink pad. Perfect for prehistoric-themed crafts, storytelling, and educational play.","og_url":"https:\/\/bq-toy.com\/es\/producto\/dinosaur-rubber-stamp-set\/","og_site_name":"BEIQI TOYS STAMP FACTORY","article_modified_time":"2025-12-30T09:45:23+00:00","og_image":[{"width":800,"height":800,"url":"https:\/\/bq-toy.com\/wp-content\/uploads\/2025\/12\/BQ40-80C-G-1.jpg","type":"image\/jpeg"}],"twitter_card":"summary_large_image","twitter_misc":{"Tiempo de lectura":"2 minutos"},"schema":{"@context":"https:\/\/schema.org","@graph":[{"@type":"WebPage","@id":"https:\/\/bq-toy.com\/product\/dinosaur-rubber-stamp-set\/","url":"https:\/\/bq-toy.com\/product\/dinosaur-rubber-stamp-set\/","name":"Dinosaur Rubber Stamps - 4 Pc Stamp Set with Ink Pad | BeiQi - BEIQI TOYS STAMP FACTORY","isPartOf":{"@id":"https:\/\/bq-toy.com\/#website"},"primaryImageOfPage":{"@id":"https:\/\/bq-toy.com\/product\/dinosaur-rubber-stamp-set\/#primaryimage"},"image":{"@id":"https:\/\/bq-toy.com\/product\/dinosaur-rubber-stamp-set\/#primaryimage"},"thumbnailUrl":"https:\/\/bq-toy.com\/wp-content\/uploads\/2025\/12\/BQ40-80C-G-1.jpg","datePublished":"2025-12-16T02:30:09+00:00","dateModified":"2025-12-30T09:45:23+00:00","description":"Dinosaur Rubber Stamps\uff0cfeatures easy-grip round handles & a square ink pad. Perfect for prehistoric-themed crafts, storytelling, and educational play.","breadcrumb":{"@id":"https:\/\/bq-toy.com\/product\/dinosaur-rubber-stamp-set\/#breadcrumb"},"inLanguage":"es","potentialAction":[{"@type":"ReadAction","target":["https:\/\/bq-toy.com\/product\/dinosaur-rubber-stamp-set\/"]}]},{"@type":"ImageObject","inLanguage":"es","@id":"https:\/\/bq-toy.com\/product\/dinosaur-rubber-stamp-set\/#primaryimage","url":"https:\/\/bq-toy.com\/wp-content\/uploads\/2025\/12\/BQ40-80C-G-1.jpg","contentUrl":"https:\/\/bq-toy.com\/wp-content\/uploads\/2025\/12\/BQ40-80C-G-1.jpg","width":800,"height":800,"caption":"dinosaur rubber stamps set T-Rex Stegosaurus, prehistoric adventure toy stamps, round handle rubber stamps for kids"},{"@type":"BreadcrumbList","@id":"https:\/\/bq-toy.com\/product\/dinosaur-rubber-stamp-set\/#breadcrumb","itemListElement":[{"@type":"ListItem","position":1,"name":"Home","item":"https:\/\/bq-toy.com\/"},{"@type":"ListItem","position":2,"name":"Product","item":"https:\/\/bq-toy.com\/product\/"},{"@type":"ListItem","position":3,"name":"Dinosaur Rubber Stamp Set, T-Rex Stegosaurus Triceratops Stamps with Round Handle &#038; Square Ink Pad, Prehistoric Adventure Toy for Kids"}]},{"@type":"WebSite","@id":"https:\/\/bq-toy.com\/#website","url":"https:\/\/bq-toy.com\/","name":"BEIQI TOYS STAMP FACTORY","description":"BEIQI TOYS STAMP FACTORY","potentialAction":[{"@type":"SearchAction","target":{"@type":"EntryPoint","urlTemplate":"https:\/\/bq-toy.com\/?s={search_term_string}"},"query-input":{"@type":"PropertyValueSpecification","valueRequired":true,"valueName":"search_term_string"}}],"inLanguage":"es"}]}},"_links":{"self":[{"href":"https:\/\/bq-toy.com\/es\/wp-json\/wp\/v2\/product\/29833","targetHints":{"allow":["GET"]}}],"collection":[{"href":"https:\/\/bq-toy.com\/es\/wp-json\/wp\/v2\/product"}],"about":[{"href":"https:\/\/bq-toy.com\/es\/wp-json\/wp\/v2\/types\/product"}],"version-history":[{"count":3,"href":"https:\/\/bq-toy.com\/es\/wp-json\/wp\/v2\/product\/29833\/revisions"}],"predecessor-version":[{"id":29894,"href":"https:\/\/bq-toy.com\/es\/wp-json\/wp\/v2\/product\/29833\/revisions\/29894"}],"wp:featuredmedia":[{"embeddable":true,"href":"https:\/\/bq-toy.com\/es\/wp-json\/wp\/v2\/media\/29827"}],"wp:attachment":[{"href":"https:\/\/bq-toy.com\/es\/wp-json\/wp\/v2\/media?parent=29833"}],"wp:term":[{"taxonomy":"product_brand","embeddable":true,"href":"https:\/\/bq-toy.com\/es\/wp-json\/wp\/v2\/product_brand?post=29833"},{"taxonomy":"product_cat","embeddable":true,"href":"https:\/\/bq-toy.com\/es\/wp-json\/wp\/v2\/product_cat?post=29833"},{"taxonomy":"product_tag","embeddable":true,"href":"https:\/\/bq-toy.com\/es\/wp-json\/wp\/v2\/product_tag?post=29833"}],"curies":[{"name":"wp","href":"https:\/\/api.w.org\/{rel}","templated":true}]}}