{"id":29753,"date":"2025-12-14T10:05:20","date_gmt":"2025-12-14T10:05:20","guid":{"rendered":"https:\/\/bq-toy.com\/?post_type=product&#038;p=29753"},"modified":"2025-12-14T10:17:25","modified_gmt":"2025-12-14T10:17:25","slug":"bulk-cute-animals-self-inking-stamp-9-16-animals","status":"publish","type":"product","link":"https:\/\/bq-toy.com\/es\/producto\/bulk-cute-animals-self-inking-stamp-9-16-animals\/","title":{"rendered":"Sellos autoentintables de animales lindos (9-16 animales)"},"content":{"rendered":"<p><img fetchpriority=\"high\" decoding=\"async\" class=\"aligncenter size-full wp-image-29149\" src=\"https:\/\/bq-toy.com\/wp-content\/uploads\/2025\/12\/18-4.webp\" alt=\"\" width=\"1000\" height=\"1000\" srcset=\"https:\/\/bq-toy.com\/wp-content\/uploads\/2025\/12\/18-4.webp 1000w, https:\/\/bq-toy.com\/wp-content\/uploads\/2025\/12\/18-4-300x300.webp 300w, https:\/\/bq-toy.com\/wp-content\/uploads\/2025\/12\/18-4-800x800.webp 800w, https:\/\/bq-toy.com\/wp-content\/uploads\/2025\/12\/18-4-150x150.webp 150w, https:\/\/bq-toy.com\/wp-content\/uploads\/2025\/12\/18-4-768x768.webp 768w, https:\/\/bq-toy.com\/wp-content\/uploads\/2025\/12\/18-4-12x12.webp 12w, https:\/\/bq-toy.com\/wp-content\/uploads\/2025\/12\/18-4-430x430.webp 430w, https:\/\/bq-toy.com\/wp-content\/uploads\/2025\/12\/18-4-700x700.webp 700w\" sizes=\"(max-width: 1000px) 100vw, 1000px\" \/><img decoding=\"async\" class=\"aligncenter size-full wp-image-29151\" src=\"https:\/\/bq-toy.com\/wp-content\/uploads\/2025\/12\/18-5.webp\" alt=\"\" width=\"1000\" height=\"1000\" srcset=\"https:\/\/bq-toy.com\/wp-content\/uploads\/2025\/12\/18-5.webp 1000w, https:\/\/bq-toy.com\/wp-content\/uploads\/2025\/12\/18-5-300x300.webp 300w, https:\/\/bq-toy.com\/wp-content\/uploads\/2025\/12\/18-5-800x800.webp 800w, https:\/\/bq-toy.com\/wp-content\/uploads\/2025\/12\/18-5-150x150.webp 150w, https:\/\/bq-toy.com\/wp-content\/uploads\/2025\/12\/18-5-768x768.webp 768w, https:\/\/bq-toy.com\/wp-content\/uploads\/2025\/12\/18-5-12x12.webp 12w, https:\/\/bq-toy.com\/wp-content\/uploads\/2025\/12\/18-5-430x430.webp 430w, https:\/\/bq-toy.com\/wp-content\/uploads\/2025\/12\/18-5-700x700.webp 700w\" sizes=\"(max-width: 1000px) 100vw, 1000px\" \/><img decoding=\"async\" class=\"aligncenter size-full wp-image-29153\" src=\"https:\/\/bq-toy.com\/wp-content\/uploads\/2025\/12\/18-7.webp\" alt=\"\" width=\"1000\" height=\"1000\" srcset=\"https:\/\/bq-toy.com\/wp-content\/uploads\/2025\/12\/18-7.webp 1000w, https:\/\/bq-toy.com\/wp-content\/uploads\/2025\/12\/18-7-300x300.webp 300w, https:\/\/bq-toy.com\/wp-content\/uploads\/2025\/12\/18-7-800x800.webp 800w, https:\/\/bq-toy.com\/wp-content\/uploads\/2025\/12\/18-7-150x150.webp 150w, https:\/\/bq-toy.com\/wp-content\/uploads\/2025\/12\/18-7-768x768.webp 768w, https:\/\/bq-toy.com\/wp-content\/uploads\/2025\/12\/18-7-12x12.webp 12w, https:\/\/bq-toy.com\/wp-content\/uploads\/2025\/12\/18-7-430x430.webp 430w, https:\/\/bq-toy.com\/wp-content\/uploads\/2025\/12\/18-7-700x700.webp 700w\" sizes=\"(max-width: 1000px) 100vw, 1000px\" \/><img loading=\"lazy\" decoding=\"async\" class=\"aligncenter size-full wp-image-29152\" src=\"https:\/\/bq-toy.com\/wp-content\/uploads\/2025\/12\/18-6.webp\" alt=\"\" width=\"1000\" height=\"1000\" srcset=\"https:\/\/bq-toy.com\/wp-content\/uploads\/2025\/12\/18-6.webp 1000w, https:\/\/bq-toy.com\/wp-content\/uploads\/2025\/12\/18-6-300x300.webp 300w, https:\/\/bq-toy.com\/wp-content\/uploads\/2025\/12\/18-6-800x800.webp 800w, https:\/\/bq-toy.com\/wp-content\/uploads\/2025\/12\/18-6-150x150.webp 150w, https:\/\/bq-toy.com\/wp-content\/uploads\/2025\/12\/18-6-768x768.webp 768w, https:\/\/bq-toy.com\/wp-content\/uploads\/2025\/12\/18-6-12x12.webp 12w, https:\/\/bq-toy.com\/wp-content\/uploads\/2025\/12\/18-6-430x430.webp 430w, https:\/\/bq-toy.com\/wp-content\/uploads\/2025\/12\/18-6-700x700.webp 700w\" sizes=\"(max-width: 1000px) 100vw, 1000px\" \/><img loading=\"lazy\" decoding=\"async\" class=\"aligncenter size-full wp-image-29147\" src=\"https:\/\/bq-toy.com\/wp-content\/uploads\/2025\/12\/18-2.webp\" alt=\"\" width=\"1000\" height=\"1000\" srcset=\"https:\/\/bq-toy.com\/wp-content\/uploads\/2025\/12\/18-2.webp 1000w, https:\/\/bq-toy.com\/wp-content\/uploads\/2025\/12\/18-2-300x300.webp 300w, https:\/\/bq-toy.com\/wp-content\/uploads\/2025\/12\/18-2-800x800.webp 800w, https:\/\/bq-toy.com\/wp-content\/uploads\/2025\/12\/18-2-150x150.webp 150w, https:\/\/bq-toy.com\/wp-content\/uploads\/2025\/12\/18-2-768x768.webp 768w, https:\/\/bq-toy.com\/wp-content\/uploads\/2025\/12\/18-2-12x12.webp 12w, https:\/\/bq-toy.com\/wp-content\/uploads\/2025\/12\/18-2-430x430.webp 430w, https:\/\/bq-toy.com\/wp-content\/uploads\/2025\/12\/18-2-700x700.webp 700w\" sizes=\"(max-width: 1000px) 100vw, 1000px\" \/><img loading=\"lazy\" decoding=\"async\" class=\"aligncenter size-full wp-image-29154\" src=\"https:\/\/bq-toy.com\/wp-content\/uploads\/2025\/12\/18-8.webp\" alt=\"\" width=\"1000\" height=\"1000\" srcset=\"https:\/\/bq-toy.com\/wp-content\/uploads\/2025\/12\/18-8.webp 1000w, https:\/\/bq-toy.com\/wp-content\/uploads\/2025\/12\/18-8-300x300.webp 300w, https:\/\/bq-toy.com\/wp-content\/uploads\/2025\/12\/18-8-800x800.webp 800w, https:\/\/bq-toy.com\/wp-content\/uploads\/2025\/12\/18-8-150x150.webp 150w, https:\/\/bq-toy.com\/wp-content\/uploads\/2025\/12\/18-8-768x768.webp 768w, https:\/\/bq-toy.com\/wp-content\/uploads\/2025\/12\/18-8-12x12.webp 12w, https:\/\/bq-toy.com\/wp-content\/uploads\/2025\/12\/18-8-430x430.webp 430w, https:\/\/bq-toy.com\/wp-content\/uploads\/2025\/12\/18-8-700x700.webp 700w\" sizes=\"(max-width: 1000px) 100vw, 1000px\" \/><img loading=\"lazy\" decoding=\"async\" class=\"aligncenter size-full wp-image-29148\" src=\"https:\/\/bq-toy.com\/wp-content\/uploads\/2025\/12\/18-3.webp\" alt=\"\" width=\"1000\" height=\"1000\" srcset=\"https:\/\/bq-toy.com\/wp-content\/uploads\/2025\/12\/18-3.webp 1000w, https:\/\/bq-toy.com\/wp-content\/uploads\/2025\/12\/18-3-300x300.webp 300w, https:\/\/bq-toy.com\/wp-content\/uploads\/2025\/12\/18-3-800x800.webp 800w, https:\/\/bq-toy.com\/wp-content\/uploads\/2025\/12\/18-3-150x150.webp 150w, https:\/\/bq-toy.com\/wp-content\/uploads\/2025\/12\/18-3-768x768.webp 768w, https:\/\/bq-toy.com\/wp-content\/uploads\/2025\/12\/18-3-12x12.webp 12w, https:\/\/bq-toy.com\/wp-content\/uploads\/2025\/12\/18-3-430x430.webp 430w, https:\/\/bq-toy.com\/wp-content\/uploads\/2025\/12\/18-3-700x700.webp 700w\" sizes=\"(max-width: 1000px) 100vw, 1000px\" \/><\/p>","protected":false},"excerpt":{"rendered":"<p>Cuando los ni\u00f1os juegan con esta adorable colecci\u00f3n de sellos con forma de animales de BeiQi Toys, es como si 16 animales del bosque se hubieran reunido para divertirse. Cada adorable criatura presenta expresiones faciales finamente impresas que les dan un car\u00e1cter vibrante. Dise\u00f1ado con una ingeniosa estructura de tres partes: cabeza, abdomen (la barriga del animal) y cola, el set destaca por su secci\u00f3n central interactiva, personalizable en color transparente y rellena de 3 a 5 gramos de caramelos. M\u00e1s que un simple sello, se convierte en una divertida c\u00e1psula sorpresa, perfecta para recompensas, regalos de fiesta o juegos creativos. Combinando artesan\u00eda, coleccionismo y un dulce capricho, este innovador set est\u00e1 dise\u00f1ado para deleitar a los ni\u00f1os y atraer la atenci\u00f3n en los expositores.<\/p>\n<table style=\"border-collapse: collapse; width: 443.02pt;\" border=\"0\" width=\"443\" cellspacing=\"0\" cellpadding=\"0\">\n<tbody>\n<tr style=\"height: 21.00pt;\">\n<td class=\"et3\" style=\"height: 21.00pt; width: 147.00pt;\" width=\"147\" height=\"21\">Modelo<\/td>\n<td class=\"et3\" style=\"width: 296.80pt;\" width=\"296\">BQ90(9-16)G<\/td>\n<\/tr>\n<tr style=\"height: 21.00pt;\">\n<td class=\"et3\" style=\"height: 21.00pt; width: 147.00pt;\" width=\"147\" height=\"21\">material<\/td>\n<td class=\"et3\" style=\"width: 296.80pt;\" width=\"296\">Pl\u00e1stico PS + EVA + Tinta<\/td>\n<\/tr>\n<tr style=\"height: 24.00pt;\">\n<td class=\"et3\" style=\"height: 24.00pt; width: 147.00pt;\" width=\"147\" height=\"24\">Descripci\u00f3n<\/td>\n<td class=\"et4\" style=\"width: 296.80pt;\" width=\"296\">Juego de sellos de animales lindos (1-16)<\/td>\n<\/tr>\n<tr style=\"height: 24.00pt;\">\n<td class=\"et3\" style=\"height: 24.00pt; width: 147.00pt;\" width=\"147\" height=\"24\">Tama\u00f1o<\/td>\n<td class=\"et4\" style=\"width: 296.80pt;\" width=\"296\">Sello: 4,2\u00d73,5\u00d73,6 cm<\/td>\n<\/tr>\n<tr style=\"height: 24.00pt;\">\n<td class=\"et3\" style=\"height: 24.00pt; width: 147.00pt;\" width=\"147\" height=\"24\">Color<\/td>\n<td class=\"et4\" style=\"width: 296.80pt;\" width=\"296\">Diferentes colores<\/td>\n<\/tr>\n<tr style=\"height: 24.00pt;\">\n<td class=\"et3\" style=\"height: 24.00pt; width: 147.00pt;\" width=\"147\" height=\"24\">Patr\u00f3n<\/td>\n<td class=\"et4\" style=\"width: 296.80pt;\" width=\"296\">16 animales<\/td>\n<\/tr>\n<tr style=\"height: 24.00pt;\">\n<td class=\"et3\" style=\"height: 24.00pt; width: 147.00pt;\" width=\"147\" height=\"24\">Tipo<\/td>\n<td class=\"et4\" style=\"width: 296.80pt;\" width=\"296\">Sello autoentintable<\/td>\n<\/tr>\n<tr style=\"height: 24.00pt;\">\n<td class=\"et3\" style=\"height: 24.00pt; width: 147.00pt;\" width=\"147\" height=\"24\">Certificado<\/td>\n<td class=\"et4\" style=\"width: 296.80pt;\" width=\"296\">Hoja de datos de seguridad (MSDS), EN71, HR4040, 7P, ASTM<\/td>\n<\/tr>\n<tr style=\"height: 24.00pt;\">\n<td class=\"et3\" style=\"height: 24.00pt; width: 147.00pt;\" width=\"147\" height=\"24\">Tiempo de muestra<\/td>\n<td class=\"et4\" style=\"width: 296.80pt;\" width=\"296\">3-7 d\u00edas<\/td>\n<\/tr>\n<\/tbody>\n<\/table>","protected":false},"featured_media":29149,"template":"","meta":[],"product_brand":[],"product_cat":[88],"product_tag":[],"class_list":{"0":"post-29753","1":"product","2":"type-product","3":"status-publish","4":"has-post-thumbnail","6":"product_cat-bulk-cute-self-inking-stamp","8":"first","9":"instock","10":"shipping-taxable","11":"product-type-external"},"yoast_head":"<!-- This site is optimized with the Yoast SEO Premium plugin v26.6 (Yoast SEO v26.6) - https:\/\/yoast.com\/wordpress\/plugins\/seo\/ -->\n<title>Bulk Cute Animals self-inking stamp (9-16 Animals) - BEIQI TOYS STAMP FACTORY<\/title>\n<meta name=\"robots\" content=\"index, follow, max-snippet:-1, max-image-preview:large, max-video-preview:-1\" \/>\n<link rel=\"canonical\" href=\"https:\/\/bq-toy.com\/es\/producto\/bulk-cute-animals-self-inking-stamp-9-16-animals\/\" \/>\n<meta property=\"og:locale\" content=\"es_ES\" \/>\n<meta property=\"og:type\" content=\"article\" \/>\n<meta property=\"og:title\" content=\"Bulk Cute Animals self-inking stamp (9-16 Animals)\" \/>\n<meta property=\"og:description\" content=\"When children play with this adorable Animal-shaped Stamp Collection from BeiQi Toys, it\u2019s as if 16 different forest animals have gathered together for fun. Each lovable creature features finely printed facial expressions for vivid character. Designed with a clever three-part structure\u2014head, midsection (the animal\u2019s belly), and tail\u2014the set stands out with its interactive midsection, which can be customized in transparent color and filled with 3\u20135 grams of candy. More than just a stamp, it becomes a playful surprise capsule, perfect for rewards, party favors, or creative play. Combining craft, collectibility, and a sweet treat, this innovative set is designed to delight children and attract attention in retail displays.    Model BQ90(9-16)G   material Plastic PS + EVA+Ink   Description Cute Animals Stamp Set (1-16)   Size Stamp: 4.2x3.5x3.6cm   Color Different colors   Pattern 16 Animals   Type Self-Inking Stamp   Certificate MSDS,EN71,HR4040,7P,ASTM   Sample time 3-7 days\" \/>\n<meta property=\"og:url\" content=\"https:\/\/bq-toy.com\/es\/producto\/bulk-cute-animals-self-inking-stamp-9-16-animals\/\" \/>\n<meta property=\"og:site_name\" content=\"BEIQI TOYS STAMP FACTORY\" \/>\n<meta property=\"article:modified_time\" content=\"2025-12-14T10:17:25+00:00\" \/>\n<meta property=\"og:image\" content=\"https:\/\/bq-toy.com\/wp-content\/uploads\/2025\/12\/18-4.webp\" \/>\n\t<meta property=\"og:image:width\" content=\"1000\" \/>\n\t<meta property=\"og:image:height\" content=\"1000\" \/>\n\t<meta property=\"og:image:type\" content=\"image\/webp\" \/>\n<meta name=\"twitter:card\" content=\"summary_large_image\" \/>\n<meta name=\"twitter:label1\" content=\"Tiempo de lectura\" \/>\n\t<meta name=\"twitter:data1\" content=\"2 minutos\" \/>\n<script type=\"application\/ld+json\" class=\"yoast-schema-graph\">{\"@context\":\"https:\/\/schema.org\",\"@graph\":[{\"@type\":\"WebPage\",\"@id\":\"https:\/\/bq-toy.com\/product\/bulk-cute-animals-self-inking-stamp-9-16-animals\/\",\"url\":\"https:\/\/bq-toy.com\/product\/bulk-cute-animals-self-inking-stamp-9-16-animals\/\",\"name\":\"Bulk Cute Animals self-inking stamp (9-16 Animals) - BEIQI TOYS STAMP FACTORY\",\"isPartOf\":{\"@id\":\"https:\/\/bq-toy.com\/#website\"},\"primaryImageOfPage\":{\"@id\":\"https:\/\/bq-toy.com\/product\/bulk-cute-animals-self-inking-stamp-9-16-animals\/#primaryimage\"},\"image\":{\"@id\":\"https:\/\/bq-toy.com\/product\/bulk-cute-animals-self-inking-stamp-9-16-animals\/#primaryimage\"},\"thumbnailUrl\":\"https:\/\/bq-toy.com\/wp-content\/uploads\/2025\/12\/18-4.webp\",\"datePublished\":\"2025-12-14T10:05:20+00:00\",\"dateModified\":\"2025-12-14T10:17:25+00:00\",\"breadcrumb\":{\"@id\":\"https:\/\/bq-toy.com\/product\/bulk-cute-animals-self-inking-stamp-9-16-animals\/#breadcrumb\"},\"inLanguage\":\"es\",\"potentialAction\":[{\"@type\":\"ReadAction\",\"target\":[\"https:\/\/bq-toy.com\/product\/bulk-cute-animals-self-inking-stamp-9-16-animals\/\"]}]},{\"@type\":\"ImageObject\",\"inLanguage\":\"es\",\"@id\":\"https:\/\/bq-toy.com\/product\/bulk-cute-animals-self-inking-stamp-9-16-animals\/#primaryimage\",\"url\":\"https:\/\/bq-toy.com\/wp-content\/uploads\/2025\/12\/18-4.webp\",\"contentUrl\":\"https:\/\/bq-toy.com\/wp-content\/uploads\/2025\/12\/18-4.webp\",\"width\":1000,\"height\":1000},{\"@type\":\"BreadcrumbList\",\"@id\":\"https:\/\/bq-toy.com\/product\/bulk-cute-animals-self-inking-stamp-9-16-animals\/#breadcrumb\",\"itemListElement\":[{\"@type\":\"ListItem\",\"position\":1,\"name\":\"Home\",\"item\":\"https:\/\/bq-toy.com\/\"},{\"@type\":\"ListItem\",\"position\":2,\"name\":\"Product\",\"item\":\"https:\/\/bq-toy.com\/product\/\"},{\"@type\":\"ListItem\",\"position\":3,\"name\":\"Bulk Cute Animals self-inking stamp (9-16 Animals)\"}]},{\"@type\":\"WebSite\",\"@id\":\"https:\/\/bq-toy.com\/#website\",\"url\":\"https:\/\/bq-toy.com\/\",\"name\":\"BEIQI TOYS STAMP FACTORY\",\"description\":\"BEIQI TOYS STAMP FACTORY\",\"potentialAction\":[{\"@type\":\"SearchAction\",\"target\":{\"@type\":\"EntryPoint\",\"urlTemplate\":\"https:\/\/bq-toy.com\/?s={search_term_string}\"},\"query-input\":{\"@type\":\"PropertyValueSpecification\",\"valueRequired\":true,\"valueName\":\"search_term_string\"}}],\"inLanguage\":\"es\"}]}<\/script>\n<!-- \/ Yoast SEO Premium plugin. -->","yoast_head_json":{"title":"Bulk Cute Animals self-inking stamp (9-16 Animals) - BEIQI TOYS STAMP FACTORY","robots":{"index":"index","follow":"follow","max-snippet":"max-snippet:-1","max-image-preview":"max-image-preview:large","max-video-preview":"max-video-preview:-1"},"canonical":"https:\/\/bq-toy.com\/es\/producto\/bulk-cute-animals-self-inking-stamp-9-16-animals\/","og_locale":"es_ES","og_type":"article","og_title":"Bulk Cute Animals self-inking stamp (9-16 Animals)","og_description":"When children play with this adorable Animal-shaped Stamp Collection from BeiQi Toys, it\u2019s as if 16 different forest animals have gathered together for fun. Each lovable creature features finely printed facial expressions for vivid character. Designed with a clever three-part structure\u2014head, midsection (the animal\u2019s belly), and tail\u2014the set stands out with its interactive midsection, which can be customized in transparent color and filled with 3\u20135 grams of candy. More than just a stamp, it becomes a playful surprise capsule, perfect for rewards, party favors, or creative play. Combining craft, collectibility, and a sweet treat, this innovative set is designed to delight children and attract attention in retail displays.    Model BQ90(9-16)G   material Plastic PS + EVA+Ink   Description Cute Animals Stamp Set (1-16)   Size Stamp: 4.2x3.5x3.6cm   Color Different colors   Pattern 16 Animals   Type Self-Inking Stamp   Certificate MSDS,EN71,HR4040,7P,ASTM   Sample time 3-7 days","og_url":"https:\/\/bq-toy.com\/es\/producto\/bulk-cute-animals-self-inking-stamp-9-16-animals\/","og_site_name":"BEIQI TOYS STAMP FACTORY","article_modified_time":"2025-12-14T10:17:25+00:00","og_image":[{"width":1000,"height":1000,"url":"https:\/\/bq-toy.com\/wp-content\/uploads\/2025\/12\/18-4.webp","type":"image\/webp"}],"twitter_card":"summary_large_image","twitter_misc":{"Tiempo de lectura":"2 minutos"},"schema":{"@context":"https:\/\/schema.org","@graph":[{"@type":"WebPage","@id":"https:\/\/bq-toy.com\/product\/bulk-cute-animals-self-inking-stamp-9-16-animals\/","url":"https:\/\/bq-toy.com\/product\/bulk-cute-animals-self-inking-stamp-9-16-animals\/","name":"Bulk Cute Animals self-inking stamp (9-16 Animals) - BEIQI TOYS STAMP FACTORY","isPartOf":{"@id":"https:\/\/bq-toy.com\/#website"},"primaryImageOfPage":{"@id":"https:\/\/bq-toy.com\/product\/bulk-cute-animals-self-inking-stamp-9-16-animals\/#primaryimage"},"image":{"@id":"https:\/\/bq-toy.com\/product\/bulk-cute-animals-self-inking-stamp-9-16-animals\/#primaryimage"},"thumbnailUrl":"https:\/\/bq-toy.com\/wp-content\/uploads\/2025\/12\/18-4.webp","datePublished":"2025-12-14T10:05:20+00:00","dateModified":"2025-12-14T10:17:25+00:00","breadcrumb":{"@id":"https:\/\/bq-toy.com\/product\/bulk-cute-animals-self-inking-stamp-9-16-animals\/#breadcrumb"},"inLanguage":"es","potentialAction":[{"@type":"ReadAction","target":["https:\/\/bq-toy.com\/product\/bulk-cute-animals-self-inking-stamp-9-16-animals\/"]}]},{"@type":"ImageObject","inLanguage":"es","@id":"https:\/\/bq-toy.com\/product\/bulk-cute-animals-self-inking-stamp-9-16-animals\/#primaryimage","url":"https:\/\/bq-toy.com\/wp-content\/uploads\/2025\/12\/18-4.webp","contentUrl":"https:\/\/bq-toy.com\/wp-content\/uploads\/2025\/12\/18-4.webp","width":1000,"height":1000},{"@type":"BreadcrumbList","@id":"https:\/\/bq-toy.com\/product\/bulk-cute-animals-self-inking-stamp-9-16-animals\/#breadcrumb","itemListElement":[{"@type":"ListItem","position":1,"name":"Home","item":"https:\/\/bq-toy.com\/"},{"@type":"ListItem","position":2,"name":"Product","item":"https:\/\/bq-toy.com\/product\/"},{"@type":"ListItem","position":3,"name":"Bulk Cute Animals self-inking stamp (9-16 Animals)"}]},{"@type":"WebSite","@id":"https:\/\/bq-toy.com\/#website","url":"https:\/\/bq-toy.com\/","name":"BEIQI TOYS STAMP FACTORY","description":"BEIQI TOYS STAMP FACTORY","potentialAction":[{"@type":"SearchAction","target":{"@type":"EntryPoint","urlTemplate":"https:\/\/bq-toy.com\/?s={search_term_string}"},"query-input":{"@type":"PropertyValueSpecification","valueRequired":true,"valueName":"search_term_string"}}],"inLanguage":"es"}]}},"_links":{"self":[{"href":"https:\/\/bq-toy.com\/es\/wp-json\/wp\/v2\/product\/29753","targetHints":{"allow":["GET"]}}],"collection":[{"href":"https:\/\/bq-toy.com\/es\/wp-json\/wp\/v2\/product"}],"about":[{"href":"https:\/\/bq-toy.com\/es\/wp-json\/wp\/v2\/types\/product"}],"version-history":[{"count":1,"href":"https:\/\/bq-toy.com\/es\/wp-json\/wp\/v2\/product\/29753\/revisions"}],"predecessor-version":[{"id":29754,"href":"https:\/\/bq-toy.com\/es\/wp-json\/wp\/v2\/product\/29753\/revisions\/29754"}],"wp:featuredmedia":[{"embeddable":true,"href":"https:\/\/bq-toy.com\/es\/wp-json\/wp\/v2\/media\/29149"}],"wp:attachment":[{"href":"https:\/\/bq-toy.com\/es\/wp-json\/wp\/v2\/media?parent=29753"}],"wp:term":[{"taxonomy":"product_brand","embeddable":true,"href":"https:\/\/bq-toy.com\/es\/wp-json\/wp\/v2\/product_brand?post=29753"},{"taxonomy":"product_cat","embeddable":true,"href":"https:\/\/bq-toy.com\/es\/wp-json\/wp\/v2\/product_cat?post=29753"},{"taxonomy":"product_tag","embeddable":true,"href":"https:\/\/bq-toy.com\/es\/wp-json\/wp\/v2\/product_tag?post=29753"}],"curies":[{"name":"wp","href":"https:\/\/api.w.org\/{rel}","templated":true}]}}