{"id":29747,"date":"2025-12-13T07:42:20","date_gmt":"2025-12-13T07:42:20","guid":{"rendered":"https:\/\/bq-toy.com\/?post_type=product&#038;p=29747"},"modified":"2025-12-13T07:46:08","modified_gmt":"2025-12-13T07:46:08","slug":"peg-top-self-inking-stamp-24-pcs-sea-world","status":"publish","type":"product","link":"https:\/\/bq-toy.com\/es\/producto\/peg-top-self-inking-stamp-24-pcs-sea-world\/","title":{"rendered":"Sello autoentintable Peg-Top 24 uds Sea World"},"content":{"rendered":"<p><img fetchpriority=\"high\" decoding=\"async\" class=\"aligncenter size-full wp-image-29736\" src=\"https:\/\/bq-toy.com\/wp-content\/uploads\/2025\/12\/BQ60-7.jpg\" alt=\"\" width=\"1024\" height=\"1024\" srcset=\"https:\/\/bq-toy.com\/wp-content\/uploads\/2025\/12\/BQ60-7.jpg 1024w, https:\/\/bq-toy.com\/wp-content\/uploads\/2025\/12\/BQ60-7-300x300.jpg 300w, https:\/\/bq-toy.com\/wp-content\/uploads\/2025\/12\/BQ60-7-800x800.jpg 800w, https:\/\/bq-toy.com\/wp-content\/uploads\/2025\/12\/BQ60-7-150x150.jpg 150w, https:\/\/bq-toy.com\/wp-content\/uploads\/2025\/12\/BQ60-7-768x768.jpg 768w, https:\/\/bq-toy.com\/wp-content\/uploads\/2025\/12\/BQ60-7-12x12.jpg 12w, https:\/\/bq-toy.com\/wp-content\/uploads\/2025\/12\/BQ60-7-430x430.jpg 430w, https:\/\/bq-toy.com\/wp-content\/uploads\/2025\/12\/BQ60-7-700x700.jpg 700w\" sizes=\"(max-width: 1024px) 100vw, 1024px\" \/><img decoding=\"async\" class=\"aligncenter size-full wp-image-29729\" src=\"https:\/\/bq-toy.com\/wp-content\/uploads\/2025\/12\/BQ60-7G-2.jpg\" alt=\"\" width=\"1024\" height=\"1024\" srcset=\"https:\/\/bq-toy.com\/wp-content\/uploads\/2025\/12\/BQ60-7G-2.jpg 1024w, https:\/\/bq-toy.com\/wp-content\/uploads\/2025\/12\/BQ60-7G-2-300x300.jpg 300w, https:\/\/bq-toy.com\/wp-content\/uploads\/2025\/12\/BQ60-7G-2-800x800.jpg 800w, https:\/\/bq-toy.com\/wp-content\/uploads\/2025\/12\/BQ60-7G-2-150x150.jpg 150w, https:\/\/bq-toy.com\/wp-content\/uploads\/2025\/12\/BQ60-7G-2-768x768.jpg 768w, https:\/\/bq-toy.com\/wp-content\/uploads\/2025\/12\/BQ60-7G-2-12x12.jpg 12w, https:\/\/bq-toy.com\/wp-content\/uploads\/2025\/12\/BQ60-7G-2-430x430.jpg 430w, https:\/\/bq-toy.com\/wp-content\/uploads\/2025\/12\/BQ60-7G-2-700x700.jpg 700w\" sizes=\"(max-width: 1024px) 100vw, 1024px\" \/><img decoding=\"async\" class=\"aligncenter size-full wp-image-29666\" src=\"https:\/\/bq-toy.com\/wp-content\/uploads\/2025\/12\/7-2.jpg\" alt=\"\" width=\"1024\" height=\"1024\" srcset=\"https:\/\/bq-toy.com\/wp-content\/uploads\/2025\/12\/7-2.jpg 1024w, https:\/\/bq-toy.com\/wp-content\/uploads\/2025\/12\/7-2-300x300.jpg 300w, https:\/\/bq-toy.com\/wp-content\/uploads\/2025\/12\/7-2-800x800.jpg 800w, https:\/\/bq-toy.com\/wp-content\/uploads\/2025\/12\/7-2-150x150.jpg 150w, https:\/\/bq-toy.com\/wp-content\/uploads\/2025\/12\/7-2-768x768.jpg 768w, https:\/\/bq-toy.com\/wp-content\/uploads\/2025\/12\/7-2-12x12.jpg 12w, https:\/\/bq-toy.com\/wp-content\/uploads\/2025\/12\/7-2-430x430.jpg 430w, https:\/\/bq-toy.com\/wp-content\/uploads\/2025\/12\/7-2-700x700.jpg 700w\" sizes=\"(max-width: 1024px) 100vw, 1024px\" \/><br \/>\n<img loading=\"lazy\" decoding=\"async\" class=\"aligncenter size-full wp-image-29652\" src=\"https:\/\/bq-toy.com\/wp-content\/uploads\/2025\/12\/60.jpg\" alt=\"\" width=\"1297\" height=\"1297\" srcset=\"https:\/\/bq-toy.com\/wp-content\/uploads\/2025\/12\/60.jpg 1297w, https:\/\/bq-toy.com\/wp-content\/uploads\/2025\/12\/60-300x300.jpg 300w, https:\/\/bq-toy.com\/wp-content\/uploads\/2025\/12\/60-800x800.jpg 800w, https:\/\/bq-toy.com\/wp-content\/uploads\/2025\/12\/60-150x150.jpg 150w, https:\/\/bq-toy.com\/wp-content\/uploads\/2025\/12\/60-768x768.jpg 768w, https:\/\/bq-toy.com\/wp-content\/uploads\/2025\/12\/60-12x12.jpg 12w, https:\/\/bq-toy.com\/wp-content\/uploads\/2025\/12\/60-430x430.jpg 430w, https:\/\/bq-toy.com\/wp-content\/uploads\/2025\/12\/60-700x700.jpg 700w\" sizes=\"(max-width: 1297px) 100vw, 1297px\" \/><img loading=\"lazy\" decoding=\"async\" class=\"aligncenter size-full wp-image-29180\" src=\"https:\/\/bq-toy.com\/wp-content\/uploads\/2025\/12\/3-2.webp\" alt=\"\" width=\"1000\" height=\"1000\" srcset=\"https:\/\/bq-toy.com\/wp-content\/uploads\/2025\/12\/3-2.webp 1000w, https:\/\/bq-toy.com\/wp-content\/uploads\/2025\/12\/3-2-300x300.webp 300w, https:\/\/bq-toy.com\/wp-content\/uploads\/2025\/12\/3-2-800x800.webp 800w, https:\/\/bq-toy.com\/wp-content\/uploads\/2025\/12\/3-2-150x150.webp 150w, https:\/\/bq-toy.com\/wp-content\/uploads\/2025\/12\/3-2-768x768.webp 768w, https:\/\/bq-toy.com\/wp-content\/uploads\/2025\/12\/3-2-12x12.webp 12w, https:\/\/bq-toy.com\/wp-content\/uploads\/2025\/12\/3-2-430x430.webp 430w, https:\/\/bq-toy.com\/wp-content\/uploads\/2025\/12\/3-2-700x700.webp 700w\" sizes=\"(max-width: 1000px) 100vw, 1000px\" \/><\/p>","protected":false},"excerpt":{"rendered":"<p>Spin &amp; Stamp \u2013 Rueda de juego y trompo 3 en 1<br \/>\nEste innovador juguete combina una peonza, una rueda de juego de azar y un sello creativo en un dise\u00f1o compacto. La secci\u00f3n superior cuenta con una rueda transparente numerada del 1 al 8, con una bola de acero de giro libre sellada en su interior. La secci\u00f3n inferior funciona como un sello listo para usar.<\/p>\n<p>Para jugar, simplemente gira la peonza. Al girar, la bola de acero gira r\u00e1pidamente alrededor de la pista numerada. Cuando la peonza pierde impulso y se detiene, la bola se asienta en una de las ranuras numeradas, lo que determina el resultado del juego. Mientras tanto, la base del sello se puede usar en cualquier momento para imprimir patrones, a\u00f1adiendo una dimensi\u00f3n creativa al juego o a la toma de decisiones.<\/p>\n<p>Perfecto para juegos, recompensas o diversi\u00f3n creativa, Spin &amp; Stamp ofrece una participaci\u00f3n ilimitada a trav\u00e9s de su satisfactoria acci\u00f3n de giro, su elemento de juego de suspenso y su toque art\u00edstico.<\/p>\n<table width=\"634\">\n<tbody>\n<tr>\n<td width=\"210\">Modelo<\/td>\n<td width=\"424\">BQ60-7<\/td>\n<\/tr>\n<tr>\n<td width=\"210\">material<\/td>\n<td width=\"424\">Pl\u00e1stico PS\/PP + EVA + Tinta + Papel + Bola de acero<\/td>\n<\/tr>\n<tr>\n<td width=\"210\">Descripci\u00f3n<\/td>\n<td width=\"424\">Peg-top, ruedas de premio, sello 3 funciones en una<\/td>\n<\/tr>\n<tr>\n<td width=\"210\">Tama\u00f1o<\/td>\n<td width=\"424\">Sello: 3,5 \u00d7 3,5 \u00d7 3,5 cm; caja de presentaci\u00f3n: 27,5 x 19 x 4 cm<\/td>\n<\/tr>\n<tr>\n<td width=\"210\">Embalaje<\/td>\n<td width=\"424\">24 piezas\/caja de presentaci\u00f3n<\/td>\n<\/tr>\n<tr>\n<td width=\"210\">PCS\/caja<\/td>\n<td width=\"424\">72 piezas\/caja.<\/td>\n<\/tr>\n<tr>\n<td width=\"210\">Tama\u00f1o de la caja<\/td>\n<td width=\"424\">57x40x80cm<\/td>\n<\/tr>\n<tr>\n<td width=\"210\">NO\/GW<\/td>\n<td width=\"424\">23\/21 kg<\/td>\n<\/tr>\n<tr>\n<td width=\"210\">Color<\/td>\n<td width=\"424\">Mezcla 6 colores<\/td>\n<\/tr>\n<tr>\n<td width=\"210\">Patr\u00f3n<\/td>\n<td width=\"424\">6 patrones diferentes en una caja<\/td>\n<\/tr>\n<tr>\n<td width=\"210\">Tipo<\/td>\n<td width=\"424\">Sello autoentintable<\/td>\n<\/tr>\n<tr>\n<td width=\"210\">Certificado<\/td>\n<td width=\"424\">Hoja de datos de seguridad (MSDS), EN71, HR4040, 7P, ASTM<\/td>\n<\/tr>\n<tr>\n<td width=\"210\">Tiempo de muestra<\/td>\n<td width=\"424\">3-7 d\u00edas<\/td>\n<\/tr>\n<\/tbody>\n<\/table>","protected":false},"featured_media":29736,"template":"","meta":[],"product_brand":[],"product_cat":[73],"product_tag":[],"class_list":{"0":"post-29747","1":"product","2":"type-product","3":"status-publish","4":"has-post-thumbnail","6":"product_cat-peg-top-self-inking-stamp","8":"first","9":"instock","10":"shipping-taxable","11":"product-type-external"},"yoast_head":"<!-- This site is optimized with the Yoast SEO Premium plugin v26.6 (Yoast SEO v26.6) - https:\/\/yoast.com\/wordpress\/plugins\/seo\/ -->\n<title>Peg-Top self-inking stamp 24 pcs Sea World - BEIQI TOYS STAMP FACTORY<\/title>\n<meta name=\"robots\" content=\"index, follow, max-snippet:-1, max-image-preview:large, max-video-preview:-1\" \/>\n<link rel=\"canonical\" href=\"https:\/\/bq-toy.com\/es\/producto\/peg-top-self-inking-stamp-24-pcs-sea-world\/\" \/>\n<meta property=\"og:locale\" content=\"es_ES\" \/>\n<meta property=\"og:type\" content=\"article\" \/>\n<meta property=\"og:title\" content=\"Peg-Top self-inking stamp 24 pcs Sea World\" \/>\n<meta property=\"og:description\" content=\"Spin &amp; Stamp \u2013 3-in-1 Top &amp; Game Wheel This innovative toy combines a spinning top, a chance-based game wheel, and a creative stamp into one compact design. The upper section features a transparent wheel numbered 1 through 8, with a free-rolling steel ball sealed inside. The lower section functions as a ready-to-use stamp.  To play, simply spin the top. As it rotates, the steel ball whirls rapidly around the numbered track. When the top loses momentum and comes to a stop, the ball settles into one of the numbered slots, determining the game&#039;s outcome. Meanwhile, the stamp base can be used anytime to imprint patterns, adding a creative dimension to play or decision-making.  Perfect for games, rewards, or creative fun, the Spin &amp; Stamp offers endless engagement through its satisfying spin action, suspenseful game element, and artistic touch.    Model BQ60-7   material Plastic PS\/PP + EVA+Ink+Paper+Steel ball   Description Peg-top,Prize Wheels,stamp 3 functions in one   Size Stamp: 3.5x3.5x3.5cm;display box:27.5x19x4cm   Packing 24 pcs\/Display box   PCS\/carton 72 pcs\/carton.   Carton Size 57x40x80cm   N.W.\/G.W. 23\/21KGS   Color Mix 6 colors   Pattern 6 different patterns in one box   Type Self-Inking Stamp   Certificate MSDS,EN71,HR4040,7P,ASTM   Sample time 3-7 days\" \/>\n<meta property=\"og:url\" content=\"https:\/\/bq-toy.com\/es\/producto\/peg-top-self-inking-stamp-24-pcs-sea-world\/\" \/>\n<meta property=\"og:site_name\" content=\"BEIQI TOYS STAMP FACTORY\" \/>\n<meta property=\"article:modified_time\" content=\"2025-12-13T07:46:08+00:00\" \/>\n<meta property=\"og:image\" content=\"https:\/\/bq-toy.com\/wp-content\/uploads\/2025\/12\/BQ60-7.jpg\" \/>\n\t<meta property=\"og:image:width\" content=\"1024\" \/>\n\t<meta property=\"og:image:height\" content=\"1024\" \/>\n\t<meta property=\"og:image:type\" content=\"image\/jpeg\" \/>\n<meta name=\"twitter:card\" content=\"summary_large_image\" \/>\n<meta name=\"twitter:label1\" content=\"Tiempo de lectura\" \/>\n\t<meta name=\"twitter:data1\" content=\"2 minutos\" \/>\n<script type=\"application\/ld+json\" class=\"yoast-schema-graph\">{\"@context\":\"https:\/\/schema.org\",\"@graph\":[{\"@type\":\"WebPage\",\"@id\":\"https:\/\/bq-toy.com\/product\/peg-top-self-inking-stamp-24-pcs-sea-world\/\",\"url\":\"https:\/\/bq-toy.com\/product\/peg-top-self-inking-stamp-24-pcs-sea-world\/\",\"name\":\"Peg-Top self-inking stamp 24 pcs Sea World - BEIQI TOYS STAMP FACTORY\",\"isPartOf\":{\"@id\":\"https:\/\/bq-toy.com\/#website\"},\"primaryImageOfPage\":{\"@id\":\"https:\/\/bq-toy.com\/product\/peg-top-self-inking-stamp-24-pcs-sea-world\/#primaryimage\"},\"image\":{\"@id\":\"https:\/\/bq-toy.com\/product\/peg-top-self-inking-stamp-24-pcs-sea-world\/#primaryimage\"},\"thumbnailUrl\":\"https:\/\/bq-toy.com\/wp-content\/uploads\/2025\/12\/BQ60-7.jpg\",\"datePublished\":\"2025-12-13T07:42:20+00:00\",\"dateModified\":\"2025-12-13T07:46:08+00:00\",\"breadcrumb\":{\"@id\":\"https:\/\/bq-toy.com\/product\/peg-top-self-inking-stamp-24-pcs-sea-world\/#breadcrumb\"},\"inLanguage\":\"es\",\"potentialAction\":[{\"@type\":\"ReadAction\",\"target\":[\"https:\/\/bq-toy.com\/product\/peg-top-self-inking-stamp-24-pcs-sea-world\/\"]}]},{\"@type\":\"ImageObject\",\"inLanguage\":\"es\",\"@id\":\"https:\/\/bq-toy.com\/product\/peg-top-self-inking-stamp-24-pcs-sea-world\/#primaryimage\",\"url\":\"https:\/\/bq-toy.com\/wp-content\/uploads\/2025\/12\/BQ60-7.jpg\",\"contentUrl\":\"https:\/\/bq-toy.com\/wp-content\/uploads\/2025\/12\/BQ60-7.jpg\",\"width\":1024,\"height\":1024},{\"@type\":\"BreadcrumbList\",\"@id\":\"https:\/\/bq-toy.com\/product\/peg-top-self-inking-stamp-24-pcs-sea-world\/#breadcrumb\",\"itemListElement\":[{\"@type\":\"ListItem\",\"position\":1,\"name\":\"Home\",\"item\":\"https:\/\/bq-toy.com\/\"},{\"@type\":\"ListItem\",\"position\":2,\"name\":\"Product\",\"item\":\"https:\/\/bq-toy.com\/product\/\"},{\"@type\":\"ListItem\",\"position\":3,\"name\":\"Peg-Top self-inking stamp 24 pcs Sea World\"}]},{\"@type\":\"WebSite\",\"@id\":\"https:\/\/bq-toy.com\/#website\",\"url\":\"https:\/\/bq-toy.com\/\",\"name\":\"BEIQI TOYS STAMP FACTORY\",\"description\":\"BEIQI TOYS STAMP FACTORY\",\"potentialAction\":[{\"@type\":\"SearchAction\",\"target\":{\"@type\":\"EntryPoint\",\"urlTemplate\":\"https:\/\/bq-toy.com\/?s={search_term_string}\"},\"query-input\":{\"@type\":\"PropertyValueSpecification\",\"valueRequired\":true,\"valueName\":\"search_term_string\"}}],\"inLanguage\":\"es\"}]}<\/script>\n<!-- \/ Yoast SEO Premium plugin. -->","yoast_head_json":{"title":"Peg-Top self-inking stamp 24 pcs Sea World - BEIQI TOYS STAMP FACTORY","robots":{"index":"index","follow":"follow","max-snippet":"max-snippet:-1","max-image-preview":"max-image-preview:large","max-video-preview":"max-video-preview:-1"},"canonical":"https:\/\/bq-toy.com\/es\/producto\/peg-top-self-inking-stamp-24-pcs-sea-world\/","og_locale":"es_ES","og_type":"article","og_title":"Peg-Top self-inking stamp 24 pcs Sea World","og_description":"Spin &amp; Stamp \u2013 3-in-1 Top &amp; Game Wheel This innovative toy combines a spinning top, a chance-based game wheel, and a creative stamp into one compact design. The upper section features a transparent wheel numbered 1 through 8, with a free-rolling steel ball sealed inside. The lower section functions as a ready-to-use stamp.  To play, simply spin the top. As it rotates, the steel ball whirls rapidly around the numbered track. When the top loses momentum and comes to a stop, the ball settles into one of the numbered slots, determining the game's outcome. Meanwhile, the stamp base can be used anytime to imprint patterns, adding a creative dimension to play or decision-making.  Perfect for games, rewards, or creative fun, the Spin &amp; Stamp offers endless engagement through its satisfying spin action, suspenseful game element, and artistic touch.    Model BQ60-7   material Plastic PS\/PP + EVA+Ink+Paper+Steel ball   Description Peg-top,Prize Wheels,stamp 3 functions in one   Size Stamp: 3.5x3.5x3.5cm;display box:27.5x19x4cm   Packing 24 pcs\/Display box   PCS\/carton 72 pcs\/carton.   Carton Size 57x40x80cm   N.W.\/G.W. 23\/21KGS   Color Mix 6 colors   Pattern 6 different patterns in one box   Type Self-Inking Stamp   Certificate MSDS,EN71,HR4040,7P,ASTM   Sample time 3-7 days","og_url":"https:\/\/bq-toy.com\/es\/producto\/peg-top-self-inking-stamp-24-pcs-sea-world\/","og_site_name":"BEIQI TOYS STAMP FACTORY","article_modified_time":"2025-12-13T07:46:08+00:00","og_image":[{"width":1024,"height":1024,"url":"https:\/\/bq-toy.com\/wp-content\/uploads\/2025\/12\/BQ60-7.jpg","type":"image\/jpeg"}],"twitter_card":"summary_large_image","twitter_misc":{"Tiempo de lectura":"2 minutos"},"schema":{"@context":"https:\/\/schema.org","@graph":[{"@type":"WebPage","@id":"https:\/\/bq-toy.com\/product\/peg-top-self-inking-stamp-24-pcs-sea-world\/","url":"https:\/\/bq-toy.com\/product\/peg-top-self-inking-stamp-24-pcs-sea-world\/","name":"Peg-Top self-inking stamp 24 pcs Sea World - BEIQI TOYS STAMP FACTORY","isPartOf":{"@id":"https:\/\/bq-toy.com\/#website"},"primaryImageOfPage":{"@id":"https:\/\/bq-toy.com\/product\/peg-top-self-inking-stamp-24-pcs-sea-world\/#primaryimage"},"image":{"@id":"https:\/\/bq-toy.com\/product\/peg-top-self-inking-stamp-24-pcs-sea-world\/#primaryimage"},"thumbnailUrl":"https:\/\/bq-toy.com\/wp-content\/uploads\/2025\/12\/BQ60-7.jpg","datePublished":"2025-12-13T07:42:20+00:00","dateModified":"2025-12-13T07:46:08+00:00","breadcrumb":{"@id":"https:\/\/bq-toy.com\/product\/peg-top-self-inking-stamp-24-pcs-sea-world\/#breadcrumb"},"inLanguage":"es","potentialAction":[{"@type":"ReadAction","target":["https:\/\/bq-toy.com\/product\/peg-top-self-inking-stamp-24-pcs-sea-world\/"]}]},{"@type":"ImageObject","inLanguage":"es","@id":"https:\/\/bq-toy.com\/product\/peg-top-self-inking-stamp-24-pcs-sea-world\/#primaryimage","url":"https:\/\/bq-toy.com\/wp-content\/uploads\/2025\/12\/BQ60-7.jpg","contentUrl":"https:\/\/bq-toy.com\/wp-content\/uploads\/2025\/12\/BQ60-7.jpg","width":1024,"height":1024},{"@type":"BreadcrumbList","@id":"https:\/\/bq-toy.com\/product\/peg-top-self-inking-stamp-24-pcs-sea-world\/#breadcrumb","itemListElement":[{"@type":"ListItem","position":1,"name":"Home","item":"https:\/\/bq-toy.com\/"},{"@type":"ListItem","position":2,"name":"Product","item":"https:\/\/bq-toy.com\/product\/"},{"@type":"ListItem","position":3,"name":"Peg-Top self-inking stamp 24 pcs Sea World"}]},{"@type":"WebSite","@id":"https:\/\/bq-toy.com\/#website","url":"https:\/\/bq-toy.com\/","name":"BEIQI TOYS STAMP FACTORY","description":"BEIQI TOYS STAMP FACTORY","potentialAction":[{"@type":"SearchAction","target":{"@type":"EntryPoint","urlTemplate":"https:\/\/bq-toy.com\/?s={search_term_string}"},"query-input":{"@type":"PropertyValueSpecification","valueRequired":true,"valueName":"search_term_string"}}],"inLanguage":"es"}]}},"_links":{"self":[{"href":"https:\/\/bq-toy.com\/es\/wp-json\/wp\/v2\/product\/29747","targetHints":{"allow":["GET"]}}],"collection":[{"href":"https:\/\/bq-toy.com\/es\/wp-json\/wp\/v2\/product"}],"about":[{"href":"https:\/\/bq-toy.com\/es\/wp-json\/wp\/v2\/types\/product"}],"version-history":[{"count":1,"href":"https:\/\/bq-toy.com\/es\/wp-json\/wp\/v2\/product\/29747\/revisions"}],"predecessor-version":[{"id":29748,"href":"https:\/\/bq-toy.com\/es\/wp-json\/wp\/v2\/product\/29747\/revisions\/29748"}],"wp:featuredmedia":[{"embeddable":true,"href":"https:\/\/bq-toy.com\/es\/wp-json\/wp\/v2\/media\/29736"}],"wp:attachment":[{"href":"https:\/\/bq-toy.com\/es\/wp-json\/wp\/v2\/media?parent=29747"}],"wp:term":[{"taxonomy":"product_brand","embeddable":true,"href":"https:\/\/bq-toy.com\/es\/wp-json\/wp\/v2\/product_brand?post=29747"},{"taxonomy":"product_cat","embeddable":true,"href":"https:\/\/bq-toy.com\/es\/wp-json\/wp\/v2\/product_cat?post=29747"},{"taxonomy":"product_tag","embeddable":true,"href":"https:\/\/bq-toy.com\/es\/wp-json\/wp\/v2\/product_tag?post=29747"}],"curies":[{"name":"wp","href":"https:\/\/api.w.org\/{rel}","templated":true}]}}