{"id":29549,"date":"2025-12-12T01:52:44","date_gmt":"2025-12-12T01:52:44","guid":{"rendered":"https:\/\/bq-toy.com\/?post_type=product&#038;p=29549"},"modified":"2025-12-12T01:54:04","modified_gmt":"2025-12-12T01:54:04","slug":"bulk-round-self-inking-stamp-insect-b","status":"publish","type":"product","link":"https:\/\/bq-toy.com\/es\/producto\/bulk-round-self-inking-stamp-insect-b\/","title":{"rendered":"Sello autoentintable redondo a granel Insecto B"},"content":{"rendered":"<p><img fetchpriority=\"high\" decoding=\"async\" class=\"aligncenter size-full wp-image-29474\" src=\"https:\/\/bq-toy.com\/wp-content\/uploads\/2025\/12\/BQ505-2.jpg\" alt=\"\" width=\"1024\" height=\"1024\" srcset=\"https:\/\/bq-toy.com\/wp-content\/uploads\/2025\/12\/BQ505-2.jpg 1024w, https:\/\/bq-toy.com\/wp-content\/uploads\/2025\/12\/BQ505-2-300x300.jpg 300w, https:\/\/bq-toy.com\/wp-content\/uploads\/2025\/12\/BQ505-2-800x800.jpg 800w, https:\/\/bq-toy.com\/wp-content\/uploads\/2025\/12\/BQ505-2-150x150.jpg 150w, https:\/\/bq-toy.com\/wp-content\/uploads\/2025\/12\/BQ505-2-768x768.jpg 768w, https:\/\/bq-toy.com\/wp-content\/uploads\/2025\/12\/BQ505-2-12x12.jpg 12w, https:\/\/bq-toy.com\/wp-content\/uploads\/2025\/12\/BQ505-2-430x430.jpg 430w, https:\/\/bq-toy.com\/wp-content\/uploads\/2025\/12\/BQ505-2-700x700.jpg 700w\" sizes=\"(max-width: 1024px) 100vw, 1024px\" \/><img decoding=\"async\" class=\"aligncenter size-full wp-image-29191\" src=\"https:\/\/bq-toy.com\/wp-content\/uploads\/2025\/12\/1-1.webp\" alt=\"\" width=\"1000\" height=\"1000\" srcset=\"https:\/\/bq-toy.com\/wp-content\/uploads\/2025\/12\/1-1.webp 1000w, https:\/\/bq-toy.com\/wp-content\/uploads\/2025\/12\/1-1-300x300.webp 300w, https:\/\/bq-toy.com\/wp-content\/uploads\/2025\/12\/1-1-800x800.webp 800w, https:\/\/bq-toy.com\/wp-content\/uploads\/2025\/12\/1-1-150x150.webp 150w, https:\/\/bq-toy.com\/wp-content\/uploads\/2025\/12\/1-1-768x768.webp 768w, https:\/\/bq-toy.com\/wp-content\/uploads\/2025\/12\/1-1-12x12.webp 12w, https:\/\/bq-toy.com\/wp-content\/uploads\/2025\/12\/1-1-430x430.webp 430w, https:\/\/bq-toy.com\/wp-content\/uploads\/2025\/12\/1-1-700x700.webp 700w\" sizes=\"(max-width: 1000px) 100vw, 1000px\" \/><\/p>","protected":false},"excerpt":{"rendered":"<p>\u00bfRecuerdas esos sellos que tanto te gustaban de ni\u00f1o? \u00a1Han vuelto! Este set de sellos incluye 12 sellos diferentes. <strong>Insecto\u00a0<\/strong>Dise\u00f1os: perfectos como regalo divertido con snacks, dulces, pasta de dientes infantil y m\u00e1s. Se venden a granel y est\u00e1n llenos de diversi\u00f3n y color, una dulce sorpresa que t\u00fa y tu hijo podr\u00e1n disfrutar juntos.<\/p>\n<table width=\"634\">\n<tbody>\n<tr>\n<td width=\"210\">Modelo<\/td>\n<td width=\"424\">BQ505-2B G<\/td>\n<\/tr>\n<tr>\n<td width=\"210\">material<\/td>\n<td width=\"424\">Pl\u00e1stico PP + EVA + Papel + Tinta<\/td>\n<\/tr>\n<tr>\n<td width=\"210\">Caracter\u00edstica<\/td>\n<td width=\"424\">Sellos autoentintables para ni\u00f1os (12 unidades)<\/td>\n<\/tr>\n<tr>\n<td width=\"210\">Tama\u00f1o<\/td>\n<td width=\"424\">Sello: 2,65\u00d72,65\u00d73,65cm<\/td>\n<\/tr>\n<tr>\n<td width=\"210\">Color<\/td>\n<td width=\"424\">6 colores<\/td>\n<\/tr>\n<tr>\n<td width=\"210\">Embalaje<\/td>\n<td width=\"424\">Bolsa a granel\/opp<\/td>\n<\/tr>\n<tr>\n<td width=\"210\">PCS\/caja<\/td>\n<td width=\"424\">2000 piezas\/caja.<\/td>\n<\/tr>\n<tr>\n<td width=\"210\">Tama\u00f1o de la caja<\/td>\n<td width=\"424\">60x31x50cm<\/td>\n<\/tr>\n<tr>\n<td width=\"210\">NO\/GW<\/td>\n<td width=\"424\">12\/11 kg<\/td>\n<\/tr>\n<tr>\n<td width=\"210\">Tipo<\/td>\n<td width=\"424\">Sello autoentintable<\/td>\n<\/tr>\n<tr>\n<td width=\"210\">Certificado<\/td>\n<td width=\"424\">Hoja de datos de seguridad (MSDS), EN71, HR4040, 7P, ASTM<\/td>\n<\/tr>\n<tr>\n<td width=\"210\">Tiempo de muestra<\/td>\n<td width=\"424\">3-7 d\u00edas<\/td>\n<\/tr>\n<\/tbody>\n<\/table>","protected":false},"featured_media":29474,"template":"","meta":[],"product_brand":[],"product_cat":[91],"product_tag":[],"class_list":{"0":"post-29549","1":"product","2":"type-product","3":"status-publish","4":"has-post-thumbnail","6":"product_cat-bulk-round-self-inking-stamp","8":"first","9":"instock","10":"shipping-taxable","11":"product-type-external"},"yoast_head":"<!-- This site is optimized with the Yoast SEO Premium plugin v26.6 (Yoast SEO v26.6) - https:\/\/yoast.com\/wordpress\/plugins\/seo\/ -->\n<title>Bulk Round self-inking stamp Insect B - BEIQI TOYS STAMP FACTORY<\/title>\n<meta name=\"robots\" content=\"index, follow, max-snippet:-1, max-image-preview:large, max-video-preview:-1\" \/>\n<link rel=\"canonical\" href=\"https:\/\/bq-toy.com\/es\/producto\/bulk-round-self-inking-stamp-insect-b\/\" \/>\n<meta property=\"og:locale\" content=\"es_ES\" \/>\n<meta property=\"og:type\" content=\"article\" \/>\n<meta property=\"og:title\" content=\"Bulk Round self-inking stamp Insect B\" \/>\n<meta property=\"og:description\" content=\"Remember those little stamps you loved as a kid? They\u2019re back! This stamp set is with 12 different Insect\u00a0designs \u2013 perfect as a fun free gift with snacks, candy, or kids&#039; toothpaste and more. Sold in bulk and full of colorful fun, it\u2019s a sweet little surprise that both you and your child can enjoy together.    Model BQ505 -2B G   material Plastic PP + EVA+Paper+Ink   Feature Kids Self-inking Stamp 12 PCS   Size Stamp: 2.65x2.65x3.65cm   Color 6 Colors   Packing Bulk\/opp bag   PCS\/carton 2000 pcs\/carton.   Carton Size 60x31x50cm   N.W.\/G.W. 12\/11KGS   Type Self-Inking Stamp   Certificate MSDS,EN71,HR4040,7P,ASTM   Sample time 3-7 days\" \/>\n<meta property=\"og:url\" content=\"https:\/\/bq-toy.com\/es\/producto\/bulk-round-self-inking-stamp-insect-b\/\" \/>\n<meta property=\"og:site_name\" content=\"BEIQI TOYS STAMP FACTORY\" \/>\n<meta property=\"article:modified_time\" content=\"2025-12-12T01:54:04+00:00\" \/>\n<meta property=\"og:image\" content=\"https:\/\/bq-toy.com\/wp-content\/uploads\/2025\/12\/BQ505-2.jpg\" \/>\n\t<meta property=\"og:image:width\" content=\"1024\" \/>\n\t<meta property=\"og:image:height\" content=\"1024\" \/>\n\t<meta property=\"og:image:type\" content=\"image\/jpeg\" \/>\n<meta name=\"twitter:card\" content=\"summary_large_image\" \/>\n<meta name=\"twitter:label1\" content=\"Tiempo de lectura\" \/>\n\t<meta name=\"twitter:data1\" content=\"1 minuto\" \/>\n<script type=\"application\/ld+json\" class=\"yoast-schema-graph\">{\"@context\":\"https:\/\/schema.org\",\"@graph\":[{\"@type\":\"WebPage\",\"@id\":\"https:\/\/bq-toy.com\/product\/bulk-round-self-inking-stamp-insect-b\/\",\"url\":\"https:\/\/bq-toy.com\/product\/bulk-round-self-inking-stamp-insect-b\/\",\"name\":\"Bulk Round self-inking stamp Insect B - BEIQI TOYS STAMP FACTORY\",\"isPartOf\":{\"@id\":\"https:\/\/bq-toy.com\/#website\"},\"primaryImageOfPage\":{\"@id\":\"https:\/\/bq-toy.com\/product\/bulk-round-self-inking-stamp-insect-b\/#primaryimage\"},\"image\":{\"@id\":\"https:\/\/bq-toy.com\/product\/bulk-round-self-inking-stamp-insect-b\/#primaryimage\"},\"thumbnailUrl\":\"https:\/\/bq-toy.com\/wp-content\/uploads\/2025\/12\/BQ505-2.jpg\",\"datePublished\":\"2025-12-12T01:52:44+00:00\",\"dateModified\":\"2025-12-12T01:54:04+00:00\",\"breadcrumb\":{\"@id\":\"https:\/\/bq-toy.com\/product\/bulk-round-self-inking-stamp-insect-b\/#breadcrumb\"},\"inLanguage\":\"es\",\"potentialAction\":[{\"@type\":\"ReadAction\",\"target\":[\"https:\/\/bq-toy.com\/product\/bulk-round-self-inking-stamp-insect-b\/\"]}]},{\"@type\":\"ImageObject\",\"inLanguage\":\"es\",\"@id\":\"https:\/\/bq-toy.com\/product\/bulk-round-self-inking-stamp-insect-b\/#primaryimage\",\"url\":\"https:\/\/bq-toy.com\/wp-content\/uploads\/2025\/12\/BQ505-2.jpg\",\"contentUrl\":\"https:\/\/bq-toy.com\/wp-content\/uploads\/2025\/12\/BQ505-2.jpg\",\"width\":1024,\"height\":1024},{\"@type\":\"BreadcrumbList\",\"@id\":\"https:\/\/bq-toy.com\/product\/bulk-round-self-inking-stamp-insect-b\/#breadcrumb\",\"itemListElement\":[{\"@type\":\"ListItem\",\"position\":1,\"name\":\"Home\",\"item\":\"https:\/\/bq-toy.com\/\"},{\"@type\":\"ListItem\",\"position\":2,\"name\":\"Product\",\"item\":\"https:\/\/bq-toy.com\/product\/\"},{\"@type\":\"ListItem\",\"position\":3,\"name\":\"Bulk Round self-inking stamp Insect B\"}]},{\"@type\":\"WebSite\",\"@id\":\"https:\/\/bq-toy.com\/#website\",\"url\":\"https:\/\/bq-toy.com\/\",\"name\":\"BEIQI TOYS STAMP FACTORY\",\"description\":\"BEIQI TOYS STAMP FACTORY\",\"potentialAction\":[{\"@type\":\"SearchAction\",\"target\":{\"@type\":\"EntryPoint\",\"urlTemplate\":\"https:\/\/bq-toy.com\/?s={search_term_string}\"},\"query-input\":{\"@type\":\"PropertyValueSpecification\",\"valueRequired\":true,\"valueName\":\"search_term_string\"}}],\"inLanguage\":\"es\"}]}<\/script>\n<!-- \/ Yoast SEO Premium plugin. -->","yoast_head_json":{"title":"Bulk Round self-inking stamp Insect B - BEIQI TOYS STAMP FACTORY","robots":{"index":"index","follow":"follow","max-snippet":"max-snippet:-1","max-image-preview":"max-image-preview:large","max-video-preview":"max-video-preview:-1"},"canonical":"https:\/\/bq-toy.com\/es\/producto\/bulk-round-self-inking-stamp-insect-b\/","og_locale":"es_ES","og_type":"article","og_title":"Bulk Round self-inking stamp Insect B","og_description":"Remember those little stamps you loved as a kid? They\u2019re back! This stamp set is with 12 different Insect\u00a0designs \u2013 perfect as a fun free gift with snacks, candy, or kids' toothpaste and more. Sold in bulk and full of colorful fun, it\u2019s a sweet little surprise that both you and your child can enjoy together.    Model BQ505 -2B G   material Plastic PP + EVA+Paper+Ink   Feature Kids Self-inking Stamp 12 PCS   Size Stamp: 2.65x2.65x3.65cm   Color 6 Colors   Packing Bulk\/opp bag   PCS\/carton 2000 pcs\/carton.   Carton Size 60x31x50cm   N.W.\/G.W. 12\/11KGS   Type Self-Inking Stamp   Certificate MSDS,EN71,HR4040,7P,ASTM   Sample time 3-7 days","og_url":"https:\/\/bq-toy.com\/es\/producto\/bulk-round-self-inking-stamp-insect-b\/","og_site_name":"BEIQI TOYS STAMP FACTORY","article_modified_time":"2025-12-12T01:54:04+00:00","og_image":[{"width":1024,"height":1024,"url":"https:\/\/bq-toy.com\/wp-content\/uploads\/2025\/12\/BQ505-2.jpg","type":"image\/jpeg"}],"twitter_card":"summary_large_image","twitter_misc":{"Tiempo de lectura":"1 minuto"},"schema":{"@context":"https:\/\/schema.org","@graph":[{"@type":"WebPage","@id":"https:\/\/bq-toy.com\/product\/bulk-round-self-inking-stamp-insect-b\/","url":"https:\/\/bq-toy.com\/product\/bulk-round-self-inking-stamp-insect-b\/","name":"Bulk Round self-inking stamp Insect B - BEIQI TOYS STAMP FACTORY","isPartOf":{"@id":"https:\/\/bq-toy.com\/#website"},"primaryImageOfPage":{"@id":"https:\/\/bq-toy.com\/product\/bulk-round-self-inking-stamp-insect-b\/#primaryimage"},"image":{"@id":"https:\/\/bq-toy.com\/product\/bulk-round-self-inking-stamp-insect-b\/#primaryimage"},"thumbnailUrl":"https:\/\/bq-toy.com\/wp-content\/uploads\/2025\/12\/BQ505-2.jpg","datePublished":"2025-12-12T01:52:44+00:00","dateModified":"2025-12-12T01:54:04+00:00","breadcrumb":{"@id":"https:\/\/bq-toy.com\/product\/bulk-round-self-inking-stamp-insect-b\/#breadcrumb"},"inLanguage":"es","potentialAction":[{"@type":"ReadAction","target":["https:\/\/bq-toy.com\/product\/bulk-round-self-inking-stamp-insect-b\/"]}]},{"@type":"ImageObject","inLanguage":"es","@id":"https:\/\/bq-toy.com\/product\/bulk-round-self-inking-stamp-insect-b\/#primaryimage","url":"https:\/\/bq-toy.com\/wp-content\/uploads\/2025\/12\/BQ505-2.jpg","contentUrl":"https:\/\/bq-toy.com\/wp-content\/uploads\/2025\/12\/BQ505-2.jpg","width":1024,"height":1024},{"@type":"BreadcrumbList","@id":"https:\/\/bq-toy.com\/product\/bulk-round-self-inking-stamp-insect-b\/#breadcrumb","itemListElement":[{"@type":"ListItem","position":1,"name":"Home","item":"https:\/\/bq-toy.com\/"},{"@type":"ListItem","position":2,"name":"Product","item":"https:\/\/bq-toy.com\/product\/"},{"@type":"ListItem","position":3,"name":"Bulk Round self-inking stamp Insect B"}]},{"@type":"WebSite","@id":"https:\/\/bq-toy.com\/#website","url":"https:\/\/bq-toy.com\/","name":"BEIQI TOYS STAMP FACTORY","description":"BEIQI TOYS STAMP FACTORY","potentialAction":[{"@type":"SearchAction","target":{"@type":"EntryPoint","urlTemplate":"https:\/\/bq-toy.com\/?s={search_term_string}"},"query-input":{"@type":"PropertyValueSpecification","valueRequired":true,"valueName":"search_term_string"}}],"inLanguage":"es"}]}},"_links":{"self":[{"href":"https:\/\/bq-toy.com\/es\/wp-json\/wp\/v2\/product\/29549","targetHints":{"allow":["GET"]}}],"collection":[{"href":"https:\/\/bq-toy.com\/es\/wp-json\/wp\/v2\/product"}],"about":[{"href":"https:\/\/bq-toy.com\/es\/wp-json\/wp\/v2\/types\/product"}],"version-history":[{"count":1,"href":"https:\/\/bq-toy.com\/es\/wp-json\/wp\/v2\/product\/29549\/revisions"}],"predecessor-version":[{"id":29550,"href":"https:\/\/bq-toy.com\/es\/wp-json\/wp\/v2\/product\/29549\/revisions\/29550"}],"wp:featuredmedia":[{"embeddable":true,"href":"https:\/\/bq-toy.com\/es\/wp-json\/wp\/v2\/media\/29474"}],"wp:attachment":[{"href":"https:\/\/bq-toy.com\/es\/wp-json\/wp\/v2\/media?parent=29549"}],"wp:term":[{"taxonomy":"product_brand","embeddable":true,"href":"https:\/\/bq-toy.com\/es\/wp-json\/wp\/v2\/product_brand?post=29549"},{"taxonomy":"product_cat","embeddable":true,"href":"https:\/\/bq-toy.com\/es\/wp-json\/wp\/v2\/product_cat?post=29549"},{"taxonomy":"product_tag","embeddable":true,"href":"https:\/\/bq-toy.com\/es\/wp-json\/wp\/v2\/product_tag?post=29549"}],"curies":[{"name":"wp","href":"https:\/\/api.w.org\/{rel}","templated":true}]}}