{"id":29091,"date":"2025-12-04T13:36:51","date_gmt":"2025-12-04T13:36:51","guid":{"rendered":"https:\/\/bq-toy.com\/?post_type=product&#038;p=29091"},"modified":"2025-12-04T13:51:08","modified_gmt":"2025-12-04T13:51:08","slug":"bulk-other-stamps","status":"publish","type":"product","link":"https:\/\/bq-toy.com\/es\/producto\/bulk-other-stamps\/","title":{"rendered":"Otros sellos a granel"},"content":{"rendered":"<p><img fetchpriority=\"high\" decoding=\"async\" class=\"aligncenter size-full wp-image-29097\" src=\"https:\/\/bq-toy.com\/wp-content\/uploads\/2025\/12\/22-6.webp\" alt=\"\" width=\"1000\" height=\"1000\" srcset=\"https:\/\/bq-toy.com\/wp-content\/uploads\/2025\/12\/22-6.webp 1000w, https:\/\/bq-toy.com\/wp-content\/uploads\/2025\/12\/22-6-300x300.webp 300w, https:\/\/bq-toy.com\/wp-content\/uploads\/2025\/12\/22-6-800x800.webp 800w, https:\/\/bq-toy.com\/wp-content\/uploads\/2025\/12\/22-6-150x150.webp 150w, https:\/\/bq-toy.com\/wp-content\/uploads\/2025\/12\/22-6-768x768.webp 768w, https:\/\/bq-toy.com\/wp-content\/uploads\/2025\/12\/22-6-12x12.webp 12w, https:\/\/bq-toy.com\/wp-content\/uploads\/2025\/12\/22-6-430x430.webp 430w, https:\/\/bq-toy.com\/wp-content\/uploads\/2025\/12\/22-6-700x700.webp 700w\" sizes=\"(max-width: 1000px) 100vw, 1000px\" \/><img decoding=\"async\" class=\"aligncenter size-full wp-image-29096\" src=\"https:\/\/bq-toy.com\/wp-content\/uploads\/2025\/12\/22-5.webp\" alt=\"\" width=\"1000\" height=\"1000\" srcset=\"https:\/\/bq-toy.com\/wp-content\/uploads\/2025\/12\/22-5.webp 1000w, https:\/\/bq-toy.com\/wp-content\/uploads\/2025\/12\/22-5-300x300.webp 300w, https:\/\/bq-toy.com\/wp-content\/uploads\/2025\/12\/22-5-800x800.webp 800w, https:\/\/bq-toy.com\/wp-content\/uploads\/2025\/12\/22-5-150x150.webp 150w, https:\/\/bq-toy.com\/wp-content\/uploads\/2025\/12\/22-5-768x768.webp 768w, https:\/\/bq-toy.com\/wp-content\/uploads\/2025\/12\/22-5-12x12.webp 12w, https:\/\/bq-toy.com\/wp-content\/uploads\/2025\/12\/22-5-430x430.webp 430w, https:\/\/bq-toy.com\/wp-content\/uploads\/2025\/12\/22-5-700x700.webp 700w\" sizes=\"(max-width: 1000px) 100vw, 1000px\" \/> <img decoding=\"async\" class=\"aligncenter size-full wp-image-29095\" src=\"https:\/\/bq-toy.com\/wp-content\/uploads\/2025\/12\/22-4.webp\" alt=\"\" width=\"1000\" height=\"1000\" srcset=\"https:\/\/bq-toy.com\/wp-content\/uploads\/2025\/12\/22-4.webp 1000w, https:\/\/bq-toy.com\/wp-content\/uploads\/2025\/12\/22-4-300x300.webp 300w, https:\/\/bq-toy.com\/wp-content\/uploads\/2025\/12\/22-4-800x800.webp 800w, https:\/\/bq-toy.com\/wp-content\/uploads\/2025\/12\/22-4-150x150.webp 150w, https:\/\/bq-toy.com\/wp-content\/uploads\/2025\/12\/22-4-768x768.webp 768w, https:\/\/bq-toy.com\/wp-content\/uploads\/2025\/12\/22-4-12x12.webp 12w, https:\/\/bq-toy.com\/wp-content\/uploads\/2025\/12\/22-4-430x430.webp 430w, https:\/\/bq-toy.com\/wp-content\/uploads\/2025\/12\/22-4-700x700.webp 700w\" sizes=\"(max-width: 1000px) 100vw, 1000px\" \/> <img loading=\"lazy\" decoding=\"async\" class=\"aligncenter size-full wp-image-29094\" src=\"https:\/\/bq-toy.com\/wp-content\/uploads\/2025\/12\/22-3.webp\" alt=\"\" width=\"1000\" height=\"1000\" srcset=\"https:\/\/bq-toy.com\/wp-content\/uploads\/2025\/12\/22-3.webp 1000w, https:\/\/bq-toy.com\/wp-content\/uploads\/2025\/12\/22-3-300x300.webp 300w, https:\/\/bq-toy.com\/wp-content\/uploads\/2025\/12\/22-3-800x800.webp 800w, https:\/\/bq-toy.com\/wp-content\/uploads\/2025\/12\/22-3-150x150.webp 150w, https:\/\/bq-toy.com\/wp-content\/uploads\/2025\/12\/22-3-768x768.webp 768w, https:\/\/bq-toy.com\/wp-content\/uploads\/2025\/12\/22-3-12x12.webp 12w, https:\/\/bq-toy.com\/wp-content\/uploads\/2025\/12\/22-3-430x430.webp 430w, https:\/\/bq-toy.com\/wp-content\/uploads\/2025\/12\/22-3-700x700.webp 700w\" sizes=\"(max-width: 1000px) 100vw, 1000px\" \/> <img loading=\"lazy\" decoding=\"async\" class=\"aligncenter size-full wp-image-29093\" src=\"https:\/\/bq-toy.com\/wp-content\/uploads\/2025\/12\/22-2.webp\" alt=\"\" width=\"1000\" height=\"1000\" srcset=\"https:\/\/bq-toy.com\/wp-content\/uploads\/2025\/12\/22-2.webp 1000w, https:\/\/bq-toy.com\/wp-content\/uploads\/2025\/12\/22-2-300x300.webp 300w, https:\/\/bq-toy.com\/wp-content\/uploads\/2025\/12\/22-2-800x800.webp 800w, https:\/\/bq-toy.com\/wp-content\/uploads\/2025\/12\/22-2-150x150.webp 150w, https:\/\/bq-toy.com\/wp-content\/uploads\/2025\/12\/22-2-768x768.webp 768w, https:\/\/bq-toy.com\/wp-content\/uploads\/2025\/12\/22-2-12x12.webp 12w, https:\/\/bq-toy.com\/wp-content\/uploads\/2025\/12\/22-2-430x430.webp 430w, https:\/\/bq-toy.com\/wp-content\/uploads\/2025\/12\/22-2-700x700.webp 700w\" sizes=\"(max-width: 1000px) 100vw, 1000px\" \/> <img loading=\"lazy\" decoding=\"async\" class=\"aligncenter size-full wp-image-29092\" src=\"https:\/\/bq-toy.com\/wp-content\/uploads\/2025\/12\/22-1.webp\" alt=\"\" width=\"1000\" height=\"1000\" srcset=\"https:\/\/bq-toy.com\/wp-content\/uploads\/2025\/12\/22-1.webp 1000w, https:\/\/bq-toy.com\/wp-content\/uploads\/2025\/12\/22-1-300x300.webp 300w, https:\/\/bq-toy.com\/wp-content\/uploads\/2025\/12\/22-1-800x800.webp 800w, https:\/\/bq-toy.com\/wp-content\/uploads\/2025\/12\/22-1-150x150.webp 150w, https:\/\/bq-toy.com\/wp-content\/uploads\/2025\/12\/22-1-768x768.webp 768w, https:\/\/bq-toy.com\/wp-content\/uploads\/2025\/12\/22-1-12x12.webp 12w, https:\/\/bq-toy.com\/wp-content\/uploads\/2025\/12\/22-1-430x430.webp 430w, https:\/\/bq-toy.com\/wp-content\/uploads\/2025\/12\/22-1-700x700.webp 700w\" sizes=\"(max-width: 1000px) 100vw, 1000px\" \/><\/p>","protected":false},"excerpt":{"rendered":"<p>Presentamos el sello &quot;Peek-a-Boo&quot;: \u00a1un juguete irresistiblemente innovador que da vida al cl\u00e1sico juego del escondite! En la superficie, un adorable animal est\u00e1 impreso por completo. Al presionar el bot\u00f3n superior, las manitas del animal (que inicialmente cubren sus ojos) se deslizan para revelar una encantadora expresi\u00f3n facial, dejando al mismo tiempo una n\u00edtida impresi\u00f3n. Este encantador mecanismo sorpresa combina diversi\u00f3n, creatividad y diversi\u00f3n interactiva en un dise\u00f1o compacto. Perfecto para despertar la imaginaci\u00f3n y las risas, es una nueva forma de estampar que los ni\u00f1os querr\u00e1n usar una y otra vez.<\/p>\n<table style=\"border-collapse: collapse; width: 443.02pt;\" border=\"0\" width=\"443\" cellspacing=\"0\" cellpadding=\"0\">\n<tbody>\n<tr style=\"height: 21.00pt;\">\n<td class=\"et3\" style=\"height: 21.00pt; width: 147.00pt;\" width=\"147\" height=\"21\">Modelo<\/td>\n<td class=\"et3\" style=\"width: 296.80pt;\" width=\"296\">BQ11-9<\/td>\n<\/tr>\n<tr style=\"height: 21.00pt;\">\n<td class=\"et3\" style=\"height: 21.00pt; width: 147.00pt;\" width=\"147\" height=\"21\">material<\/td>\n<td class=\"et3\" style=\"width: 296.80pt;\" width=\"296\">Pl\u00e1stico ABS + EVA + Tinta<\/td>\n<\/tr>\n<tr style=\"height: 24.00pt;\">\n<td class=\"et3\" style=\"height: 24.00pt; width: 147.00pt;\" width=\"147\" height=\"24\">Descripci\u00f3n<\/td>\n<td class=\"et4\" style=\"width: 296.80pt;\" width=\"296\">Sellos autoentintables Hide and Seek<\/td>\n<\/tr>\n<tr style=\"height: 24.00pt;\">\n<td class=\"et3\" style=\"height: 24.00pt; width: 147.00pt;\" width=\"147\" height=\"24\">Tama\u00f1o<\/td>\n<td class=\"et4\" style=\"width: 296.80pt;\" width=\"296\">Sello: 3,8\u00d72,8\u00d74,2 cm<\/td>\n<\/tr>\n<tr style=\"height: 24.00pt;\">\n<td class=\"et3\" style=\"height: 24.00pt; width: 147.00pt;\" width=\"147\" height=\"24\">Color<\/td>\n<td class=\"et4\" style=\"width: 296.80pt;\" width=\"296\">Diferentes colores<\/td>\n<\/tr>\n<tr style=\"height: 24.00pt;\">\n<td class=\"et3\" style=\"height: 24.00pt; width: 147.00pt;\" width=\"147\" height=\"24\">Patr\u00f3n<\/td>\n<td class=\"et4\" style=\"width: 296.80pt;\" width=\"296\">Animales<\/td>\n<\/tr>\n<tr style=\"height: 24.00pt;\">\n<td class=\"et3\" style=\"height: 24.00pt; width: 147.00pt;\" width=\"147\" height=\"24\">Tipo<\/td>\n<td class=\"et4\" style=\"width: 296.80pt;\" width=\"296\">Sello autoentintable<\/td>\n<\/tr>\n<tr style=\"height: 24.00pt;\">\n<td class=\"et3\" style=\"height: 24.00pt; width: 147.00pt;\" width=\"147\" height=\"24\">Certificado<\/td>\n<td class=\"et4\" style=\"width: 296.80pt;\" width=\"296\">Hoja de datos de seguridad (MSDS), EN71, HR4040, 7P, ASTM<\/td>\n<\/tr>\n<tr style=\"height: 24.00pt;\">\n<td class=\"et3\" style=\"height: 24.00pt; width: 147.00pt;\" width=\"147\" height=\"24\">Tiempo de muestra<\/td>\n<td class=\"et4\" style=\"width: 296.80pt;\" width=\"296\">3-7 d\u00edas<\/td>\n<\/tr>\n<\/tbody>\n<\/table>\n<p>&nbsp;<\/p>","protected":false},"featured_media":29093,"template":"","meta":[],"product_brand":[],"product_cat":[92],"product_tag":[],"class_list":{"0":"post-29091","1":"product","2":"type-product","3":"status-publish","4":"has-post-thumbnail","6":"product_cat-bulk-other-stamps","8":"first","9":"instock","10":"shipping-taxable","11":"product-type-external"},"yoast_head":"<!-- This site is optimized with the Yoast SEO Premium plugin v26.6 (Yoast SEO v26.6) - https:\/\/yoast.com\/wordpress\/plugins\/seo\/ -->\n<title>Bulk other stamps - BEIQI TOYS STAMP FACTORY<\/title>\n<meta name=\"robots\" content=\"index, follow, max-snippet:-1, max-image-preview:large, max-video-preview:-1\" \/>\n<link rel=\"canonical\" href=\"https:\/\/bq-toy.com\/es\/producto\/bulk-other-stamps\/\" \/>\n<meta property=\"og:locale\" content=\"es_ES\" \/>\n<meta property=\"og:type\" content=\"article\" \/>\n<meta property=\"og:title\" content=\"Bulk other stamps\" \/>\n<meta property=\"og:description\" content=\"Introducing the \u201cPeek-a-Boo\u201d Stamp \u2013 an irresistibly innovative toy that brings the classic game of hide-and-seek to life! On the surface, an adorable animal is printed in full. When a child presses down on the top button, the animal\u2019s little hands (which initially cover its eyes) slide aside to reveal a charming facial expression, while simultaneously leaving a clear stamped impression. This delightful surprise mechanism combines playfulness, creativity, and interactive fun in one compact design. Perfect for sparking imagination and giggles, it&#039;s a fresh take on stamping that kids will want to use again and again.    Model BQ11-9   material Plastic ABS + EVA+Ink   Description Hide and Seek Self-inking Stamps   Size Stamp: 3.8x2.8x4.2cm   Color Different colors   Pattern Animals   Type Self-Inking Stamp   Certificate MSDS,EN71,HR4040,7P,ASTM   Sample time 3-7 days    &nbsp;\" \/>\n<meta property=\"og:url\" content=\"https:\/\/bq-toy.com\/es\/producto\/bulk-other-stamps\/\" \/>\n<meta property=\"og:site_name\" content=\"BEIQI TOYS STAMP FACTORY\" \/>\n<meta property=\"article:modified_time\" content=\"2025-12-04T13:51:08+00:00\" \/>\n<meta property=\"og:image\" content=\"https:\/\/bq-toy.com\/wp-content\/uploads\/2025\/12\/22-2.webp\" \/>\n\t<meta property=\"og:image:width\" content=\"1000\" \/>\n\t<meta property=\"og:image:height\" content=\"1000\" \/>\n\t<meta property=\"og:image:type\" content=\"image\/webp\" \/>\n<meta name=\"twitter:card\" content=\"summary_large_image\" \/>\n<meta name=\"twitter:label1\" content=\"Tiempo de lectura\" \/>\n\t<meta name=\"twitter:data1\" content=\"2 minutos\" \/>\n<script type=\"application\/ld+json\" class=\"yoast-schema-graph\">{\"@context\":\"https:\/\/schema.org\",\"@graph\":[{\"@type\":\"WebPage\",\"@id\":\"https:\/\/bq-toy.com\/product\/bulk-other-stamps\/\",\"url\":\"https:\/\/bq-toy.com\/product\/bulk-other-stamps\/\",\"name\":\"Bulk other stamps - BEIQI TOYS STAMP FACTORY\",\"isPartOf\":{\"@id\":\"https:\/\/bq-toy.com\/#website\"},\"primaryImageOfPage\":{\"@id\":\"https:\/\/bq-toy.com\/product\/bulk-other-stamps\/#primaryimage\"},\"image\":{\"@id\":\"https:\/\/bq-toy.com\/product\/bulk-other-stamps\/#primaryimage\"},\"thumbnailUrl\":\"https:\/\/bq-toy.com\/wp-content\/uploads\/2025\/12\/22-2.webp\",\"datePublished\":\"2025-12-04T13:36:51+00:00\",\"dateModified\":\"2025-12-04T13:51:08+00:00\",\"breadcrumb\":{\"@id\":\"https:\/\/bq-toy.com\/product\/bulk-other-stamps\/#breadcrumb\"},\"inLanguage\":\"es\",\"potentialAction\":[{\"@type\":\"ReadAction\",\"target\":[\"https:\/\/bq-toy.com\/product\/bulk-other-stamps\/\"]}]},{\"@type\":\"ImageObject\",\"inLanguage\":\"es\",\"@id\":\"https:\/\/bq-toy.com\/product\/bulk-other-stamps\/#primaryimage\",\"url\":\"https:\/\/bq-toy.com\/wp-content\/uploads\/2025\/12\/22-2.webp\",\"contentUrl\":\"https:\/\/bq-toy.com\/wp-content\/uploads\/2025\/12\/22-2.webp\",\"width\":1000,\"height\":1000},{\"@type\":\"BreadcrumbList\",\"@id\":\"https:\/\/bq-toy.com\/product\/bulk-other-stamps\/#breadcrumb\",\"itemListElement\":[{\"@type\":\"ListItem\",\"position\":1,\"name\":\"Home\",\"item\":\"https:\/\/bq-toy.com\/\"},{\"@type\":\"ListItem\",\"position\":2,\"name\":\"Product\",\"item\":\"https:\/\/bq-toy.com\/product\/\"},{\"@type\":\"ListItem\",\"position\":3,\"name\":\"Bulk other stamps\"}]},{\"@type\":\"WebSite\",\"@id\":\"https:\/\/bq-toy.com\/#website\",\"url\":\"https:\/\/bq-toy.com\/\",\"name\":\"BEIQI TOYS STAMP FACTORY\",\"description\":\"BEIQI TOYS STAMP FACTORY\",\"potentialAction\":[{\"@type\":\"SearchAction\",\"target\":{\"@type\":\"EntryPoint\",\"urlTemplate\":\"https:\/\/bq-toy.com\/?s={search_term_string}\"},\"query-input\":{\"@type\":\"PropertyValueSpecification\",\"valueRequired\":true,\"valueName\":\"search_term_string\"}}],\"inLanguage\":\"es\"}]}<\/script>\n<!-- \/ Yoast SEO Premium plugin. -->","yoast_head_json":{"title":"Bulk other stamps - BEIQI TOYS STAMP FACTORY","robots":{"index":"index","follow":"follow","max-snippet":"max-snippet:-1","max-image-preview":"max-image-preview:large","max-video-preview":"max-video-preview:-1"},"canonical":"https:\/\/bq-toy.com\/es\/producto\/bulk-other-stamps\/","og_locale":"es_ES","og_type":"article","og_title":"Bulk other stamps","og_description":"Introducing the \u201cPeek-a-Boo\u201d Stamp \u2013 an irresistibly innovative toy that brings the classic game of hide-and-seek to life! On the surface, an adorable animal is printed in full. When a child presses down on the top button, the animal\u2019s little hands (which initially cover its eyes) slide aside to reveal a charming facial expression, while simultaneously leaving a clear stamped impression. This delightful surprise mechanism combines playfulness, creativity, and interactive fun in one compact design. Perfect for sparking imagination and giggles, it's a fresh take on stamping that kids will want to use again and again.    Model BQ11-9   material Plastic ABS + EVA+Ink   Description Hide and Seek Self-inking Stamps   Size Stamp: 3.8x2.8x4.2cm   Color Different colors   Pattern Animals   Type Self-Inking Stamp   Certificate MSDS,EN71,HR4040,7P,ASTM   Sample time 3-7 days    &nbsp;","og_url":"https:\/\/bq-toy.com\/es\/producto\/bulk-other-stamps\/","og_site_name":"BEIQI TOYS STAMP FACTORY","article_modified_time":"2025-12-04T13:51:08+00:00","og_image":[{"width":1000,"height":1000,"url":"https:\/\/bq-toy.com\/wp-content\/uploads\/2025\/12\/22-2.webp","type":"image\/webp"}],"twitter_card":"summary_large_image","twitter_misc":{"Tiempo de lectura":"2 minutos"},"schema":{"@context":"https:\/\/schema.org","@graph":[{"@type":"WebPage","@id":"https:\/\/bq-toy.com\/product\/bulk-other-stamps\/","url":"https:\/\/bq-toy.com\/product\/bulk-other-stamps\/","name":"Bulk other stamps - BEIQI TOYS STAMP FACTORY","isPartOf":{"@id":"https:\/\/bq-toy.com\/#website"},"primaryImageOfPage":{"@id":"https:\/\/bq-toy.com\/product\/bulk-other-stamps\/#primaryimage"},"image":{"@id":"https:\/\/bq-toy.com\/product\/bulk-other-stamps\/#primaryimage"},"thumbnailUrl":"https:\/\/bq-toy.com\/wp-content\/uploads\/2025\/12\/22-2.webp","datePublished":"2025-12-04T13:36:51+00:00","dateModified":"2025-12-04T13:51:08+00:00","breadcrumb":{"@id":"https:\/\/bq-toy.com\/product\/bulk-other-stamps\/#breadcrumb"},"inLanguage":"es","potentialAction":[{"@type":"ReadAction","target":["https:\/\/bq-toy.com\/product\/bulk-other-stamps\/"]}]},{"@type":"ImageObject","inLanguage":"es","@id":"https:\/\/bq-toy.com\/product\/bulk-other-stamps\/#primaryimage","url":"https:\/\/bq-toy.com\/wp-content\/uploads\/2025\/12\/22-2.webp","contentUrl":"https:\/\/bq-toy.com\/wp-content\/uploads\/2025\/12\/22-2.webp","width":1000,"height":1000},{"@type":"BreadcrumbList","@id":"https:\/\/bq-toy.com\/product\/bulk-other-stamps\/#breadcrumb","itemListElement":[{"@type":"ListItem","position":1,"name":"Home","item":"https:\/\/bq-toy.com\/"},{"@type":"ListItem","position":2,"name":"Product","item":"https:\/\/bq-toy.com\/product\/"},{"@type":"ListItem","position":3,"name":"Bulk other stamps"}]},{"@type":"WebSite","@id":"https:\/\/bq-toy.com\/#website","url":"https:\/\/bq-toy.com\/","name":"BEIQI TOYS STAMP FACTORY","description":"BEIQI TOYS STAMP FACTORY","potentialAction":[{"@type":"SearchAction","target":{"@type":"EntryPoint","urlTemplate":"https:\/\/bq-toy.com\/?s={search_term_string}"},"query-input":{"@type":"PropertyValueSpecification","valueRequired":true,"valueName":"search_term_string"}}],"inLanguage":"es"}]}},"_links":{"self":[{"href":"https:\/\/bq-toy.com\/es\/wp-json\/wp\/v2\/product\/29091","targetHints":{"allow":["GET"]}}],"collection":[{"href":"https:\/\/bq-toy.com\/es\/wp-json\/wp\/v2\/product"}],"about":[{"href":"https:\/\/bq-toy.com\/es\/wp-json\/wp\/v2\/types\/product"}],"version-history":[{"count":3,"href":"https:\/\/bq-toy.com\/es\/wp-json\/wp\/v2\/product\/29091\/revisions"}],"predecessor-version":[{"id":29099,"href":"https:\/\/bq-toy.com\/es\/wp-json\/wp\/v2\/product\/29091\/revisions\/29099"}],"wp:featuredmedia":[{"embeddable":true,"href":"https:\/\/bq-toy.com\/es\/wp-json\/wp\/v2\/media\/29093"}],"wp:attachment":[{"href":"https:\/\/bq-toy.com\/es\/wp-json\/wp\/v2\/media?parent=29091"}],"wp:term":[{"taxonomy":"product_brand","embeddable":true,"href":"https:\/\/bq-toy.com\/es\/wp-json\/wp\/v2\/product_brand?post=29091"},{"taxonomy":"product_cat","embeddable":true,"href":"https:\/\/bq-toy.com\/es\/wp-json\/wp\/v2\/product_cat?post=29091"},{"taxonomy":"product_tag","embeddable":true,"href":"https:\/\/bq-toy.com\/es\/wp-json\/wp\/v2\/product_tag?post=29091"}],"curies":[{"name":"wp","href":"https:\/\/api.w.org\/{rel}","templated":true}]}}