{"id":29850,"date":"2025-12-16T03:03:43","date_gmt":"2025-12-16T03:03:43","guid":{"rendered":"https:\/\/bq-toy.com\/?post_type=product&#038;p=29850"},"modified":"2025-12-25T03:45:43","modified_gmt":"2025-12-25T03:45:43","slug":"wild-animal-stamps","status":"publish","type":"product","link":"https:\/\/bq-toy.com\/de\/produkt\/wild-animal-stamps\/","title":{"rendered":"6-teiliges Stempelset mit Wildtieren, Safari- und Dschungeltierstempel (L\u00f6we, Elefant, Giraffe), Abenteuerstempel f\u00fcr Kinder zum Basteln und Geschichtenerz\u00e4hlen"},"content":{"rendered":"<p>6-teiliges Stempelset mit Wildtieren, Safari- und Dschungeltierstempel (L\u00f6we, Elefant, Giraffe), Abenteuerstempel f\u00fcr Kinder zum Basteln und Geschichtenerz\u00e4hlen<img fetchpriority=\"high\" decoding=\"async\" class=\"aligncenter size-full wp-image-29840\" src=\"https:\/\/bq-toy.com\/wp-content\/uploads\/2025\/12\/BQ11-23.jpg\" alt=\"\" width=\"1024\" height=\"1024\" srcset=\"https:\/\/bq-toy.com\/wp-content\/uploads\/2025\/12\/BQ11-23.jpg 1024w, https:\/\/bq-toy.com\/wp-content\/uploads\/2025\/12\/BQ11-23-300x300.jpg 300w, https:\/\/bq-toy.com\/wp-content\/uploads\/2025\/12\/BQ11-23-800x800.jpg 800w, https:\/\/bq-toy.com\/wp-content\/uploads\/2025\/12\/BQ11-23-150x150.jpg 150w, https:\/\/bq-toy.com\/wp-content\/uploads\/2025\/12\/BQ11-23-768x768.jpg 768w, https:\/\/bq-toy.com\/wp-content\/uploads\/2025\/12\/BQ11-23-12x12.jpg 12w, https:\/\/bq-toy.com\/wp-content\/uploads\/2025\/12\/BQ11-23-430x430.jpg 430w, https:\/\/bq-toy.com\/wp-content\/uploads\/2025\/12\/BQ11-23-700x700.jpg 700w\" sizes=\"(max-width: 1024px) 100vw, 1024px\" \/><img decoding=\"async\" class=\"aligncenter size-full wp-image-29839\" src=\"https:\/\/bq-toy.com\/wp-content\/uploads\/2025\/12\/BQ11-22.jpg\" alt=\"\" width=\"1024\" height=\"1024\" srcset=\"https:\/\/bq-toy.com\/wp-content\/uploads\/2025\/12\/BQ11-22.jpg 1024w, https:\/\/bq-toy.com\/wp-content\/uploads\/2025\/12\/BQ11-22-300x300.jpg 300w, https:\/\/bq-toy.com\/wp-content\/uploads\/2025\/12\/BQ11-22-800x800.jpg 800w, https:\/\/bq-toy.com\/wp-content\/uploads\/2025\/12\/BQ11-22-150x150.jpg 150w, https:\/\/bq-toy.com\/wp-content\/uploads\/2025\/12\/BQ11-22-768x768.jpg 768w, https:\/\/bq-toy.com\/wp-content\/uploads\/2025\/12\/BQ11-22-12x12.jpg 12w, https:\/\/bq-toy.com\/wp-content\/uploads\/2025\/12\/BQ11-22-430x430.jpg 430w, https:\/\/bq-toy.com\/wp-content\/uploads\/2025\/12\/BQ11-22-700x700.jpg 700w\" sizes=\"(max-width: 1024px) 100vw, 1024px\" \/><img decoding=\"async\" class=\"aligncenter size-full wp-image-29838\" src=\"https:\/\/bq-toy.com\/wp-content\/uploads\/2025\/12\/BQ11-21.jpg\" alt=\"\" width=\"1024\" height=\"1024\" srcset=\"https:\/\/bq-toy.com\/wp-content\/uploads\/2025\/12\/BQ11-21.jpg 1024w, https:\/\/bq-toy.com\/wp-content\/uploads\/2025\/12\/BQ11-21-300x300.jpg 300w, https:\/\/bq-toy.com\/wp-content\/uploads\/2025\/12\/BQ11-21-800x800.jpg 800w, https:\/\/bq-toy.com\/wp-content\/uploads\/2025\/12\/BQ11-21-150x150.jpg 150w, https:\/\/bq-toy.com\/wp-content\/uploads\/2025\/12\/BQ11-21-768x768.jpg 768w, https:\/\/bq-toy.com\/wp-content\/uploads\/2025\/12\/BQ11-21-12x12.jpg 12w, https:\/\/bq-toy.com\/wp-content\/uploads\/2025\/12\/BQ11-21-430x430.jpg 430w, https:\/\/bq-toy.com\/wp-content\/uploads\/2025\/12\/BQ11-21-700x700.jpg 700w\" sizes=\"(max-width: 1024px) 100vw, 1024px\" \/><img loading=\"lazy\" decoding=\"async\" class=\"aligncenter size-full wp-image-29841\" src=\"https:\/\/bq-toy.com\/wp-content\/uploads\/2025\/12\/BQ11-24.jpg\" alt=\"\" width=\"1024\" height=\"1024\" srcset=\"https:\/\/bq-toy.com\/wp-content\/uploads\/2025\/12\/BQ11-24.jpg 1024w, https:\/\/bq-toy.com\/wp-content\/uploads\/2025\/12\/BQ11-24-300x300.jpg 300w, https:\/\/bq-toy.com\/wp-content\/uploads\/2025\/12\/BQ11-24-800x800.jpg 800w, https:\/\/bq-toy.com\/wp-content\/uploads\/2025\/12\/BQ11-24-150x150.jpg 150w, https:\/\/bq-toy.com\/wp-content\/uploads\/2025\/12\/BQ11-24-768x768.jpg 768w, https:\/\/bq-toy.com\/wp-content\/uploads\/2025\/12\/BQ11-24-12x12.jpg 12w, https:\/\/bq-toy.com\/wp-content\/uploads\/2025\/12\/BQ11-24-430x430.jpg 430w, https:\/\/bq-toy.com\/wp-content\/uploads\/2025\/12\/BQ11-24-700x700.jpg 700w\" sizes=\"(max-width: 1024px) 100vw, 1024px\" \/><img loading=\"lazy\" decoding=\"async\" class=\"aligncenter size-full wp-image-29845\" src=\"https:\/\/bq-toy.com\/wp-content\/uploads\/2025\/12\/BQ11-28.jpg\" alt=\"\" width=\"1024\" height=\"1024\" srcset=\"https:\/\/bq-toy.com\/wp-content\/uploads\/2025\/12\/BQ11-28.jpg 1024w, https:\/\/bq-toy.com\/wp-content\/uploads\/2025\/12\/BQ11-28-300x300.jpg 300w, https:\/\/bq-toy.com\/wp-content\/uploads\/2025\/12\/BQ11-28-800x800.jpg 800w, https:\/\/bq-toy.com\/wp-content\/uploads\/2025\/12\/BQ11-28-150x150.jpg 150w, https:\/\/bq-toy.com\/wp-content\/uploads\/2025\/12\/BQ11-28-768x768.jpg 768w, https:\/\/bq-toy.com\/wp-content\/uploads\/2025\/12\/BQ11-28-12x12.jpg 12w, https:\/\/bq-toy.com\/wp-content\/uploads\/2025\/12\/BQ11-28-430x430.jpg 430w, https:\/\/bq-toy.com\/wp-content\/uploads\/2025\/12\/BQ11-28-700x700.jpg 700w\" sizes=\"(max-width: 1024px) 100vw, 1024px\" \/> <img loading=\"lazy\" decoding=\"async\" class=\"aligncenter size-full wp-image-29843\" src=\"https:\/\/bq-toy.com\/wp-content\/uploads\/2025\/12\/BQ11-26.jpg\" alt=\"\" width=\"1024\" height=\"1024\" srcset=\"https:\/\/bq-toy.com\/wp-content\/uploads\/2025\/12\/BQ11-26.jpg 1024w, https:\/\/bq-toy.com\/wp-content\/uploads\/2025\/12\/BQ11-26-300x300.jpg 300w, https:\/\/bq-toy.com\/wp-content\/uploads\/2025\/12\/BQ11-26-800x800.jpg 800w, https:\/\/bq-toy.com\/wp-content\/uploads\/2025\/12\/BQ11-26-150x150.jpg 150w, https:\/\/bq-toy.com\/wp-content\/uploads\/2025\/12\/BQ11-26-768x768.jpg 768w, https:\/\/bq-toy.com\/wp-content\/uploads\/2025\/12\/BQ11-26-12x12.jpg 12w, https:\/\/bq-toy.com\/wp-content\/uploads\/2025\/12\/BQ11-26-430x430.jpg 430w, https:\/\/bq-toy.com\/wp-content\/uploads\/2025\/12\/BQ11-26-700x700.jpg 700w\" sizes=\"(max-width: 1024px) 100vw, 1024px\" \/> <img loading=\"lazy\" decoding=\"async\" class=\"aligncenter size-full wp-image-29842\" src=\"https:\/\/bq-toy.com\/wp-content\/uploads\/2025\/12\/BQ11-25.jpg\" alt=\"\" width=\"1024\" height=\"1024\" srcset=\"https:\/\/bq-toy.com\/wp-content\/uploads\/2025\/12\/BQ11-25.jpg 1024w, https:\/\/bq-toy.com\/wp-content\/uploads\/2025\/12\/BQ11-25-300x300.jpg 300w, https:\/\/bq-toy.com\/wp-content\/uploads\/2025\/12\/BQ11-25-800x800.jpg 800w, https:\/\/bq-toy.com\/wp-content\/uploads\/2025\/12\/BQ11-25-150x150.jpg 150w, https:\/\/bq-toy.com\/wp-content\/uploads\/2025\/12\/BQ11-25-768x768.jpg 768w, https:\/\/bq-toy.com\/wp-content\/uploads\/2025\/12\/BQ11-25-12x12.jpg 12w, https:\/\/bq-toy.com\/wp-content\/uploads\/2025\/12\/BQ11-25-430x430.jpg 430w, https:\/\/bq-toy.com\/wp-content\/uploads\/2025\/12\/BQ11-25-700x700.jpg 700w\" sizes=\"(max-width: 1024px) 100vw, 1024px\" \/><br \/>\n<img loading=\"lazy\" decoding=\"async\" class=\"aligncenter size-full wp-image-29846\" src=\"https:\/\/bq-toy.com\/wp-content\/uploads\/2025\/12\/11-2.jpg\" alt=\"\" width=\"1024\" height=\"1024\" srcset=\"https:\/\/bq-toy.com\/wp-content\/uploads\/2025\/12\/11-2.jpg 1024w, https:\/\/bq-toy.com\/wp-content\/uploads\/2025\/12\/11-2-300x300.jpg 300w, https:\/\/bq-toy.com\/wp-content\/uploads\/2025\/12\/11-2-800x800.jpg 800w, https:\/\/bq-toy.com\/wp-content\/uploads\/2025\/12\/11-2-150x150.jpg 150w, https:\/\/bq-toy.com\/wp-content\/uploads\/2025\/12\/11-2-768x768.jpg 768w, https:\/\/bq-toy.com\/wp-content\/uploads\/2025\/12\/11-2-12x12.jpg 12w, https:\/\/bq-toy.com\/wp-content\/uploads\/2025\/12\/11-2-430x430.jpg 430w, https:\/\/bq-toy.com\/wp-content\/uploads\/2025\/12\/11-2-700x700.jpg 700w\" sizes=\"(max-width: 1024px) 100vw, 1024px\" \/><\/p>","protected":false},"excerpt":{"rendered":"<p class=\"ds-markdown-paragraph\">\n<p class=\"ds-markdown-paragraph\">Hergestellt von\u00a0<strong>BeiQi Stempelspielzeugfabrik<\/strong>, ein Spezialist f\u00fcr kreative Kinderstempel, dieser\u00a0<strong>\u00dcberraschungsei-Stempel<\/strong>\u00a0ist ein sofort einsatzbereites, werbefertiges Produkt, das f\u00fcr kleine H\u00e4nde und ein breites L\u00e4cheln entwickelt wurde. Sein runder, griffiger Griff sorgt f\u00fcr einen bequemen Halt, w\u00e4hrend der\u00a0<strong>lebensmittelechtes Stempelkissen<\/strong>\u00a0Garantiert sicheren und kreativen Spa\u00df \u2013 jedes Mal. Dieser Stempel aus lebensmittelechtem Kunststoff ist in Gro\u00dfpackungen erh\u00e4ltlich, vollst\u00e4ndig individualisierbar und passt perfekt in \u00dcberraschungseier, Snackpackungen und Geschenkt\u00fcten.<\/p>\n<table width=\"822\">\n<tbody>\n<tr>\n<td width=\"210\">Modell<\/td>\n<td width=\"612\">BQ11-23<\/td>\n<\/tr>\n<tr>\n<td width=\"210\">Material<\/td>\n<td width=\"612\">Kunststoff PS + EVA + Tinte + Papier<\/td>\n<\/tr>\n<tr>\n<td width=\"210\">Beschreibung<\/td>\n<td width=\"612\">Runder Griff Selbstf\u00e4rbender Stempel<\/td>\n<\/tr>\n<tr>\n<td width=\"210\">Gr\u00f6\u00dfe<\/td>\n<td width=\"612\">Briefmarke: 2,9 \u00d7 2,65 \u00d7 4,05 cm<\/td>\n<\/tr>\n<tr>\n<td width=\"210\">Verpackung<\/td>\n<td width=\"612\">Gro\u00dfpackung\/OPP-Beutel<\/td>\n<\/tr>\n<tr>\n<td width=\"210\">St\u00fcck\/Karton<\/td>\n<td width=\"612\">3000 St\u00fcck\/Karton.<\/td>\n<\/tr>\n<tr>\n<td width=\"210\">Kartongr\u00f6\u00dfe<\/td>\n<td width=\"612\">45 x 43 x 33 cm<\/td>\n<\/tr>\n<tr>\n<td width=\"210\">NW\/GW<\/td>\n<td width=\"612\">14\/13 kg<\/td>\n<\/tr>\n<tr>\n<td width=\"210\">Farbe<\/td>\n<td width=\"612\">Ma\u00dfgeschneidert<\/td>\n<\/tr>\n<tr>\n<td width=\"210\">Muster<\/td>\n<td width=\"612\">Ma\u00dfgeschneidert<\/td>\n<\/tr>\n<tr>\n<td width=\"210\">Typ<\/td>\n<td width=\"612\">Selbstf\u00e4rbender Stempel<\/td>\n<\/tr>\n<tr>\n<td width=\"210\">Zertifikat<\/td>\n<td width=\"612\">Sicherheitsdatenblatt, EN71, HR4040, 7P, ASTM<\/td>\n<\/tr>\n<tr>\n<td width=\"210\">Abtastzeit<\/td>\n<td width=\"612\">3-7 Tage<\/td>\n<\/tr>\n<\/tbody>\n<\/table>","protected":false},"featured_media":29840,"template":"","meta":[],"product_brand":[],"product_cat":[82],"product_tag":[136,137,134,138,133,139,140,135],"class_list":{"0":"post-29850","1":"product","2":"type-product","3":"status-publish","4":"has-post-thumbnail","6":"product_cat-bulk-round-handle-self-inking-stamps","7":"product_tag-adventure-play","8":"product_tag-exotic-animal-stamps","9":"product_tag-jungle-theme","10":"product_tag-plastic-stamp","11":"product_tag-safari-toys","12":"product_tag-self-inking-stamp","13":"product_tag-stamper","14":"product_tag-wildlife-education","16":"first","17":"instock","18":"shipping-taxable","19":"product-type-external"},"yoast_head":"<!-- This site is optimized with the Yoast SEO Premium plugin v26.6 (Yoast SEO v26.6) - https:\/\/yoast.com\/wordpress\/plugins\/seo\/ -->\n<title>6 Pcs Wild Animal Stamp Set, Safari &amp; Jungle Animal Stamps (Lion, Elephant, Giraffe), Kids Adventure Stamps for Craft and Storytelling - BEIQI TOYS STAMP FACTORY Safari Stamps for Kids - 6 Pc Wild Animal Jungle Stamp Set | BeiQi Toys<\/title>\n<meta name=\"description\" content=\"Go on a safari adventure! This wild animal stamp set features lions, elephants, giraffes and more. Ideal for jungle-themed crafts, storytelling, and educational play.\" \/>\n<meta name=\"robots\" content=\"index, follow, max-snippet:-1, max-image-preview:large, max-video-preview:-1\" \/>\n<link rel=\"canonical\" href=\"https:\/\/bq-toy.com\/de\/produkt\/wild-animal-stamps\/\" \/>\n<meta property=\"og:locale\" content=\"de_DE\" \/>\n<meta property=\"og:type\" content=\"article\" \/>\n<meta property=\"og:title\" content=\"6 Pcs Wild Animal Stamp Set, Safari &amp; Jungle Animal Stamps (Lion, Elephant, Giraffe), Kids Adventure Stamps for Craft and Storytelling\" \/>\n<meta property=\"og:description\" content=\"Go on a safari adventure! This wild animal stamp set features lions, elephants, giraffes and more. Ideal for jungle-themed crafts, storytelling, and educational play.\" \/>\n<meta property=\"og:url\" content=\"https:\/\/bq-toy.com\/de\/produkt\/wild-animal-stamps\/\" \/>\n<meta property=\"og:site_name\" content=\"BEIQI TOYS STAMP FACTORY\" \/>\n<meta property=\"article:modified_time\" content=\"2025-12-25T03:45:43+00:00\" \/>\n<meta property=\"og:image\" content=\"https:\/\/bq-toy.com\/wp-content\/uploads\/2025\/12\/BQ11-23.jpg\" \/>\n\t<meta property=\"og:image:width\" content=\"1024\" \/>\n\t<meta property=\"og:image:height\" content=\"1024\" \/>\n\t<meta property=\"og:image:type\" content=\"image\/jpeg\" \/>\n<meta name=\"twitter:card\" content=\"summary_large_image\" \/>\n<meta name=\"twitter:label1\" content=\"Gesch\u00e4tzte Lesezeit\" \/>\n\t<meta name=\"twitter:data1\" content=\"2\u00a0Minuten\" \/>\n<script type=\"application\/ld+json\" class=\"yoast-schema-graph\">{\"@context\":\"https:\/\/schema.org\",\"@graph\":[{\"@type\":\"WebPage\",\"@id\":\"https:\/\/bq-toy.com\/product\/wild-animal-stamps\/\",\"url\":\"https:\/\/bq-toy.com\/product\/wild-animal-stamps\/\",\"name\":\"6 Pcs Wild Animal Stamp Set, Safari & Jungle Animal Stamps (Lion, Elephant, Giraffe), Kids Adventure Stamps for Craft and Storytelling - BEIQI TOYS STAMP FACTORY Safari Stamps for Kids - 6 Pc Wild Animal Jungle Stamp Set | BeiQi Toys\",\"isPartOf\":{\"@id\":\"https:\/\/bq-toy.com\/#website\"},\"primaryImageOfPage\":{\"@id\":\"https:\/\/bq-toy.com\/product\/wild-animal-stamps\/#primaryimage\"},\"image\":{\"@id\":\"https:\/\/bq-toy.com\/product\/wild-animal-stamps\/#primaryimage\"},\"thumbnailUrl\":\"https:\/\/bq-toy.com\/wp-content\/uploads\/2025\/12\/BQ11-23.jpg\",\"datePublished\":\"2025-12-16T03:03:43+00:00\",\"dateModified\":\"2025-12-25T03:45:43+00:00\",\"description\":\"Go on a safari adventure! This wild animal stamp set features lions, elephants, giraffes and more. Ideal for jungle-themed crafts, storytelling, and educational play.\",\"breadcrumb\":{\"@id\":\"https:\/\/bq-toy.com\/product\/wild-animal-stamps\/#breadcrumb\"},\"inLanguage\":\"de\",\"potentialAction\":[{\"@type\":\"ReadAction\",\"target\":[\"https:\/\/bq-toy.com\/product\/wild-animal-stamps\/\"]}]},{\"@type\":\"ImageObject\",\"inLanguage\":\"de\",\"@id\":\"https:\/\/bq-toy.com\/product\/wild-animal-stamps\/#primaryimage\",\"url\":\"https:\/\/bq-toy.com\/wp-content\/uploads\/2025\/12\/BQ11-23.jpg\",\"contentUrl\":\"https:\/\/bq-toy.com\/wp-content\/uploads\/2025\/12\/BQ11-23.jpg\",\"width\":1024,\"height\":1024,\"caption\":\"safari animal stamps set, wild jungle animal stamp for kids\"},{\"@type\":\"BreadcrumbList\",\"@id\":\"https:\/\/bq-toy.com\/product\/wild-animal-stamps\/#breadcrumb\",\"itemListElement\":[{\"@type\":\"ListItem\",\"position\":1,\"name\":\"Home\",\"item\":\"https:\/\/bq-toy.com\/\"},{\"@type\":\"ListItem\",\"position\":2,\"name\":\"Product\",\"item\":\"https:\/\/bq-toy.com\/product\/\"},{\"@type\":\"ListItem\",\"position\":3,\"name\":\"6 Pcs Wild Animal Stamp Set, Safari &#038; Jungle Animal Stamps (Lion, Elephant, Giraffe), Kids Adventure Stamps for Craft and Storytelling\"}]},{\"@type\":\"WebSite\",\"@id\":\"https:\/\/bq-toy.com\/#website\",\"url\":\"https:\/\/bq-toy.com\/\",\"name\":\"BEIQI TOYS STAMP FACTORY\",\"description\":\"BEIQI TOYS STAMP FACTORY\",\"potentialAction\":[{\"@type\":\"SearchAction\",\"target\":{\"@type\":\"EntryPoint\",\"urlTemplate\":\"https:\/\/bq-toy.com\/?s={search_term_string}\"},\"query-input\":{\"@type\":\"PropertyValueSpecification\",\"valueRequired\":true,\"valueName\":\"search_term_string\"}}],\"inLanguage\":\"de\"}]}<\/script>\n<!-- \/ Yoast SEO Premium plugin. -->","yoast_head_json":{"title":"6 Pcs Wild Animal Stamp Set, Safari & Jungle Animal Stamps (Lion, Elephant, Giraffe), Kids Adventure Stamps for Craft and Storytelling - BEIQI TOYS STAMP FACTORY Safari Stamps for Kids - 6 Pc Wild Animal Jungle Stamp Set | BeiQi Toys","description":"Go on a safari adventure! This wild animal stamp set features lions, elephants, giraffes and more. Ideal for jungle-themed crafts, storytelling, and educational play.","robots":{"index":"index","follow":"follow","max-snippet":"max-snippet:-1","max-image-preview":"max-image-preview:large","max-video-preview":"max-video-preview:-1"},"canonical":"https:\/\/bq-toy.com\/de\/produkt\/wild-animal-stamps\/","og_locale":"de_DE","og_type":"article","og_title":"6 Pcs Wild Animal Stamp Set, Safari & Jungle Animal Stamps (Lion, Elephant, Giraffe), Kids Adventure Stamps for Craft and Storytelling","og_description":"Go on a safari adventure! This wild animal stamp set features lions, elephants, giraffes and more. Ideal for jungle-themed crafts, storytelling, and educational play.","og_url":"https:\/\/bq-toy.com\/de\/produkt\/wild-animal-stamps\/","og_site_name":"BEIQI TOYS STAMP FACTORY","article_modified_time":"2025-12-25T03:45:43+00:00","og_image":[{"width":1024,"height":1024,"url":"https:\/\/bq-toy.com\/wp-content\/uploads\/2025\/12\/BQ11-23.jpg","type":"image\/jpeg"}],"twitter_card":"summary_large_image","twitter_misc":{"Gesch\u00e4tzte Lesezeit":"2\u00a0Minuten"},"schema":{"@context":"https:\/\/schema.org","@graph":[{"@type":"WebPage","@id":"https:\/\/bq-toy.com\/product\/wild-animal-stamps\/","url":"https:\/\/bq-toy.com\/product\/wild-animal-stamps\/","name":"6 Pcs Wild Animal Stamp Set, Safari & Jungle Animal Stamps (Lion, Elephant, Giraffe), Kids Adventure Stamps for Craft and Storytelling - BEIQI TOYS STAMP FACTORY Safari Stamps for Kids - 6 Pc Wild Animal Jungle Stamp Set | BeiQi Toys","isPartOf":{"@id":"https:\/\/bq-toy.com\/#website"},"primaryImageOfPage":{"@id":"https:\/\/bq-toy.com\/product\/wild-animal-stamps\/#primaryimage"},"image":{"@id":"https:\/\/bq-toy.com\/product\/wild-animal-stamps\/#primaryimage"},"thumbnailUrl":"https:\/\/bq-toy.com\/wp-content\/uploads\/2025\/12\/BQ11-23.jpg","datePublished":"2025-12-16T03:03:43+00:00","dateModified":"2025-12-25T03:45:43+00:00","description":"Go on a safari adventure! This wild animal stamp set features lions, elephants, giraffes and more. Ideal for jungle-themed crafts, storytelling, and educational play.","breadcrumb":{"@id":"https:\/\/bq-toy.com\/product\/wild-animal-stamps\/#breadcrumb"},"inLanguage":"de","potentialAction":[{"@type":"ReadAction","target":["https:\/\/bq-toy.com\/product\/wild-animal-stamps\/"]}]},{"@type":"ImageObject","inLanguage":"de","@id":"https:\/\/bq-toy.com\/product\/wild-animal-stamps\/#primaryimage","url":"https:\/\/bq-toy.com\/wp-content\/uploads\/2025\/12\/BQ11-23.jpg","contentUrl":"https:\/\/bq-toy.com\/wp-content\/uploads\/2025\/12\/BQ11-23.jpg","width":1024,"height":1024,"caption":"safari animal stamps set, wild jungle animal stamp for kids"},{"@type":"BreadcrumbList","@id":"https:\/\/bq-toy.com\/product\/wild-animal-stamps\/#breadcrumb","itemListElement":[{"@type":"ListItem","position":1,"name":"Home","item":"https:\/\/bq-toy.com\/"},{"@type":"ListItem","position":2,"name":"Product","item":"https:\/\/bq-toy.com\/product\/"},{"@type":"ListItem","position":3,"name":"6 Pcs Wild Animal Stamp Set, Safari &#038; Jungle Animal Stamps (Lion, Elephant, Giraffe), Kids Adventure Stamps for Craft and Storytelling"}]},{"@type":"WebSite","@id":"https:\/\/bq-toy.com\/#website","url":"https:\/\/bq-toy.com\/","name":"BEIQI TOYS STAMP FACTORY","description":"BEIQI TOYS STAMP FACTORY","potentialAction":[{"@type":"SearchAction","target":{"@type":"EntryPoint","urlTemplate":"https:\/\/bq-toy.com\/?s={search_term_string}"},"query-input":{"@type":"PropertyValueSpecification","valueRequired":true,"valueName":"search_term_string"}}],"inLanguage":"de"}]}},"_links":{"self":[{"href":"https:\/\/bq-toy.com\/de\/wp-json\/wp\/v2\/product\/29850","targetHints":{"allow":["GET"]}}],"collection":[{"href":"https:\/\/bq-toy.com\/de\/wp-json\/wp\/v2\/product"}],"about":[{"href":"https:\/\/bq-toy.com\/de\/wp-json\/wp\/v2\/types\/product"}],"version-history":[{"count":3,"href":"https:\/\/bq-toy.com\/de\/wp-json\/wp\/v2\/product\/29850\/revisions"}],"predecessor-version":[{"id":29886,"href":"https:\/\/bq-toy.com\/de\/wp-json\/wp\/v2\/product\/29850\/revisions\/29886"}],"wp:featuredmedia":[{"embeddable":true,"href":"https:\/\/bq-toy.com\/de\/wp-json\/wp\/v2\/media\/29840"}],"wp:attachment":[{"href":"https:\/\/bq-toy.com\/de\/wp-json\/wp\/v2\/media?parent=29850"}],"wp:term":[{"taxonomy":"product_brand","embeddable":true,"href":"https:\/\/bq-toy.com\/de\/wp-json\/wp\/v2\/product_brand?post=29850"},{"taxonomy":"product_cat","embeddable":true,"href":"https:\/\/bq-toy.com\/de\/wp-json\/wp\/v2\/product_cat?post=29850"},{"taxonomy":"product_tag","embeddable":true,"href":"https:\/\/bq-toy.com\/de\/wp-json\/wp\/v2\/product_tag?post=29850"}],"curies":[{"name":"wp","href":"https:\/\/api.w.org\/{rel}","templated":true}]}}