{"id":29809,"date":"2025-12-16T01:24:51","date_gmt":"2025-12-16T01:24:51","guid":{"rendered":"https:\/\/bq-toy.com\/?post_type=product&#038;p=29809"},"modified":"2025-12-31T10:05:09","modified_gmt":"2025-12-31T10:05:09","slug":"custom-hero-ring-stamps-bulk","status":"publish","type":"product","link":"https:\/\/bq-toy.com\/de\/produkt\/custom-hero-ring-stamps-bulk\/","title":{"rendered":"Heldenring-Stempel f\u00fcr Jungen, individuell gestaltbares Fingerstempel-Spielzeug in gro\u00dfen Mengen, cooles Kindergeschenk &amp; Partyartikel, Werbegeschenk"},"content":{"rendered":"<p class=\"ds-markdown-paragraph\"><strong>Wir pr\u00e4sentieren unsere hei\u00df begehrten personalisierten Heldenring-Stempel \u2013 die ultimative Geschenkidee f\u00fcr Jungen<\/strong><\/p>\n<p class=\"ds-markdown-paragraph\">Auf der Suche nach dem\/der Perfekten\u00a0<strong>Geschenk f\u00fcr Jungen in gro\u00dfen Mengen<\/strong>\u00a0oder ein Werbeartikel, der junge Kunden begeistert? Unser\u00a0<strong>Individuelle Heldenring-Stempel<\/strong>\u00a0Sie sind die Antwort. Diese innovativen, tragbaren Stempel vereinen Spiel und Kreativit\u00e4t und zeigen gepr\u00e4gte Schilde, Blitze und andere Motive.\u00a0<strong>Designs mit Heldenmotiven<\/strong>\u00a0die bei Jungen Anklang finden. Jeder Ring ist ein\u00a0<strong>personalisierter Stempelring f\u00fcr Kinder<\/strong>und verwandeln ihre Finger so im Handumdrehen in Superheldenwerkzeuge.<\/p>\n<p class=\"ds-markdown-paragraph\"><strong>Ideal f\u00fcr wirkungsvolle Werbeaktionen und Verk\u00e4ufe<\/strong><br \/>\nDieses Produkt zeichnet sich durch folgende Eigenschaften aus:\u00a0<strong>Werbegeschenk<\/strong>\u00a0in Fast-Food-Kindermen\u00fcs, ein Hit\u00a0<strong>Gastgeschenk<\/strong>\u00a0zum Geburtstag oder einem\u00a0<strong>Markengeschenk<\/strong>\u00a0In Kundenbindungsprogrammen des Einzelhandels. Erh\u00e4ltlich in praktischen Gesch\u00e4ften.\u00a0<strong>Sch\u00fcttgut<\/strong>\u00a0Die Mengen kommen direkt ab Werk und bieten B2B-K\u00e4ufern ein hervorragendes Preis-Leistungs-Verh\u00e4ltnis.<\/p>\n<p class=\"ds-markdown-paragraph\"><strong>Ihre Marke, ihr Held \u2013 Vollst\u00e4ndige Individualisierung<\/strong><br \/>\nAls OEM-Hersteller sind wir spezialisiert auf\u00a0<strong>individuelle Heldenring-Stempel<\/strong>Wir k\u00f6nnen Ihr Firmenlogo aufdrucken, die Hero-Symbole anpassen oder Farbschemata ver\u00e4ndern, um ein einzigartiges Design zu erstellen.\u00a0<strong>personalisierter Stempelring<\/strong>\u00a0das Ihre Markenidentit\u00e4t st\u00e4rkt. Unser\u00a0<strong>anpassbar<\/strong>\u00a0Der Prozess ist optimiert f\u00fcr\u00a0<strong>Sch\u00fcttgut<\/strong>\u00a0Bestellungen mit niedriger Mindestbestellmenge erleichtern den Start Ihrer Kampagne.<\/p>\n<p class=\"ds-markdown-paragraph\"><strong>Qualit\u00e4t und Sicherheit garantiert<\/strong><br \/>\nDiese Ringe werden aus robusten, kindersicheren Materialien hergestellt und entsprechen internationalen Spielzeugsicherheitsstandards. Sie sind ideal f\u00fcr aktives Spielen. Der klare Stempelabdruck gew\u00e4hrleistet eine wiederholte Verwendung und sorgt so f\u00fcr ein hervorragendes Preis-Leistungs-Verh\u00e4ltnis.<\/p>\n<p class=\"ds-markdown-paragraph\"><strong>Bestellen Sie noch heute Ihre individuelle Charge!<\/strong><br \/>\nBereit, einen heldenhaften Eindruck zu hinterlassen?\u00a0<strong>Kontaktieren Sie uns<\/strong>\u00a0F\u00fcr ein Angebot besprechen Sie bitte Ihre...\u00a0<strong>Anpassung<\/strong>\u00a0Bed\u00fcrfnisse, und sehen Sie, wie unsere\u00a0<strong>Geschenkringe f\u00fcr Jungen in gro\u00dfen Mengen<\/strong>\u00a0kann Ihr n\u00e4chster Bestseller werden.<\/p>\n<p><img fetchpriority=\"high\" decoding=\"async\" class=\"aligncenter size-full wp-image-29810\" src=\"https:\/\/bq-toy.com\/wp-content\/uploads\/2025\/12\/BQ11-6.jpg\" alt=\"\" width=\"2550\" height=\"2256\" srcset=\"https:\/\/bq-toy.com\/wp-content\/uploads\/2025\/12\/BQ11-6.jpg 2550w, https:\/\/bq-toy.com\/wp-content\/uploads\/2025\/12\/BQ11-6-339x300.jpg 339w, https:\/\/bq-toy.com\/wp-content\/uploads\/2025\/12\/BQ11-6-904x800.jpg 904w, https:\/\/bq-toy.com\/wp-content\/uploads\/2025\/12\/BQ11-6-768x679.jpg 768w, https:\/\/bq-toy.com\/wp-content\/uploads\/2025\/12\/BQ11-6-1536x1359.jpg 1536w, https:\/\/bq-toy.com\/wp-content\/uploads\/2025\/12\/BQ11-6-2048x1812.jpg 2048w, https:\/\/bq-toy.com\/wp-content\/uploads\/2025\/12\/BQ11-6-14x12.jpg 14w, https:\/\/bq-toy.com\/wp-content\/uploads\/2025\/12\/BQ11-6-430x380.jpg 430w, https:\/\/bq-toy.com\/wp-content\/uploads\/2025\/12\/BQ11-6-700x619.jpg 700w, https:\/\/bq-toy.com\/wp-content\/uploads\/2025\/12\/BQ11-6-150x133.jpg 150w\" sizes=\"(max-width: 2550px) 100vw, 2550px\" \/><\/p>","protected":false},"excerpt":{"rendered":"<p class=\"ds-markdown-paragraph\"><strong>Hero Ring Stamp \u2013 Kreativit\u00e4t, die etwas aus der Bahn geworfen hat!<\/strong><\/p>\n<p class=\"ds-markdown-paragraph\">Hergestellt von der BeiQi Stamp Toys Factory, einem Spezialisten f\u00fcr kreative Kinderstempel, die f\u00fcr junge Abenteurer entwickelt wurden, <strong>Heldenring-Stempel<\/strong>\u00a0Dieser robuste und zugleich verspielte Ring vereint k\u00fchnes Design mit spontaner Kreativit\u00e4t. Gefertigt aus widerstandsf\u00e4higem, kindersicherem Kunststoff, verf\u00fcgt dieser Ringstempel \u00fcber ein integriertes Stempelkissen und ist jederzeit und \u00fcberall einsatzbereit. Speziell f\u00fcr Jungen entworfen, ist er das perfekte Accessoire zum Spielen, Geschichtenerz\u00e4hlen und um sich k\u00fcnstlerisch auszudr\u00fccken.<\/p>\n<p class=\"ds-markdown-paragraph\"><strong>Warum Jungen und Eltern es lieben:<\/strong><\/p>\n<ul>\n<li>\n<p class=\"ds-markdown-paragraph\"><strong>Cooles und robustes Design<\/strong>\u00a0\u2013 Ein robuster Kunststoffring, der Abenteuern standh\u00e4lt.<\/p>\n<\/li>\n<li>\n<p class=\"ds-markdown-paragraph\"><strong>Gebaut, um zu erschaffen<\/strong>\u00a0\u2013 Selbstf\u00e4rbender Stempel bedeutet kein Kleckern \u2013 einfach dr\u00fccken und loslegen.<\/p>\n<\/li>\n<li>\n<p class=\"ds-markdown-paragraph\"><strong>Themen, die Jungen gefallen<\/strong>\u00a0\u2013 W\u00e4hle aus Fahrzeugen, Dinosauriern, Robotern, Superhelden-Symbolen und mehr.<\/p>\n<\/li>\n<li>\n<p class=\"ds-markdown-paragraph\"><strong>Sicher und langlebig<\/strong>\u00a0\u2013 Hergestellt aus ungiftigem, BPA-freiem Kunststoff, der auch wildem Spielen standh\u00e4lt.<\/p>\n<\/li>\n<li>\n<p class=\"ds-markdown-paragraph\"><strong>Waschbare Tinte<\/strong>\u00a0\u2013 L\u00e4sst sich leicht von Haut, Kleidung und Oberfl\u00e4chen entfernen.<\/p>\n<\/li>\n<\/ul>\n<p class=\"ds-markdown-paragraph\"><strong>Perfekt geeignet f\u00fcr:<\/strong><br \/>\n\u2714\ufe0f Helden und Abenteurer im Rollenspiel<br \/>\n\u2714\ufe0f Kreative Missionen und geheime Botschaften<br \/>\n\u2714\ufe0f Belohnungen f\u00fcr mutige Taten und t\u00e4gliche Siege<br \/>\n\u2714\ufe0f Mitgebsel f\u00fcr Geburtstagsfeiern und Spielverabredungen<br \/>\n\u2714\ufe0f Kreativit\u00e4t f\u00fcr unterwegs \u2013 immer einsatzbereit<\/p>\n<p class=\"ds-markdown-paragraph\"><strong>Lass ihn seiner Fantasie freien Lauf lassen \u2013 und seine Geschichte pr\u00e4gen!<\/strong><\/p>\n<table width=\"822\">\n<tbody>\n<tr>\n<td width=\"210\">Modell<\/td>\n<td width=\"612\">BQ11-6<\/td>\n<\/tr>\n<tr>\n<td width=\"210\">Material<\/td>\n<td width=\"612\">Kunststoff PS\/PP + EVA + Tinte + Papier<\/td>\n<\/tr>\n<tr>\n<td width=\"210\">Beschreibung<\/td>\n<td width=\"612\">Hero Ring Selbstf\u00e4rbende Stempel<\/td>\n<\/tr>\n<tr>\n<td width=\"210\">Gr\u00f6\u00dfe<\/td>\n<td width=\"612\">Briefmarke: 2,2 \u00d7 2,2 \u00d7 2,6 cm<\/td>\n<\/tr>\n<tr>\n<td width=\"210\">Verpackung<\/td>\n<td width=\"612\">Gro\u00dfpackung\/OPP-Beutel<\/td>\n<\/tr>\n<tr>\n<td width=\"210\">St\u00fcck\/Karton<\/td>\n<td width=\"612\">10000 St\u00fcck\/Karton.<\/td>\n<\/tr>\n<tr>\n<td width=\"210\">Kartongr\u00f6\u00dfe<\/td>\n<td width=\"612\">45 x 43 x 33 cm<\/td>\n<\/tr>\n<tr>\n<td width=\"210\">NW\/GW<\/td>\n<td width=\"612\">20\/22 kg<\/td>\n<\/tr>\n<tr>\n<td width=\"210\">Typ<\/td>\n<td width=\"612\">Selbstf\u00e4rbender Stempel<\/td>\n<\/tr>\n<tr>\n<td width=\"210\">Zertifikat<\/td>\n<td width=\"612\">Sicherheitsdatenblatt, EN71, HR4040, 7P, ASTM<\/td>\n<\/tr>\n<tr>\n<td width=\"210\">Abtastzeit<\/td>\n<td width=\"612\">3-7 Tage<\/td>\n<\/tr>\n<\/tbody>\n<\/table>","protected":false},"featured_media":29810,"template":"","meta":[],"product_brand":[],"product_cat":[84],"product_tag":[205,210,207,204,120,209,208,206,203],"class_list":{"0":"post-29809","1":"product","2":"type-product","3":"status-publish","4":"has-post-thumbnail","6":"product_cat-bulk-ring-self-inking-stamp","7":"product_tag-boys-gift-bulk","8":"product_tag-branded-gift","9":"product_tag-customizable-giveaway","10":"product_tag-hero-toy","11":"product_tag-kids-meal-toy","12":"product_tag-oem-novelty-item","13":"product_tag-party-favor-for-boys","14":"product_tag-promotional-ring","15":"product_tag-ring-stamp","17":"first","18":"instock","19":"shipping-taxable","20":"product-type-external"},"yoast_head":"<!-- This site is optimized with the Yoast SEO Premium plugin v26.6 (Yoast SEO v26.6) - https:\/\/yoast.com\/wordpress\/plugins\/seo\/ -->\n<title>Custom Hero Ring Stamps - Gift &amp; Promotional Item | BeiQi OEM - BEIQI TOYS STAMP FACTORY<\/title>\n<meta name=\"description\" content=\"Cool custom hero ring stamps for boys! Bulk customizable finger toys. Perfect as party favors, promotional giveaways, or fast-food kids meal toys.\" \/>\n<meta name=\"robots\" content=\"index, follow, max-snippet:-1, max-image-preview:large, max-video-preview:-1\" \/>\n<link rel=\"canonical\" href=\"https:\/\/bq-toy.com\/de\/produkt\/custom-hero-ring-stamps-bulk\/\" \/>\n<meta property=\"og:locale\" content=\"de_DE\" \/>\n<meta property=\"og:type\" content=\"article\" \/>\n<meta property=\"og:title\" content=\"Hero Ring Stamp for Boys, Bulk Customizable Finger Stamp Toy, Cool Kids Gift &amp; Party Favor, Promotional Giveaway Item\" \/>\n<meta property=\"og:description\" content=\"Cool custom hero ring stamps for boys! Bulk customizable finger toys. Perfect as party favors, promotional giveaways, or fast-food kids meal toys.\" \/>\n<meta property=\"og:url\" content=\"https:\/\/bq-toy.com\/de\/produkt\/custom-hero-ring-stamps-bulk\/\" \/>\n<meta property=\"og:site_name\" content=\"BEIQI TOYS STAMP FACTORY\" \/>\n<meta property=\"article:modified_time\" content=\"2025-12-31T10:05:09+00:00\" \/>\n<meta property=\"og:image\" content=\"https:\/\/bq-toy.com\/wp-content\/uploads\/2025\/12\/BQ11-6-904x800.jpg\" \/>\n\t<meta property=\"og:image:width\" content=\"904\" \/>\n\t<meta property=\"og:image:height\" content=\"800\" \/>\n\t<meta property=\"og:image:type\" content=\"image\/jpeg\" \/>\n<meta name=\"twitter:card\" content=\"summary_large_image\" \/>\n<meta name=\"twitter:label1\" content=\"Gesch\u00e4tzte Lesezeit\" \/>\n\t<meta name=\"twitter:data1\" content=\"2\u00a0Minuten\" \/>\n<script type=\"application\/ld+json\" class=\"yoast-schema-graph\">{\"@context\":\"https:\/\/schema.org\",\"@graph\":[{\"@type\":\"WebPage\",\"@id\":\"https:\/\/bq-toy.com\/product\/custom-hero-ring-stamps-bulk\/\",\"url\":\"https:\/\/bq-toy.com\/product\/custom-hero-ring-stamps-bulk\/\",\"name\":\"Custom Hero Ring Stamps - Gift & Promotional Item | BeiQi OEM - BEIQI TOYS STAMP FACTORY\",\"isPartOf\":{\"@id\":\"https:\/\/bq-toy.com\/#website\"},\"primaryImageOfPage\":{\"@id\":\"https:\/\/bq-toy.com\/product\/custom-hero-ring-stamps-bulk\/#primaryimage\"},\"image\":{\"@id\":\"https:\/\/bq-toy.com\/product\/custom-hero-ring-stamps-bulk\/#primaryimage\"},\"thumbnailUrl\":\"https:\/\/bq-toy.com\/wp-content\/uploads\/2025\/12\/BQ11-6.jpg\",\"datePublished\":\"2025-12-16T01:24:51+00:00\",\"dateModified\":\"2025-12-31T10:05:09+00:00\",\"description\":\"Cool custom hero ring stamps for boys! Bulk customizable finger toys. Perfect as party favors, promotional giveaways, or fast-food kids meal toys.\",\"breadcrumb\":{\"@id\":\"https:\/\/bq-toy.com\/product\/custom-hero-ring-stamps-bulk\/#breadcrumb\"},\"inLanguage\":\"de\",\"potentialAction\":[{\"@type\":\"ReadAction\",\"target\":[\"https:\/\/bq-toy.com\/product\/custom-hero-ring-stamps-bulk\/\"]}]},{\"@type\":\"ImageObject\",\"inLanguage\":\"de\",\"@id\":\"https:\/\/bq-toy.com\/product\/custom-hero-ring-stamps-bulk\/#primaryimage\",\"url\":\"https:\/\/bq-toy.com\/wp-content\/uploads\/2025\/12\/BQ11-6.jpg\",\"contentUrl\":\"https:\/\/bq-toy.com\/wp-content\/uploads\/2025\/12\/BQ11-6.jpg\",\"width\":2550,\"height\":2256,\"caption\":\"custom hero ring stamp for boys bulk, personalized finger stamp promotional gift, ring toy for kids meal giveaway\"},{\"@type\":\"BreadcrumbList\",\"@id\":\"https:\/\/bq-toy.com\/product\/custom-hero-ring-stamps-bulk\/#breadcrumb\",\"itemListElement\":[{\"@type\":\"ListItem\",\"position\":1,\"name\":\"Home\",\"item\":\"https:\/\/bq-toy.com\/\"},{\"@type\":\"ListItem\",\"position\":2,\"name\":\"Product\",\"item\":\"https:\/\/bq-toy.com\/product\/\"},{\"@type\":\"ListItem\",\"position\":3,\"name\":\"Hero Ring Stamp for Boys, Bulk Customizable Finger Stamp Toy, Cool Kids Gift &#038; Party Favor, Promotional Giveaway Item\"}]},{\"@type\":\"WebSite\",\"@id\":\"https:\/\/bq-toy.com\/#website\",\"url\":\"https:\/\/bq-toy.com\/\",\"name\":\"BEIQI TOYS STAMP FACTORY\",\"description\":\"BEIQI TOYS STAMP FACTORY\",\"potentialAction\":[{\"@type\":\"SearchAction\",\"target\":{\"@type\":\"EntryPoint\",\"urlTemplate\":\"https:\/\/bq-toy.com\/?s={search_term_string}\"},\"query-input\":{\"@type\":\"PropertyValueSpecification\",\"valueRequired\":true,\"valueName\":\"search_term_string\"}}],\"inLanguage\":\"de\"}]}<\/script>\n<!-- \/ Yoast SEO Premium plugin. -->","yoast_head_json":{"title":"Custom Hero Ring Stamps - Gift & Promotional Item | BeiQi OEM - BEIQI TOYS STAMP FACTORY","description":"Cool custom hero ring stamps for boys! Bulk customizable finger toys. Perfect as party favors, promotional giveaways, or fast-food kids meal toys.","robots":{"index":"index","follow":"follow","max-snippet":"max-snippet:-1","max-image-preview":"max-image-preview:large","max-video-preview":"max-video-preview:-1"},"canonical":"https:\/\/bq-toy.com\/de\/produkt\/custom-hero-ring-stamps-bulk\/","og_locale":"de_DE","og_type":"article","og_title":"Hero Ring Stamp for Boys, Bulk Customizable Finger Stamp Toy, Cool Kids Gift & Party Favor, Promotional Giveaway Item","og_description":"Cool custom hero ring stamps for boys! Bulk customizable finger toys. Perfect as party favors, promotional giveaways, or fast-food kids meal toys.","og_url":"https:\/\/bq-toy.com\/de\/produkt\/custom-hero-ring-stamps-bulk\/","og_site_name":"BEIQI TOYS STAMP FACTORY","article_modified_time":"2025-12-31T10:05:09+00:00","og_image":[{"width":904,"height":800,"url":"https:\/\/bq-toy.com\/wp-content\/uploads\/2025\/12\/BQ11-6-904x800.jpg","type":"image\/jpeg"}],"twitter_card":"summary_large_image","twitter_misc":{"Gesch\u00e4tzte Lesezeit":"2\u00a0Minuten"},"schema":{"@context":"https:\/\/schema.org","@graph":[{"@type":"WebPage","@id":"https:\/\/bq-toy.com\/product\/custom-hero-ring-stamps-bulk\/","url":"https:\/\/bq-toy.com\/product\/custom-hero-ring-stamps-bulk\/","name":"Custom Hero Ring Stamps - Gift & Promotional Item | BeiQi OEM - BEIQI TOYS STAMP FACTORY","isPartOf":{"@id":"https:\/\/bq-toy.com\/#website"},"primaryImageOfPage":{"@id":"https:\/\/bq-toy.com\/product\/custom-hero-ring-stamps-bulk\/#primaryimage"},"image":{"@id":"https:\/\/bq-toy.com\/product\/custom-hero-ring-stamps-bulk\/#primaryimage"},"thumbnailUrl":"https:\/\/bq-toy.com\/wp-content\/uploads\/2025\/12\/BQ11-6.jpg","datePublished":"2025-12-16T01:24:51+00:00","dateModified":"2025-12-31T10:05:09+00:00","description":"Cool custom hero ring stamps for boys! Bulk customizable finger toys. Perfect as party favors, promotional giveaways, or fast-food kids meal toys.","breadcrumb":{"@id":"https:\/\/bq-toy.com\/product\/custom-hero-ring-stamps-bulk\/#breadcrumb"},"inLanguage":"de","potentialAction":[{"@type":"ReadAction","target":["https:\/\/bq-toy.com\/product\/custom-hero-ring-stamps-bulk\/"]}]},{"@type":"ImageObject","inLanguage":"de","@id":"https:\/\/bq-toy.com\/product\/custom-hero-ring-stamps-bulk\/#primaryimage","url":"https:\/\/bq-toy.com\/wp-content\/uploads\/2025\/12\/BQ11-6.jpg","contentUrl":"https:\/\/bq-toy.com\/wp-content\/uploads\/2025\/12\/BQ11-6.jpg","width":2550,"height":2256,"caption":"custom hero ring stamp for boys bulk, personalized finger stamp promotional gift, ring toy for kids meal giveaway"},{"@type":"BreadcrumbList","@id":"https:\/\/bq-toy.com\/product\/custom-hero-ring-stamps-bulk\/#breadcrumb","itemListElement":[{"@type":"ListItem","position":1,"name":"Home","item":"https:\/\/bq-toy.com\/"},{"@type":"ListItem","position":2,"name":"Product","item":"https:\/\/bq-toy.com\/product\/"},{"@type":"ListItem","position":3,"name":"Hero Ring Stamp for Boys, Bulk Customizable Finger Stamp Toy, Cool Kids Gift &#038; Party Favor, Promotional Giveaway Item"}]},{"@type":"WebSite","@id":"https:\/\/bq-toy.com\/#website","url":"https:\/\/bq-toy.com\/","name":"BEIQI TOYS STAMP FACTORY","description":"BEIQI TOYS STAMP FACTORY","potentialAction":[{"@type":"SearchAction","target":{"@type":"EntryPoint","urlTemplate":"https:\/\/bq-toy.com\/?s={search_term_string}"},"query-input":{"@type":"PropertyValueSpecification","valueRequired":true,"valueName":"search_term_string"}}],"inLanguage":"de"}]}},"_links":{"self":[{"href":"https:\/\/bq-toy.com\/de\/wp-json\/wp\/v2\/product\/29809","targetHints":{"allow":["GET"]}}],"collection":[{"href":"https:\/\/bq-toy.com\/de\/wp-json\/wp\/v2\/product"}],"about":[{"href":"https:\/\/bq-toy.com\/de\/wp-json\/wp\/v2\/types\/product"}],"version-history":[{"count":4,"href":"https:\/\/bq-toy.com\/de\/wp-json\/wp\/v2\/product\/29809\/revisions"}],"predecessor-version":[{"id":29909,"href":"https:\/\/bq-toy.com\/de\/wp-json\/wp\/v2\/product\/29809\/revisions\/29909"}],"wp:featuredmedia":[{"embeddable":true,"href":"https:\/\/bq-toy.com\/de\/wp-json\/wp\/v2\/media\/29810"}],"wp:attachment":[{"href":"https:\/\/bq-toy.com\/de\/wp-json\/wp\/v2\/media?parent=29809"}],"wp:term":[{"taxonomy":"product_brand","embeddable":true,"href":"https:\/\/bq-toy.com\/de\/wp-json\/wp\/v2\/product_brand?post=29809"},{"taxonomy":"product_cat","embeddable":true,"href":"https:\/\/bq-toy.com\/de\/wp-json\/wp\/v2\/product_cat?post=29809"},{"taxonomy":"product_tag","embeddable":true,"href":"https:\/\/bq-toy.com\/de\/wp-json\/wp\/v2\/product_tag?post=29809"}],"curies":[{"name":"wp","href":"https:\/\/api.w.org\/{rel}","templated":true}]}}