{"id":29761,"date":"2025-12-14T10:13:03","date_gmt":"2025-12-14T10:13:03","guid":{"rendered":"https:\/\/bq-toy.com\/?post_type=product&#038;p=29761"},"modified":"2025-12-14T10:23:30","modified_gmt":"2025-12-14T10:23:30","slug":"cute-animals-self-inking-stamp-24-pcs-5-8-animals","status":"publish","type":"product","link":"https:\/\/bq-toy.com\/de\/produkt\/cute-animals-self-inking-stamp-24-pcs-5-8-animals\/","title":{"rendered":"Niedliche Tiere Selbstf\u00e4rbestempel 24 St\u00fcck (5-8 Tiere)"},"content":{"rendered":"<p><img fetchpriority=\"high\" decoding=\"async\" class=\"aligncenter size-full wp-image-29757\" src=\"https:\/\/bq-toy.com\/wp-content\/uploads\/2025\/12\/BQ90A5-8.jpg\" alt=\"\" width=\"1024\" height=\"1024\" srcset=\"https:\/\/bq-toy.com\/wp-content\/uploads\/2025\/12\/BQ90A5-8.jpg 1024w, https:\/\/bq-toy.com\/wp-content\/uploads\/2025\/12\/BQ90A5-8-300x300.jpg 300w, https:\/\/bq-toy.com\/wp-content\/uploads\/2025\/12\/BQ90A5-8-800x800.jpg 800w, https:\/\/bq-toy.com\/wp-content\/uploads\/2025\/12\/BQ90A5-8-150x150.jpg 150w, https:\/\/bq-toy.com\/wp-content\/uploads\/2025\/12\/BQ90A5-8-768x768.jpg 768w, https:\/\/bq-toy.com\/wp-content\/uploads\/2025\/12\/BQ90A5-8-12x12.jpg 12w, https:\/\/bq-toy.com\/wp-content\/uploads\/2025\/12\/BQ90A5-8-430x430.jpg 430w, https:\/\/bq-toy.com\/wp-content\/uploads\/2025\/12\/BQ90A5-8-700x700.jpg 700w\" sizes=\"(max-width: 1024px) 100vw, 1024px\" \/><img decoding=\"async\" class=\"aligncenter size-full wp-image-29149\" src=\"https:\/\/bq-toy.com\/wp-content\/uploads\/2025\/12\/18-4.webp\" alt=\"\" width=\"1000\" height=\"1000\" srcset=\"https:\/\/bq-toy.com\/wp-content\/uploads\/2025\/12\/18-4.webp 1000w, https:\/\/bq-toy.com\/wp-content\/uploads\/2025\/12\/18-4-300x300.webp 300w, https:\/\/bq-toy.com\/wp-content\/uploads\/2025\/12\/18-4-800x800.webp 800w, https:\/\/bq-toy.com\/wp-content\/uploads\/2025\/12\/18-4-150x150.webp 150w, https:\/\/bq-toy.com\/wp-content\/uploads\/2025\/12\/18-4-768x768.webp 768w, https:\/\/bq-toy.com\/wp-content\/uploads\/2025\/12\/18-4-12x12.webp 12w, https:\/\/bq-toy.com\/wp-content\/uploads\/2025\/12\/18-4-430x430.webp 430w, https:\/\/bq-toy.com\/wp-content\/uploads\/2025\/12\/18-4-700x700.webp 700w\" sizes=\"(max-width: 1000px) 100vw, 1000px\" \/><img decoding=\"async\" class=\"aligncenter size-full wp-image-29151\" src=\"https:\/\/bq-toy.com\/wp-content\/uploads\/2025\/12\/18-5.webp\" alt=\"\" width=\"1000\" height=\"1000\" srcset=\"https:\/\/bq-toy.com\/wp-content\/uploads\/2025\/12\/18-5.webp 1000w, https:\/\/bq-toy.com\/wp-content\/uploads\/2025\/12\/18-5-300x300.webp 300w, https:\/\/bq-toy.com\/wp-content\/uploads\/2025\/12\/18-5-800x800.webp 800w, https:\/\/bq-toy.com\/wp-content\/uploads\/2025\/12\/18-5-150x150.webp 150w, https:\/\/bq-toy.com\/wp-content\/uploads\/2025\/12\/18-5-768x768.webp 768w, https:\/\/bq-toy.com\/wp-content\/uploads\/2025\/12\/18-5-12x12.webp 12w, https:\/\/bq-toy.com\/wp-content\/uploads\/2025\/12\/18-5-430x430.webp 430w, https:\/\/bq-toy.com\/wp-content\/uploads\/2025\/12\/18-5-700x700.webp 700w\" sizes=\"(max-width: 1000px) 100vw, 1000px\" \/><img loading=\"lazy\" decoding=\"async\" class=\"aligncenter size-full wp-image-29153\" src=\"https:\/\/bq-toy.com\/wp-content\/uploads\/2025\/12\/18-7.webp\" alt=\"\" width=\"1000\" height=\"1000\" srcset=\"https:\/\/bq-toy.com\/wp-content\/uploads\/2025\/12\/18-7.webp 1000w, https:\/\/bq-toy.com\/wp-content\/uploads\/2025\/12\/18-7-300x300.webp 300w, https:\/\/bq-toy.com\/wp-content\/uploads\/2025\/12\/18-7-800x800.webp 800w, https:\/\/bq-toy.com\/wp-content\/uploads\/2025\/12\/18-7-150x150.webp 150w, https:\/\/bq-toy.com\/wp-content\/uploads\/2025\/12\/18-7-768x768.webp 768w, https:\/\/bq-toy.com\/wp-content\/uploads\/2025\/12\/18-7-12x12.webp 12w, https:\/\/bq-toy.com\/wp-content\/uploads\/2025\/12\/18-7-430x430.webp 430w, https:\/\/bq-toy.com\/wp-content\/uploads\/2025\/12\/18-7-700x700.webp 700w\" sizes=\"(max-width: 1000px) 100vw, 1000px\" \/><img loading=\"lazy\" decoding=\"async\" class=\"aligncenter size-full wp-image-29152\" src=\"https:\/\/bq-toy.com\/wp-content\/uploads\/2025\/12\/18-6.webp\" alt=\"\" width=\"1000\" height=\"1000\" srcset=\"https:\/\/bq-toy.com\/wp-content\/uploads\/2025\/12\/18-6.webp 1000w, https:\/\/bq-toy.com\/wp-content\/uploads\/2025\/12\/18-6-300x300.webp 300w, https:\/\/bq-toy.com\/wp-content\/uploads\/2025\/12\/18-6-800x800.webp 800w, https:\/\/bq-toy.com\/wp-content\/uploads\/2025\/12\/18-6-150x150.webp 150w, https:\/\/bq-toy.com\/wp-content\/uploads\/2025\/12\/18-6-768x768.webp 768w, https:\/\/bq-toy.com\/wp-content\/uploads\/2025\/12\/18-6-12x12.webp 12w, https:\/\/bq-toy.com\/wp-content\/uploads\/2025\/12\/18-6-430x430.webp 430w, https:\/\/bq-toy.com\/wp-content\/uploads\/2025\/12\/18-6-700x700.webp 700w\" sizes=\"(max-width: 1000px) 100vw, 1000px\" \/><img loading=\"lazy\" decoding=\"async\" class=\"aligncenter size-full wp-image-29147\" src=\"https:\/\/bq-toy.com\/wp-content\/uploads\/2025\/12\/18-2.webp\" alt=\"\" width=\"1000\" height=\"1000\" srcset=\"https:\/\/bq-toy.com\/wp-content\/uploads\/2025\/12\/18-2.webp 1000w, https:\/\/bq-toy.com\/wp-content\/uploads\/2025\/12\/18-2-300x300.webp 300w, https:\/\/bq-toy.com\/wp-content\/uploads\/2025\/12\/18-2-800x800.webp 800w, https:\/\/bq-toy.com\/wp-content\/uploads\/2025\/12\/18-2-150x150.webp 150w, https:\/\/bq-toy.com\/wp-content\/uploads\/2025\/12\/18-2-768x768.webp 768w, https:\/\/bq-toy.com\/wp-content\/uploads\/2025\/12\/18-2-12x12.webp 12w, https:\/\/bq-toy.com\/wp-content\/uploads\/2025\/12\/18-2-430x430.webp 430w, https:\/\/bq-toy.com\/wp-content\/uploads\/2025\/12\/18-2-700x700.webp 700w\" sizes=\"(max-width: 1000px) 100vw, 1000px\" \/><img loading=\"lazy\" decoding=\"async\" class=\"aligncenter size-full wp-image-29154\" src=\"https:\/\/bq-toy.com\/wp-content\/uploads\/2025\/12\/18-8.webp\" alt=\"\" width=\"1000\" height=\"1000\" srcset=\"https:\/\/bq-toy.com\/wp-content\/uploads\/2025\/12\/18-8.webp 1000w, https:\/\/bq-toy.com\/wp-content\/uploads\/2025\/12\/18-8-300x300.webp 300w, https:\/\/bq-toy.com\/wp-content\/uploads\/2025\/12\/18-8-800x800.webp 800w, https:\/\/bq-toy.com\/wp-content\/uploads\/2025\/12\/18-8-150x150.webp 150w, https:\/\/bq-toy.com\/wp-content\/uploads\/2025\/12\/18-8-768x768.webp 768w, https:\/\/bq-toy.com\/wp-content\/uploads\/2025\/12\/18-8-12x12.webp 12w, https:\/\/bq-toy.com\/wp-content\/uploads\/2025\/12\/18-8-430x430.webp 430w, https:\/\/bq-toy.com\/wp-content\/uploads\/2025\/12\/18-8-700x700.webp 700w\" sizes=\"(max-width: 1000px) 100vw, 1000px\" \/><img loading=\"lazy\" decoding=\"async\" class=\"aligncenter size-full wp-image-29148\" src=\"https:\/\/bq-toy.com\/wp-content\/uploads\/2025\/12\/18-3.webp\" alt=\"\" width=\"1000\" height=\"1000\" srcset=\"https:\/\/bq-toy.com\/wp-content\/uploads\/2025\/12\/18-3.webp 1000w, https:\/\/bq-toy.com\/wp-content\/uploads\/2025\/12\/18-3-300x300.webp 300w, https:\/\/bq-toy.com\/wp-content\/uploads\/2025\/12\/18-3-800x800.webp 800w, https:\/\/bq-toy.com\/wp-content\/uploads\/2025\/12\/18-3-150x150.webp 150w, https:\/\/bq-toy.com\/wp-content\/uploads\/2025\/12\/18-3-768x768.webp 768w, https:\/\/bq-toy.com\/wp-content\/uploads\/2025\/12\/18-3-12x12.webp 12w, https:\/\/bq-toy.com\/wp-content\/uploads\/2025\/12\/18-3-430x430.webp 430w, https:\/\/bq-toy.com\/wp-content\/uploads\/2025\/12\/18-3-700x700.webp 700w\" sizes=\"(max-width: 1000px) 100vw, 1000px\" \/><\/p>","protected":false},"excerpt":{"rendered":"<p>Mit dieser bezaubernden Tierstempel-Kollektion von BeiQi Toys spielen Kinder, als ob sich 16 verschiedene Waldtiere zum gemeinsamen Spielen versammelt h\u00e4tten. Jedes der liebenswerten Tiere besticht durch fein gedruckte Gesichtsausdr\u00fccke, die ihm einen lebendigen Charakter verleihen. Das Set ist clever in drei Teile gegliedert \u2013 Kopf, Bauch und Schwanz \u2013 und zeichnet sich durch seinen interaktiven Bauch aus, der in transparenter Farbe gestaltet und mit 3\u20135 Gramm S\u00fc\u00dfigkeiten bef\u00fcllt werden kann. So wird der Stempel zu einer verspielten \u00dcberraschungskapsel, die sich perfekt als Belohnung, Mitgebsel oder f\u00fcr kreatives Spielen eignet. Dieses innovative Set vereint Bastelspa\u00df, Sammelwert und eine s\u00fc\u00dfe Leckerei und wird Kinder begeistern sowie im Einzelhandel f\u00fcr Aufsehen sorgen.<\/p>\n<table width=\"634\">\n<tbody>\n<tr>\n<td width=\"210\">Modell<\/td>\n<td width=\"424\">BQ90A(5-8)<\/td>\n<\/tr>\n<tr>\n<td width=\"210\">Material<\/td>\n<td width=\"424\">Kunststoff PS + EVA + Tinte<\/td>\n<\/tr>\n<tr>\n<td width=\"210\">Beschreibung<\/td>\n<td width=\"424\">Stempelset \u201eNiedliche Tiere\u201c (5-8)<\/td>\n<\/tr>\n<tr>\n<td width=\"210\">Gr\u00f6\u00dfe<\/td>\n<td width=\"424\">Briefmarke: 4,2 \u00d7 3,5 \u00d7 3,6 cm, Pr\u00e4sentationsbox: 19,5 \u00d7 17 \u00d7 8,5 cm<\/td>\n<\/tr>\n<tr>\n<td width=\"210\">Verpackung<\/td>\n<td width=\"424\">24 St\u00fcck\/Displaybox<\/td>\n<\/tr>\n<tr>\n<td width=\"210\">St\u00fcck\/Karton<\/td>\n<td width=\"424\">60 St\u00fcck\/Karton.<\/td>\n<\/tr>\n<tr>\n<td width=\"210\">Kartongr\u00f6\u00dfe<\/td>\n<td width=\"424\">61 x 36 x 90 cm<\/td>\n<\/tr>\n<tr>\n<td width=\"210\">NW\/GW<\/td>\n<td width=\"424\">23\/20 kg<\/td>\n<\/tr>\n<tr>\n<td width=\"210\">Farbe<\/td>\n<td width=\"424\">Farben mischen<\/td>\n<\/tr>\n<tr>\n<td width=\"210\">Muster<\/td>\n<td width=\"424\">Tiermuster<\/td>\n<\/tr>\n<tr>\n<td width=\"210\">Typ<\/td>\n<td width=\"424\">Selbstf\u00e4rbender Stempel<\/td>\n<\/tr>\n<tr>\n<td width=\"210\">Zertifikat<\/td>\n<td width=\"424\">Sicherheitsdatenblatt, EN71, HR4040, 7P, ASTM<\/td>\n<\/tr>\n<tr>\n<td width=\"210\">Abtastzeit<\/td>\n<td width=\"424\">3-7 Tage<\/td>\n<\/tr>\n<\/tbody>\n<\/table>","protected":false},"featured_media":29756,"template":"","meta":[],"product_brand":[],"product_cat":[74],"product_tag":[],"class_list":{"0":"post-29761","1":"product","2":"type-product","3":"status-publish","4":"has-post-thumbnail","6":"product_cat-cute-self-inking-stamp","8":"first","9":"instock","10":"shipping-taxable","11":"product-type-external"},"yoast_head":"<!-- This site is optimized with the Yoast SEO Premium plugin v26.6 (Yoast SEO v26.6) - https:\/\/yoast.com\/wordpress\/plugins\/seo\/ -->\n<title>Cute Animals self-inking stamp 24 PCS (5-8 Animals) - BEIQI TOYS STAMP FACTORY<\/title>\n<meta name=\"robots\" content=\"index, follow, max-snippet:-1, max-image-preview:large, max-video-preview:-1\" \/>\n<link rel=\"canonical\" href=\"https:\/\/bq-toy.com\/de\/produkt\/cute-animals-self-inking-stamp-24-pcs-5-8-animals\/\" \/>\n<meta property=\"og:locale\" content=\"de_DE\" \/>\n<meta property=\"og:type\" content=\"article\" \/>\n<meta property=\"og:title\" content=\"Cute Animals self-inking stamp 24 PCS (5-8 Animals)\" \/>\n<meta property=\"og:description\" content=\"When children play with this adorable Animal-shaped Stamp Collection from BeiQi Toys, it\u2019s as if 16 different forest animals have gathered together for fun. Each lovable creature features finely printed facial expressions for vivid character. Designed with a clever three-part structure\u2014head, midsection (the animal\u2019s belly), and tail\u2014the set stands out with its interactive midsection, which can be customized in transparent color and filled with 3\u20135 grams of candy. More than just a stamp, it becomes a playful surprise capsule, perfect for rewards, party favors, or creative play. Combining craft, collectibility, and a sweet treat, this innovative set is designed to delight children and attract attention in retail displays.    Model BQ90A(5-8)   material Plastic PS + EVA+Ink   Description Cute Animals Stamp Set (5-8)   Size Stamp: 4.2x3.5x3.6cm,display box:19.5x17x8.5cm   Packing 24pcs\/display box   PCS\/carton 60 pcs\/carton.   Carton Size 61x36x90cm   N.W.\/G.W. 23\/20KGS   Color Mix colors   Pattern Animals patterns   Type Self-Inking Stamp   Certificate MSDS,EN71,HR4040,7P,ASTM   Sample time 3-7 days\" \/>\n<meta property=\"og:url\" content=\"https:\/\/bq-toy.com\/de\/produkt\/cute-animals-self-inking-stamp-24-pcs-5-8-animals\/\" \/>\n<meta property=\"og:site_name\" content=\"BEIQI TOYS STAMP FACTORY\" \/>\n<meta property=\"article:modified_time\" content=\"2025-12-14T10:23:30+00:00\" \/>\n<meta property=\"og:image\" content=\"https:\/\/bq-toy.com\/wp-content\/uploads\/2025\/12\/BQ90A1-4.jpg\" \/>\n\t<meta property=\"og:image:width\" content=\"1024\" \/>\n\t<meta property=\"og:image:height\" content=\"1024\" \/>\n\t<meta property=\"og:image:type\" content=\"image\/jpeg\" \/>\n<meta name=\"twitter:card\" content=\"summary_large_image\" \/>\n<meta name=\"twitter:label1\" content=\"Gesch\u00e4tzte Lesezeit\" \/>\n\t<meta name=\"twitter:data1\" content=\"2\u00a0Minuten\" \/>\n<script type=\"application\/ld+json\" class=\"yoast-schema-graph\">{\"@context\":\"https:\/\/schema.org\",\"@graph\":[{\"@type\":\"WebPage\",\"@id\":\"https:\/\/bq-toy.com\/product\/cute-animals-self-inking-stamp-24-pcs-5-8-animals\/\",\"url\":\"https:\/\/bq-toy.com\/product\/cute-animals-self-inking-stamp-24-pcs-5-8-animals\/\",\"name\":\"Cute Animals self-inking stamp 24 PCS (5-8 Animals) - BEIQI TOYS STAMP FACTORY\",\"isPartOf\":{\"@id\":\"https:\/\/bq-toy.com\/#website\"},\"primaryImageOfPage\":{\"@id\":\"https:\/\/bq-toy.com\/product\/cute-animals-self-inking-stamp-24-pcs-5-8-animals\/#primaryimage\"},\"image\":{\"@id\":\"https:\/\/bq-toy.com\/product\/cute-animals-self-inking-stamp-24-pcs-5-8-animals\/#primaryimage\"},\"thumbnailUrl\":\"https:\/\/bq-toy.com\/wp-content\/uploads\/2025\/12\/BQ90A1-4.jpg\",\"datePublished\":\"2025-12-14T10:13:03+00:00\",\"dateModified\":\"2025-12-14T10:23:30+00:00\",\"breadcrumb\":{\"@id\":\"https:\/\/bq-toy.com\/product\/cute-animals-self-inking-stamp-24-pcs-5-8-animals\/#breadcrumb\"},\"inLanguage\":\"de\",\"potentialAction\":[{\"@type\":\"ReadAction\",\"target\":[\"https:\/\/bq-toy.com\/product\/cute-animals-self-inking-stamp-24-pcs-5-8-animals\/\"]}]},{\"@type\":\"ImageObject\",\"inLanguage\":\"de\",\"@id\":\"https:\/\/bq-toy.com\/product\/cute-animals-self-inking-stamp-24-pcs-5-8-animals\/#primaryimage\",\"url\":\"https:\/\/bq-toy.com\/wp-content\/uploads\/2025\/12\/BQ90A1-4.jpg\",\"contentUrl\":\"https:\/\/bq-toy.com\/wp-content\/uploads\/2025\/12\/BQ90A1-4.jpg\",\"width\":1024,\"height\":1024},{\"@type\":\"BreadcrumbList\",\"@id\":\"https:\/\/bq-toy.com\/product\/cute-animals-self-inking-stamp-24-pcs-5-8-animals\/#breadcrumb\",\"itemListElement\":[{\"@type\":\"ListItem\",\"position\":1,\"name\":\"Home\",\"item\":\"https:\/\/bq-toy.com\/\"},{\"@type\":\"ListItem\",\"position\":2,\"name\":\"Product\",\"item\":\"https:\/\/bq-toy.com\/product\/\"},{\"@type\":\"ListItem\",\"position\":3,\"name\":\"Cute Animals self-inking stamp 24 PCS (5-8 Animals)\"}]},{\"@type\":\"WebSite\",\"@id\":\"https:\/\/bq-toy.com\/#website\",\"url\":\"https:\/\/bq-toy.com\/\",\"name\":\"BEIQI TOYS STAMP FACTORY\",\"description\":\"BEIQI TOYS STAMP FACTORY\",\"potentialAction\":[{\"@type\":\"SearchAction\",\"target\":{\"@type\":\"EntryPoint\",\"urlTemplate\":\"https:\/\/bq-toy.com\/?s={search_term_string}\"},\"query-input\":{\"@type\":\"PropertyValueSpecification\",\"valueRequired\":true,\"valueName\":\"search_term_string\"}}],\"inLanguage\":\"de\"}]}<\/script>\n<!-- \/ Yoast SEO Premium plugin. -->","yoast_head_json":{"title":"Cute Animals self-inking stamp 24 PCS (5-8 Animals) - BEIQI TOYS STAMP FACTORY","robots":{"index":"index","follow":"follow","max-snippet":"max-snippet:-1","max-image-preview":"max-image-preview:large","max-video-preview":"max-video-preview:-1"},"canonical":"https:\/\/bq-toy.com\/de\/produkt\/cute-animals-self-inking-stamp-24-pcs-5-8-animals\/","og_locale":"de_DE","og_type":"article","og_title":"Cute Animals self-inking stamp 24 PCS (5-8 Animals)","og_description":"When children play with this adorable Animal-shaped Stamp Collection from BeiQi Toys, it\u2019s as if 16 different forest animals have gathered together for fun. Each lovable creature features finely printed facial expressions for vivid character. Designed with a clever three-part structure\u2014head, midsection (the animal\u2019s belly), and tail\u2014the set stands out with its interactive midsection, which can be customized in transparent color and filled with 3\u20135 grams of candy. More than just a stamp, it becomes a playful surprise capsule, perfect for rewards, party favors, or creative play. Combining craft, collectibility, and a sweet treat, this innovative set is designed to delight children and attract attention in retail displays.    Model BQ90A(5-8)   material Plastic PS + EVA+Ink   Description Cute Animals Stamp Set (5-8)   Size Stamp: 4.2x3.5x3.6cm,display box:19.5x17x8.5cm   Packing 24pcs\/display box   PCS\/carton 60 pcs\/carton.   Carton Size 61x36x90cm   N.W.\/G.W. 23\/20KGS   Color Mix colors   Pattern Animals patterns   Type Self-Inking Stamp   Certificate MSDS,EN71,HR4040,7P,ASTM   Sample time 3-7 days","og_url":"https:\/\/bq-toy.com\/de\/produkt\/cute-animals-self-inking-stamp-24-pcs-5-8-animals\/","og_site_name":"BEIQI TOYS STAMP FACTORY","article_modified_time":"2025-12-14T10:23:30+00:00","og_image":[{"width":1024,"height":1024,"url":"https:\/\/bq-toy.com\/wp-content\/uploads\/2025\/12\/BQ90A1-4.jpg","type":"image\/jpeg"}],"twitter_card":"summary_large_image","twitter_misc":{"Gesch\u00e4tzte Lesezeit":"2\u00a0Minuten"},"schema":{"@context":"https:\/\/schema.org","@graph":[{"@type":"WebPage","@id":"https:\/\/bq-toy.com\/product\/cute-animals-self-inking-stamp-24-pcs-5-8-animals\/","url":"https:\/\/bq-toy.com\/product\/cute-animals-self-inking-stamp-24-pcs-5-8-animals\/","name":"Cute Animals self-inking stamp 24 PCS (5-8 Animals) - BEIQI TOYS STAMP FACTORY","isPartOf":{"@id":"https:\/\/bq-toy.com\/#website"},"primaryImageOfPage":{"@id":"https:\/\/bq-toy.com\/product\/cute-animals-self-inking-stamp-24-pcs-5-8-animals\/#primaryimage"},"image":{"@id":"https:\/\/bq-toy.com\/product\/cute-animals-self-inking-stamp-24-pcs-5-8-animals\/#primaryimage"},"thumbnailUrl":"https:\/\/bq-toy.com\/wp-content\/uploads\/2025\/12\/BQ90A1-4.jpg","datePublished":"2025-12-14T10:13:03+00:00","dateModified":"2025-12-14T10:23:30+00:00","breadcrumb":{"@id":"https:\/\/bq-toy.com\/product\/cute-animals-self-inking-stamp-24-pcs-5-8-animals\/#breadcrumb"},"inLanguage":"de","potentialAction":[{"@type":"ReadAction","target":["https:\/\/bq-toy.com\/product\/cute-animals-self-inking-stamp-24-pcs-5-8-animals\/"]}]},{"@type":"ImageObject","inLanguage":"de","@id":"https:\/\/bq-toy.com\/product\/cute-animals-self-inking-stamp-24-pcs-5-8-animals\/#primaryimage","url":"https:\/\/bq-toy.com\/wp-content\/uploads\/2025\/12\/BQ90A1-4.jpg","contentUrl":"https:\/\/bq-toy.com\/wp-content\/uploads\/2025\/12\/BQ90A1-4.jpg","width":1024,"height":1024},{"@type":"BreadcrumbList","@id":"https:\/\/bq-toy.com\/product\/cute-animals-self-inking-stamp-24-pcs-5-8-animals\/#breadcrumb","itemListElement":[{"@type":"ListItem","position":1,"name":"Home","item":"https:\/\/bq-toy.com\/"},{"@type":"ListItem","position":2,"name":"Product","item":"https:\/\/bq-toy.com\/product\/"},{"@type":"ListItem","position":3,"name":"Cute Animals self-inking stamp 24 PCS (5-8 Animals)"}]},{"@type":"WebSite","@id":"https:\/\/bq-toy.com\/#website","url":"https:\/\/bq-toy.com\/","name":"BEIQI TOYS STAMP FACTORY","description":"BEIQI TOYS STAMP FACTORY","potentialAction":[{"@type":"SearchAction","target":{"@type":"EntryPoint","urlTemplate":"https:\/\/bq-toy.com\/?s={search_term_string}"},"query-input":{"@type":"PropertyValueSpecification","valueRequired":true,"valueName":"search_term_string"}}],"inLanguage":"de"}]}},"_links":{"self":[{"href":"https:\/\/bq-toy.com\/de\/wp-json\/wp\/v2\/product\/29761","targetHints":{"allow":["GET"]}}],"collection":[{"href":"https:\/\/bq-toy.com\/de\/wp-json\/wp\/v2\/product"}],"about":[{"href":"https:\/\/bq-toy.com\/de\/wp-json\/wp\/v2\/types\/product"}],"version-history":[{"count":2,"href":"https:\/\/bq-toy.com\/de\/wp-json\/wp\/v2\/product\/29761\/revisions"}],"predecessor-version":[{"id":29766,"href":"https:\/\/bq-toy.com\/de\/wp-json\/wp\/v2\/product\/29761\/revisions\/29766"}],"wp:featuredmedia":[{"embeddable":true,"href":"https:\/\/bq-toy.com\/de\/wp-json\/wp\/v2\/media\/29756"}],"wp:attachment":[{"href":"https:\/\/bq-toy.com\/de\/wp-json\/wp\/v2\/media?parent=29761"}],"wp:term":[{"taxonomy":"product_brand","embeddable":true,"href":"https:\/\/bq-toy.com\/de\/wp-json\/wp\/v2\/product_brand?post=29761"},{"taxonomy":"product_cat","embeddable":true,"href":"https:\/\/bq-toy.com\/de\/wp-json\/wp\/v2\/product_cat?post=29761"},{"taxonomy":"product_tag","embeddable":true,"href":"https:\/\/bq-toy.com\/de\/wp-json\/wp\/v2\/product_tag?post=29761"}],"curies":[{"name":"wp","href":"https:\/\/api.w.org\/{rel}","templated":true}]}}