{"id":29703,"date":"2025-12-13T03:17:17","date_gmt":"2025-12-13T03:17:17","guid":{"rendered":"https:\/\/bq-toy.com\/?post_type=product&#038;p=29703"},"modified":"2025-12-13T07:00:56","modified_gmt":"2025-12-13T07:00:56","slug":"peg-top-self-inking-stamp-header-bag-6-pcs-music-symbol","status":"publish","type":"product","link":"https:\/\/bq-toy.com\/de\/produkt\/peg-top-self-inking-stamp-header-bag-6-pcs-music-symbol\/","title":{"rendered":"Peg-Top Selbstf\u00e4rbestempel, Headerbeutel, 6 St\u00fcck, Musiksymbol"},"content":{"rendered":"<p><img fetchpriority=\"high\" decoding=\"async\" class=\"aligncenter size-full wp-image-29687\" src=\"https:\/\/bq-toy.com\/wp-content\/uploads\/2025\/12\/BQ60-D8.jpg\" alt=\"\" width=\"1024\" height=\"1024\" srcset=\"https:\/\/bq-toy.com\/wp-content\/uploads\/2025\/12\/BQ60-D8.jpg 1024w, https:\/\/bq-toy.com\/wp-content\/uploads\/2025\/12\/BQ60-D8-300x300.jpg 300w, https:\/\/bq-toy.com\/wp-content\/uploads\/2025\/12\/BQ60-D8-800x800.jpg 800w, https:\/\/bq-toy.com\/wp-content\/uploads\/2025\/12\/BQ60-D8-150x150.jpg 150w, https:\/\/bq-toy.com\/wp-content\/uploads\/2025\/12\/BQ60-D8-768x768.jpg 768w, https:\/\/bq-toy.com\/wp-content\/uploads\/2025\/12\/BQ60-D8-12x12.jpg 12w, https:\/\/bq-toy.com\/wp-content\/uploads\/2025\/12\/BQ60-D8-430x430.jpg 430w, https:\/\/bq-toy.com\/wp-content\/uploads\/2025\/12\/BQ60-D8-700x700.jpg 700w\" sizes=\"(max-width: 1024px) 100vw, 1024px\" \/><img decoding=\"async\" class=\"aligncenter size-full wp-image-29651\" src=\"https:\/\/bq-toy.com\/wp-content\/uploads\/2025\/12\/BQ60-8G-1.jpg\" alt=\"\" width=\"1024\" height=\"1024\" srcset=\"https:\/\/bq-toy.com\/wp-content\/uploads\/2025\/12\/BQ60-8G-1.jpg 1024w, https:\/\/bq-toy.com\/wp-content\/uploads\/2025\/12\/BQ60-8G-1-300x300.jpg 300w, https:\/\/bq-toy.com\/wp-content\/uploads\/2025\/12\/BQ60-8G-1-800x800.jpg 800w, https:\/\/bq-toy.com\/wp-content\/uploads\/2025\/12\/BQ60-8G-1-150x150.jpg 150w, https:\/\/bq-toy.com\/wp-content\/uploads\/2025\/12\/BQ60-8G-1-768x768.jpg 768w, https:\/\/bq-toy.com\/wp-content\/uploads\/2025\/12\/BQ60-8G-1-12x12.jpg 12w, https:\/\/bq-toy.com\/wp-content\/uploads\/2025\/12\/BQ60-8G-1-430x430.jpg 430w, https:\/\/bq-toy.com\/wp-content\/uploads\/2025\/12\/BQ60-8G-1-700x700.jpg 700w\" sizes=\"(max-width: 1024px) 100vw, 1024px\" \/><img decoding=\"async\" class=\"aligncenter size-full wp-image-29652\" src=\"https:\/\/bq-toy.com\/wp-content\/uploads\/2025\/12\/60.jpg\" alt=\"\" width=\"1297\" height=\"1297\" srcset=\"https:\/\/bq-toy.com\/wp-content\/uploads\/2025\/12\/60.jpg 1297w, https:\/\/bq-toy.com\/wp-content\/uploads\/2025\/12\/60-300x300.jpg 300w, https:\/\/bq-toy.com\/wp-content\/uploads\/2025\/12\/60-800x800.jpg 800w, https:\/\/bq-toy.com\/wp-content\/uploads\/2025\/12\/60-150x150.jpg 150w, https:\/\/bq-toy.com\/wp-content\/uploads\/2025\/12\/60-768x768.jpg 768w, https:\/\/bq-toy.com\/wp-content\/uploads\/2025\/12\/60-12x12.jpg 12w, https:\/\/bq-toy.com\/wp-content\/uploads\/2025\/12\/60-430x430.jpg 430w, https:\/\/bq-toy.com\/wp-content\/uploads\/2025\/12\/60-700x700.jpg 700w\" sizes=\"(max-width: 1297px) 100vw, 1297px\" \/><\/p>\n<p>&nbsp;<\/p>","protected":false},"excerpt":{"rendered":"<p>Drehen &amp; Stempeln \u2013 3-in-1 Kreisel &amp; Spielrad<br \/>\nDieses innovative Spielzeug vereint Kreisel, Gl\u00fccksrad und Stempel in einem kompakten Design. Der obere Teil besteht aus einem transparenten Rad mit den Zahlen 1 bis 8 und einer darin eingeschlossenen, frei rollenden Stahlkugel. Der untere Teil dient als sofort einsatzbereiter Stempel.<\/p>\n<p>Zum Spielen einfach den Kreisel drehen. W\u00e4hrend er sich dreht, wirbelt die Stahlkugel schnell \u00fcber die nummerierte Bahn. Sobald der Kreisel an Geschwindigkeit verliert und zum Stillstand kommt, landet die Kugel in einem der nummerierten Felder und bestimmt so den Spielausgang. Die Stempelbasis kann jederzeit zum Aufpr\u00e4gen von Mustern verwendet werden und verleiht dem Spiel oder der Entscheidungsfindung eine kreative Note.<\/p>\n<p>Der Spin &amp; Stamp eignet sich perfekt f\u00fcr Spiele, Belohnungen oder kreativen Spa\u00df und bietet endlosen Spielspa\u00df durch seine befriedigende Drehfunktion, das spannende Spielelement und die k\u00fcnstlerische Note.<\/p>\n<table width=\"634\">\n<tbody>\n<tr>\n<td width=\"210\">Modell<\/td>\n<td width=\"424\">BQ60-D8<\/td>\n<\/tr>\n<tr>\n<td width=\"210\">Material<\/td>\n<td width=\"424\">\u00a0Kunststoff PS\/PP + EVA + Tinte + Papier + Stahlkugel<\/td>\n<\/tr>\n<tr>\n<td width=\"210\">Besonderheit<\/td>\n<td width=\"424\">Stift, Preisr\u00e4der, Stempel \u2013 3 Funktionen in einem<\/td>\n<\/tr>\n<tr>\n<td width=\"210\">Gr\u00f6\u00dfe<\/td>\n<td width=\"424\">Briefmarke: 3,5 \u00d7 3,5 \u00d7 3,5 cm<\/td>\n<\/tr>\n<tr>\n<td width=\"210\">Verpackung<\/td>\n<td width=\"424\">Kopftasche<\/td>\n<\/tr>\n<tr>\n<td width=\"210\">Farbe<\/td>\n<td width=\"424\">Mische 6 Farben<\/td>\n<\/tr>\n<tr>\n<td width=\"210\">Muster<\/td>\n<td width=\"424\">6 Muster<\/td>\n<\/tr>\n<tr>\n<td width=\"210\">Typ<\/td>\n<td width=\"424\">Selbstf\u00e4rbender Stempel<\/td>\n<\/tr>\n<tr>\n<td width=\"210\">Zertifikat<\/td>\n<td width=\"424\">Sicherheitsdatenblatt, EN71, HR4040, 7P, ASTM<\/td>\n<\/tr>\n<tr>\n<td width=\"210\">Abtastzeit<\/td>\n<td width=\"424\">3-7 Tage<\/td>\n<\/tr>\n<\/tbody>\n<\/table>","protected":false},"featured_media":29687,"template":"","meta":[],"product_brand":[],"product_cat":[102],"product_tag":[],"class_list":{"0":"post-29703","1":"product","2":"type-product","3":"status-publish","4":"has-post-thumbnail","6":"product_cat-peg-top-stamp","8":"first","9":"instock","10":"shipping-taxable","11":"product-type-external"},"yoast_head":"<!-- This site is optimized with the Yoast SEO Premium plugin v26.6 (Yoast SEO v26.6) - https:\/\/yoast.com\/wordpress\/plugins\/seo\/ -->\n<title>Peg-Top self-inking stamp Header bag 6 pcs Music Symbol - BEIQI TOYS STAMP FACTORY<\/title>\n<meta name=\"robots\" content=\"index, follow, max-snippet:-1, max-image-preview:large, max-video-preview:-1\" \/>\n<link rel=\"canonical\" href=\"https:\/\/bq-toy.com\/de\/produkt\/peg-top-self-inking-stamp-header-bag-6-pcs-music-symbol\/\" \/>\n<meta property=\"og:locale\" content=\"de_DE\" \/>\n<meta property=\"og:type\" content=\"article\" \/>\n<meta property=\"og:title\" content=\"Peg-Top self-inking stamp Header bag 6 pcs Music Symbol\" \/>\n<meta property=\"og:description\" content=\"Spin &amp; Stamp \u2013 3-in-1 Top &amp; Game Wheel This innovative toy combines a spinning top, a chance-based game wheel, and a creative stamp into one compact design. The upper section features a transparent wheel numbered 1 through 8, with a free-rolling steel ball sealed inside. The lower section functions as a ready-to-use stamp.  To play, simply spin the top. As it rotates, the steel ball whirls rapidly around the numbered track. When the top loses momentum and comes to a stop, the ball settles into one of the numbered slots, determining the game&#039;s outcome. Meanwhile, the stamp base can be used anytime to imprint patterns, adding a creative dimension to play or decision-making.  Perfect for games, rewards, or creative fun, the Spin &amp; Stamp offers endless engagement through its satisfying spin action, suspenseful game element, and artistic touch.    Model BQ60-D8   material \u00a0Plastic PS\/PP + EVA+Ink+Paper+Steel ball   Feature Peg-top,Prize Wheels,stamp 3 functions in one   Size Stamp: 3.5x3.5x3.5cm   Packing Header bag   Color Mix 6 colors   Pattern 6 patterns   Type Self-Inking Stamp   Certificate MSDS,EN71,HR4040,7P,ASTM   Sample time 3-7 days\" \/>\n<meta property=\"og:url\" content=\"https:\/\/bq-toy.com\/de\/produkt\/peg-top-self-inking-stamp-header-bag-6-pcs-music-symbol\/\" \/>\n<meta property=\"og:site_name\" content=\"BEIQI TOYS STAMP FACTORY\" \/>\n<meta property=\"article:modified_time\" content=\"2025-12-13T07:00:56+00:00\" \/>\n<meta property=\"og:image\" content=\"https:\/\/bq-toy.com\/wp-content\/uploads\/2025\/12\/BQ60-D8.jpg\" \/>\n\t<meta property=\"og:image:width\" content=\"1024\" \/>\n\t<meta property=\"og:image:height\" content=\"1024\" \/>\n\t<meta property=\"og:image:type\" content=\"image\/jpeg\" \/>\n<meta name=\"twitter:card\" content=\"summary_large_image\" \/>\n<meta name=\"twitter:label1\" content=\"Gesch\u00e4tzte Lesezeit\" \/>\n\t<meta name=\"twitter:data1\" content=\"1\u00a0Minute\" \/>\n<script type=\"application\/ld+json\" class=\"yoast-schema-graph\">{\"@context\":\"https:\/\/schema.org\",\"@graph\":[{\"@type\":\"WebPage\",\"@id\":\"https:\/\/bq-toy.com\/product\/peg-top-self-inking-stamp-header-bag-6-pcs-music-symbol\/\",\"url\":\"https:\/\/bq-toy.com\/product\/peg-top-self-inking-stamp-header-bag-6-pcs-music-symbol\/\",\"name\":\"Peg-Top self-inking stamp Header bag 6 pcs Music Symbol - BEIQI TOYS STAMP FACTORY\",\"isPartOf\":{\"@id\":\"https:\/\/bq-toy.com\/#website\"},\"primaryImageOfPage\":{\"@id\":\"https:\/\/bq-toy.com\/product\/peg-top-self-inking-stamp-header-bag-6-pcs-music-symbol\/#primaryimage\"},\"image\":{\"@id\":\"https:\/\/bq-toy.com\/product\/peg-top-self-inking-stamp-header-bag-6-pcs-music-symbol\/#primaryimage\"},\"thumbnailUrl\":\"https:\/\/bq-toy.com\/wp-content\/uploads\/2025\/12\/BQ60-D8.jpg\",\"datePublished\":\"2025-12-13T03:17:17+00:00\",\"dateModified\":\"2025-12-13T07:00:56+00:00\",\"breadcrumb\":{\"@id\":\"https:\/\/bq-toy.com\/product\/peg-top-self-inking-stamp-header-bag-6-pcs-music-symbol\/#breadcrumb\"},\"inLanguage\":\"de\",\"potentialAction\":[{\"@type\":\"ReadAction\",\"target\":[\"https:\/\/bq-toy.com\/product\/peg-top-self-inking-stamp-header-bag-6-pcs-music-symbol\/\"]}]},{\"@type\":\"ImageObject\",\"inLanguage\":\"de\",\"@id\":\"https:\/\/bq-toy.com\/product\/peg-top-self-inking-stamp-header-bag-6-pcs-music-symbol\/#primaryimage\",\"url\":\"https:\/\/bq-toy.com\/wp-content\/uploads\/2025\/12\/BQ60-D8.jpg\",\"contentUrl\":\"https:\/\/bq-toy.com\/wp-content\/uploads\/2025\/12\/BQ60-D8.jpg\",\"width\":1024,\"height\":1024},{\"@type\":\"BreadcrumbList\",\"@id\":\"https:\/\/bq-toy.com\/product\/peg-top-self-inking-stamp-header-bag-6-pcs-music-symbol\/#breadcrumb\",\"itemListElement\":[{\"@type\":\"ListItem\",\"position\":1,\"name\":\"Home\",\"item\":\"https:\/\/bq-toy.com\/\"},{\"@type\":\"ListItem\",\"position\":2,\"name\":\"Product\",\"item\":\"https:\/\/bq-toy.com\/product\/\"},{\"@type\":\"ListItem\",\"position\":3,\"name\":\"Peg-Top self-inking stamp Header bag 6 pcs Music Symbol\"}]},{\"@type\":\"WebSite\",\"@id\":\"https:\/\/bq-toy.com\/#website\",\"url\":\"https:\/\/bq-toy.com\/\",\"name\":\"BEIQI TOYS STAMP FACTORY\",\"description\":\"BEIQI TOYS STAMP FACTORY\",\"potentialAction\":[{\"@type\":\"SearchAction\",\"target\":{\"@type\":\"EntryPoint\",\"urlTemplate\":\"https:\/\/bq-toy.com\/?s={search_term_string}\"},\"query-input\":{\"@type\":\"PropertyValueSpecification\",\"valueRequired\":true,\"valueName\":\"search_term_string\"}}],\"inLanguage\":\"de\"}]}<\/script>\n<!-- \/ Yoast SEO Premium plugin. -->","yoast_head_json":{"title":"Peg-Top self-inking stamp Header bag 6 pcs Music Symbol - BEIQI TOYS STAMP FACTORY","robots":{"index":"index","follow":"follow","max-snippet":"max-snippet:-1","max-image-preview":"max-image-preview:large","max-video-preview":"max-video-preview:-1"},"canonical":"https:\/\/bq-toy.com\/de\/produkt\/peg-top-self-inking-stamp-header-bag-6-pcs-music-symbol\/","og_locale":"de_DE","og_type":"article","og_title":"Peg-Top self-inking stamp Header bag 6 pcs Music Symbol","og_description":"Spin &amp; Stamp \u2013 3-in-1 Top &amp; Game Wheel This innovative toy combines a spinning top, a chance-based game wheel, and a creative stamp into one compact design. The upper section features a transparent wheel numbered 1 through 8, with a free-rolling steel ball sealed inside. The lower section functions as a ready-to-use stamp.  To play, simply spin the top. As it rotates, the steel ball whirls rapidly around the numbered track. When the top loses momentum and comes to a stop, the ball settles into one of the numbered slots, determining the game's outcome. Meanwhile, the stamp base can be used anytime to imprint patterns, adding a creative dimension to play or decision-making.  Perfect for games, rewards, or creative fun, the Spin &amp; Stamp offers endless engagement through its satisfying spin action, suspenseful game element, and artistic touch.    Model BQ60-D8   material \u00a0Plastic PS\/PP + EVA+Ink+Paper+Steel ball   Feature Peg-top,Prize Wheels,stamp 3 functions in one   Size Stamp: 3.5x3.5x3.5cm   Packing Header bag   Color Mix 6 colors   Pattern 6 patterns   Type Self-Inking Stamp   Certificate MSDS,EN71,HR4040,7P,ASTM   Sample time 3-7 days","og_url":"https:\/\/bq-toy.com\/de\/produkt\/peg-top-self-inking-stamp-header-bag-6-pcs-music-symbol\/","og_site_name":"BEIQI TOYS STAMP FACTORY","article_modified_time":"2025-12-13T07:00:56+00:00","og_image":[{"width":1024,"height":1024,"url":"https:\/\/bq-toy.com\/wp-content\/uploads\/2025\/12\/BQ60-D8.jpg","type":"image\/jpeg"}],"twitter_card":"summary_large_image","twitter_misc":{"Gesch\u00e4tzte Lesezeit":"1\u00a0Minute"},"schema":{"@context":"https:\/\/schema.org","@graph":[{"@type":"WebPage","@id":"https:\/\/bq-toy.com\/product\/peg-top-self-inking-stamp-header-bag-6-pcs-music-symbol\/","url":"https:\/\/bq-toy.com\/product\/peg-top-self-inking-stamp-header-bag-6-pcs-music-symbol\/","name":"Peg-Top self-inking stamp Header bag 6 pcs Music Symbol - BEIQI TOYS STAMP FACTORY","isPartOf":{"@id":"https:\/\/bq-toy.com\/#website"},"primaryImageOfPage":{"@id":"https:\/\/bq-toy.com\/product\/peg-top-self-inking-stamp-header-bag-6-pcs-music-symbol\/#primaryimage"},"image":{"@id":"https:\/\/bq-toy.com\/product\/peg-top-self-inking-stamp-header-bag-6-pcs-music-symbol\/#primaryimage"},"thumbnailUrl":"https:\/\/bq-toy.com\/wp-content\/uploads\/2025\/12\/BQ60-D8.jpg","datePublished":"2025-12-13T03:17:17+00:00","dateModified":"2025-12-13T07:00:56+00:00","breadcrumb":{"@id":"https:\/\/bq-toy.com\/product\/peg-top-self-inking-stamp-header-bag-6-pcs-music-symbol\/#breadcrumb"},"inLanguage":"de","potentialAction":[{"@type":"ReadAction","target":["https:\/\/bq-toy.com\/product\/peg-top-self-inking-stamp-header-bag-6-pcs-music-symbol\/"]}]},{"@type":"ImageObject","inLanguage":"de","@id":"https:\/\/bq-toy.com\/product\/peg-top-self-inking-stamp-header-bag-6-pcs-music-symbol\/#primaryimage","url":"https:\/\/bq-toy.com\/wp-content\/uploads\/2025\/12\/BQ60-D8.jpg","contentUrl":"https:\/\/bq-toy.com\/wp-content\/uploads\/2025\/12\/BQ60-D8.jpg","width":1024,"height":1024},{"@type":"BreadcrumbList","@id":"https:\/\/bq-toy.com\/product\/peg-top-self-inking-stamp-header-bag-6-pcs-music-symbol\/#breadcrumb","itemListElement":[{"@type":"ListItem","position":1,"name":"Home","item":"https:\/\/bq-toy.com\/"},{"@type":"ListItem","position":2,"name":"Product","item":"https:\/\/bq-toy.com\/product\/"},{"@type":"ListItem","position":3,"name":"Peg-Top self-inking stamp Header bag 6 pcs Music Symbol"}]},{"@type":"WebSite","@id":"https:\/\/bq-toy.com\/#website","url":"https:\/\/bq-toy.com\/","name":"BEIQI TOYS STAMP FACTORY","description":"BEIQI TOYS STAMP FACTORY","potentialAction":[{"@type":"SearchAction","target":{"@type":"EntryPoint","urlTemplate":"https:\/\/bq-toy.com\/?s={search_term_string}"},"query-input":{"@type":"PropertyValueSpecification","valueRequired":true,"valueName":"search_term_string"}}],"inLanguage":"de"}]}},"_links":{"self":[{"href":"https:\/\/bq-toy.com\/de\/wp-json\/wp\/v2\/product\/29703","targetHints":{"allow":["GET"]}}],"collection":[{"href":"https:\/\/bq-toy.com\/de\/wp-json\/wp\/v2\/product"}],"about":[{"href":"https:\/\/bq-toy.com\/de\/wp-json\/wp\/v2\/types\/product"}],"version-history":[{"count":3,"href":"https:\/\/bq-toy.com\/de\/wp-json\/wp\/v2\/product\/29703\/revisions"}],"predecessor-version":[{"id":29721,"href":"https:\/\/bq-toy.com\/de\/wp-json\/wp\/v2\/product\/29703\/revisions\/29721"}],"wp:featuredmedia":[{"embeddable":true,"href":"https:\/\/bq-toy.com\/de\/wp-json\/wp\/v2\/media\/29687"}],"wp:attachment":[{"href":"https:\/\/bq-toy.com\/de\/wp-json\/wp\/v2\/media?parent=29703"}],"wp:term":[{"taxonomy":"product_brand","embeddable":true,"href":"https:\/\/bq-toy.com\/de\/wp-json\/wp\/v2\/product_brand?post=29703"},{"taxonomy":"product_cat","embeddable":true,"href":"https:\/\/bq-toy.com\/de\/wp-json\/wp\/v2\/product_cat?post=29703"},{"taxonomy":"product_tag","embeddable":true,"href":"https:\/\/bq-toy.com\/de\/wp-json\/wp\/v2\/product_tag?post=29703"}],"curies":[{"name":"wp","href":"https:\/\/api.w.org\/{rel}","templated":true}]}}