{"id":29626,"date":"2025-12-12T03:20:51","date_gmt":"2025-12-12T03:20:51","guid":{"rendered":"https:\/\/bq-toy.com\/?post_type=product&#038;p=29626"},"modified":"2025-12-13T02:43:54","modified_gmt":"2025-12-13T02:43:54","slug":"stamps-packed-in-header-bag-mermaids","status":"publish","type":"product","link":"https:\/\/bq-toy.com\/de\/produkt\/stamps-packed-in-header-bag-mermaids\/","title":{"rendered":"Briefmarken in Header-Beutel verpackt Meerjungfrauen"},"content":{"rendered":"<p><img fetchpriority=\"high\" decoding=\"async\" class=\"aligncenter size-full wp-image-29589\" src=\"https:\/\/bq-toy.com\/wp-content\/uploads\/2025\/12\/BQ505-D27.jpg\" alt=\"\" width=\"1024\" height=\"1024\" srcset=\"https:\/\/bq-toy.com\/wp-content\/uploads\/2025\/12\/BQ505-D27.jpg 1024w, https:\/\/bq-toy.com\/wp-content\/uploads\/2025\/12\/BQ505-D27-300x300.jpg 300w, https:\/\/bq-toy.com\/wp-content\/uploads\/2025\/12\/BQ505-D27-800x800.jpg 800w, https:\/\/bq-toy.com\/wp-content\/uploads\/2025\/12\/BQ505-D27-150x150.jpg 150w, https:\/\/bq-toy.com\/wp-content\/uploads\/2025\/12\/BQ505-D27-768x768.jpg 768w, https:\/\/bq-toy.com\/wp-content\/uploads\/2025\/12\/BQ505-D27-12x12.jpg 12w, https:\/\/bq-toy.com\/wp-content\/uploads\/2025\/12\/BQ505-D27-430x430.jpg 430w, https:\/\/bq-toy.com\/wp-content\/uploads\/2025\/12\/BQ505-D27-700x700.jpg 700w\" sizes=\"(max-width: 1024px) 100vw, 1024px\" \/><img decoding=\"async\" class=\"aligncenter size-full wp-image-29479\" src=\"https:\/\/bq-toy.com\/wp-content\/uploads\/2025\/12\/BQ505-27.jpg\" alt=\"\" width=\"1024\" height=\"1024\" srcset=\"https:\/\/bq-toy.com\/wp-content\/uploads\/2025\/12\/BQ505-27.jpg 1024w, https:\/\/bq-toy.com\/wp-content\/uploads\/2025\/12\/BQ505-27-300x300.jpg 300w, https:\/\/bq-toy.com\/wp-content\/uploads\/2025\/12\/BQ505-27-800x800.jpg 800w, https:\/\/bq-toy.com\/wp-content\/uploads\/2025\/12\/BQ505-27-150x150.jpg 150w, https:\/\/bq-toy.com\/wp-content\/uploads\/2025\/12\/BQ505-27-768x768.jpg 768w, https:\/\/bq-toy.com\/wp-content\/uploads\/2025\/12\/BQ505-27-12x12.jpg 12w, https:\/\/bq-toy.com\/wp-content\/uploads\/2025\/12\/BQ505-27-430x430.jpg 430w, https:\/\/bq-toy.com\/wp-content\/uploads\/2025\/12\/BQ505-27-700x700.jpg 700w\" sizes=\"(max-width: 1024px) 100vw, 1024px\" \/><img decoding=\"async\" class=\"aligncenter size-full wp-image-29191\" src=\"https:\/\/bq-toy.com\/wp-content\/uploads\/2025\/12\/1-1.webp\" alt=\"\" width=\"1000\" height=\"1000\" srcset=\"https:\/\/bq-toy.com\/wp-content\/uploads\/2025\/12\/1-1.webp 1000w, https:\/\/bq-toy.com\/wp-content\/uploads\/2025\/12\/1-1-300x300.webp 300w, https:\/\/bq-toy.com\/wp-content\/uploads\/2025\/12\/1-1-800x800.webp 800w, https:\/\/bq-toy.com\/wp-content\/uploads\/2025\/12\/1-1-150x150.webp 150w, https:\/\/bq-toy.com\/wp-content\/uploads\/2025\/12\/1-1-768x768.webp 768w, https:\/\/bq-toy.com\/wp-content\/uploads\/2025\/12\/1-1-12x12.webp 12w, https:\/\/bq-toy.com\/wp-content\/uploads\/2025\/12\/1-1-430x430.webp 430w, https:\/\/bq-toy.com\/wp-content\/uploads\/2025\/12\/1-1-700x700.webp 700w\" sizes=\"(max-width: 1000px) 100vw, 1000px\" \/><\/p>","protected":false},"excerpt":{"rendered":"<p>Das Kinderstempelset von BeiQi Toys Stamp enth\u00e4lt 24 selbstf\u00e4rbende Stempel mit abwaschbarer Tinte. Es ist in 24 verschiedenen Designs erh\u00e4ltlich. <strong>Meerjungfrauen<\/strong>\u00a0Die Stempel bieten verschiedene Muster zur individuellen Gestaltung unterschiedlicher Oberfl\u00e4chen. Sie f\u00f6rdern handwerkliches Geschick und Kreativit\u00e4t. Hergestellt aus PP, EVA, Papier und Tinte, zeichnen sie sich durch Langlebigkeit und einfache Handhabung aus.<\/p>\n<table style=\"border-collapse: collapse; width: 443.02pt;\" border=\"0\" width=\"443\" cellspacing=\"0\" cellpadding=\"0\">\n<tbody>\n<tr style=\"height: 21.00pt;\">\n<td class=\"et3\" style=\"height: 21.00pt; width: 147.00pt;\" width=\"147\" height=\"21\">Modell<\/td>\n<td class=\"et3\" style=\"width: 296.80pt;\" width=\"296\">BQ505-D27<\/td>\n<\/tr>\n<tr style=\"height: 21.00pt;\">\n<td class=\"et3\" style=\"height: 21.00pt; width: 147.00pt;\" width=\"147\" height=\"21\">Material<\/td>\n<td class=\"et3\" style=\"width: 296.80pt;\" width=\"296\">Kunststoff PP + EVA + Papier + Tinte<\/td>\n<\/tr>\n<tr style=\"height: 21.00pt;\">\n<td class=\"et3\" style=\"height: 21.00pt; width: 147.00pt;\" width=\"147\" height=\"21\">Beschreibung<\/td>\n<td class=\"et3\" style=\"width: 296.80pt;\" width=\"296\">12er-Set Selbstf\u00e4rbestempel f\u00fcr Kinder<\/td>\n<\/tr>\n<tr style=\"height: 24.00pt;\">\n<td class=\"et3\" style=\"height: 24.00pt; width: 147.00pt;\" width=\"147\" height=\"24\">Gr\u00f6\u00dfe<\/td>\n<td class=\"et4\" style=\"width: 296.80pt;\" width=\"296\">Briefmarke: 2,65\u00d72,65\u00d73,65cm;<\/td>\n<\/tr>\n<tr style=\"height: 24.00pt;\">\n<td class=\"et3\" style=\"height: 24.00pt; width: 147.00pt;\" width=\"147\" height=\"24\">Verpackung<\/td>\n<td class=\"et4\" style=\"width: 296.80pt;\" width=\"296\">12 St\u00fcck\/Beutel<\/td>\n<\/tr>\n<tr style=\"height: 24.00pt;\">\n<td class=\"et3\" style=\"height: 24.00pt; width: 147.00pt;\" width=\"147\" height=\"24\">Farbe<\/td>\n<td class=\"et4\" style=\"width: 296.80pt;\" width=\"296\">6 Farben<\/td>\n<\/tr>\n<tr style=\"height: 24.00pt;\">\n<td class=\"et3\" style=\"height: 24.00pt; width: 147.00pt;\" width=\"147\" height=\"24\">Muster<\/td>\n<td class=\"et4\" style=\"width: 296.80pt;\" width=\"296\">24 verschiedene Muster<\/td>\n<\/tr>\n<tr style=\"height: 24.00pt;\">\n<td class=\"et3\" style=\"height: 24.00pt; width: 147.00pt;\" width=\"147\" height=\"24\">Typ<\/td>\n<td class=\"et4\" style=\"width: 296.80pt;\" width=\"296\">Selbstf\u00e4rbender Stempel<\/td>\n<\/tr>\n<tr style=\"height: 24.00pt;\">\n<td class=\"et3\" style=\"height: 24.00pt; width: 147.00pt;\" width=\"147\" height=\"24\">Zertifikat<\/td>\n<td class=\"et4\" style=\"width: 296.80pt;\" width=\"296\">Sicherheitsdatenblatt, EN71, HR4040, 7P, ASTM<\/td>\n<\/tr>\n<tr style=\"height: 24.00pt;\">\n<td class=\"et3\" style=\"height: 24.00pt; width: 147.00pt;\" width=\"147\" height=\"24\">Abtastzeit<\/td>\n<td class=\"et4\" style=\"width: 296.80pt;\" width=\"296\">3-7 Tage<\/td>\n<\/tr>\n<\/tbody>\n<\/table>","protected":false},"featured_media":29589,"template":"","meta":[],"product_brand":[],"product_cat":[101],"product_tag":[],"class_list":{"0":"post-29626","1":"product","2":"type-product","3":"status-publish","4":"has-post-thumbnail","6":"product_cat-round-stamp","8":"first","9":"instock","10":"shipping-taxable","11":"product-type-external"},"yoast_head":"<!-- This site is optimized with the Yoast SEO Premium plugin v26.6 (Yoast SEO v26.6) - https:\/\/yoast.com\/wordpress\/plugins\/seo\/ -->\n<title>Stamps Packed In Header Bag Mermaids - BEIQI TOYS STAMP FACTORY<\/title>\n<meta name=\"robots\" content=\"index, follow, max-snippet:-1, max-image-preview:large, max-video-preview:-1\" \/>\n<link rel=\"canonical\" href=\"https:\/\/bq-toy.com\/de\/produkt\/stamps-packed-in-header-bag-mermaids\/\" \/>\n<meta property=\"og:locale\" content=\"de_DE\" \/>\n<meta property=\"og:type\" content=\"article\" \/>\n<meta property=\"og:title\" content=\"Stamps Packed In Header Bag Mermaids\" \/>\n<meta property=\"og:description\" content=\"The Kids Stamp set of BeiQi Toys Stamp includes 24 self-inking stamps with washable ink. It comes in 24 different Mermaids\u00a0patterns, allowing you to customize various surfaces. It aims to stimulate manual skills and creativity. These stamps are made of PP,EVA, paper and ink, which ensures their durability and ease of use.    Model BQ505-D27   material Plastic PP + EVA+paper+Ink   Description Kids self-Inking Stamp 12 pcs   Size Stamp: 2.65x2.65x3.65cm;   Packing 12 pcs\/bag   Color 6 colors   Pattern 24 different patterns   Type Self-Inking Stamp   Certificate MSDS,EN71,HR4040,7P,ASTM   Sample time 3-7 days\" \/>\n<meta property=\"og:url\" content=\"https:\/\/bq-toy.com\/de\/produkt\/stamps-packed-in-header-bag-mermaids\/\" \/>\n<meta property=\"og:site_name\" content=\"BEIQI TOYS STAMP FACTORY\" \/>\n<meta property=\"article:modified_time\" content=\"2025-12-13T02:43:54+00:00\" \/>\n<meta property=\"og:image\" content=\"https:\/\/bq-toy.com\/wp-content\/uploads\/2025\/12\/BQ505-D27.jpg\" \/>\n\t<meta property=\"og:image:width\" content=\"1024\" \/>\n\t<meta property=\"og:image:height\" content=\"1024\" \/>\n\t<meta property=\"og:image:type\" content=\"image\/jpeg\" \/>\n<meta name=\"twitter:card\" content=\"summary_large_image\" \/>\n<meta name=\"twitter:label1\" content=\"Gesch\u00e4tzte Lesezeit\" \/>\n\t<meta name=\"twitter:data1\" content=\"1\u00a0Minute\" \/>\n<script type=\"application\/ld+json\" class=\"yoast-schema-graph\">{\"@context\":\"https:\/\/schema.org\",\"@graph\":[{\"@type\":\"WebPage\",\"@id\":\"https:\/\/bq-toy.com\/product\/stamps-packed-in-header-bag-mermaids\/\",\"url\":\"https:\/\/bq-toy.com\/product\/stamps-packed-in-header-bag-mermaids\/\",\"name\":\"Stamps Packed In Header Bag Mermaids - BEIQI TOYS STAMP FACTORY\",\"isPartOf\":{\"@id\":\"https:\/\/bq-toy.com\/#website\"},\"primaryImageOfPage\":{\"@id\":\"https:\/\/bq-toy.com\/product\/stamps-packed-in-header-bag-mermaids\/#primaryimage\"},\"image\":{\"@id\":\"https:\/\/bq-toy.com\/product\/stamps-packed-in-header-bag-mermaids\/#primaryimage\"},\"thumbnailUrl\":\"https:\/\/bq-toy.com\/wp-content\/uploads\/2025\/12\/BQ505-D27.jpg\",\"datePublished\":\"2025-12-12T03:20:51+00:00\",\"dateModified\":\"2025-12-13T02:43:54+00:00\",\"breadcrumb\":{\"@id\":\"https:\/\/bq-toy.com\/product\/stamps-packed-in-header-bag-mermaids\/#breadcrumb\"},\"inLanguage\":\"de\",\"potentialAction\":[{\"@type\":\"ReadAction\",\"target\":[\"https:\/\/bq-toy.com\/product\/stamps-packed-in-header-bag-mermaids\/\"]}]},{\"@type\":\"ImageObject\",\"inLanguage\":\"de\",\"@id\":\"https:\/\/bq-toy.com\/product\/stamps-packed-in-header-bag-mermaids\/#primaryimage\",\"url\":\"https:\/\/bq-toy.com\/wp-content\/uploads\/2025\/12\/BQ505-D27.jpg\",\"contentUrl\":\"https:\/\/bq-toy.com\/wp-content\/uploads\/2025\/12\/BQ505-D27.jpg\",\"width\":1024,\"height\":1024,\"caption\":\"BQ505-D27 mermaid stamp set 24pcs two hanger bags, 24 mermaid designs bulk, PP stamps 6 colors retail ready\"},{\"@type\":\"BreadcrumbList\",\"@id\":\"https:\/\/bq-toy.com\/product\/stamps-packed-in-header-bag-mermaids\/#breadcrumb\",\"itemListElement\":[{\"@type\":\"ListItem\",\"position\":1,\"name\":\"Home\",\"item\":\"https:\/\/bq-toy.com\/\"},{\"@type\":\"ListItem\",\"position\":2,\"name\":\"Product\",\"item\":\"https:\/\/bq-toy.com\/product\/\"},{\"@type\":\"ListItem\",\"position\":3,\"name\":\"Stamps Packed In Header Bag Mermaids\"}]},{\"@type\":\"WebSite\",\"@id\":\"https:\/\/bq-toy.com\/#website\",\"url\":\"https:\/\/bq-toy.com\/\",\"name\":\"BEIQI TOYS STAMP FACTORY\",\"description\":\"BEIQI TOYS STAMP FACTORY\",\"potentialAction\":[{\"@type\":\"SearchAction\",\"target\":{\"@type\":\"EntryPoint\",\"urlTemplate\":\"https:\/\/bq-toy.com\/?s={search_term_string}\"},\"query-input\":{\"@type\":\"PropertyValueSpecification\",\"valueRequired\":true,\"valueName\":\"search_term_string\"}}],\"inLanguage\":\"de\"}]}<\/script>\n<!-- \/ Yoast SEO Premium plugin. -->","yoast_head_json":{"title":"Stamps Packed In Header Bag Mermaids - BEIQI TOYS STAMP FACTORY","robots":{"index":"index","follow":"follow","max-snippet":"max-snippet:-1","max-image-preview":"max-image-preview:large","max-video-preview":"max-video-preview:-1"},"canonical":"https:\/\/bq-toy.com\/de\/produkt\/stamps-packed-in-header-bag-mermaids\/","og_locale":"de_DE","og_type":"article","og_title":"Stamps Packed In Header Bag Mermaids","og_description":"The Kids Stamp set of BeiQi Toys Stamp includes 24 self-inking stamps with washable ink. It comes in 24 different Mermaids\u00a0patterns, allowing you to customize various surfaces. It aims to stimulate manual skills and creativity. These stamps are made of PP,EVA, paper and ink, which ensures their durability and ease of use.    Model BQ505-D27   material Plastic PP + EVA+paper+Ink   Description Kids self-Inking Stamp 12 pcs   Size Stamp: 2.65x2.65x3.65cm;   Packing 12 pcs\/bag   Color 6 colors   Pattern 24 different patterns   Type Self-Inking Stamp   Certificate MSDS,EN71,HR4040,7P,ASTM   Sample time 3-7 days","og_url":"https:\/\/bq-toy.com\/de\/produkt\/stamps-packed-in-header-bag-mermaids\/","og_site_name":"BEIQI TOYS STAMP FACTORY","article_modified_time":"2025-12-13T02:43:54+00:00","og_image":[{"width":1024,"height":1024,"url":"https:\/\/bq-toy.com\/wp-content\/uploads\/2025\/12\/BQ505-D27.jpg","type":"image\/jpeg"}],"twitter_card":"summary_large_image","twitter_misc":{"Gesch\u00e4tzte Lesezeit":"1\u00a0Minute"},"schema":{"@context":"https:\/\/schema.org","@graph":[{"@type":"WebPage","@id":"https:\/\/bq-toy.com\/product\/stamps-packed-in-header-bag-mermaids\/","url":"https:\/\/bq-toy.com\/product\/stamps-packed-in-header-bag-mermaids\/","name":"Stamps Packed In Header Bag Mermaids - BEIQI TOYS STAMP FACTORY","isPartOf":{"@id":"https:\/\/bq-toy.com\/#website"},"primaryImageOfPage":{"@id":"https:\/\/bq-toy.com\/product\/stamps-packed-in-header-bag-mermaids\/#primaryimage"},"image":{"@id":"https:\/\/bq-toy.com\/product\/stamps-packed-in-header-bag-mermaids\/#primaryimage"},"thumbnailUrl":"https:\/\/bq-toy.com\/wp-content\/uploads\/2025\/12\/BQ505-D27.jpg","datePublished":"2025-12-12T03:20:51+00:00","dateModified":"2025-12-13T02:43:54+00:00","breadcrumb":{"@id":"https:\/\/bq-toy.com\/product\/stamps-packed-in-header-bag-mermaids\/#breadcrumb"},"inLanguage":"de","potentialAction":[{"@type":"ReadAction","target":["https:\/\/bq-toy.com\/product\/stamps-packed-in-header-bag-mermaids\/"]}]},{"@type":"ImageObject","inLanguage":"de","@id":"https:\/\/bq-toy.com\/product\/stamps-packed-in-header-bag-mermaids\/#primaryimage","url":"https:\/\/bq-toy.com\/wp-content\/uploads\/2025\/12\/BQ505-D27.jpg","contentUrl":"https:\/\/bq-toy.com\/wp-content\/uploads\/2025\/12\/BQ505-D27.jpg","width":1024,"height":1024,"caption":"BQ505-D27 mermaid stamp set 24pcs two hanger bags, 24 mermaid designs bulk, PP stamps 6 colors retail ready"},{"@type":"BreadcrumbList","@id":"https:\/\/bq-toy.com\/product\/stamps-packed-in-header-bag-mermaids\/#breadcrumb","itemListElement":[{"@type":"ListItem","position":1,"name":"Home","item":"https:\/\/bq-toy.com\/"},{"@type":"ListItem","position":2,"name":"Product","item":"https:\/\/bq-toy.com\/product\/"},{"@type":"ListItem","position":3,"name":"Stamps Packed In Header Bag Mermaids"}]},{"@type":"WebSite","@id":"https:\/\/bq-toy.com\/#website","url":"https:\/\/bq-toy.com\/","name":"BEIQI TOYS STAMP FACTORY","description":"BEIQI TOYS STAMP FACTORY","potentialAction":[{"@type":"SearchAction","target":{"@type":"EntryPoint","urlTemplate":"https:\/\/bq-toy.com\/?s={search_term_string}"},"query-input":{"@type":"PropertyValueSpecification","valueRequired":true,"valueName":"search_term_string"}}],"inLanguage":"de"}]}},"_links":{"self":[{"href":"https:\/\/bq-toy.com\/de\/wp-json\/wp\/v2\/product\/29626","targetHints":{"allow":["GET"]}}],"collection":[{"href":"https:\/\/bq-toy.com\/de\/wp-json\/wp\/v2\/product"}],"about":[{"href":"https:\/\/bq-toy.com\/de\/wp-json\/wp\/v2\/types\/product"}],"version-history":[{"count":1,"href":"https:\/\/bq-toy.com\/de\/wp-json\/wp\/v2\/product\/29626\/revisions"}],"predecessor-version":[{"id":29627,"href":"https:\/\/bq-toy.com\/de\/wp-json\/wp\/v2\/product\/29626\/revisions\/29627"}],"wp:featuredmedia":[{"embeddable":true,"href":"https:\/\/bq-toy.com\/de\/wp-json\/wp\/v2\/media\/29589"}],"wp:attachment":[{"href":"https:\/\/bq-toy.com\/de\/wp-json\/wp\/v2\/media?parent=29626"}],"wp:term":[{"taxonomy":"product_brand","embeddable":true,"href":"https:\/\/bq-toy.com\/de\/wp-json\/wp\/v2\/product_brand?post=29626"},{"taxonomy":"product_cat","embeddable":true,"href":"https:\/\/bq-toy.com\/de\/wp-json\/wp\/v2\/product_cat?post=29626"},{"taxonomy":"product_tag","embeddable":true,"href":"https:\/\/bq-toy.com\/de\/wp-json\/wp\/v2\/product_tag?post=29626"}],"curies":[{"name":"wp","href":"https:\/\/api.w.org\/{rel}","templated":true}]}}