{"id":29541,"date":"2025-12-12T01:36:19","date_gmt":"2025-12-12T01:36:19","guid":{"rendered":"https:\/\/bq-toy.com\/?post_type=product&#038;p=29541"},"modified":"2025-12-12T01:40:32","modified_gmt":"2025-12-12T01:40:32","slug":"bulk-round-self-inking-stamp-transportation-a","status":"publish","type":"product","link":"https:\/\/bq-toy.com\/de\/produkt\/bulk-round-self-inking-stamp-transportation-a\/","title":{"rendered":"Massentransport von runden, selbstf\u00e4rbenden Stempeln A"},"content":{"rendered":"<p><img fetchpriority=\"high\" decoding=\"async\" class=\"aligncenter size-full wp-image-29384\" src=\"https:\/\/bq-toy.com\/wp-content\/uploads\/2025\/12\/66.jpg\" alt=\"\" width=\"1297\" height=\"1297\" srcset=\"https:\/\/bq-toy.com\/wp-content\/uploads\/2025\/12\/66.jpg 1297w, https:\/\/bq-toy.com\/wp-content\/uploads\/2025\/12\/66-300x300.jpg 300w, https:\/\/bq-toy.com\/wp-content\/uploads\/2025\/12\/66-800x800.jpg 800w, https:\/\/bq-toy.com\/wp-content\/uploads\/2025\/12\/66-150x150.jpg 150w, https:\/\/bq-toy.com\/wp-content\/uploads\/2025\/12\/66-768x768.jpg 768w, https:\/\/bq-toy.com\/wp-content\/uploads\/2025\/12\/66-12x12.jpg 12w, https:\/\/bq-toy.com\/wp-content\/uploads\/2025\/12\/66-430x430.jpg 430w, https:\/\/bq-toy.com\/wp-content\/uploads\/2025\/12\/66-700x700.jpg 700w\" sizes=\"(max-width: 1297px) 100vw, 1297px\" \/><img decoding=\"async\" class=\"aligncenter size-full wp-image-29387\" src=\"https:\/\/bq-toy.com\/wp-content\/uploads\/2025\/12\/BQ505-6.A.jpg\" alt=\"\" width=\"1297\" height=\"1297\" srcset=\"https:\/\/bq-toy.com\/wp-content\/uploads\/2025\/12\/BQ505-6.A.jpg 1297w, https:\/\/bq-toy.com\/wp-content\/uploads\/2025\/12\/BQ505-6.A-300x300.jpg 300w, https:\/\/bq-toy.com\/wp-content\/uploads\/2025\/12\/BQ505-6.A-800x800.jpg 800w, https:\/\/bq-toy.com\/wp-content\/uploads\/2025\/12\/BQ505-6.A-150x150.jpg 150w, https:\/\/bq-toy.com\/wp-content\/uploads\/2025\/12\/BQ505-6.A-768x768.jpg 768w, https:\/\/bq-toy.com\/wp-content\/uploads\/2025\/12\/BQ505-6.A-12x12.jpg 12w, https:\/\/bq-toy.com\/wp-content\/uploads\/2025\/12\/BQ505-6.A-430x430.jpg 430w, https:\/\/bq-toy.com\/wp-content\/uploads\/2025\/12\/BQ505-6.A-700x700.jpg 700w\" sizes=\"(max-width: 1297px) 100vw, 1297px\" \/><img decoding=\"async\" class=\"aligncenter size-full wp-image-29383\" src=\"https:\/\/bq-toy.com\/wp-content\/uploads\/2025\/12\/6-1.jpg\" alt=\"\" width=\"1297\" height=\"1297\" srcset=\"https:\/\/bq-toy.com\/wp-content\/uploads\/2025\/12\/6-1.jpg 1297w, https:\/\/bq-toy.com\/wp-content\/uploads\/2025\/12\/6-1-300x300.jpg 300w, https:\/\/bq-toy.com\/wp-content\/uploads\/2025\/12\/6-1-800x800.jpg 800w, https:\/\/bq-toy.com\/wp-content\/uploads\/2025\/12\/6-1-150x150.jpg 150w, https:\/\/bq-toy.com\/wp-content\/uploads\/2025\/12\/6-1-768x768.jpg 768w, https:\/\/bq-toy.com\/wp-content\/uploads\/2025\/12\/6-1-12x12.jpg 12w, https:\/\/bq-toy.com\/wp-content\/uploads\/2025\/12\/6-1-430x430.jpg 430w, https:\/\/bq-toy.com\/wp-content\/uploads\/2025\/12\/6-1-700x700.jpg 700w\" sizes=\"(max-width: 1297px) 100vw, 1297px\" \/> <img loading=\"lazy\" decoding=\"async\" class=\"aligncenter size-full wp-image-29382\" src=\"https:\/\/bq-toy.com\/wp-content\/uploads\/2025\/12\/6.jpg\" alt=\"\" width=\"1297\" height=\"1297\" srcset=\"https:\/\/bq-toy.com\/wp-content\/uploads\/2025\/12\/6.jpg 1297w, https:\/\/bq-toy.com\/wp-content\/uploads\/2025\/12\/6-300x300.jpg 300w, https:\/\/bq-toy.com\/wp-content\/uploads\/2025\/12\/6-800x800.jpg 800w, https:\/\/bq-toy.com\/wp-content\/uploads\/2025\/12\/6-150x150.jpg 150w, https:\/\/bq-toy.com\/wp-content\/uploads\/2025\/12\/6-768x768.jpg 768w, https:\/\/bq-toy.com\/wp-content\/uploads\/2025\/12\/6-12x12.jpg 12w, https:\/\/bq-toy.com\/wp-content\/uploads\/2025\/12\/6-430x430.jpg 430w, https:\/\/bq-toy.com\/wp-content\/uploads\/2025\/12\/6-700x700.jpg 700w\" sizes=\"(max-width: 1297px) 100vw, 1297px\" \/><img loading=\"lazy\" decoding=\"async\" class=\"aligncenter size-full wp-image-29191\" src=\"https:\/\/bq-toy.com\/wp-content\/uploads\/2025\/12\/1-1.webp\" alt=\"\" width=\"1000\" height=\"1000\" srcset=\"https:\/\/bq-toy.com\/wp-content\/uploads\/2025\/12\/1-1.webp 1000w, https:\/\/bq-toy.com\/wp-content\/uploads\/2025\/12\/1-1-300x300.webp 300w, https:\/\/bq-toy.com\/wp-content\/uploads\/2025\/12\/1-1-800x800.webp 800w, https:\/\/bq-toy.com\/wp-content\/uploads\/2025\/12\/1-1-150x150.webp 150w, https:\/\/bq-toy.com\/wp-content\/uploads\/2025\/12\/1-1-768x768.webp 768w, https:\/\/bq-toy.com\/wp-content\/uploads\/2025\/12\/1-1-12x12.webp 12w, https:\/\/bq-toy.com\/wp-content\/uploads\/2025\/12\/1-1-430x430.webp 430w, https:\/\/bq-toy.com\/wp-content\/uploads\/2025\/12\/1-1-700x700.webp 700w\" sizes=\"(max-width: 1000px) 100vw, 1000px\" \/><\/p>","protected":false},"excerpt":{"rendered":"<p>Erinnert ihr euch noch an die kleinen Stempel aus eurer Kindheit? Sie sind wieder da! Dieses Stempelset enth\u00e4lt 12 verschiedene Stempel. <strong>Transport\u00a0<\/strong>Die Designs eignen sich perfekt als lustiges Gratisgeschenk zu Snacks, S\u00fc\u00dfigkeiten, Kinderzahnpasta und vielem mehr. Sie werden in gro\u00dfen Mengen verkauft und stecken voller bunter Freude \u2013 eine s\u00fc\u00dfe kleine \u00dcberraschung, an der Sie und Ihr Kind gemeinsam Freude haben werden.<\/p>\n<table width=\"634\">\n<tbody>\n<tr>\n<td width=\"210\">Modell<\/td>\n<td width=\"424\">BQ505 -6G<\/td>\n<\/tr>\n<tr>\n<td width=\"210\">Material<\/td>\n<td width=\"424\">Kunststoff PP + EVA + Papier + Tinte<\/td>\n<\/tr>\n<tr>\n<td width=\"210\">Besonderheit<\/td>\n<td width=\"424\">12er-Set Selbstf\u00e4rbende Stempel f\u00fcr Kinder<\/td>\n<\/tr>\n<tr>\n<td width=\"210\">Gr\u00f6\u00dfe<\/td>\n<td width=\"424\">Briefmarke: 2,65 \u00d7 2,65 \u00d7 3,65 cm<\/td>\n<\/tr>\n<tr>\n<td width=\"210\">Farbe<\/td>\n<td width=\"424\">6 Farben<\/td>\n<\/tr>\n<tr>\n<td width=\"210\">Verpackung<\/td>\n<td width=\"424\">Gro\u00dfpackung\/OPP-Beutel<\/td>\n<\/tr>\n<tr>\n<td width=\"210\">St\u00fcck\/Karton<\/td>\n<td width=\"424\">2000 St\u00fcck\/Karton.<\/td>\n<\/tr>\n<tr>\n<td width=\"210\">Kartongr\u00f6\u00dfe<\/td>\n<td width=\"424\">60 x 31 x 50 cm<\/td>\n<\/tr>\n<tr>\n<td width=\"210\">NW\/GW<\/td>\n<td width=\"424\">12\/11 kg<\/td>\n<\/tr>\n<tr>\n<td width=\"210\">Typ<\/td>\n<td width=\"424\">Selbstf\u00e4rbender Stempel<\/td>\n<\/tr>\n<tr>\n<td width=\"210\">Zertifikat<\/td>\n<td width=\"424\">Sicherheitsdatenblatt, EN71, HR4040, 7P, ASTM<\/td>\n<\/tr>\n<tr>\n<td width=\"210\">Abtastzeit<\/td>\n<td width=\"424\">3-7 Tage<\/td>\n<\/tr>\n<\/tbody>\n<\/table>","protected":false},"featured_media":29384,"template":"","meta":[],"product_brand":[],"product_cat":[91],"product_tag":[],"class_list":{"0":"post-29541","1":"product","2":"type-product","3":"status-publish","4":"has-post-thumbnail","6":"product_cat-bulk-round-self-inking-stamp","8":"first","9":"instock","10":"shipping-taxable","11":"product-type-external"},"yoast_head":"<!-- This site is optimized with the Yoast SEO Premium plugin v26.6 (Yoast SEO v26.6) - https:\/\/yoast.com\/wordpress\/plugins\/seo\/ -->\n<title>Bulk Round Self-inking Stamp Transportation A - BEIQI TOYS STAMP FACTORY<\/title>\n<meta name=\"robots\" content=\"index, follow, max-snippet:-1, max-image-preview:large, max-video-preview:-1\" \/>\n<link rel=\"canonical\" href=\"https:\/\/bq-toy.com\/de\/produkt\/bulk-round-self-inking-stamp-transportation-a\/\" \/>\n<meta property=\"og:locale\" content=\"de_DE\" \/>\n<meta property=\"og:type\" content=\"article\" \/>\n<meta property=\"og:title\" content=\"Bulk Round Self-inking Stamp Transportation A\" \/>\n<meta property=\"og:description\" content=\"Remember those little stamps you loved as a kid? They\u2019re back! This stamp set is with 12 different Transportation\u00a0designs \u2013 perfect as a fun free gift with snacks, candy, or kids&#039; toothpaste and more. Sold in bulk and full of colorful fun, it\u2019s a sweet little surprise that both you and your child can enjoy together.    Model BQ505 -6G   material Plastic PP + EVA+Paper+Ink   Feature Kids Self-inking Stamp 12 PCS   Size Stamp: 2.65x2.65x3.65cm   Color 6 Colors   Packing Bulk\/opp bag   PCS\/carton 2000 pcs\/carton.   Carton Size 60x31x50cm   N.W.\/G.W. 12\/11KGS   Type Self-Inking Stamp   Certificate MSDS,EN71,HR4040,7P,ASTM   Sample time 3-7 days\" \/>\n<meta property=\"og:url\" content=\"https:\/\/bq-toy.com\/de\/produkt\/bulk-round-self-inking-stamp-transportation-a\/\" \/>\n<meta property=\"og:site_name\" content=\"BEIQI TOYS STAMP FACTORY\" \/>\n<meta property=\"article:modified_time\" content=\"2025-12-12T01:40:32+00:00\" \/>\n<meta property=\"og:image\" content=\"https:\/\/bq-toy.com\/wp-content\/uploads\/2025\/12\/66.jpg\" \/>\n\t<meta property=\"og:image:width\" content=\"1297\" \/>\n\t<meta property=\"og:image:height\" content=\"1297\" \/>\n\t<meta property=\"og:image:type\" content=\"image\/jpeg\" \/>\n<meta name=\"twitter:card\" content=\"summary_large_image\" \/>\n<meta name=\"twitter:label1\" content=\"Gesch\u00e4tzte Lesezeit\" \/>\n\t<meta name=\"twitter:data1\" content=\"2\u00a0Minuten\" \/>\n<script type=\"application\/ld+json\" class=\"yoast-schema-graph\">{\"@context\":\"https:\/\/schema.org\",\"@graph\":[{\"@type\":\"WebPage\",\"@id\":\"https:\/\/bq-toy.com\/product\/bulk-round-self-inking-stamp-transportation-a\/\",\"url\":\"https:\/\/bq-toy.com\/product\/bulk-round-self-inking-stamp-transportation-a\/\",\"name\":\"Bulk Round Self-inking Stamp Transportation A - BEIQI TOYS STAMP FACTORY\",\"isPartOf\":{\"@id\":\"https:\/\/bq-toy.com\/#website\"},\"primaryImageOfPage\":{\"@id\":\"https:\/\/bq-toy.com\/product\/bulk-round-self-inking-stamp-transportation-a\/#primaryimage\"},\"image\":{\"@id\":\"https:\/\/bq-toy.com\/product\/bulk-round-self-inking-stamp-transportation-a\/#primaryimage\"},\"thumbnailUrl\":\"https:\/\/bq-toy.com\/wp-content\/uploads\/2025\/12\/66.jpg\",\"datePublished\":\"2025-12-12T01:36:19+00:00\",\"dateModified\":\"2025-12-12T01:40:32+00:00\",\"breadcrumb\":{\"@id\":\"https:\/\/bq-toy.com\/product\/bulk-round-self-inking-stamp-transportation-a\/#breadcrumb\"},\"inLanguage\":\"de\",\"potentialAction\":[{\"@type\":\"ReadAction\",\"target\":[\"https:\/\/bq-toy.com\/product\/bulk-round-self-inking-stamp-transportation-a\/\"]}]},{\"@type\":\"ImageObject\",\"inLanguage\":\"de\",\"@id\":\"https:\/\/bq-toy.com\/product\/bulk-round-self-inking-stamp-transportation-a\/#primaryimage\",\"url\":\"https:\/\/bq-toy.com\/wp-content\/uploads\/2025\/12\/66.jpg\",\"contentUrl\":\"https:\/\/bq-toy.com\/wp-content\/uploads\/2025\/12\/66.jpg\",\"width\":1297,\"height\":1297},{\"@type\":\"BreadcrumbList\",\"@id\":\"https:\/\/bq-toy.com\/product\/bulk-round-self-inking-stamp-transportation-a\/#breadcrumb\",\"itemListElement\":[{\"@type\":\"ListItem\",\"position\":1,\"name\":\"Home\",\"item\":\"https:\/\/bq-toy.com\/\"},{\"@type\":\"ListItem\",\"position\":2,\"name\":\"Product\",\"item\":\"https:\/\/bq-toy.com\/product\/\"},{\"@type\":\"ListItem\",\"position\":3,\"name\":\"Bulk Round Self-inking Stamp Transportation A\"}]},{\"@type\":\"WebSite\",\"@id\":\"https:\/\/bq-toy.com\/#website\",\"url\":\"https:\/\/bq-toy.com\/\",\"name\":\"BEIQI TOYS STAMP FACTORY\",\"description\":\"BEIQI TOYS STAMP FACTORY\",\"potentialAction\":[{\"@type\":\"SearchAction\",\"target\":{\"@type\":\"EntryPoint\",\"urlTemplate\":\"https:\/\/bq-toy.com\/?s={search_term_string}\"},\"query-input\":{\"@type\":\"PropertyValueSpecification\",\"valueRequired\":true,\"valueName\":\"search_term_string\"}}],\"inLanguage\":\"de\"}]}<\/script>\n<!-- \/ Yoast SEO Premium plugin. -->","yoast_head_json":{"title":"Bulk Round Self-inking Stamp Transportation A - BEIQI TOYS STAMP FACTORY","robots":{"index":"index","follow":"follow","max-snippet":"max-snippet:-1","max-image-preview":"max-image-preview:large","max-video-preview":"max-video-preview:-1"},"canonical":"https:\/\/bq-toy.com\/de\/produkt\/bulk-round-self-inking-stamp-transportation-a\/","og_locale":"de_DE","og_type":"article","og_title":"Bulk Round Self-inking Stamp Transportation A","og_description":"Remember those little stamps you loved as a kid? They\u2019re back! This stamp set is with 12 different Transportation\u00a0designs \u2013 perfect as a fun free gift with snacks, candy, or kids' toothpaste and more. Sold in bulk and full of colorful fun, it\u2019s a sweet little surprise that both you and your child can enjoy together.    Model BQ505 -6G   material Plastic PP + EVA+Paper+Ink   Feature Kids Self-inking Stamp 12 PCS   Size Stamp: 2.65x2.65x3.65cm   Color 6 Colors   Packing Bulk\/opp bag   PCS\/carton 2000 pcs\/carton.   Carton Size 60x31x50cm   N.W.\/G.W. 12\/11KGS   Type Self-Inking Stamp   Certificate MSDS,EN71,HR4040,7P,ASTM   Sample time 3-7 days","og_url":"https:\/\/bq-toy.com\/de\/produkt\/bulk-round-self-inking-stamp-transportation-a\/","og_site_name":"BEIQI TOYS STAMP FACTORY","article_modified_time":"2025-12-12T01:40:32+00:00","og_image":[{"width":1297,"height":1297,"url":"https:\/\/bq-toy.com\/wp-content\/uploads\/2025\/12\/66.jpg","type":"image\/jpeg"}],"twitter_card":"summary_large_image","twitter_misc":{"Gesch\u00e4tzte Lesezeit":"2\u00a0Minuten"},"schema":{"@context":"https:\/\/schema.org","@graph":[{"@type":"WebPage","@id":"https:\/\/bq-toy.com\/product\/bulk-round-self-inking-stamp-transportation-a\/","url":"https:\/\/bq-toy.com\/product\/bulk-round-self-inking-stamp-transportation-a\/","name":"Bulk Round Self-inking Stamp Transportation A - BEIQI TOYS STAMP FACTORY","isPartOf":{"@id":"https:\/\/bq-toy.com\/#website"},"primaryImageOfPage":{"@id":"https:\/\/bq-toy.com\/product\/bulk-round-self-inking-stamp-transportation-a\/#primaryimage"},"image":{"@id":"https:\/\/bq-toy.com\/product\/bulk-round-self-inking-stamp-transportation-a\/#primaryimage"},"thumbnailUrl":"https:\/\/bq-toy.com\/wp-content\/uploads\/2025\/12\/66.jpg","datePublished":"2025-12-12T01:36:19+00:00","dateModified":"2025-12-12T01:40:32+00:00","breadcrumb":{"@id":"https:\/\/bq-toy.com\/product\/bulk-round-self-inking-stamp-transportation-a\/#breadcrumb"},"inLanguage":"de","potentialAction":[{"@type":"ReadAction","target":["https:\/\/bq-toy.com\/product\/bulk-round-self-inking-stamp-transportation-a\/"]}]},{"@type":"ImageObject","inLanguage":"de","@id":"https:\/\/bq-toy.com\/product\/bulk-round-self-inking-stamp-transportation-a\/#primaryimage","url":"https:\/\/bq-toy.com\/wp-content\/uploads\/2025\/12\/66.jpg","contentUrl":"https:\/\/bq-toy.com\/wp-content\/uploads\/2025\/12\/66.jpg","width":1297,"height":1297},{"@type":"BreadcrumbList","@id":"https:\/\/bq-toy.com\/product\/bulk-round-self-inking-stamp-transportation-a\/#breadcrumb","itemListElement":[{"@type":"ListItem","position":1,"name":"Home","item":"https:\/\/bq-toy.com\/"},{"@type":"ListItem","position":2,"name":"Product","item":"https:\/\/bq-toy.com\/product\/"},{"@type":"ListItem","position":3,"name":"Bulk Round Self-inking Stamp Transportation A"}]},{"@type":"WebSite","@id":"https:\/\/bq-toy.com\/#website","url":"https:\/\/bq-toy.com\/","name":"BEIQI TOYS STAMP FACTORY","description":"BEIQI TOYS STAMP FACTORY","potentialAction":[{"@type":"SearchAction","target":{"@type":"EntryPoint","urlTemplate":"https:\/\/bq-toy.com\/?s={search_term_string}"},"query-input":{"@type":"PropertyValueSpecification","valueRequired":true,"valueName":"search_term_string"}}],"inLanguage":"de"}]}},"_links":{"self":[{"href":"https:\/\/bq-toy.com\/de\/wp-json\/wp\/v2\/product\/29541","targetHints":{"allow":["GET"]}}],"collection":[{"href":"https:\/\/bq-toy.com\/de\/wp-json\/wp\/v2\/product"}],"about":[{"href":"https:\/\/bq-toy.com\/de\/wp-json\/wp\/v2\/types\/product"}],"version-history":[{"count":1,"href":"https:\/\/bq-toy.com\/de\/wp-json\/wp\/v2\/product\/29541\/revisions"}],"predecessor-version":[{"id":29542,"href":"https:\/\/bq-toy.com\/de\/wp-json\/wp\/v2\/product\/29541\/revisions\/29542"}],"wp:featuredmedia":[{"embeddable":true,"href":"https:\/\/bq-toy.com\/de\/wp-json\/wp\/v2\/media\/29384"}],"wp:attachment":[{"href":"https:\/\/bq-toy.com\/de\/wp-json\/wp\/v2\/media?parent=29541"}],"wp:term":[{"taxonomy":"product_brand","embeddable":true,"href":"https:\/\/bq-toy.com\/de\/wp-json\/wp\/v2\/product_brand?post=29541"},{"taxonomy":"product_cat","embeddable":true,"href":"https:\/\/bq-toy.com\/de\/wp-json\/wp\/v2\/product_cat?post=29541"},{"taxonomy":"product_tag","embeddable":true,"href":"https:\/\/bq-toy.com\/de\/wp-json\/wp\/v2\/product_tag?post=29541"}],"curies":[{"name":"wp","href":"https:\/\/api.w.org\/{rel}","templated":true}]}}