{"id":4400,"date":"2021-10-12T15:51:09","date_gmt":"2021-10-12T15:51:09","guid":{"rendered":"http:\/\/dummy.xtemos.com\/woodmart2\/elementor\/?page_id=4400"},"modified":"2025-12-07T15:28:03","modified_gmt":"2025-12-07T15:28:03","slug":"about","status":"publish","type":"page","link":"https:\/\/bq-toy.com\/de\/about\/","title":{"rendered":"Um"},"content":{"rendered":"<div data-elementor-type=\"wp-page\" data-elementor-id=\"4400\" class=\"elementor elementor-4400\">\n\t\t\t\t<div class=\"wd-negative-gap elementor-element elementor-element-81ecbad e-flex e-con-boxed e-con e-parent\" data-id=\"81ecbad\" data-element_type=\"container\" data-settings=\"{&quot;background_background&quot;:&quot;classic&quot;}\">\n\t\t\t\t\t<div class=\"e-con-inner\">\n\t\t\t\t<div class=\"elementor-element elementor-element-48af707 elementor-widget elementor-widget-heading\" data-id=\"48af707\" data-element_type=\"widget\" data-widget_type=\"heading.default\">\n\t\t\t\t\t<h1 class=\"elementor-heading-title elementor-size-default\">\u00dcber uns<\/h1>\t\t\t\t<\/div>\n\t\t\t\t\t<\/div>\n\t\t\t\t<\/div>\n\t\t<div class=\"wd-negative-gap elementor-element elementor-element-7c7c544 e-flex e-con-boxed e-con e-parent\" data-id=\"7c7c544\" data-element_type=\"container\">\n\t\t\t\t\t<div class=\"e-con-inner\">\n\t\t<div class=\"elementor-element elementor-element-e7cb5cd e-con-full e-flex e-con e-child\" data-id=\"e7cb5cd\" data-element_type=\"container\">\n\t\t\t\t<div class=\"elementor-element elementor-element-56aec39 elementor-widget elementor-widget-wd_image_or_svg\" data-id=\"56aec39\" data-element_type=\"widget\" data-widget_type=\"wd_image_or_svg.default\">\n\t\t\t\t<div class=\"elementor-widget-container\">\n\t\t\t\t\t\n\t\t<div class=\"wd-image text-left\">\n\t\t\t\t\t\t\t\t<img fetchpriority=\"high\" decoding=\"async\" width=\"1200\" height=\"900\" src=\"https:\/\/bq-toy.com\/wp-content\/uploads\/2025\/12\/about4.webp\" class=\"attachment-full size-full\" alt=\"\" srcset=\"https:\/\/bq-toy.com\/wp-content\/uploads\/2025\/12\/about4.webp 1200w, https:\/\/bq-toy.com\/wp-content\/uploads\/2025\/12\/about4-400x300.webp 400w, https:\/\/bq-toy.com\/wp-content\/uploads\/2025\/12\/about4-1067x800.webp 1067w, https:\/\/bq-toy.com\/wp-content\/uploads\/2025\/12\/about4-768x576.webp 768w, https:\/\/bq-toy.com\/wp-content\/uploads\/2025\/12\/about4-16x12.webp 16w, https:\/\/bq-toy.com\/wp-content\/uploads\/2025\/12\/about4-430x323.webp 430w, https:\/\/bq-toy.com\/wp-content\/uploads\/2025\/12\/about4-700x525.webp 700w, https:\/\/bq-toy.com\/wp-content\/uploads\/2025\/12\/about4-150x113.webp 150w\" sizes=\"(max-width: 1200px) 100vw, 1200px\" \/>\t\t\t\t\t<\/div>\n\n\t\t\t\t\t\t<\/div>\n\t\t\t\t<\/div>\n\t\t\t\t<\/div>\n\t\t<div class=\"elementor-element elementor-element-97d6084 e-con-full e-flex e-con e-child\" data-id=\"97d6084\" data-element_type=\"container\">\n\t\t\t\t<div class=\"elementor-element elementor-element-98d830b wd-width-100 elementor-widget elementor-widget-wd_title\" data-id=\"98d830b\" data-element_type=\"widget\" data-widget_type=\"wd_title.default\">\n\t\t\t\t<div class=\"elementor-widget-container\">\n\t\t\t\t\t\t\t<div class=\"title-wrapper wd-set-mb reset-last-child wd-title-color-primary wd-title-style-default wd-title-size-large text-left\">\n\n\t\t\t\t\t\t\t\t\t\t\t<div class=\"title-subtitle subtitle-color-primary subtitle-style-default wd-fontsize-xs\">\n\t\t\t\t\tUnternehmensprofil\t\t\t\t<\/div>\n\t\t\t\n\t\t\t<div class=\"liner-continer\">\n\t\t\t\t<h4 class=\"woodmart-title-container title wd-fontsize-xxl\">BEIQI SPIELZEUG BRIEFMARKENFABRIK<\/h4> \n\t\t\t\t\t\t\t<\/div>\n\n\t\t\t\t\t<\/div>\n\t\t\t\t\t\t<\/div>\n\t\t\t\t<\/div>\n\t\t\t\t<div class=\"elementor-element elementor-element-66e47ad elementor-widget elementor-widget-wd_text_block\" data-id=\"66e47ad\" data-element_type=\"widget\" data-widget_type=\"wd_text_block.default\">\n\t\t\t\t<div class=\"elementor-widget-container\">\n\t\t\t\t\t\t\t<div class=\"wd-text-block reset-last-child text-left\">\n\t\t\t\n\t\t\t<p>Unsere 2014 gegr\u00fcndete Stempelmanufaktur f\u00fcr Kinder entstand aus der tiefen \u00dcberzeugung heraus, kreative Produkte f\u00fcr Kinder zu entwickeln. Mit einem engagierten und innovativen Team f\u00fchrten wir umfassende Marktforschung durch, um die Vorlieben von Kindern zu verstehen, und w\u00e4hlten sorgf\u00e4ltig hochwertige und sichere Materialien aus, um h\u00f6chste Produktqualit\u00e4t zu gew\u00e4hrleisten. Nachdem wir die grundlegenden Produktionsanlagen eingerichtet hatten, begannen wir mit der Kleinserienfertigung einer Vielzahl bezaubernder Kinderstempel.<\/p><p>2015 optimierten wir unsere Produktionsprozesse und erweiterten unser Produktsortiment um Themenkollektionen mit Motiven wie Tieren und Comicfiguren, die sich schnell gro\u00dfer Beliebtheit bei Kindern erfreuten. Durch verst\u00e4rkte Marketingaktivit\u00e4ten online und offline steigerten wir unsere Markenbekanntheit und implementierten gleichzeitig ein strenges Qualit\u00e4tskontrollsystem.<\/p>\n\t\t\t\t\t<\/div>\n\t\t\t\t\t\t<\/div>\n\t\t\t\t<\/div>\n\t\t\t\t<\/div>\n\t\t\t\t\t<\/div>\n\t\t\t\t<\/div>\n\t\t<div class=\"wd-negative-gap elementor-element elementor-element-47caf64 e-flex e-con-boxed e-con e-parent\" data-id=\"47caf64\" data-element_type=\"container\">\n\t\t\t\t\t<div class=\"e-con-inner\">\n\t\t<div class=\"elementor-element elementor-element-8351589 e-con-full e-flex e-con e-child\" data-id=\"8351589\" data-element_type=\"container\">\n\t\t\t\t<div class=\"elementor-element elementor-element-eaf3ffa elementor-widget elementor-widget-wd_text_block\" data-id=\"eaf3ffa\" data-element_type=\"widget\" data-widget_type=\"wd_text_block.default\">\n\t\t\t\t<div class=\"elementor-widget-container\">\n\t\t\t\t\t\t\t<div class=\"wd-text-block reset-last-child text-left\">\n\t\t\t\n\t\t\t<p>Das Jahr 2016 war von rasantem Wachstum gepr\u00e4gt. Wir schlossen strategische Partnerschaften mit gro\u00dfen Supermarktketten, S\u00fc\u00dfwarenherstellern, Geschenkartikelanbietern und Schreibwarengesch\u00e4ften, was zu einem stetigen Anstieg der Bestellungen f\u00fchrte. Um der steigenden Nachfrage gerecht zu werden, erweiterten wir unsere Produktionskapazit\u00e4ten und f\u00fchrten moderne Anlagen ein. Die Zusammenarbeit mit professionellen Designern erm\u00f6glichte es uns, neue und einzigartige Stempeldesigns zu entwickeln und uns so an der Spitze des Marktes zu behaupten.<\/p><p>2017 standen Innovation und Nachhaltigkeit im Mittelpunkt. Unser Forschungs- und Entwicklungsteam erforschte neue Materialien und Technologien und entwickelte umweltfreundliche Kinderstempel, um der steigenden Nachfrage nach nachhaltigen Produkten gerecht zu werden. Zudem intensivierten wir die Kommunikation mit unseren Kunden und verbesserten unsere Produkte kontinuierlich auf Basis ihres Feedbacks.<\/p><p>Auch in den Jahren 2018 und 2019 blieben wir unserer urspr\u00fcnglichen Vision treu: Freude und Kreativit\u00e4t durch hochwertige Produkte und Dienstleistungen zu vermitteln. 2019 pr\u00e4sentierten wir unsere neuesten Produkte und Technologien auf Fachmessen und zogen damit die Aufmerksamkeit nationaler und internationaler Kunden auf uns.<\/p>\n\t\t\t\t\t<\/div>\n\t\t\t\t\t\t<\/div>\n\t\t\t\t<\/div>\n\t\t\t\t<\/div>\n\t\t<div class=\"elementor-element elementor-element-3468186 e-con-full e-flex e-con e-child\" data-id=\"3468186\" data-element_type=\"container\">\n\t\t\t\t<div class=\"elementor-element elementor-element-79d8c3d elementor-arrows-position-inside elementor-pagination-position-outside elementor-widget elementor-widget-image-carousel\" data-id=\"79d8c3d\" data-element_type=\"widget\" data-settings=\"{&quot;slides_to_show&quot;:&quot;1&quot;,&quot;navigation&quot;:&quot;both&quot;,&quot;autoplay&quot;:&quot;yes&quot;,&quot;pause_on_hover&quot;:&quot;yes&quot;,&quot;pause_on_interaction&quot;:&quot;yes&quot;,&quot;autoplay_speed&quot;:5000,&quot;infinite&quot;:&quot;yes&quot;,&quot;effect&quot;:&quot;slide&quot;,&quot;speed&quot;:500}\" data-widget_type=\"image-carousel.default\">\n\t\t\t\t\t\t\t<div class=\"elementor-image-carousel-wrapper swiper\" role=\"region\" aria-roledescription=\"carousel\" aria-label=\"Bilderkarussell\" dir=\"ltr\">\n\t\t\t<div class=\"elementor-image-carousel swiper-wrapper\" aria-live=\"off\">\n\t\t\t\t\t\t\t\t<div class=\"swiper-slide\" role=\"group\" aria-roledescription=\"slide\" aria-label=\"1 von 5\"><figure class=\"swiper-slide-inner\"><img decoding=\"async\" class=\"swiper-slide-image\" src=\"https:\/\/bq-toy.com\/wp-content\/uploads\/2025\/12\/about1.webp\" alt=\"about1\" \/><\/figure><\/div><div class=\"swiper-slide\" role=\"group\" aria-roledescription=\"slide\" aria-label=\"2 von 5\"><figure class=\"swiper-slide-inner\"><img decoding=\"async\" class=\"swiper-slide-image\" src=\"https:\/\/bq-toy.com\/wp-content\/uploads\/2025\/12\/about2.webp\" alt=\"about2\" \/><\/figure><\/div><div class=\"swiper-slide\" role=\"group\" aria-roledescription=\"slide\" aria-label=\"3 von 5\"><figure class=\"swiper-slide-inner\"><img decoding=\"async\" class=\"swiper-slide-image\" src=\"https:\/\/bq-toy.com\/wp-content\/uploads\/2025\/12\/about3.webp\" alt=\"about3\" \/><\/figure><\/div><div class=\"swiper-slide\" role=\"group\" aria-roledescription=\"slide\" aria-label=\"4 von 5\"><figure class=\"swiper-slide-inner\"><img decoding=\"async\" class=\"swiper-slide-image\" src=\"https:\/\/bq-toy.com\/wp-content\/uploads\/2025\/12\/about5.webp\" alt=\"about5\" \/><\/figure><\/div><div class=\"swiper-slide\" role=\"group\" aria-roledescription=\"slide\" aria-label=\"5 von 5\"><figure class=\"swiper-slide-inner\"><img decoding=\"async\" class=\"swiper-slide-image\" src=\"https:\/\/bq-toy.com\/wp-content\/uploads\/2025\/12\/about7.webp\" alt=\"about7\" \/><\/figure><\/div>\t\t\t<\/div>\n\t\t\t\t\t\t\t\t\t\t\t\t<div class=\"elementor-swiper-button elementor-swiper-button-prev\" role=\"button\" tabindex=\"0\">\n\t\t\t\t\t\t<svg aria-hidden=\"true\" class=\"e-font-icon-svg e-eicon-chevron-left\" viewbox=\"0 0 1000 1000\" xmlns=\"http:\/\/www.w3.org\/2000\/svg\"><path d=\"M646 125C629 125 613 133 604 142L308 442C296 454 292 471 292 487 292 504 296 521 308 533L604 854C617 867 629 875 646 875 663 875 679 871 692 858 704 846 713 829 713 812 713 796 708 779 692 767L438 487 692 225C700 217 708 204 708 187 708 171 704 154 692 142 675 129 663 125 646 125Z\"><\/path><\/svg>\t\t\t\t\t<\/div>\n\t\t\t\t\t<div class=\"elementor-swiper-button elementor-swiper-button-next\" role=\"button\" tabindex=\"0\">\n\t\t\t\t\t\t<svg aria-hidden=\"true\" class=\"e-font-icon-svg e-eicon-chevron-right\" viewbox=\"0 0 1000 1000\" xmlns=\"http:\/\/www.w3.org\/2000\/svg\"><path d=\"M696 533C708 521 713 504 713 487 713 471 708 454 696 446L400 146C388 133 375 125 354 125 338 125 325 129 313 142 300 154 292 171 292 187 292 204 296 221 308 233L563 492 304 771C292 783 288 800 288 817 288 833 296 850 308 863 321 871 338 875 354 875 371 875 388 867 400 854L696 533Z\"><\/path><\/svg>\t\t\t\t\t<\/div>\n\t\t\t\t\n\t\t\t\t\t\t\t\t\t<div class=\"swiper-pagination\"><\/div>\n\t\t\t\t\t\t\t\t\t<\/div>\n\t\t\t\t\t\t<\/div>\n\t\t\t\t<\/div>\n\t\t\t\t\t<\/div>\n\t\t\t\t<\/div>\n\t\t<div class=\"wd-negative-gap elementor-element elementor-element-0b57566 e-flex e-con-boxed e-con e-parent\" data-id=\"0b57566\" data-element_type=\"container\">\n\t\t\t\t\t<div class=\"e-con-inner\">\n\t\t<div class=\"elementor-element elementor-element-2278402 e-con-full e-flex e-con e-child\" data-id=\"2278402\" data-element_type=\"container\">\n\t\t\t\t<div class=\"elementor-element elementor-element-b9a2a8c elementor-arrows-position-inside elementor-pagination-position-outside elementor-widget elementor-widget-image-carousel\" data-id=\"b9a2a8c\" data-element_type=\"widget\" data-settings=\"{&quot;slides_to_show&quot;:&quot;1&quot;,&quot;navigation&quot;:&quot;both&quot;,&quot;autoplay&quot;:&quot;yes&quot;,&quot;pause_on_hover&quot;:&quot;yes&quot;,&quot;pause_on_interaction&quot;:&quot;yes&quot;,&quot;autoplay_speed&quot;:5000,&quot;infinite&quot;:&quot;yes&quot;,&quot;effect&quot;:&quot;slide&quot;,&quot;speed&quot;:500}\" data-widget_type=\"image-carousel.default\">\n\t\t\t\t\t\t\t<div class=\"elementor-image-carousel-wrapper swiper\" role=\"region\" aria-roledescription=\"carousel\" aria-label=\"Bilderkarussell\" dir=\"ltr\">\n\t\t\t<div class=\"elementor-image-carousel swiper-wrapper\" aria-live=\"off\">\n\t\t\t\t\t\t\t\t<div class=\"swiper-slide\" role=\"group\" aria-roledescription=\"slide\" aria-label=\"1 von 6\"><figure class=\"swiper-slide-inner\"><img decoding=\"async\" class=\"swiper-slide-image\" src=\"https:\/\/bq-toy.com\/wp-content\/uploads\/2025\/12\/about5.webp\" alt=\"about5\" \/><\/figure><\/div><div class=\"swiper-slide\" role=\"group\" aria-roledescription=\"slide\" aria-label=\"2 von 6\"><figure class=\"swiper-slide-inner\"><img decoding=\"async\" class=\"swiper-slide-image\" src=\"https:\/\/bq-toy.com\/wp-content\/uploads\/2025\/12\/about11.webp\" alt=\"about11\" \/><\/figure><\/div><div class=\"swiper-slide\" role=\"group\" aria-roledescription=\"slide\" aria-label=\"3 von 6\"><figure class=\"swiper-slide-inner\"><img decoding=\"async\" class=\"swiper-slide-image\" src=\"https:\/\/bq-toy.com\/wp-content\/uploads\/2025\/12\/about10.webp\" alt=\"about10\" \/><\/figure><\/div><div class=\"swiper-slide\" role=\"group\" aria-roledescription=\"slide\" aria-label=\"4 von 6\"><figure class=\"swiper-slide-inner\"><img decoding=\"async\" class=\"swiper-slide-image\" src=\"https:\/\/bq-toy.com\/wp-content\/uploads\/2025\/12\/about9.webp\" alt=\"about9\" \/><\/figure><\/div><div class=\"swiper-slide\" role=\"group\" aria-roledescription=\"slide\" aria-label=\"5 von 6\"><figure class=\"swiper-slide-inner\"><img decoding=\"async\" class=\"swiper-slide-image\" src=\"https:\/\/bq-toy.com\/wp-content\/uploads\/2025\/12\/about8.webp\" alt=\"about8\" \/><\/figure><\/div><div class=\"swiper-slide\" role=\"group\" aria-roledescription=\"slide\" aria-label=\"6 von 6\"><figure class=\"swiper-slide-inner\"><img decoding=\"async\" class=\"swiper-slide-image\" src=\"https:\/\/bq-toy.com\/wp-content\/uploads\/2025\/12\/about7.webp\" alt=\"about7\" \/><\/figure><\/div>\t\t\t<\/div>\n\t\t\t\t\t\t\t\t\t\t\t\t<div class=\"elementor-swiper-button elementor-swiper-button-prev\" role=\"button\" tabindex=\"0\">\n\t\t\t\t\t\t<svg aria-hidden=\"true\" class=\"e-font-icon-svg e-eicon-chevron-left\" viewbox=\"0 0 1000 1000\" xmlns=\"http:\/\/www.w3.org\/2000\/svg\"><path d=\"M646 125C629 125 613 133 604 142L308 442C296 454 292 471 292 487 292 504 296 521 308 533L604 854C617 867 629 875 646 875 663 875 679 871 692 858 704 846 713 829 713 812 713 796 708 779 692 767L438 487 692 225C700 217 708 204 708 187 708 171 704 154 692 142 675 129 663 125 646 125Z\"><\/path><\/svg>\t\t\t\t\t<\/div>\n\t\t\t\t\t<div class=\"elementor-swiper-button elementor-swiper-button-next\" role=\"button\" tabindex=\"0\">\n\t\t\t\t\t\t<svg aria-hidden=\"true\" class=\"e-font-icon-svg e-eicon-chevron-right\" viewbox=\"0 0 1000 1000\" xmlns=\"http:\/\/www.w3.org\/2000\/svg\"><path d=\"M696 533C708 521 713 504 713 487 713 471 708 454 696 446L400 146C388 133 375 125 354 125 338 125 325 129 313 142 300 154 292 171 292 187 292 204 296 221 308 233L563 492 304 771C292 783 288 800 288 817 288 833 296 850 308 863 321 871 338 875 354 875 371 875 388 867 400 854L696 533Z\"><\/path><\/svg>\t\t\t\t\t<\/div>\n\t\t\t\t\n\t\t\t\t\t\t\t\t\t<div class=\"swiper-pagination\"><\/div>\n\t\t\t\t\t\t\t\t\t<\/div>\n\t\t\t\t\t\t<\/div>\n\t\t\t\t<\/div>\n\t\t<div class=\"elementor-element elementor-element-cf75c3b e-con-full e-flex e-con e-child\" data-id=\"cf75c3b\" data-element_type=\"container\">\n\t\t\t\t<div class=\"elementor-element elementor-element-fd8f8a7 elementor-widget elementor-widget-wd_text_block\" data-id=\"fd8f8a7\" data-element_type=\"widget\" data-widget_type=\"wd_text_block.default\">\n\t\t\t\t<div class=\"elementor-widget-container\">\n\t\t\t\t\t\t\t<div class=\"wd-text-block reset-last-child text-left\">\n\t\t\t\n\t\t\t<p>Der Zeitraum 2020\u20132022 war aufgrund der COVID-19-Pandemie mit Herausforderungen verbunden, da die Produktion beeintr\u00e4chtigt wurde und die Kundenfrequenz in den Ladengesch\u00e4ften zur\u00fcckging. Gleichzeitig beschleunigte die Pandemie jedoch das Wachstum unseres Online-Handels, der in diesem Zeitraum deutlich zunahm.<\/p><p>Im Jahr 2023 haben wir unser Engagement f\u00fcr Sicherheit durch die Einhaltung strengerer Standards f\u00fcr Materialien und Tintenkomponenten weiter verst\u00e4rkt. Das darauffolgende Jahr, 2024, markierte einen Meilenstein mit der Fertigstellung unseres neuen Werks. Mit einer Fl\u00e4che von \u00fcber 3.000 Quadratmetern und umfassender Ausstattung ist es ein Beweis f\u00fcr den Einsatz und das Qualit\u00e4tsbewusstsein unseres Teams.<\/p><p>\u00a0<\/p>\n\t\t\t\t\t<\/div>\n\t\t\t\t\t\t<\/div>\n\t\t\t\t<\/div>\n\t\t\t\t<\/div>\n\t\t\t\t\t<\/div>\n\t\t\t\t<\/div>\n\t\t<div class=\"wd-negative-gap elementor-element elementor-element-fd654f2 e-flex e-con-boxed e-con e-parent\" data-id=\"fd654f2\" data-element_type=\"container\">\n\t\t\t\t\t<div class=\"e-con-inner\">\n\t\t<div class=\"elementor-element elementor-element-3d1395f e-con-full e-flex e-con e-child\" data-id=\"3d1395f\" data-element_type=\"container\">\n\t\t\t\t<div class=\"elementor-element elementor-element-a75581f elementor-widget elementor-widget-wd_text_block\" data-id=\"a75581f\" data-element_type=\"widget\" data-widget_type=\"wd_text_block.default\">\n\t\t\t\t<div class=\"elementor-widget-container\">\n\t\t\t\t\t\t\t<div class=\"wd-text-block reset-last-child text-left\">\n\t\t\t\n\t\t\t<p>Mit der vollst\u00e4ndigen Inbetriebnahme der neuen Anlage im Jahr 2025 haben wir die Produktionseffizienz und Produktqualit\u00e4t weiter gesteigert. Wir entwickeln weiterhin innovative, sichere und umweltfreundliche Briefmarkensammlungen und erschlie\u00dfen aktiv neue M\u00e4rkte im In- und Ausland.<\/p><p>Wir danken all unseren Kunden herzlich f\u00fcr ihr Vertrauen und ihre Unterst\u00fctzung in den vergangenen Jahren. Auch in Zukunft werden wir mit Leidenschaft und Verantwortungsbewusstsein zusammenarbeiten und gemeinsam eine bessere Zukunft gestalten.<\/p>\n\t\t\t\t\t<\/div>\n\t\t\t\t\t\t<\/div>\n\t\t\t\t<\/div>\n\t\t\t\t<div class=\"elementor-element elementor-element-49d07be elementor-widget elementor-widget-image\" data-id=\"49d07be\" data-element_type=\"widget\" data-widget_type=\"image.default\">\n\t\t\t\t\t\t\t\t\t\t\t\t\t\t\t<img decoding=\"async\" width=\"800\" height=\"800\" src=\"https:\/\/bq-toy.com\/wp-content\/uploads\/2025\/12\/about6-800x800.webp\" class=\"attachment-large size-large wp-image-29243\" alt=\"\" srcset=\"https:\/\/bq-toy.com\/wp-content\/uploads\/2025\/12\/about6-800x800.webp 800w, https:\/\/bq-toy.com\/wp-content\/uploads\/2025\/12\/about6-300x300.webp 300w, https:\/\/bq-toy.com\/wp-content\/uploads\/2025\/12\/about6-150x150.webp 150w, https:\/\/bq-toy.com\/wp-content\/uploads\/2025\/12\/about6-768x768.webp 768w, https:\/\/bq-toy.com\/wp-content\/uploads\/2025\/12\/about6-12x12.webp 12w, https:\/\/bq-toy.com\/wp-content\/uploads\/2025\/12\/about6-430x430.webp 430w, https:\/\/bq-toy.com\/wp-content\/uploads\/2025\/12\/about6-700x700.webp 700w, https:\/\/bq-toy.com\/wp-content\/uploads\/2025\/12\/about6.webp 1200w\" sizes=\"(max-width: 800px) 100vw, 800px\" \/>\t\t\t\t\t\t\t\t\t\t\t\t\t\t\t<\/div>\n\t\t\t\t<\/div>\n\t\t<div class=\"elementor-element elementor-element-7f18db7 e-con-full e-flex e-con e-child\" data-id=\"7f18db7\" data-element_type=\"container\">\n\t\t\t\t<div class=\"elementor-element elementor-element-1771206 elementor-widget elementor-widget-image\" data-id=\"1771206\" data-element_type=\"widget\" data-widget_type=\"image.default\">\n\t\t\t\t\t\t\t\t\t\t\t\t\t\t\t<img decoding=\"async\" width=\"600\" height=\"800\" src=\"https:\/\/bq-toy.com\/wp-content\/uploads\/2025\/12\/about12-600x800.webp\" class=\"attachment-large size-large wp-image-29249\" alt=\"\" srcset=\"https:\/\/bq-toy.com\/wp-content\/uploads\/2025\/12\/about12-600x800.webp 600w, https:\/\/bq-toy.com\/wp-content\/uploads\/2025\/12\/about12-225x300.webp 225w, https:\/\/bq-toy.com\/wp-content\/uploads\/2025\/12\/about12-768x1025.webp 768w, https:\/\/bq-toy.com\/wp-content\/uploads\/2025\/12\/about12-1151x1536.webp 1151w, https:\/\/bq-toy.com\/wp-content\/uploads\/2025\/12\/about12-9x12.webp 9w, https:\/\/bq-toy.com\/wp-content\/uploads\/2025\/12\/about12-430x574.webp 430w, https:\/\/bq-toy.com\/wp-content\/uploads\/2025\/12\/about12-700x934.webp 700w, https:\/\/bq-toy.com\/wp-content\/uploads\/2025\/12\/about12-150x200.webp 150w, https:\/\/bq-toy.com\/wp-content\/uploads\/2025\/12\/about12.webp 1200w\" sizes=\"(max-width: 600px) 100vw, 600px\" \/>\t\t\t\t\t\t\t\t\t\t\t\t\t\t\t<\/div>\n\t\t\t\t<\/div>\n\t\t\t\t\t<\/div>\n\t\t\t\t<\/div>\n\t\t\t\t<\/div>","protected":false},"excerpt":{"rendered":"<p>About Us Company Profile BEIQI TOYS STAMPS FACTORY Founded in 2014, our children&#8217;s stamp factory began with a passionate belief<\/p>","protected":false},"author":1,"featured_media":0,"parent":0,"menu_order":0,"comment_status":"closed","ping_status":"closed","template":"","meta":{"footnotes":""},"class_list":["post-4400","page","type-page","status-publish","hentry"],"yoast_head":"<!-- This site is optimized with the Yoast SEO Premium plugin v26.6 (Yoast SEO v26.6) - https:\/\/yoast.com\/wordpress\/plugins\/seo\/ -->\n<title>About - BEIQI TOYS STAMP FACTORY<\/title>\n<meta name=\"robots\" content=\"index, follow, max-snippet:-1, max-image-preview:large, max-video-preview:-1\" \/>\n<link rel=\"canonical\" href=\"https:\/\/bq-toy.com\/de\/about\/\" \/>\n<meta property=\"og:locale\" content=\"de_DE\" \/>\n<meta property=\"og:type\" content=\"article\" \/>\n<meta property=\"og:title\" content=\"About\" \/>\n<meta property=\"og:description\" content=\"About Us Company Profile BEIQI TOYS STAMPS FACTORY Founded in 2014, our children&#8217;s stamp factory began with a passionate belief\" \/>\n<meta property=\"og:url\" content=\"https:\/\/bq-toy.com\/de\/about\/\" \/>\n<meta property=\"og:site_name\" content=\"BEIQI TOYS STAMP FACTORY\" \/>\n<meta property=\"article:modified_time\" content=\"2025-12-07T15:28:03+00:00\" \/>\n<meta property=\"og:image\" content=\"https:\/\/bq-toy.com\/wp-content\/uploads\/2025\/12\/about4.webp\" \/>\n<meta name=\"twitter:card\" content=\"summary_large_image\" \/>\n<meta name=\"twitter:label1\" content=\"Gesch\u00e4tzte Lesezeit\" \/>\n\t<meta name=\"twitter:data1\" content=\"3\u00a0Minuten\" \/>\n<script type=\"application\/ld+json\" class=\"yoast-schema-graph\">{\"@context\":\"https:\/\/schema.org\",\"@graph\":[{\"@type\":\"WebPage\",\"@id\":\"https:\/\/bq-toy.com\/about\/\",\"url\":\"https:\/\/bq-toy.com\/about\/\",\"name\":\"About - BEIQI TOYS STAMP FACTORY\",\"isPartOf\":{\"@id\":\"https:\/\/bq-toy.com\/#website\"},\"primaryImageOfPage\":{\"@id\":\"https:\/\/bq-toy.com\/about\/#primaryimage\"},\"image\":{\"@id\":\"https:\/\/bq-toy.com\/about\/#primaryimage\"},\"thumbnailUrl\":\"https:\/\/bq-toy.com\/wp-content\/uploads\/2025\/12\/about4.webp\",\"datePublished\":\"2021-10-12T15:51:09+00:00\",\"dateModified\":\"2025-12-07T15:28:03+00:00\",\"breadcrumb\":{\"@id\":\"https:\/\/bq-toy.com\/about\/#breadcrumb\"},\"inLanguage\":\"de\",\"potentialAction\":[{\"@type\":\"ReadAction\",\"target\":[\"https:\/\/bq-toy.com\/about\/\"]}]},{\"@type\":\"ImageObject\",\"inLanguage\":\"de\",\"@id\":\"https:\/\/bq-toy.com\/about\/#primaryimage\",\"url\":\"https:\/\/bq-toy.com\/wp-content\/uploads\/2025\/12\/about4.webp\",\"contentUrl\":\"https:\/\/bq-toy.com\/wp-content\/uploads\/2025\/12\/about4.webp\"},{\"@type\":\"BreadcrumbList\",\"@id\":\"https:\/\/bq-toy.com\/about\/#breadcrumb\",\"itemListElement\":[{\"@type\":\"ListItem\",\"position\":1,\"name\":\"Home\",\"item\":\"https:\/\/bq-toy.com\/\"},{\"@type\":\"ListItem\",\"position\":2,\"name\":\"About\"}]},{\"@type\":\"WebSite\",\"@id\":\"https:\/\/bq-toy.com\/#website\",\"url\":\"https:\/\/bq-toy.com\/\",\"name\":\"BEIQI TOYS STAMP FACTORY\",\"description\":\"BEIQI TOYS STAMP FACTORY\",\"potentialAction\":[{\"@type\":\"SearchAction\",\"target\":{\"@type\":\"EntryPoint\",\"urlTemplate\":\"https:\/\/bq-toy.com\/?s={search_term_string}\"},\"query-input\":{\"@type\":\"PropertyValueSpecification\",\"valueRequired\":true,\"valueName\":\"search_term_string\"}}],\"inLanguage\":\"de\"}]}<\/script>\n<!-- \/ Yoast SEO Premium plugin. -->","yoast_head_json":{"title":"About - BEIQI TOYS STAMP FACTORY","robots":{"index":"index","follow":"follow","max-snippet":"max-snippet:-1","max-image-preview":"max-image-preview:large","max-video-preview":"max-video-preview:-1"},"canonical":"https:\/\/bq-toy.com\/de\/about\/","og_locale":"de_DE","og_type":"article","og_title":"About","og_description":"About Us Company Profile BEIQI TOYS STAMPS FACTORY Founded in 2014, our children&#8217;s stamp factory began with a passionate belief","og_url":"https:\/\/bq-toy.com\/de\/about\/","og_site_name":"BEIQI TOYS STAMP FACTORY","article_modified_time":"2025-12-07T15:28:03+00:00","og_image":[{"url":"https:\/\/bq-toy.com\/wp-content\/uploads\/2025\/12\/about4.webp","type":"","width":"","height":""}],"twitter_card":"summary_large_image","twitter_misc":{"Gesch\u00e4tzte Lesezeit":"3\u00a0Minuten"},"schema":{"@context":"https:\/\/schema.org","@graph":[{"@type":"WebPage","@id":"https:\/\/bq-toy.com\/about\/","url":"https:\/\/bq-toy.com\/about\/","name":"About - BEIQI TOYS STAMP FACTORY","isPartOf":{"@id":"https:\/\/bq-toy.com\/#website"},"primaryImageOfPage":{"@id":"https:\/\/bq-toy.com\/about\/#primaryimage"},"image":{"@id":"https:\/\/bq-toy.com\/about\/#primaryimage"},"thumbnailUrl":"https:\/\/bq-toy.com\/wp-content\/uploads\/2025\/12\/about4.webp","datePublished":"2021-10-12T15:51:09+00:00","dateModified":"2025-12-07T15:28:03+00:00","breadcrumb":{"@id":"https:\/\/bq-toy.com\/about\/#breadcrumb"},"inLanguage":"de","potentialAction":[{"@type":"ReadAction","target":["https:\/\/bq-toy.com\/about\/"]}]},{"@type":"ImageObject","inLanguage":"de","@id":"https:\/\/bq-toy.com\/about\/#primaryimage","url":"https:\/\/bq-toy.com\/wp-content\/uploads\/2025\/12\/about4.webp","contentUrl":"https:\/\/bq-toy.com\/wp-content\/uploads\/2025\/12\/about4.webp"},{"@type":"BreadcrumbList","@id":"https:\/\/bq-toy.com\/about\/#breadcrumb","itemListElement":[{"@type":"ListItem","position":1,"name":"Home","item":"https:\/\/bq-toy.com\/"},{"@type":"ListItem","position":2,"name":"About"}]},{"@type":"WebSite","@id":"https:\/\/bq-toy.com\/#website","url":"https:\/\/bq-toy.com\/","name":"BEIQI TOYS STAMP FACTORY","description":"BEIQI TOYS STAMP FACTORY","potentialAction":[{"@type":"SearchAction","target":{"@type":"EntryPoint","urlTemplate":"https:\/\/bq-toy.com\/?s={search_term_string}"},"query-input":{"@type":"PropertyValueSpecification","valueRequired":true,"valueName":"search_term_string"}}],"inLanguage":"de"}]}},"_links":{"self":[{"href":"https:\/\/bq-toy.com\/de\/wp-json\/wp\/v2\/pages\/4400","targetHints":{"allow":["GET"]}}],"collection":[{"href":"https:\/\/bq-toy.com\/de\/wp-json\/wp\/v2\/pages"}],"about":[{"href":"https:\/\/bq-toy.com\/de\/wp-json\/wp\/v2\/types\/page"}],"author":[{"embeddable":true,"href":"https:\/\/bq-toy.com\/de\/wp-json\/wp\/v2\/users\/1"}],"replies":[{"embeddable":true,"href":"https:\/\/bq-toy.com\/de\/wp-json\/wp\/v2\/comments?post=4400"}],"version-history":[{"count":7,"href":"https:\/\/bq-toy.com\/de\/wp-json\/wp\/v2\/pages\/4400\/revisions"}],"predecessor-version":[{"id":29313,"href":"https:\/\/bq-toy.com\/de\/wp-json\/wp\/v2\/pages\/4400\/revisions\/29313"}],"wp:attachment":[{"href":"https:\/\/bq-toy.com\/de\/wp-json\/wp\/v2\/media?parent=4400"}],"curies":[{"name":"wp","href":"https:\/\/api.w.org\/{rel}","templated":true}]}}